{"id":46916,"date":"2022-07-03T14:22:05","date_gmt":"2022-07-03T13:22:05","guid":{"rendered":"https:\/\/www.istegroup.com\/?post_type=product&#038;p=46916"},"modified":"2024-01-03T13:45:54","modified_gmt":"2024-01-03T13:45:54","slug":"traitement-de-leau-potable-3","status":"publish","type":"product","link":"https:\/\/www.istegroup.com\/fr\/produit\/traitement-de-leau-potable-3\/","title":{"rendered":"Traitement de l\u2019eau potable 3"},"content":{"rendered":"<p>Aujourd\u2019hui encore, des centaines de millions de personnes boivent de l\u2019eau contamin\u00e9e, souvent sans le savoir. Pourtant, les technologies de traitement de l\u2019eau permettent d\u2019\u00e9liminer efficacement les pollutions et d\u2019approvisionner en eau potable, de fa\u00e7on s\u00fbre, les populations urbaines et rurales.<\/p>\n<p>Depuis pr\u00e8s de deux si\u00e8cles, la panoplie des traitements disponibles pour garantir la qualit\u00e9 de l\u2019eau s\u2019est \u00e9toff\u00e9e au fur et \u00e0 mesure des progr\u00e8s techniques, du durcissement des normes et du renforcement des exigences des consommateurs. De nouveaux traitements ont r\u00e9guli\u00e8rement \u00e9t\u00e9 mis au point, en fonction de l\u2019avanc\u00e9e des connaissances et des nouvelles r\u00e9glementations sanitaires.<\/p>\n<p>C\u2019est tout l\u2019int\u00e9r\u00eat de cet ouvrage d\u2019exposer de mani\u00e8re claire, didactique et compl\u00e8te, la vari\u00e9t\u00e9 des traitements, leurs performances et leurs limites, leurs conditions d\u2019utilisation et la mani\u00e8re de les combiner, de fa\u00e7on \u00e0 produire de l\u2019eau potable, ce bien essentiel \u00e0 la vie de tous les jours.<\/p>\n<p>L\u2019auteur de cet ouvrage nous partage la pr\u00e9cieuse expertise qu\u2019il a acquise chez Veolia, une entreprise qui est \u00e0 la fois leader mondial des services d\u2019eau et d\u2019assainissement, du dessalement d\u2019eau de mer et du recyclage des eaux us\u00e9es. Une entreprise n\u00e9e en France, en 1853, pour apporter de l\u2019eau saine aux populations et les prot\u00e9ger des \u00e9pid\u00e9mies d\u2019origine hydrique qui ravageaient alors les villes. Une entreprise dont l\u2019histoire recoupe celle des traitements de l\u2019eau.<\/p>","protected":false},"excerpt":{"rendered":"<p>Aujourd\u2019hui encore, des centaines de millions de personnes boivent de l\u2019eau contamin\u00e9e, souvent sans le savoir. Pourtant, les technologies de traitement de l\u2019eau permettent d\u2019\u00e9liminer efficacement les pollutions et d\u2019approvisionner en eau potable, de fa\u00e7on s\u00fbre, les populations urbaines et rurales. Depuis pr\u00e8s de deux si\u00e8cles, la panoplie des traitements disponibles pour garantir la qualit\u00e9 [&hellip;]<\/p>\n","protected":false},"featured_media":46918,"template":"","meta":{"_acf_changed":false,"_links_to":"","_links_to_target":""},"product_brand":[],"product_cat":[658],"product_tag":[],"class_list":{"0":"post-46916","1":"product","2":"type-product","3":"status-publish","4":"has-post-thumbnail","6":"product_cat-ecologie-14419669","8":"first","9":"instock","10":"shipping-taxable","11":"purchasable","12":"product-type-variable"},"acf":[],"yoast_head":"<!-- This site is optimized with the Yoast SEO plugin v27.2 - https:\/\/yoast.com\/product\/yoast-seo-wordpress\/ -->\n<title>Traitement de l\u2019eau potable 3 - ISTE Group<\/title>\n<meta name=\"description\" content=\"Cet ouvrage expose de mani\u00e8re claire, didactique et compl\u00e8te, la vari\u00e9t\u00e9 des traitements, leurs performances et leurs limites, leurs conditions d\u2019utilisation et la mani\u00e8re de les combiner, de fa\u00e7on \u00e0 produire de l\u2019eau potable, ce bien essentiel \u00e0 la vie de tous les jours.\" \/>\n<meta name=\"robots\" content=\"index, follow, max-snippet:-1, max-image-preview:large, max-video-preview:-1\" \/>\n<link rel=\"canonical\" href=\"https:\/\/www.istegroup.com\/en\/produit\/traitement-de-leau-potable-3\/\" \/>\n<meta property=\"og:locale\" content=\"fr_FR\" \/>\n<meta property=\"og:type\" content=\"article\" \/>\n<meta property=\"og:title\" content=\"Traitement de l\u2019eau potable 3 - ISTE Group\" \/>\n<meta property=\"og:description\" content=\"Cet ouvrage expose de mani\u00e8re claire, didactique et compl\u00e8te, la vari\u00e9t\u00e9 des traitements, leurs performances et leurs limites, leurs conditions d\u2019utilisation et la mani\u00e8re de les combiner, de fa\u00e7on \u00e0 produire de l\u2019eau potable, ce bien essentiel \u00e0 la vie de tous les jours.\" \/>\n<meta property=\"og:url\" content=\"https:\/\/www.istegroup.com\/en\/produit\/traitement-de-leau-potable-3\/\" \/>\n<meta property=\"og:site_name\" content=\"ISTE Group\" \/>\n<meta property=\"article:modified_time\" content=\"2024-01-03T13:45:54+00:00\" \/>\n<meta property=\"og:image\" content=\"https:\/\/www.istegroup.com\/wp-content\/uploads\/2022\/06\/Traitement-de-leau-potable-3.jpg\" \/>\n\t<meta property=\"og:image:width\" content=\"350\" \/>\n\t<meta property=\"og:image:height\" content=\"530\" \/>\n\t<meta property=\"og:image:type\" content=\"image\/jpeg\" \/>\n<meta name=\"twitter:card\" content=\"summary_large_image\" \/>\n<meta name=\"twitter:label1\" content=\"Est. reading time\" \/>\n\t<meta name=\"twitter:data1\" content=\"1 minute\" \/>\n<script type=\"application\/ld+json\" class=\"yoast-schema-graph\">{\"@context\":\"https:\/\/schema.org\",\"@graph\":[{\"@type\":\"WebPage\",\"@id\":\"https:\/\/www.istegroup.com\/en\/produit\/traitement-de-leau-potable-3\/\",\"url\":\"https:\/\/www.istegroup.com\/en\/produit\/traitement-de-leau-potable-3\/\",\"name\":\"Traitement de l\u2019eau potable 3 - ISTE Group\",\"isPartOf\":{\"@id\":\"https:\/\/www.istegroup.com\/#website\"},\"primaryImageOfPage\":{\"@id\":\"https:\/\/www.istegroup.com\/en\/produit\/traitement-de-leau-potable-3\/#primaryimage\"},\"image\":{\"@id\":\"https:\/\/www.istegroup.com\/en\/produit\/traitement-de-leau-potable-3\/#primaryimage\"},\"thumbnailUrl\":\"https:\/\/www.istegroup.com\/wp-content\/uploads\/2022\/06\/Traitement-de-leau-potable-3.jpg\",\"datePublished\":\"2022-07-03T13:22:05+00:00\",\"dateModified\":\"2024-01-03T13:45:54+00:00\",\"description\":\"Cet ouvrage expose de mani\u00e8re claire, didactique et compl\u00e8te, la vari\u00e9t\u00e9 des traitements, leurs performances et leurs limites, leurs conditions d\u2019utilisation et la mani\u00e8re de les combiner, de fa\u00e7on \u00e0 produire de l\u2019eau potable, ce bien essentiel \u00e0 la vie de tous les jours.\",\"breadcrumb\":{\"@id\":\"https:\/\/www.istegroup.com\/en\/produit\/traitement-de-leau-potable-3\/#breadcrumb\"},\"inLanguage\":\"fr-FR\",\"potentialAction\":[{\"@type\":\"ReadAction\",\"target\":[\"https:\/\/www.istegroup.com\/en\/produit\/traitement-de-leau-potable-3\/\"]}]},{\"@type\":\"ImageObject\",\"inLanguage\":\"fr-FR\",\"@id\":\"https:\/\/www.istegroup.com\/en\/produit\/traitement-de-leau-potable-3\/#primaryimage\",\"url\":\"https:\/\/www.istegroup.com\/wp-content\/uploads\/2022\/06\/Traitement-de-leau-potable-3.jpg\",\"contentUrl\":\"https:\/\/www.istegroup.com\/wp-content\/uploads\/2022\/06\/Traitement-de-leau-potable-3.jpg\",\"width\":350,\"height\":530,\"caption\":\"Livre scientifique - Traitement de l\u2019eau potable 3 - Kader Gaid\"},{\"@type\":\"BreadcrumbList\",\"@id\":\"https:\/\/www.istegroup.com\/en\/produit\/traitement-de-leau-potable-3\/#breadcrumb\",\"itemListElement\":[{\"@type\":\"ListItem\",\"position\":1,\"name\":\"Home\",\"item\":\"https:\/\/www.istegroup.com\/\"},{\"@type\":\"ListItem\",\"position\":2,\"name\":\"Shop\",\"item\":\"https:\/\/www.istegroup.com\/fr\/nouveautes\/\"},{\"@type\":\"ListItem\",\"position\":3,\"name\":\"Traitement de l\u2019eau potable 3\"}]},{\"@type\":\"WebSite\",\"@id\":\"https:\/\/www.istegroup.com\/#website\",\"url\":\"https:\/\/www.istegroup.com\/\",\"name\":\"ISTE Group\",\"description\":\"\u00c9diteur des Sciences\",\"potentialAction\":[{\"@type\":\"SearchAction\",\"target\":{\"@type\":\"EntryPoint\",\"urlTemplate\":\"https:\/\/www.istegroup.com\/?s={search_term_string}\"},\"query-input\":{\"@type\":\"PropertyValueSpecification\",\"valueRequired\":true,\"valueName\":\"search_term_string\"}}],\"inLanguage\":\"fr-FR\"}]}<\/script>\n<!-- \/ Yoast SEO plugin. -->","yoast_head_json":{"title":"Traitement de l\u2019eau potable 3 - ISTE Group","description":"Cet ouvrage expose de mani\u00e8re claire, didactique et compl\u00e8te, la vari\u00e9t\u00e9 des traitements, leurs performances et leurs limites, leurs conditions d\u2019utilisation et la mani\u00e8re de les combiner, de fa\u00e7on \u00e0 produire de l\u2019eau potable, ce bien essentiel \u00e0 la vie de tous les jours.","robots":{"index":"index","follow":"follow","max-snippet":"max-snippet:-1","max-image-preview":"max-image-preview:large","max-video-preview":"max-video-preview:-1"},"canonical":"https:\/\/www.istegroup.com\/en\/produit\/traitement-de-leau-potable-3\/","og_locale":"fr_FR","og_type":"article","og_title":"Traitement de l\u2019eau potable 3 - ISTE Group","og_description":"Cet ouvrage expose de mani\u00e8re claire, didactique et compl\u00e8te, la vari\u00e9t\u00e9 des traitements, leurs performances et leurs limites, leurs conditions d\u2019utilisation et la mani\u00e8re de les combiner, de fa\u00e7on \u00e0 produire de l\u2019eau potable, ce bien essentiel \u00e0 la vie de tous les jours.","og_url":"https:\/\/www.istegroup.com\/en\/produit\/traitement-de-leau-potable-3\/","og_site_name":"ISTE Group","article_modified_time":"2024-01-03T13:45:54+00:00","og_image":[{"width":350,"height":530,"url":"https:\/\/www.istegroup.com\/wp-content\/uploads\/2022\/06\/Traitement-de-leau-potable-3.jpg","type":"image\/jpeg"}],"twitter_card":"summary_large_image","twitter_misc":{"Est. reading time":"1 minute"},"schema":{"@context":"https:\/\/schema.org","@graph":[{"@type":"WebPage","@id":"https:\/\/www.istegroup.com\/en\/produit\/traitement-de-leau-potable-3\/","url":"https:\/\/www.istegroup.com\/en\/produit\/traitement-de-leau-potable-3\/","name":"Traitement de l\u2019eau potable 3 - ISTE Group","isPartOf":{"@id":"https:\/\/www.istegroup.com\/#website"},"primaryImageOfPage":{"@id":"https:\/\/www.istegroup.com\/en\/produit\/traitement-de-leau-potable-3\/#primaryimage"},"image":{"@id":"https:\/\/www.istegroup.com\/en\/produit\/traitement-de-leau-potable-3\/#primaryimage"},"thumbnailUrl":"https:\/\/www.istegroup.com\/wp-content\/uploads\/2022\/06\/Traitement-de-leau-potable-3.jpg","datePublished":"2022-07-03T13:22:05+00:00","dateModified":"2024-01-03T13:45:54+00:00","description":"Cet ouvrage expose de mani\u00e8re claire, didactique et compl\u00e8te, la vari\u00e9t\u00e9 des traitements, leurs performances et leurs limites, leurs conditions d\u2019utilisation et la mani\u00e8re de les combiner, de fa\u00e7on \u00e0 produire de l\u2019eau potable, ce bien essentiel \u00e0 la vie de tous les jours.","breadcrumb":{"@id":"https:\/\/www.istegroup.com\/en\/produit\/traitement-de-leau-potable-3\/#breadcrumb"},"inLanguage":"fr-FR","potentialAction":[{"@type":"ReadAction","target":["https:\/\/www.istegroup.com\/en\/produit\/traitement-de-leau-potable-3\/"]}]},{"@type":"ImageObject","inLanguage":"fr-FR","@id":"https:\/\/www.istegroup.com\/en\/produit\/traitement-de-leau-potable-3\/#primaryimage","url":"https:\/\/www.istegroup.com\/wp-content\/uploads\/2022\/06\/Traitement-de-leau-potable-3.jpg","contentUrl":"https:\/\/www.istegroup.com\/wp-content\/uploads\/2022\/06\/Traitement-de-leau-potable-3.jpg","width":350,"height":530,"caption":"Livre scientifique - Traitement de l\u2019eau potable 3 - Kader Gaid"},{"@type":"BreadcrumbList","@id":"https:\/\/www.istegroup.com\/en\/produit\/traitement-de-leau-potable-3\/#breadcrumb","itemListElement":[{"@type":"ListItem","position":1,"name":"Home","item":"https:\/\/www.istegroup.com\/"},{"@type":"ListItem","position":2,"name":"Shop","item":"https:\/\/www.istegroup.com\/fr\/nouveautes\/"},{"@type":"ListItem","position":3,"name":"Traitement de l\u2019eau potable 3"}]},{"@type":"WebSite","@id":"https:\/\/www.istegroup.com\/#website","url":"https:\/\/www.istegroup.com\/","name":"ISTE Group","description":"\u00c9diteur des Sciences","potentialAction":[{"@type":"SearchAction","target":{"@type":"EntryPoint","urlTemplate":"https:\/\/www.istegroup.com\/?s={search_term_string}"},"query-input":{"@type":"PropertyValueSpecification","valueRequired":true,"valueName":"search_term_string"}}],"inLanguage":"fr-FR"}]}},"_links":{"self":[{"href":"https:\/\/www.istegroup.com\/fr\/wp-json\/wp\/v2\/product\/46916","targetHints":{"allow":["GET"]}}],"collection":[{"href":"https:\/\/www.istegroup.com\/fr\/wp-json\/wp\/v2\/product"}],"about":[{"href":"https:\/\/www.istegroup.com\/fr\/wp-json\/wp\/v2\/types\/product"}],"wp:featuredmedia":[{"embeddable":true,"href":"https:\/\/www.istegroup.com\/fr\/wp-json\/wp\/v2\/media\/46918"}],"wp:attachment":[{"href":"https:\/\/www.istegroup.com\/fr\/wp-json\/wp\/v2\/media?parent=46916"}],"wp:term":[{"taxonomy":"product_brand","embeddable":true,"href":"https:\/\/www.istegroup.com\/fr\/wp-json\/wp\/v2\/product_brand?post=46916"},{"taxonomy":"product_cat","embeddable":true,"href":"https:\/\/www.istegroup.com\/fr\/wp-json\/wp\/v2\/product_cat?post=46916"},{"taxonomy":"product_tag","embeddable":true,"href":"https:\/\/www.istegroup.com\/fr\/wp-json\/wp\/v2\/product_tag?post=46916"}],"curies":[{"name":"wp","href":"https:\/\/api.w.org\/{rel}","templated":true}]}}