{"id":46817,"date":"2022-11-13T16:06:06","date_gmt":"2022-11-13T16:06:06","guid":{"rendered":"https:\/\/www.istegroup.com\/?post_type=product&#038;p=46817"},"modified":"2025-01-03T11:56:04","modified_gmt":"2025-01-03T11:56:04","slug":"economie-de-lenergie-nucleaire-2","status":"publish","type":"product","link":"https:\/\/www.istegroup.com\/fr\/produit\/economie-de-lenergie-nucleaire-2\/","title":{"rendered":"\u00c9conomie de l\u2019\u00e9nergie nucl\u00e9aire 2"},"content":{"rendered":"<p><a style=\"color: #1e9691;\" href=\"https:\/\/www.sfen.org\/laureat\/les-laureats-2023\/\"><strong>Prix de l\u2019Enseignement et de la Formation Sfen 2023<\/strong><\/a><br \/>\n<em>\u00ab\u00a0Cet ouvrage tr\u00e8s ambitieux vient combler un manque important dans les ouvrages universitaires\u00a0\u00bb<\/em><br \/>\n___________<br \/>\nCet ouvrage expose les \u00e9l\u00e9ments \u00e9conomiques factuels, pr\u00e9cis, complets et accessibles de l\u2019\u00e9nergie nucl\u00e9aire afin de contribuer \u00e0 un d\u00e9bat \u00e9clair\u00e9 et d\u00e9passionn\u00e9.<\/p>\n<p>Il analyse les aspects \u00e9conomiques de la gestion des combustibles us\u00e9s et notamment les co\u00fbts et les modes de financement de l\u2019entreposage de longue dur\u00e9e et du stockage g\u00e9ologique profond. Les co\u00fbts \u00e9conomiques d\u2019un accident nucl\u00e9aire sont aussi trait\u00e9s selon les angles th\u00e9orique et appliqu\u00e9 \u00e0 partir de l\u2019accident de Fukushima.<\/p>\n<p><em>\u00c9conomie de l\u2019\u00e9nergie nucl\u00e9aire 2<\/em> s\u2019int\u00e9resse \u00e9galement aux aspects industriels et politiques du mix \u00e9nerg\u00e9tique du futur. L\u2019\u00e9nergie nucl\u00e9aire est ainsi replac\u00e9e dans le contexte plus global du march\u00e9 europ\u00e9en de l\u2019\u00e9lectricit\u00e9. Enfin, ce livre offre un panorama des sc\u00e9narios \u00e9nerg\u00e9tiques \u00e0 l\u2019\u00e9chelle de la France, mais \u00e9galement du monde.<\/p>\n<p><strong>La presse en parle<\/strong><\/p>\n<p>(&#8230;) Avec une volont\u00e9 de p\u00e9dagogie, \u00ab <em>\u00c9conomie de l\u2019\u00e9nergie nucl\u00e9aire<\/em> \u00bb aspire \u00e0 constituer \u00ab <em>une ressource scientifique in\u00e9dite<\/em> \u00bb, o\u00f9 sont pr\u00e9sent\u00e9s les sp\u00e9cificit\u00e9s et m\u00e9thodes de calculs associ\u00e9es \u00e0 la fili\u00e8re nucl\u00e9aire, avec de nombreuses nuances.<br \/>\n<a style=\"color: #1e9691;\" href=\"https:\/\/www.connaissancedesenergies.org\/parution-de-louvrage-economie-de-lenergie-nucleaire-extraits-221219\"><em>www.connaissancedesenergies.org<\/em><\/a><\/p>","protected":false},"excerpt":{"rendered":"<p>Prix de l\u2019Enseignement et de la Formation Sfen 2023 \u00ab\u00a0Cet ouvrage tr\u00e8s ambitieux vient combler un manque important dans les ouvrages universitaires\u00a0\u00bb ___________ Cet ouvrage expose les \u00e9l\u00e9ments \u00e9conomiques factuels, pr\u00e9cis, complets et accessibles de l\u2019\u00e9nergie nucl\u00e9aire afin de contribuer \u00e0 un d\u00e9bat \u00e9clair\u00e9 et d\u00e9passionn\u00e9. Il analyse les aspects \u00e9conomiques de la gestion des [&hellip;]<\/p>\n","protected":false},"featured_media":52550,"template":"","meta":{"_acf_changed":false,"_links_to":"","_links_to_target":""},"product_brand":[],"product_cat":[4289],"product_tag":[],"class_list":{"0":"post-46817","1":"product","2":"type-product","3":"status-publish","4":"has-post-thumbnail","6":"product_cat-sciences","8":"first","9":"instock","10":"shipping-taxable","11":"purchasable","12":"product-type-variable"},"acf":[],"yoast_head":"<!-- This site is optimized with the Yoast SEO plugin v27.2 - https:\/\/yoast.com\/product\/yoast-seo-wordpress\/ -->\n<title>\u00c9conomie de l\u2019\u00e9nergie nucl\u00e9aire 2 - ISTE Group<\/title>\n<meta name=\"description\" content=\"Cet ouvrage expose les \u00e9l\u00e9ments \u00e9conomiques factuels, pr\u00e9cis, complets et accessibles de l\u2019\u00e9nergie nucl\u00e9aire afin de contribuer \u00e0 un d\u00e9bat \u00e9clair\u00e9 et d\u00e9passionn\u00e9.\" \/>\n<meta name=\"robots\" content=\"index, follow, max-snippet:-1, max-image-preview:large, max-video-preview:-1\" \/>\n<link rel=\"canonical\" href=\"https:\/\/www.istegroup.com\/fr\/produit\/economie-de-lenergie-nucleaire-2\/\" \/>\n<meta property=\"og:locale\" content=\"fr_FR\" \/>\n<meta property=\"og:type\" content=\"article\" \/>\n<meta property=\"og:title\" content=\"\u00c9conomie de l\u2019\u00e9nergie nucl\u00e9aire 2 - ISTE Group\" \/>\n<meta property=\"og:description\" content=\"Cet ouvrage expose les \u00e9l\u00e9ments \u00e9conomiques factuels, pr\u00e9cis, complets et accessibles de l\u2019\u00e9nergie nucl\u00e9aire afin de contribuer \u00e0 un d\u00e9bat \u00e9clair\u00e9 et d\u00e9passionn\u00e9.\" \/>\n<meta property=\"og:url\" content=\"https:\/\/www.istegroup.com\/fr\/produit\/economie-de-lenergie-nucleaire-2\/\" \/>\n<meta property=\"og:site_name\" content=\"ISTE Group\" \/>\n<meta property=\"article:modified_time\" content=\"2025-01-03T11:56:04+00:00\" \/>\n<meta property=\"og:image\" content=\"https:\/\/www.istegroup.com\/wp-content\/uploads\/2022\/11\/Percebois-2-couv_SFEN.jpg\" \/>\n\t<meta property=\"og:image:width\" content=\"300\" \/>\n\t<meta property=\"og:image:height\" content=\"450\" \/>\n\t<meta property=\"og:image:type\" content=\"image\/jpeg\" \/>\n<meta name=\"twitter:card\" content=\"summary_large_image\" \/>\n<meta name=\"twitter:label1\" content=\"Est. reading time\" \/>\n\t<meta name=\"twitter:data1\" content=\"1 minute\" \/>\n<script type=\"application\/ld+json\" class=\"yoast-schema-graph\">{\"@context\":\"https:\/\/schema.org\",\"@graph\":[{\"@type\":\"WebPage\",\"@id\":\"https:\/\/www.istegroup.com\/fr\/produit\/economie-de-lenergie-nucleaire-2\/\",\"url\":\"https:\/\/www.istegroup.com\/fr\/produit\/economie-de-lenergie-nucleaire-2\/\",\"name\":\"\u00c9conomie de l\u2019\u00e9nergie nucl\u00e9aire 2 - ISTE Group\",\"isPartOf\":{\"@id\":\"https:\/\/www.istegroup.com\/#website\"},\"primaryImageOfPage\":{\"@id\":\"https:\/\/www.istegroup.com\/fr\/produit\/economie-de-lenergie-nucleaire-2\/#primaryimage\"},\"image\":{\"@id\":\"https:\/\/www.istegroup.com\/fr\/produit\/economie-de-lenergie-nucleaire-2\/#primaryimage\"},\"thumbnailUrl\":\"https:\/\/www.istegroup.com\/wp-content\/uploads\/2022\/11\/Percebois-2-couv_SFEN.jpg\",\"datePublished\":\"2022-11-13T16:06:06+00:00\",\"dateModified\":\"2025-01-03T11:56:04+00:00\",\"description\":\"Cet ouvrage expose les \u00e9l\u00e9ments \u00e9conomiques factuels, pr\u00e9cis, complets et accessibles de l\u2019\u00e9nergie nucl\u00e9aire afin de contribuer \u00e0 un d\u00e9bat \u00e9clair\u00e9 et d\u00e9passionn\u00e9.\",\"breadcrumb\":{\"@id\":\"https:\/\/www.istegroup.com\/fr\/produit\/economie-de-lenergie-nucleaire-2\/#breadcrumb\"},\"inLanguage\":\"fr-FR\",\"potentialAction\":[{\"@type\":\"ReadAction\",\"target\":[\"https:\/\/www.istegroup.com\/fr\/produit\/economie-de-lenergie-nucleaire-2\/\"]}]},{\"@type\":\"ImageObject\",\"inLanguage\":\"fr-FR\",\"@id\":\"https:\/\/www.istegroup.com\/fr\/produit\/economie-de-lenergie-nucleaire-2\/#primaryimage\",\"url\":\"https:\/\/www.istegroup.com\/wp-content\/uploads\/2022\/11\/Percebois-2-couv_SFEN.jpg\",\"contentUrl\":\"https:\/\/www.istegroup.com\/wp-content\/uploads\/2022\/11\/Percebois-2-couv_SFEN.jpg\",\"width\":300,\"height\":450},{\"@type\":\"BreadcrumbList\",\"@id\":\"https:\/\/www.istegroup.com\/fr\/produit\/economie-de-lenergie-nucleaire-2\/#breadcrumb\",\"itemListElement\":[{\"@type\":\"ListItem\",\"position\":1,\"name\":\"Home\",\"item\":\"https:\/\/www.istegroup.com\/\"},{\"@type\":\"ListItem\",\"position\":2,\"name\":\"Shop\",\"item\":\"https:\/\/www.istegroup.com\/fr\/nouveautes\/\"},{\"@type\":\"ListItem\",\"position\":3,\"name\":\"\u00c9conomie de l\u2019\u00e9nergie nucl\u00e9aire 2\"}]},{\"@type\":\"WebSite\",\"@id\":\"https:\/\/www.istegroup.com\/#website\",\"url\":\"https:\/\/www.istegroup.com\/\",\"name\":\"ISTE Group\",\"description\":\"\u00c9diteur des Sciences\",\"potentialAction\":[{\"@type\":\"SearchAction\",\"target\":{\"@type\":\"EntryPoint\",\"urlTemplate\":\"https:\/\/www.istegroup.com\/?s={search_term_string}\"},\"query-input\":{\"@type\":\"PropertyValueSpecification\",\"valueRequired\":true,\"valueName\":\"search_term_string\"}}],\"inLanguage\":\"fr-FR\"}]}<\/script>\n<!-- \/ Yoast SEO plugin. -->","yoast_head_json":{"title":"\u00c9conomie de l\u2019\u00e9nergie nucl\u00e9aire 2 - ISTE Group","description":"Cet ouvrage expose les \u00e9l\u00e9ments \u00e9conomiques factuels, pr\u00e9cis, complets et accessibles de l\u2019\u00e9nergie nucl\u00e9aire afin de contribuer \u00e0 un d\u00e9bat \u00e9clair\u00e9 et d\u00e9passionn\u00e9.","robots":{"index":"index","follow":"follow","max-snippet":"max-snippet:-1","max-image-preview":"max-image-preview:large","max-video-preview":"max-video-preview:-1"},"canonical":"https:\/\/www.istegroup.com\/fr\/produit\/economie-de-lenergie-nucleaire-2\/","og_locale":"fr_FR","og_type":"article","og_title":"\u00c9conomie de l\u2019\u00e9nergie nucl\u00e9aire 2 - ISTE Group","og_description":"Cet ouvrage expose les \u00e9l\u00e9ments \u00e9conomiques factuels, pr\u00e9cis, complets et accessibles de l\u2019\u00e9nergie nucl\u00e9aire afin de contribuer \u00e0 un d\u00e9bat \u00e9clair\u00e9 et d\u00e9passionn\u00e9.","og_url":"https:\/\/www.istegroup.com\/fr\/produit\/economie-de-lenergie-nucleaire-2\/","og_site_name":"ISTE Group","article_modified_time":"2025-01-03T11:56:04+00:00","og_image":[{"width":300,"height":450,"url":"https:\/\/www.istegroup.com\/wp-content\/uploads\/2022\/11\/Percebois-2-couv_SFEN.jpg","type":"image\/jpeg"}],"twitter_card":"summary_large_image","twitter_misc":{"Est. reading time":"1 minute"},"schema":{"@context":"https:\/\/schema.org","@graph":[{"@type":"WebPage","@id":"https:\/\/www.istegroup.com\/fr\/produit\/economie-de-lenergie-nucleaire-2\/","url":"https:\/\/www.istegroup.com\/fr\/produit\/economie-de-lenergie-nucleaire-2\/","name":"\u00c9conomie de l\u2019\u00e9nergie nucl\u00e9aire 2 - ISTE Group","isPartOf":{"@id":"https:\/\/www.istegroup.com\/#website"},"primaryImageOfPage":{"@id":"https:\/\/www.istegroup.com\/fr\/produit\/economie-de-lenergie-nucleaire-2\/#primaryimage"},"image":{"@id":"https:\/\/www.istegroup.com\/fr\/produit\/economie-de-lenergie-nucleaire-2\/#primaryimage"},"thumbnailUrl":"https:\/\/www.istegroup.com\/wp-content\/uploads\/2022\/11\/Percebois-2-couv_SFEN.jpg","datePublished":"2022-11-13T16:06:06+00:00","dateModified":"2025-01-03T11:56:04+00:00","description":"Cet ouvrage expose les \u00e9l\u00e9ments \u00e9conomiques factuels, pr\u00e9cis, complets et accessibles de l\u2019\u00e9nergie nucl\u00e9aire afin de contribuer \u00e0 un d\u00e9bat \u00e9clair\u00e9 et d\u00e9passionn\u00e9.","breadcrumb":{"@id":"https:\/\/www.istegroup.com\/fr\/produit\/economie-de-lenergie-nucleaire-2\/#breadcrumb"},"inLanguage":"fr-FR","potentialAction":[{"@type":"ReadAction","target":["https:\/\/www.istegroup.com\/fr\/produit\/economie-de-lenergie-nucleaire-2\/"]}]},{"@type":"ImageObject","inLanguage":"fr-FR","@id":"https:\/\/www.istegroup.com\/fr\/produit\/economie-de-lenergie-nucleaire-2\/#primaryimage","url":"https:\/\/www.istegroup.com\/wp-content\/uploads\/2022\/11\/Percebois-2-couv_SFEN.jpg","contentUrl":"https:\/\/www.istegroup.com\/wp-content\/uploads\/2022\/11\/Percebois-2-couv_SFEN.jpg","width":300,"height":450},{"@type":"BreadcrumbList","@id":"https:\/\/www.istegroup.com\/fr\/produit\/economie-de-lenergie-nucleaire-2\/#breadcrumb","itemListElement":[{"@type":"ListItem","position":1,"name":"Home","item":"https:\/\/www.istegroup.com\/"},{"@type":"ListItem","position":2,"name":"Shop","item":"https:\/\/www.istegroup.com\/fr\/nouveautes\/"},{"@type":"ListItem","position":3,"name":"\u00c9conomie de l\u2019\u00e9nergie nucl\u00e9aire 2"}]},{"@type":"WebSite","@id":"https:\/\/www.istegroup.com\/#website","url":"https:\/\/www.istegroup.com\/","name":"ISTE Group","description":"\u00c9diteur des Sciences","potentialAction":[{"@type":"SearchAction","target":{"@type":"EntryPoint","urlTemplate":"https:\/\/www.istegroup.com\/?s={search_term_string}"},"query-input":{"@type":"PropertyValueSpecification","valueRequired":true,"valueName":"search_term_string"}}],"inLanguage":"fr-FR"}]}},"_links":{"self":[{"href":"https:\/\/www.istegroup.com\/fr\/wp-json\/wp\/v2\/product\/46817","targetHints":{"allow":["GET"]}}],"collection":[{"href":"https:\/\/www.istegroup.com\/fr\/wp-json\/wp\/v2\/product"}],"about":[{"href":"https:\/\/www.istegroup.com\/fr\/wp-json\/wp\/v2\/types\/product"}],"wp:featuredmedia":[{"embeddable":true,"href":"https:\/\/www.istegroup.com\/fr\/wp-json\/wp\/v2\/media\/52550"}],"wp:attachment":[{"href":"https:\/\/www.istegroup.com\/fr\/wp-json\/wp\/v2\/media?parent=46817"}],"wp:term":[{"taxonomy":"product_brand","embeddable":true,"href":"https:\/\/www.istegroup.com\/fr\/wp-json\/wp\/v2\/product_brand?post=46817"},{"taxonomy":"product_cat","embeddable":true,"href":"https:\/\/www.istegroup.com\/fr\/wp-json\/wp\/v2\/product_cat?post=46817"},{"taxonomy":"product_tag","embeddable":true,"href":"https:\/\/www.istegroup.com\/fr\/wp-json\/wp\/v2\/product_tag?post=46817"}],"curies":[{"name":"wp","href":"https:\/\/api.w.org\/{rel}","templated":true}]}}