{"id":467,"date":"2017-07-28T14:50:55","date_gmt":"2017-07-28T12:50:55","guid":{"rendered":"https:\/\/iste.yhello.co\/product\/lincertaine-revolution-numerique\/"},"modified":"2024-01-03T13:40:11","modified_gmt":"2024-01-03T13:40:11","slug":"lincertaine-revolution-numerique","status":"publish","type":"product","link":"https:\/\/www.istegroup.com\/fr\/produit\/lincertaine-revolution-numerique\/","title":{"rendered":"L\u2019incertaine r\u00e9volution num\u00e9rique"},"content":{"rendered":"<p>Par ses approches socio-historique, socio-\u00e9conomique et socio-politique, la s\u00e9rie\u00a0<em>Informatique et soci\u00e9t\u00e9 connect\u00e9es\u00a0<\/em>offre une r\u00e9flexion critique sur l\u2019omnipr\u00e9sence de l\u2019informatique dans la soci\u00e9t\u00e9 et sur les enjeux qu\u2019elle suscite \u00e0 travers les questions relatives \u00e0 la cybersurveillance, aux libert\u00e9s individuelles et collectives, \u00e0 l\u2019impact environ-nemental et \u00e0 l\u2019hyperconnectivit\u00e9.<\/p>\n<p>Les grands bouleversements engendr\u00e9s par l\u2019utilisation des techniques num\u00e9riques et du r\u00e9seau Internet sont jug\u00e9s positivement, mais aussi parfois comme de nouvelles formes de contr\u00f4le et d\u2019exploitation. On peut par ailleurs contester le caract\u00e8re v\u00e9ritablement r\u00e9volutionnaire de ces bouleversements pr\u00e9sent\u00e9s sous les traits d\u2019une r\u00e9volution num\u00e9rique in\u00e9luctable qui \u00e9chappe \u00e0 toute volont\u00e9 politique de transformation sociale.<\/p>\n<p>Au-del\u00e0 de ces diff\u00e9rences d\u2019appr\u00e9ciation, cet ouvrage fait un retour sur cinquante ans d\u2019informatisation afin de revisiter les quatre grandes probl\u00e9matiques soci\u00e9tales qui sont apparues au fur et \u00e0 mesure de la progression des applications : la probl\u00e9matique du contr\u00f4le social, celle de la s\u00e9curit\u00e9, celle de la communication et de l\u2019\u00e9change, et enfin celle de la marchandisation. Il s\u2019agit de retrouver les termes dans lesquels elles ont \u00e9t\u00e9 formul\u00e9es et, au besoin, de mobiliser des grilles th\u00e9oriques pour mieux en saisir le sens et la port\u00e9e. Toutes ces probl\u00e9matiques cohabitent, s\u2019entrem\u00ealent et se t\u00e9lescopent dans la mutation num\u00e9rique en cours, entre contr\u00f4le et libert\u00e9.<\/p>\n","protected":false},"excerpt":{"rendered":"<p>Par ses approches socio-historique, socio-\u00e9conomique et socio-politique, la s\u00e9rie\u00a0Informatique et soci\u00e9t\u00e9 connect\u00e9es\u00a0offre une r\u00e9flexion critique sur l\u2019omnipr\u00e9sence de l\u2019informatique dans la soci\u00e9t\u00e9 et sur les enjeux qu\u2019elle suscite \u00e0 travers les questions relatives \u00e0 la cybersurveillance, aux libert\u00e9s individuelles et collectives, \u00e0 l\u2019impact environ-nemental et \u00e0 l\u2019hyperconnectivit\u00e9. Les grands bouleversements engendr\u00e9s par l\u2019utilisation des techniques [&hellip;]<\/p>\n","protected":false},"featured_media":468,"template":"","meta":{"_acf_changed":false,"_links_to":"","_links_to_target":""},"product_brand":[],"product_cat":[675,696,707],"product_tag":[1886,111,170,31,196,608,993,197,198,199,21,200,22,201,1887,203,204,63,25,172,209,1888,212,38,192,145,28,1139,1595,598,1889],"class_list":{"0":"post-467","1":"product","2":"type-product","3":"status-publish","4":"has-post-thumbnail","6":"product_cat-nouveauts-12519446","7":"product_cat-srie-informatique-et-socit-connectes-188257348","8":"product_cat-systmes-dinformation-web-et-socit-12506570","9":"product_tag-andre-vitalis","10":"product_tag-applications","11":"product_tag-communication","12":"product_tag-ebook","13":"product_tag-ebooks","14":"product_tag-informatique","15":"product_tag-internet","16":"product_tag-iste","17":"product_tag-iste-edition","18":"product_tag-iste-editions","19":"product_tag-iste-group","20":"product_tag-isteedition","21":"product_tag-istegroup","22":"product_tag-kindle","23":"product_tag-lincertaine-revolution-numerique","24":"product_tag-liseuse","25":"product_tag-livre","26":"product_tag-livre-electronique","27":"product_tag-livre-numerique","28":"product_tag-livre-scientifique","29":"product_tag-livres-scientifiques","30":"product_tag-mutation-numerique","31":"product_tag-ouvrage","32":"product_tag-ouvrage-numerique","33":"product_tag-ouvrage-science","34":"product_tag-ouvrage-scientifique","35":"product_tag-ouvrage-scientifique-francais","36":"product_tag-revolution-numerique","37":"product_tag-securite","38":"product_tag-systemes-dinformation","39":"product_tag-utation","41":"first","42":"instock","43":"shipping-taxable","44":"purchasable","45":"product-type-variable"},"acf":[],"yoast_head":"<!-- This site is optimized with the Yoast SEO plugin v27.2 - https:\/\/yoast.com\/product\/yoast-seo-wordpress\/ -->\n<title>L\u2019incertaine r\u00e9volution num\u00e9rique - ISTE Group<\/title>\n<meta name=\"description\" content=\"L&#039;incertaine r\u00e9volution num\u00e9rique fait un retour sur 50 ans d\u2019informatisation afin de revisiter les quatre grandes probl\u00e9matiques soci\u00e9tales qui sont apparues au fur et \u00e0 mesure de la progression des applications.\" \/>\n<meta name=\"robots\" content=\"index, follow, max-snippet:-1, max-image-preview:large, max-video-preview:-1\" \/>\n<link rel=\"canonical\" href=\"https:\/\/www.istegroup.com\/fr\/produit\/lincertaine-revolution-numerique\/\" \/>\n<meta property=\"og:locale\" content=\"fr_FR\" \/>\n<meta property=\"og:type\" content=\"article\" \/>\n<meta property=\"og:title\" content=\"L\u2019incertaine r\u00e9volution num\u00e9rique - ISTE Group\" \/>\n<meta property=\"og:description\" content=\"L&#039;incertaine r\u00e9volution num\u00e9rique fait un retour sur 50 ans d\u2019informatisation afin de revisiter les quatre grandes probl\u00e9matiques soci\u00e9tales qui sont apparues au fur et \u00e0 mesure de la progression des applications.\" \/>\n<meta property=\"og:url\" content=\"https:\/\/www.istegroup.com\/fr\/produit\/lincertaine-revolution-numerique\/\" \/>\n<meta property=\"og:site_name\" content=\"ISTE Group\" \/>\n<meta property=\"article:modified_time\" content=\"2024-01-03T13:40:11+00:00\" \/>\n<meta property=\"og:image\" content=\"https:\/\/www.istegroup.com\/wp-content\/uploads\/2017\/07\/12666090308_4977702980-1.jpg\" \/>\n\t<meta property=\"og:image:width\" content=\"1356\" \/>\n\t<meta property=\"og:image:height\" content=\"2048\" \/>\n\t<meta property=\"og:image:type\" content=\"image\/jpeg\" \/>\n<meta name=\"twitter:card\" content=\"summary_large_image\" \/>\n<meta name=\"twitter:label1\" content=\"Est. reading time\" \/>\n\t<meta name=\"twitter:data1\" content=\"1 minute\" \/>\n<script type=\"application\/ld+json\" class=\"yoast-schema-graph\">{\"@context\":\"https:\/\/schema.org\",\"@graph\":[{\"@type\":\"WebPage\",\"@id\":\"https:\/\/www.istegroup.com\/fr\/produit\/lincertaine-revolution-numerique\/\",\"url\":\"https:\/\/www.istegroup.com\/fr\/produit\/lincertaine-revolution-numerique\/\",\"name\":\"L\u2019incertaine r\u00e9volution num\u00e9rique - ISTE Group\",\"isPartOf\":{\"@id\":\"https:\/\/www.istegroup.com\/#website\"},\"primaryImageOfPage\":{\"@id\":\"https:\/\/www.istegroup.com\/fr\/produit\/lincertaine-revolution-numerique\/#primaryimage\"},\"image\":{\"@id\":\"https:\/\/www.istegroup.com\/fr\/produit\/lincertaine-revolution-numerique\/#primaryimage\"},\"thumbnailUrl\":\"https:\/\/www.istegroup.com\/wp-content\/uploads\/2017\/07\/12666090308_4977702980-1.jpg\",\"datePublished\":\"2017-07-28T12:50:55+00:00\",\"dateModified\":\"2024-01-03T13:40:11+00:00\",\"description\":\"L'incertaine r\u00e9volution num\u00e9rique fait un retour sur 50 ans d\u2019informatisation afin de revisiter les quatre grandes probl\u00e9matiques soci\u00e9tales qui sont apparues au fur et \u00e0 mesure de la progression des applications.\",\"breadcrumb\":{\"@id\":\"https:\/\/www.istegroup.com\/fr\/produit\/lincertaine-revolution-numerique\/#breadcrumb\"},\"inLanguage\":\"fr-FR\",\"potentialAction\":[{\"@type\":\"ReadAction\",\"target\":[\"https:\/\/www.istegroup.com\/fr\/produit\/lincertaine-revolution-numerique\/\"]}]},{\"@type\":\"ImageObject\",\"inLanguage\":\"fr-FR\",\"@id\":\"https:\/\/www.istegroup.com\/fr\/produit\/lincertaine-revolution-numerique\/#primaryimage\",\"url\":\"https:\/\/www.istegroup.com\/wp-content\/uploads\/2017\/07\/12666090308_4977702980-1.jpg\",\"contentUrl\":\"https:\/\/www.istegroup.com\/wp-content\/uploads\/2017\/07\/12666090308_4977702980-1.jpg\",\"width\":1356,\"height\":2048,\"caption\":\"L\u2019incertaine r\u00e9volution num\u00e9rique\"},{\"@type\":\"BreadcrumbList\",\"@id\":\"https:\/\/www.istegroup.com\/fr\/produit\/lincertaine-revolution-numerique\/#breadcrumb\",\"itemListElement\":[{\"@type\":\"ListItem\",\"position\":1,\"name\":\"Home\",\"item\":\"https:\/\/www.istegroup.com\/\"},{\"@type\":\"ListItem\",\"position\":2,\"name\":\"Shop\",\"item\":\"https:\/\/www.istegroup.com\/fr\/nouveautes\/\"},{\"@type\":\"ListItem\",\"position\":3,\"name\":\"L\u2019incertaine r\u00e9volution num\u00e9rique\"}]},{\"@type\":\"WebSite\",\"@id\":\"https:\/\/www.istegroup.com\/#website\",\"url\":\"https:\/\/www.istegroup.com\/\",\"name\":\"ISTE Group\",\"description\":\"\u00c9diteur des Sciences\",\"potentialAction\":[{\"@type\":\"SearchAction\",\"target\":{\"@type\":\"EntryPoint\",\"urlTemplate\":\"https:\/\/www.istegroup.com\/?s={search_term_string}\"},\"query-input\":{\"@type\":\"PropertyValueSpecification\",\"valueRequired\":true,\"valueName\":\"search_term_string\"}}],\"inLanguage\":\"fr-FR\"}]}<\/script>\n<!-- \/ Yoast SEO plugin. -->","yoast_head_json":{"title":"L\u2019incertaine r\u00e9volution num\u00e9rique - ISTE Group","description":"L'incertaine r\u00e9volution num\u00e9rique fait un retour sur 50 ans d\u2019informatisation afin de revisiter les quatre grandes probl\u00e9matiques soci\u00e9tales qui sont apparues au fur et \u00e0 mesure de la progression des applications.","robots":{"index":"index","follow":"follow","max-snippet":"max-snippet:-1","max-image-preview":"max-image-preview:large","max-video-preview":"max-video-preview:-1"},"canonical":"https:\/\/www.istegroup.com\/fr\/produit\/lincertaine-revolution-numerique\/","og_locale":"fr_FR","og_type":"article","og_title":"L\u2019incertaine r\u00e9volution num\u00e9rique - ISTE Group","og_description":"L'incertaine r\u00e9volution num\u00e9rique fait un retour sur 50 ans d\u2019informatisation afin de revisiter les quatre grandes probl\u00e9matiques soci\u00e9tales qui sont apparues au fur et \u00e0 mesure de la progression des applications.","og_url":"https:\/\/www.istegroup.com\/fr\/produit\/lincertaine-revolution-numerique\/","og_site_name":"ISTE Group","article_modified_time":"2024-01-03T13:40:11+00:00","og_image":[{"width":1356,"height":2048,"url":"https:\/\/www.istegroup.com\/wp-content\/uploads\/2017\/07\/12666090308_4977702980-1.jpg","type":"image\/jpeg"}],"twitter_card":"summary_large_image","twitter_misc":{"Est. reading time":"1 minute"},"schema":{"@context":"https:\/\/schema.org","@graph":[{"@type":"WebPage","@id":"https:\/\/www.istegroup.com\/fr\/produit\/lincertaine-revolution-numerique\/","url":"https:\/\/www.istegroup.com\/fr\/produit\/lincertaine-revolution-numerique\/","name":"L\u2019incertaine r\u00e9volution num\u00e9rique - ISTE Group","isPartOf":{"@id":"https:\/\/www.istegroup.com\/#website"},"primaryImageOfPage":{"@id":"https:\/\/www.istegroup.com\/fr\/produit\/lincertaine-revolution-numerique\/#primaryimage"},"image":{"@id":"https:\/\/www.istegroup.com\/fr\/produit\/lincertaine-revolution-numerique\/#primaryimage"},"thumbnailUrl":"https:\/\/www.istegroup.com\/wp-content\/uploads\/2017\/07\/12666090308_4977702980-1.jpg","datePublished":"2017-07-28T12:50:55+00:00","dateModified":"2024-01-03T13:40:11+00:00","description":"L'incertaine r\u00e9volution num\u00e9rique fait un retour sur 50 ans d\u2019informatisation afin de revisiter les quatre grandes probl\u00e9matiques soci\u00e9tales qui sont apparues au fur et \u00e0 mesure de la progression des applications.","breadcrumb":{"@id":"https:\/\/www.istegroup.com\/fr\/produit\/lincertaine-revolution-numerique\/#breadcrumb"},"inLanguage":"fr-FR","potentialAction":[{"@type":"ReadAction","target":["https:\/\/www.istegroup.com\/fr\/produit\/lincertaine-revolution-numerique\/"]}]},{"@type":"ImageObject","inLanguage":"fr-FR","@id":"https:\/\/www.istegroup.com\/fr\/produit\/lincertaine-revolution-numerique\/#primaryimage","url":"https:\/\/www.istegroup.com\/wp-content\/uploads\/2017\/07\/12666090308_4977702980-1.jpg","contentUrl":"https:\/\/www.istegroup.com\/wp-content\/uploads\/2017\/07\/12666090308_4977702980-1.jpg","width":1356,"height":2048,"caption":"L\u2019incertaine r\u00e9volution num\u00e9rique"},{"@type":"BreadcrumbList","@id":"https:\/\/www.istegroup.com\/fr\/produit\/lincertaine-revolution-numerique\/#breadcrumb","itemListElement":[{"@type":"ListItem","position":1,"name":"Home","item":"https:\/\/www.istegroup.com\/"},{"@type":"ListItem","position":2,"name":"Shop","item":"https:\/\/www.istegroup.com\/fr\/nouveautes\/"},{"@type":"ListItem","position":3,"name":"L\u2019incertaine r\u00e9volution num\u00e9rique"}]},{"@type":"WebSite","@id":"https:\/\/www.istegroup.com\/#website","url":"https:\/\/www.istegroup.com\/","name":"ISTE Group","description":"\u00c9diteur des Sciences","potentialAction":[{"@type":"SearchAction","target":{"@type":"EntryPoint","urlTemplate":"https:\/\/www.istegroup.com\/?s={search_term_string}"},"query-input":{"@type":"PropertyValueSpecification","valueRequired":true,"valueName":"search_term_string"}}],"inLanguage":"fr-FR"}]}},"_links":{"self":[{"href":"https:\/\/www.istegroup.com\/fr\/wp-json\/wp\/v2\/product\/467","targetHints":{"allow":["GET"]}}],"collection":[{"href":"https:\/\/www.istegroup.com\/fr\/wp-json\/wp\/v2\/product"}],"about":[{"href":"https:\/\/www.istegroup.com\/fr\/wp-json\/wp\/v2\/types\/product"}],"wp:featuredmedia":[{"embeddable":true,"href":"https:\/\/www.istegroup.com\/fr\/wp-json\/wp\/v2\/media\/468"}],"wp:attachment":[{"href":"https:\/\/www.istegroup.com\/fr\/wp-json\/wp\/v2\/media?parent=467"}],"wp:term":[{"taxonomy":"product_brand","embeddable":true,"href":"https:\/\/www.istegroup.com\/fr\/wp-json\/wp\/v2\/product_brand?post=467"},{"taxonomy":"product_cat","embeddable":true,"href":"https:\/\/www.istegroup.com\/fr\/wp-json\/wp\/v2\/product_cat?post=467"},{"taxonomy":"product_tag","embeddable":true,"href":"https:\/\/www.istegroup.com\/fr\/wp-json\/wp\/v2\/product_tag?post=467"}],"curies":[{"name":"wp","href":"https:\/\/api.w.org\/{rel}","templated":true}]}}