{"id":465,"date":"2017-07-28T14:50:50","date_gmt":"2017-07-28T12:50:50","guid":{"rendered":"https:\/\/iste.yhello.co\/product\/laleatoire-controle-en-optimisation\/"},"modified":"2024-01-03T13:40:11","modified_gmt":"2024-01-03T13:40:11","slug":"laleatoire-controle-en-optimisation","status":"publish","type":"product","link":"https:\/\/www.istegroup.com\/fr\/produit\/laleatoire-controle-en-optimisation\/","title":{"rendered":"L\u2019al\u00e9atoire contr\u00f4l\u00e9 en optimisation"},"content":{"rendered":"<p>Les m\u00e9taheuristiques sont utilis\u00e9es pour r\u00e9soudre des probl\u00e8mes d\u2019optimisation complexes, \u00e0 chaque fois que l&rsquo;on veut identifier, avec un temps de calcul raisonnable, des solutions efficaces. Il s\u2019agit donc d\u2019une approche pragmatique, qui a des sources d&rsquo;inspiration multiples.<br \/>\nLa s\u00e9rie\u00a0<em>Les m\u00e9taheuristiques\u00a0<\/em>a pour objectif d&rsquo;\u00e9tendre leur champ d\u2019application, en proposant des approches transversales du domaine, des \u00e9tudes centr\u00e9es sur des applications sp\u00e9cifiques ou encore des analyses consacr\u00e9es \u00e0 des familles de m\u00e9taheuristiques particuli\u00e8res.<\/p>\n<p>&nbsp;<\/p>\n<p>Les m\u00e9taheuristiques d&rsquo;optimisation proc\u00e8dent \u00e0 un \u00ab tirage au hasard \u00bb pour effectuer certains choix ou appliquer certaines r\u00e8gles, pour cela elles doivent faire appel \u00e0 un ou plusieurs g\u00e9n\u00e9rateurs de nombres al\u00e9atoires (GNA).<\/p>\n<p>De nombreux types de GNA existent, de l&rsquo;al\u00e9atoire vrai jusqu&rsquo;au cod\u00e9 simple. Ils peuvent \u00eatre manipul\u00e9s pour produire des distributions sp\u00e9cifiques.<\/p>\n<p>Les performances d&rsquo;un algorithme d\u00e9pendent du GNA utilis\u00e9. Cet ouvrage s&rsquo;int\u00e9resse \u00e0 la comparaison d&rsquo;optimiseurs, il d\u00e9finit une approche effort-r\u00e9sultat d&rsquo;o\u00f9 peuvent \u00eatre d\u00e9riv\u00e9s tous les crit\u00e8res classiques (m\u00e9diane, moyenne, etc.) et d\u2019autres plus sophistiqu\u00e9s.<\/p>\n<p>Les codes-sources utilis\u00e9s pour les exemples sont aussi pr\u00e9sent\u00e9s, ainsi qu&rsquo;une r\u00e9flexion sur le \u00ab hasard superflu \u00bb, expliquant succinctement pourquoi et comment l&rsquo;aspect stochastique de l&rsquo;optimisation pourrait \u00eatre \u00e9vit\u00e9 dans certains cas.<\/p>\n","protected":false},"excerpt":{"rendered":"<p>Les m\u00e9taheuristiques sont utilis\u00e9es pour r\u00e9soudre des probl\u00e8mes d\u2019optimisation complexes, \u00e0 chaque fois que l&rsquo;on veut identifier, avec un temps de calcul raisonnable, des solutions efficaces. Il s\u2019agit donc d\u2019une approche pragmatique, qui a des sources d&rsquo;inspiration multiples. La s\u00e9rie\u00a0Les m\u00e9taheuristiques\u00a0a pour objectif d&rsquo;\u00e9tendre leur champ d\u2019application, en proposant des approches transversales du domaine, des [&hellip;]<\/p>\n","protected":false},"featured_media":466,"template":"","meta":{"_acf_changed":false,"_links_to":"","_links_to_target":""},"product_brand":[],"product_cat":[667,710],"product_tag":[1876,1875,1877,1878,31,196,1880,1879,1881,197,198,199,21,200,22,201,1882,203,204,63,25,172,209,1883,127,128,1884,212,38,192,145,28,1885],"class_list":{"0":"post-465","1":"product","2":"type-product","3":"status-publish","4":"has-post-thumbnail","6":"product_cat-informatique-12506482","7":"product_cat-srie-les-mtaheuristiques-76440772","8":"product_tag-aleatoire","9":"product_tag-algorythme","10":"product_tag-codes-sources","11":"product_tag-controle","12":"product_tag-ebook","13":"product_tag-ebooks","14":"product_tag-generateurs-de-nombres-aleatoires","15":"product_tag-gna","16":"product_tag-hasard","17":"product_tag-iste","18":"product_tag-iste-edition","19":"product_tag-iste-editions","20":"product_tag-iste-group","21":"product_tag-isteedition","22":"product_tag-istegroup","23":"product_tag-kindle","24":"product_tag-laleatoire-controle-en-optimisation","25":"product_tag-liseuse","26":"product_tag-livre","27":"product_tag-livre-electronique","28":"product_tag-livre-numerique","29":"product_tag-livre-scientifique","30":"product_tag-livres-scientifiques","31":"product_tag-maurice-clerc","32":"product_tag-metaheuristiques","33":"product_tag-optimisation","34":"product_tag-optimiseurs","35":"product_tag-ouvrage","36":"product_tag-ouvrage-numerique","37":"product_tag-ouvrage-science","38":"product_tag-ouvrage-scientifique","39":"product_tag-ouvrage-scientifique-francais","40":"product_tag-performance","42":"first","43":"instock","44":"shipping-taxable","45":"purchasable","46":"product-type-variable"},"acf":[],"yoast_head":"<!-- This site is optimized with the Yoast SEO plugin v27.2 - https:\/\/yoast.com\/product\/yoast-seo-wordpress\/ -->\n<title>L\u2019al\u00e9atoire contr\u00f4l\u00e9 en optimisation - ISTE Group<\/title>\n<meta name=\"description\" content=\"L&#039;al\u00e9atoire contr\u00f4l\u00e9 en optimisation s&#039;int\u00e9resse \u00e0 la comparaison d&#039;optimiseurs et d\u00e9finit une approche effort-r\u00e9sultat d&#039;o\u00f9 peuvent \u00eatre d\u00e9riv\u00e9s tous les crit\u00e8res classiques et d\u2019autres plus sophistiqu\u00e9s.\" \/>\n<meta name=\"robots\" content=\"index, follow, max-snippet:-1, max-image-preview:large, max-video-preview:-1\" \/>\n<link rel=\"canonical\" href=\"https:\/\/www.istegroup.com\/fr\/produit\/laleatoire-controle-en-optimisation\/\" \/>\n<meta property=\"og:locale\" content=\"fr_FR\" \/>\n<meta property=\"og:type\" content=\"article\" \/>\n<meta property=\"og:title\" content=\"L\u2019al\u00e9atoire contr\u00f4l\u00e9 en optimisation - ISTE Group\" \/>\n<meta property=\"og:description\" content=\"L&#039;al\u00e9atoire contr\u00f4l\u00e9 en optimisation s&#039;int\u00e9resse \u00e0 la comparaison d&#039;optimiseurs et d\u00e9finit une approche effort-r\u00e9sultat d&#039;o\u00f9 peuvent \u00eatre d\u00e9riv\u00e9s tous les crit\u00e8res classiques et d\u2019autres plus sophistiqu\u00e9s.\" \/>\n<meta property=\"og:url\" content=\"https:\/\/www.istegroup.com\/fr\/produit\/laleatoire-controle-en-optimisation\/\" \/>\n<meta property=\"og:site_name\" content=\"ISTE Group\" \/>\n<meta property=\"article:modified_time\" content=\"2024-01-03T13:40:11+00:00\" \/>\n<meta property=\"og:image\" content=\"https:\/\/www.istegroup.com\/wp-content\/uploads\/2017\/07\/1264159752_448260176-1.jpg\" \/>\n\t<meta property=\"og:image:width\" content=\"300\" \/>\n\t<meta property=\"og:image:height\" content=\"451\" \/>\n\t<meta property=\"og:image:type\" content=\"image\/jpeg\" \/>\n<meta name=\"twitter:card\" content=\"summary_large_image\" \/>\n<meta name=\"twitter:label1\" content=\"Est. reading time\" \/>\n\t<meta name=\"twitter:data1\" content=\"1 minute\" \/>\n<script type=\"application\/ld+json\" class=\"yoast-schema-graph\">{\"@context\":\"https:\/\/schema.org\",\"@graph\":[{\"@type\":\"WebPage\",\"@id\":\"https:\/\/www.istegroup.com\/fr\/produit\/laleatoire-controle-en-optimisation\/\",\"url\":\"https:\/\/www.istegroup.com\/fr\/produit\/laleatoire-controle-en-optimisation\/\",\"name\":\"L\u2019al\u00e9atoire contr\u00f4l\u00e9 en optimisation - ISTE Group\",\"isPartOf\":{\"@id\":\"https:\/\/www.istegroup.com\/#website\"},\"primaryImageOfPage\":{\"@id\":\"https:\/\/www.istegroup.com\/fr\/produit\/laleatoire-controle-en-optimisation\/#primaryimage\"},\"image\":{\"@id\":\"https:\/\/www.istegroup.com\/fr\/produit\/laleatoire-controle-en-optimisation\/#primaryimage\"},\"thumbnailUrl\":\"https:\/\/www.istegroup.com\/wp-content\/uploads\/2017\/07\/1264159752_448260176-1.jpg\",\"datePublished\":\"2017-07-28T12:50:50+00:00\",\"dateModified\":\"2024-01-03T13:40:11+00:00\",\"description\":\"L'al\u00e9atoire contr\u00f4l\u00e9 en optimisation s'int\u00e9resse \u00e0 la comparaison d'optimiseurs et d\u00e9finit une approche effort-r\u00e9sultat d'o\u00f9 peuvent \u00eatre d\u00e9riv\u00e9s tous les crit\u00e8res classiques et d\u2019autres plus sophistiqu\u00e9s.\",\"breadcrumb\":{\"@id\":\"https:\/\/www.istegroup.com\/fr\/produit\/laleatoire-controle-en-optimisation\/#breadcrumb\"},\"inLanguage\":\"fr-FR\",\"potentialAction\":[{\"@type\":\"ReadAction\",\"target\":[\"https:\/\/www.istegroup.com\/fr\/produit\/laleatoire-controle-en-optimisation\/\"]}]},{\"@type\":\"ImageObject\",\"inLanguage\":\"fr-FR\",\"@id\":\"https:\/\/www.istegroup.com\/fr\/produit\/laleatoire-controle-en-optimisation\/#primaryimage\",\"url\":\"https:\/\/www.istegroup.com\/wp-content\/uploads\/2017\/07\/1264159752_448260176-1.jpg\",\"contentUrl\":\"https:\/\/www.istegroup.com\/wp-content\/uploads\/2017\/07\/1264159752_448260176-1.jpg\",\"width\":300,\"height\":451,\"caption\":\"L\u2019al\u00e9atoire contr\u00f4l\u00e9 en optimisation\"},{\"@type\":\"BreadcrumbList\",\"@id\":\"https:\/\/www.istegroup.com\/fr\/produit\/laleatoire-controle-en-optimisation\/#breadcrumb\",\"itemListElement\":[{\"@type\":\"ListItem\",\"position\":1,\"name\":\"Home\",\"item\":\"https:\/\/www.istegroup.com\/\"},{\"@type\":\"ListItem\",\"position\":2,\"name\":\"Shop\",\"item\":\"https:\/\/www.istegroup.com\/fr\/nouveautes\/\"},{\"@type\":\"ListItem\",\"position\":3,\"name\":\"L\u2019al\u00e9atoire contr\u00f4l\u00e9 en optimisation\"}]},{\"@type\":\"WebSite\",\"@id\":\"https:\/\/www.istegroup.com\/#website\",\"url\":\"https:\/\/www.istegroup.com\/\",\"name\":\"ISTE Group\",\"description\":\"\u00c9diteur des Sciences\",\"potentialAction\":[{\"@type\":\"SearchAction\",\"target\":{\"@type\":\"EntryPoint\",\"urlTemplate\":\"https:\/\/www.istegroup.com\/?s={search_term_string}\"},\"query-input\":{\"@type\":\"PropertyValueSpecification\",\"valueRequired\":true,\"valueName\":\"search_term_string\"}}],\"inLanguage\":\"fr-FR\"}]}<\/script>\n<!-- \/ Yoast SEO plugin. -->","yoast_head_json":{"title":"L\u2019al\u00e9atoire contr\u00f4l\u00e9 en optimisation - ISTE Group","description":"L'al\u00e9atoire contr\u00f4l\u00e9 en optimisation s'int\u00e9resse \u00e0 la comparaison d'optimiseurs et d\u00e9finit une approche effort-r\u00e9sultat d'o\u00f9 peuvent \u00eatre d\u00e9riv\u00e9s tous les crit\u00e8res classiques et d\u2019autres plus sophistiqu\u00e9s.","robots":{"index":"index","follow":"follow","max-snippet":"max-snippet:-1","max-image-preview":"max-image-preview:large","max-video-preview":"max-video-preview:-1"},"canonical":"https:\/\/www.istegroup.com\/fr\/produit\/laleatoire-controle-en-optimisation\/","og_locale":"fr_FR","og_type":"article","og_title":"L\u2019al\u00e9atoire contr\u00f4l\u00e9 en optimisation - ISTE Group","og_description":"L'al\u00e9atoire contr\u00f4l\u00e9 en optimisation s'int\u00e9resse \u00e0 la comparaison d'optimiseurs et d\u00e9finit une approche effort-r\u00e9sultat d'o\u00f9 peuvent \u00eatre d\u00e9riv\u00e9s tous les crit\u00e8res classiques et d\u2019autres plus sophistiqu\u00e9s.","og_url":"https:\/\/www.istegroup.com\/fr\/produit\/laleatoire-controle-en-optimisation\/","og_site_name":"ISTE Group","article_modified_time":"2024-01-03T13:40:11+00:00","og_image":[{"width":300,"height":451,"url":"https:\/\/www.istegroup.com\/wp-content\/uploads\/2017\/07\/1264159752_448260176-1.jpg","type":"image\/jpeg"}],"twitter_card":"summary_large_image","twitter_misc":{"Est. reading time":"1 minute"},"schema":{"@context":"https:\/\/schema.org","@graph":[{"@type":"WebPage","@id":"https:\/\/www.istegroup.com\/fr\/produit\/laleatoire-controle-en-optimisation\/","url":"https:\/\/www.istegroup.com\/fr\/produit\/laleatoire-controle-en-optimisation\/","name":"L\u2019al\u00e9atoire contr\u00f4l\u00e9 en optimisation - ISTE Group","isPartOf":{"@id":"https:\/\/www.istegroup.com\/#website"},"primaryImageOfPage":{"@id":"https:\/\/www.istegroup.com\/fr\/produit\/laleatoire-controle-en-optimisation\/#primaryimage"},"image":{"@id":"https:\/\/www.istegroup.com\/fr\/produit\/laleatoire-controle-en-optimisation\/#primaryimage"},"thumbnailUrl":"https:\/\/www.istegroup.com\/wp-content\/uploads\/2017\/07\/1264159752_448260176-1.jpg","datePublished":"2017-07-28T12:50:50+00:00","dateModified":"2024-01-03T13:40:11+00:00","description":"L'al\u00e9atoire contr\u00f4l\u00e9 en optimisation s'int\u00e9resse \u00e0 la comparaison d'optimiseurs et d\u00e9finit une approche effort-r\u00e9sultat d'o\u00f9 peuvent \u00eatre d\u00e9riv\u00e9s tous les crit\u00e8res classiques et d\u2019autres plus sophistiqu\u00e9s.","breadcrumb":{"@id":"https:\/\/www.istegroup.com\/fr\/produit\/laleatoire-controle-en-optimisation\/#breadcrumb"},"inLanguage":"fr-FR","potentialAction":[{"@type":"ReadAction","target":["https:\/\/www.istegroup.com\/fr\/produit\/laleatoire-controle-en-optimisation\/"]}]},{"@type":"ImageObject","inLanguage":"fr-FR","@id":"https:\/\/www.istegroup.com\/fr\/produit\/laleatoire-controle-en-optimisation\/#primaryimage","url":"https:\/\/www.istegroup.com\/wp-content\/uploads\/2017\/07\/1264159752_448260176-1.jpg","contentUrl":"https:\/\/www.istegroup.com\/wp-content\/uploads\/2017\/07\/1264159752_448260176-1.jpg","width":300,"height":451,"caption":"L\u2019al\u00e9atoire contr\u00f4l\u00e9 en optimisation"},{"@type":"BreadcrumbList","@id":"https:\/\/www.istegroup.com\/fr\/produit\/laleatoire-controle-en-optimisation\/#breadcrumb","itemListElement":[{"@type":"ListItem","position":1,"name":"Home","item":"https:\/\/www.istegroup.com\/"},{"@type":"ListItem","position":2,"name":"Shop","item":"https:\/\/www.istegroup.com\/fr\/nouveautes\/"},{"@type":"ListItem","position":3,"name":"L\u2019al\u00e9atoire contr\u00f4l\u00e9 en optimisation"}]},{"@type":"WebSite","@id":"https:\/\/www.istegroup.com\/#website","url":"https:\/\/www.istegroup.com\/","name":"ISTE Group","description":"\u00c9diteur des Sciences","potentialAction":[{"@type":"SearchAction","target":{"@type":"EntryPoint","urlTemplate":"https:\/\/www.istegroup.com\/?s={search_term_string}"},"query-input":{"@type":"PropertyValueSpecification","valueRequired":true,"valueName":"search_term_string"}}],"inLanguage":"fr-FR"}]}},"_links":{"self":[{"href":"https:\/\/www.istegroup.com\/fr\/wp-json\/wp\/v2\/product\/465","targetHints":{"allow":["GET"]}}],"collection":[{"href":"https:\/\/www.istegroup.com\/fr\/wp-json\/wp\/v2\/product"}],"about":[{"href":"https:\/\/www.istegroup.com\/fr\/wp-json\/wp\/v2\/types\/product"}],"wp:featuredmedia":[{"embeddable":true,"href":"https:\/\/www.istegroup.com\/fr\/wp-json\/wp\/v2\/media\/466"}],"wp:attachment":[{"href":"https:\/\/www.istegroup.com\/fr\/wp-json\/wp\/v2\/media?parent=465"}],"wp:term":[{"taxonomy":"product_brand","embeddable":true,"href":"https:\/\/www.istegroup.com\/fr\/wp-json\/wp\/v2\/product_brand?post=465"},{"taxonomy":"product_cat","embeddable":true,"href":"https:\/\/www.istegroup.com\/fr\/wp-json\/wp\/v2\/product_cat?post=465"},{"taxonomy":"product_tag","embeddable":true,"href":"https:\/\/www.istegroup.com\/fr\/wp-json\/wp\/v2\/product_tag?post=465"}],"curies":[{"name":"wp","href":"https:\/\/api.w.org\/{rel}","templated":true}]}}