{"id":46165,"date":"2022-04-25T15:44:03","date_gmt":"2022-04-25T14:44:03","guid":{"rendered":"https:\/\/www.istegroup.com\/?post_type=product&#038;p=46165"},"modified":"2024-01-03T13:45:47","modified_gmt":"2024-01-03T13:45:47","slug":"cheval-tourisme-et-patrimoine","status":"publish","type":"product","link":"https:\/\/www.istegroup.com\/fr\/produit\/cheval-tourisme-et-patrimoine\/","title":{"rendered":"Cheval, tourisme et patrimoine"},"content":{"rendered":"<p>L\u2019inscription au patrimoine immat\u00e9riel de l\u2019UNESCO de certaines \u00e9quitations permet une reconnaissance institutionnelle des cultures \u00e9quines. \u00c0 l\u2019instar de toute tradition, ces h\u00e9ritages sont constamment r\u00e9invent\u00e9s. Or, le tourisme contribue largement \u00e0 cette dynamique.<\/p>\n<p><em>Cheval, tourisme et patrimoine<\/em> analyse ces ph\u00e9nom\u00e8nes \u00e0 travers le prisme de l\u2019\u00e9tude de trois \u00e9coles d\u2019\u00e9quitation de tradition : le Cadre noir de Saumur en France, la Real Escuela Andaluza del Arte Ecuestre en Espagne, et l\u2019Escola Portuguesa de Arte Equestre au Portugal. Il pr\u00e9sente les processus historiques ayant abouti \u00e0 l\u2019invention de la tradition des \u00e9quitations europ\u00e9ennes, ainsi qu\u2019\u00e0 la (re)naissance des \u00e9coles, dans le monde contemporain. L\u2019ouvrage analyse l\u2019originalit\u00e9 de leur fonctionnement, combinant enseignement et tourisme, et explore le r\u00f4le des communaut\u00e9s qui les font vivre, en interrogeant la place du genre. Enfin, la viabilit\u00e9 du mod\u00e8le socio-\u00e9conomique des \u00e9coles est questionn\u00e9e, en \u00e9tudiant leur capacit\u00e9 \u00e0 stimuler des clusters touristiques \u00e9quins innovants.<\/p>\n<p>Cet ouvrage permet de comprendre les ph\u00e9nom\u00e8nes de coconstitution entre tourisme et patrimoines \u00e9quins, devenus fondamentaux \u00e0 leur perp\u00e9tuation dans la soci\u00e9t\u00e9 du XXIe si\u00e8cle.<\/p>","protected":false},"excerpt":{"rendered":"<p>L\u2019inscription au patrimoine immat\u00e9riel de l\u2019UNESCO de certaines \u00e9quitations permet une reconnaissance institutionnelle des cultures \u00e9quines. \u00c0 l\u2019instar de toute tradition, ces h\u00e9ritages sont constamment r\u00e9invent\u00e9s. Or, le tourisme contribue largement \u00e0 cette dynamique. Cheval, tourisme et patrimoine analyse ces ph\u00e9nom\u00e8nes \u00e0 travers le prisme de l\u2019\u00e9tude de trois \u00e9coles d\u2019\u00e9quitation de tradition : le [&hellip;]<\/p>\n","protected":false},"featured_media":46171,"template":"","meta":{"_acf_changed":false,"_links_to":"","_links_to_target":""},"product_brand":[],"product_cat":[684],"product_tag":[],"class_list":{"0":"post-46165","1":"product","2":"type-product","3":"status-publish","4":"has-post-thumbnail","6":"product_cat-sciences-socit-et-nouvelles-technologies-188422468","8":"first","9":"instock","10":"shipping-taxable","11":"purchasable","12":"product-type-variable"},"acf":[],"yoast_head":"<!-- This site is optimized with the Yoast SEO plugin v27.2 - https:\/\/yoast.com\/product\/yoast-seo-wordpress\/ -->\n<title>Cheval, tourisme et patrimoine - ISTE Group<\/title>\n<meta name=\"description\" content=\"Cheval, tourisme et patrimoine analyse ces ph\u00e9nom\u00e8nes \u00e0 travers le prisme de l\u2019\u00e9tude de trois \u00e9coles d\u2019\u00e9quitation de tradition : le Cadre noir de Saumur en France, la Real Escuela Andaluza del Arte Ecuestre en Espagne, et l\u2019Escola Portuguesa de Arte Equestre au Portugal.\" \/>\n<meta name=\"robots\" content=\"index, follow, max-snippet:-1, max-image-preview:large, max-video-preview:-1\" \/>\n<link rel=\"canonical\" href=\"https:\/\/www.istegroup.com\/en\/produit\/cheval-tourisme-et-patrimoine\/\" \/>\n<meta property=\"og:locale\" content=\"fr_FR\" \/>\n<meta property=\"og:type\" content=\"article\" \/>\n<meta property=\"og:title\" content=\"Cheval, tourisme et patrimoine - ISTE Group\" \/>\n<meta property=\"og:description\" content=\"Cheval, tourisme et patrimoine analyse ces ph\u00e9nom\u00e8nes \u00e0 travers le prisme de l\u2019\u00e9tude de trois \u00e9coles d\u2019\u00e9quitation de tradition : le Cadre noir de Saumur en France, la Real Escuela Andaluza del Arte Ecuestre en Espagne, et l\u2019Escola Portuguesa de Arte Equestre au Portugal.\" \/>\n<meta property=\"og:url\" content=\"https:\/\/www.istegroup.com\/en\/produit\/cheval-tourisme-et-patrimoine\/\" \/>\n<meta property=\"og:site_name\" content=\"ISTE Group\" \/>\n<meta property=\"article:modified_time\" content=\"2024-01-03T13:45:47+00:00\" \/>\n<meta property=\"og:image\" content=\"https:\/\/www.istegroup.com\/wp-content\/uploads\/2022\/04\/Cheval-tourisme-et-patrimoine.jpg\" \/>\n\t<meta property=\"og:image:width\" content=\"350\" \/>\n\t<meta property=\"og:image:height\" content=\"525\" \/>\n\t<meta property=\"og:image:type\" content=\"image\/jpeg\" \/>\n<meta name=\"twitter:card\" content=\"summary_large_image\" \/>\n<meta name=\"twitter:label1\" content=\"Est. reading time\" \/>\n\t<meta name=\"twitter:data1\" content=\"1 minute\" \/>\n<script type=\"application\/ld+json\" class=\"yoast-schema-graph\">{\"@context\":\"https:\/\/schema.org\",\"@graph\":[{\"@type\":\"WebPage\",\"@id\":\"https:\/\/www.istegroup.com\/en\/produit\/cheval-tourisme-et-patrimoine\/\",\"url\":\"https:\/\/www.istegroup.com\/en\/produit\/cheval-tourisme-et-patrimoine\/\",\"name\":\"Cheval, tourisme et patrimoine - ISTE Group\",\"isPartOf\":{\"@id\":\"https:\/\/www.istegroup.com\/#website\"},\"primaryImageOfPage\":{\"@id\":\"https:\/\/www.istegroup.com\/en\/produit\/cheval-tourisme-et-patrimoine\/#primaryimage\"},\"image\":{\"@id\":\"https:\/\/www.istegroup.com\/en\/produit\/cheval-tourisme-et-patrimoine\/#primaryimage\"},\"thumbnailUrl\":\"https:\/\/www.istegroup.com\/wp-content\/uploads\/2022\/04\/Cheval-tourisme-et-patrimoine.jpg\",\"datePublished\":\"2022-04-25T14:44:03+00:00\",\"dateModified\":\"2024-01-03T13:45:47+00:00\",\"description\":\"Cheval, tourisme et patrimoine analyse ces ph\u00e9nom\u00e8nes \u00e0 travers le prisme de l\u2019\u00e9tude de trois \u00e9coles d\u2019\u00e9quitation de tradition : le Cadre noir de Saumur en France, la Real Escuela Andaluza del Arte Ecuestre en Espagne, et l\u2019Escola Portuguesa de Arte Equestre au Portugal.\",\"breadcrumb\":{\"@id\":\"https:\/\/www.istegroup.com\/en\/produit\/cheval-tourisme-et-patrimoine\/#breadcrumb\"},\"inLanguage\":\"fr-FR\",\"potentialAction\":[{\"@type\":\"ReadAction\",\"target\":[\"https:\/\/www.istegroup.com\/en\/produit\/cheval-tourisme-et-patrimoine\/\"]}]},{\"@type\":\"ImageObject\",\"inLanguage\":\"fr-FR\",\"@id\":\"https:\/\/www.istegroup.com\/en\/produit\/cheval-tourisme-et-patrimoine\/#primaryimage\",\"url\":\"https:\/\/www.istegroup.com\/wp-content\/uploads\/2022\/04\/Cheval-tourisme-et-patrimoine.jpg\",\"contentUrl\":\"https:\/\/www.istegroup.com\/wp-content\/uploads\/2022\/04\/Cheval-tourisme-et-patrimoine.jpg\",\"width\":350,\"height\":525,\"caption\":\"Livre scientifique - Cheval, tourisme et patrimoine\"},{\"@type\":\"BreadcrumbList\",\"@id\":\"https:\/\/www.istegroup.com\/en\/produit\/cheval-tourisme-et-patrimoine\/#breadcrumb\",\"itemListElement\":[{\"@type\":\"ListItem\",\"position\":1,\"name\":\"Home\",\"item\":\"https:\/\/www.istegroup.com\/\"},{\"@type\":\"ListItem\",\"position\":2,\"name\":\"Shop\",\"item\":\"https:\/\/www.istegroup.com\/fr\/nouveautes\/\"},{\"@type\":\"ListItem\",\"position\":3,\"name\":\"Cheval, tourisme et patrimoine\"}]},{\"@type\":\"WebSite\",\"@id\":\"https:\/\/www.istegroup.com\/#website\",\"url\":\"https:\/\/www.istegroup.com\/\",\"name\":\"ISTE Group\",\"description\":\"\u00c9diteur des Sciences\",\"potentialAction\":[{\"@type\":\"SearchAction\",\"target\":{\"@type\":\"EntryPoint\",\"urlTemplate\":\"https:\/\/www.istegroup.com\/?s={search_term_string}\"},\"query-input\":{\"@type\":\"PropertyValueSpecification\",\"valueRequired\":true,\"valueName\":\"search_term_string\"}}],\"inLanguage\":\"fr-FR\"}]}<\/script>\n<!-- \/ Yoast SEO plugin. -->","yoast_head_json":{"title":"Cheval, tourisme et patrimoine - ISTE Group","description":"Cheval, tourisme et patrimoine analyse ces ph\u00e9nom\u00e8nes \u00e0 travers le prisme de l\u2019\u00e9tude de trois \u00e9coles d\u2019\u00e9quitation de tradition : le Cadre noir de Saumur en France, la Real Escuela Andaluza del Arte Ecuestre en Espagne, et l\u2019Escola Portuguesa de Arte Equestre au Portugal.","robots":{"index":"index","follow":"follow","max-snippet":"max-snippet:-1","max-image-preview":"max-image-preview:large","max-video-preview":"max-video-preview:-1"},"canonical":"https:\/\/www.istegroup.com\/en\/produit\/cheval-tourisme-et-patrimoine\/","og_locale":"fr_FR","og_type":"article","og_title":"Cheval, tourisme et patrimoine - ISTE Group","og_description":"Cheval, tourisme et patrimoine analyse ces ph\u00e9nom\u00e8nes \u00e0 travers le prisme de l\u2019\u00e9tude de trois \u00e9coles d\u2019\u00e9quitation de tradition : le Cadre noir de Saumur en France, la Real Escuela Andaluza del Arte Ecuestre en Espagne, et l\u2019Escola Portuguesa de Arte Equestre au Portugal.","og_url":"https:\/\/www.istegroup.com\/en\/produit\/cheval-tourisme-et-patrimoine\/","og_site_name":"ISTE Group","article_modified_time":"2024-01-03T13:45:47+00:00","og_image":[{"width":350,"height":525,"url":"https:\/\/www.istegroup.com\/wp-content\/uploads\/2022\/04\/Cheval-tourisme-et-patrimoine.jpg","type":"image\/jpeg"}],"twitter_card":"summary_large_image","twitter_misc":{"Est. reading time":"1 minute"},"schema":{"@context":"https:\/\/schema.org","@graph":[{"@type":"WebPage","@id":"https:\/\/www.istegroup.com\/en\/produit\/cheval-tourisme-et-patrimoine\/","url":"https:\/\/www.istegroup.com\/en\/produit\/cheval-tourisme-et-patrimoine\/","name":"Cheval, tourisme et patrimoine - ISTE Group","isPartOf":{"@id":"https:\/\/www.istegroup.com\/#website"},"primaryImageOfPage":{"@id":"https:\/\/www.istegroup.com\/en\/produit\/cheval-tourisme-et-patrimoine\/#primaryimage"},"image":{"@id":"https:\/\/www.istegroup.com\/en\/produit\/cheval-tourisme-et-patrimoine\/#primaryimage"},"thumbnailUrl":"https:\/\/www.istegroup.com\/wp-content\/uploads\/2022\/04\/Cheval-tourisme-et-patrimoine.jpg","datePublished":"2022-04-25T14:44:03+00:00","dateModified":"2024-01-03T13:45:47+00:00","description":"Cheval, tourisme et patrimoine analyse ces ph\u00e9nom\u00e8nes \u00e0 travers le prisme de l\u2019\u00e9tude de trois \u00e9coles d\u2019\u00e9quitation de tradition : le Cadre noir de Saumur en France, la Real Escuela Andaluza del Arte Ecuestre en Espagne, et l\u2019Escola Portuguesa de Arte Equestre au Portugal.","breadcrumb":{"@id":"https:\/\/www.istegroup.com\/en\/produit\/cheval-tourisme-et-patrimoine\/#breadcrumb"},"inLanguage":"fr-FR","potentialAction":[{"@type":"ReadAction","target":["https:\/\/www.istegroup.com\/en\/produit\/cheval-tourisme-et-patrimoine\/"]}]},{"@type":"ImageObject","inLanguage":"fr-FR","@id":"https:\/\/www.istegroup.com\/en\/produit\/cheval-tourisme-et-patrimoine\/#primaryimage","url":"https:\/\/www.istegroup.com\/wp-content\/uploads\/2022\/04\/Cheval-tourisme-et-patrimoine.jpg","contentUrl":"https:\/\/www.istegroup.com\/wp-content\/uploads\/2022\/04\/Cheval-tourisme-et-patrimoine.jpg","width":350,"height":525,"caption":"Livre scientifique - Cheval, tourisme et patrimoine"},{"@type":"BreadcrumbList","@id":"https:\/\/www.istegroup.com\/en\/produit\/cheval-tourisme-et-patrimoine\/#breadcrumb","itemListElement":[{"@type":"ListItem","position":1,"name":"Home","item":"https:\/\/www.istegroup.com\/"},{"@type":"ListItem","position":2,"name":"Shop","item":"https:\/\/www.istegroup.com\/fr\/nouveautes\/"},{"@type":"ListItem","position":3,"name":"Cheval, tourisme et patrimoine"}]},{"@type":"WebSite","@id":"https:\/\/www.istegroup.com\/#website","url":"https:\/\/www.istegroup.com\/","name":"ISTE Group","description":"\u00c9diteur des Sciences","potentialAction":[{"@type":"SearchAction","target":{"@type":"EntryPoint","urlTemplate":"https:\/\/www.istegroup.com\/?s={search_term_string}"},"query-input":{"@type":"PropertyValueSpecification","valueRequired":true,"valueName":"search_term_string"}}],"inLanguage":"fr-FR"}]}},"_links":{"self":[{"href":"https:\/\/www.istegroup.com\/fr\/wp-json\/wp\/v2\/product\/46165","targetHints":{"allow":["GET"]}}],"collection":[{"href":"https:\/\/www.istegroup.com\/fr\/wp-json\/wp\/v2\/product"}],"about":[{"href":"https:\/\/www.istegroup.com\/fr\/wp-json\/wp\/v2\/types\/product"}],"wp:featuredmedia":[{"embeddable":true,"href":"https:\/\/www.istegroup.com\/fr\/wp-json\/wp\/v2\/media\/46171"}],"wp:attachment":[{"href":"https:\/\/www.istegroup.com\/fr\/wp-json\/wp\/v2\/media?parent=46165"}],"wp:term":[{"taxonomy":"product_brand","embeddable":true,"href":"https:\/\/www.istegroup.com\/fr\/wp-json\/wp\/v2\/product_brand?post=46165"},{"taxonomy":"product_cat","embeddable":true,"href":"https:\/\/www.istegroup.com\/fr\/wp-json\/wp\/v2\/product_cat?post=46165"},{"taxonomy":"product_tag","embeddable":true,"href":"https:\/\/www.istegroup.com\/fr\/wp-json\/wp\/v2\/product_tag?post=46165"}],"curies":[{"name":"wp","href":"https:\/\/api.w.org\/{rel}","templated":true}]}}