{"id":46148,"date":"2022-04-25T15:15:29","date_gmt":"2022-04-25T14:15:29","guid":{"rendered":"https:\/\/www.istegroup.com\/?post_type=product&#038;p=46148"},"modified":"2024-01-03T13:45:47","modified_gmt":"2024-01-03T13:45:47","slug":"une-perspective-constructionnelle-et-localiste-de-la-transitivite","status":"publish","type":"product","link":"https:\/\/www.istegroup.com\/fr\/produit\/une-perspective-constructionnelle-et-localiste-de-la-transitivite\/","title":{"rendered":"Une perspective constructionnelle et localiste de la transitivit\u00e9"},"content":{"rendered":"<p>La transitivit\u00e9 en linguistique est un ph\u00e9nom\u00e8ne tr\u00e8s largement \u00e9tudi\u00e9 et cela depuis les premiers grammairiens. Aujourd\u2019hui, un consensus semble se d\u00e9gager autour de la notion de prototypicit\u00e9 qui tend \u00e0 dissocier une transitivit\u00e9 s\u00e9mantique d\u2019une transitivit\u00e9 syntaxique.<\/p>\n<p>Cet ouvrage, portant sur le fran\u00e7ais, propose une perspective novatrice qui consid\u00e8re que la transitivit\u00e9 doit \u00eatre abord\u00e9e en termes de \u00ab construction \u00bb. La signification complexe de cette construction est fond\u00e9e sur les relations localistes (approche, \u00e9loignement, inh\u00e9rence) entre le r\u00e9f\u00e9rent sujet et le r\u00e9f\u00e9rent objet, et cela dans des \u00ab domaines \u00bb diff\u00e9rents : physiques, affectifs, sociaux, etc. En s\u2019appuyant sur les apports de la linguistique cognitive, mais aussi sur les travaux de Hjelmslev et de Bally, l\u2019ouvrage propose un mod\u00e8le qui donne une place importante aux fonctionnements des relations arch\u00e9typiques plut\u00f4t que prototypiques et renouvelle ainsi l\u2019\u00e9tude de la structure transitive.<\/p>","protected":false},"excerpt":{"rendered":"<p>La transitivit\u00e9 en linguistique est un ph\u00e9nom\u00e8ne tr\u00e8s largement \u00e9tudi\u00e9 et cela depuis les premiers grammairiens. Aujourd\u2019hui, un consensus semble se d\u00e9gager autour de la notion de prototypicit\u00e9 qui tend \u00e0 dissocier une transitivit\u00e9 s\u00e9mantique d\u2019une transitivit\u00e9 syntaxique. Cet ouvrage, portant sur le fran\u00e7ais, propose une perspective novatrice qui consid\u00e8re que la transitivit\u00e9 doit \u00eatre [&hellip;]<\/p>\n","protected":false},"featured_media":46154,"template":"","meta":{"_acf_changed":false,"_links_to":"","_links_to_target":""},"product_brand":[],"product_cat":[682],"product_tag":[],"class_list":{"0":"post-46148","1":"product","2":"type-product","3":"status-publish","4":"has-post-thumbnail","6":"product_cat-sciences-cognitives-12506546","8":"first","9":"instock","10":"shipping-taxable","11":"purchasable","12":"product-type-variable"},"acf":[],"yoast_head":"<!-- This site is optimized with the Yoast SEO plugin v27.2 - https:\/\/yoast.com\/product\/yoast-seo-wordpress\/ -->\n<title>Une perspective constructionnelle et localiste de la transitivit\u00e9 - ISTE Group<\/title>\n<meta name=\"description\" content=\"Cet ouvrage, portant sur le fran\u00e7ais, propose une perspective novatrice qui consid\u00e8re que la transitivit\u00e9 doit \u00eatre abord\u00e9e en termes de \u00ab construction \u00bb.\" \/>\n<meta name=\"robots\" content=\"index, follow, max-snippet:-1, max-image-preview:large, max-video-preview:-1\" \/>\n<link rel=\"canonical\" href=\"https:\/\/www.istegroup.com\/en\/produit\/une-perspective-constructionnelle-et-localiste-de-la-transitivite\/\" \/>\n<meta property=\"og:locale\" content=\"fr_FR\" \/>\n<meta property=\"og:type\" content=\"article\" \/>\n<meta property=\"og:title\" content=\"Une perspective constructionnelle et localiste de la transitivit\u00e9 - ISTE Group\" \/>\n<meta property=\"og:description\" content=\"Cet ouvrage, portant sur le fran\u00e7ais, propose une perspective novatrice qui consid\u00e8re que la transitivit\u00e9 doit \u00eatre abord\u00e9e en termes de \u00ab construction \u00bb.\" \/>\n<meta property=\"og:url\" content=\"https:\/\/www.istegroup.com\/en\/produit\/une-perspective-constructionnelle-et-localiste-de-la-transitivite\/\" \/>\n<meta property=\"og:site_name\" content=\"ISTE Group\" \/>\n<meta property=\"article:modified_time\" content=\"2024-01-03T13:45:47+00:00\" \/>\n<meta property=\"og:image\" content=\"https:\/\/www.istegroup.com\/wp-content\/uploads\/2022\/04\/La-perspective-constructionnelle-et-localiste-de-la-transitivite.jpg\" \/>\n\t<meta property=\"og:image:width\" content=\"350\" \/>\n\t<meta property=\"og:image:height\" content=\"528\" \/>\n\t<meta property=\"og:image:type\" content=\"image\/jpeg\" \/>\n<meta name=\"twitter:card\" content=\"summary_large_image\" \/>\n<meta name=\"twitter:label1\" content=\"Est. reading time\" \/>\n\t<meta name=\"twitter:data1\" content=\"1 minute\" \/>\n<script type=\"application\/ld+json\" class=\"yoast-schema-graph\">{\"@context\":\"https:\/\/schema.org\",\"@graph\":[{\"@type\":\"WebPage\",\"@id\":\"https:\/\/www.istegroup.com\/en\/produit\/une-perspective-constructionnelle-et-localiste-de-la-transitivite\/\",\"url\":\"https:\/\/www.istegroup.com\/en\/produit\/une-perspective-constructionnelle-et-localiste-de-la-transitivite\/\",\"name\":\"Une perspective constructionnelle et localiste de la transitivit\u00e9 - ISTE Group\",\"isPartOf\":{\"@id\":\"https:\/\/www.istegroup.com\/#website\"},\"primaryImageOfPage\":{\"@id\":\"https:\/\/www.istegroup.com\/en\/produit\/une-perspective-constructionnelle-et-localiste-de-la-transitivite\/#primaryimage\"},\"image\":{\"@id\":\"https:\/\/www.istegroup.com\/en\/produit\/une-perspective-constructionnelle-et-localiste-de-la-transitivite\/#primaryimage\"},\"thumbnailUrl\":\"https:\/\/www.istegroup.com\/wp-content\/uploads\/2022\/04\/La-perspective-constructionnelle-et-localiste-de-la-transitivite.jpg\",\"datePublished\":\"2022-04-25T14:15:29+00:00\",\"dateModified\":\"2024-01-03T13:45:47+00:00\",\"description\":\"Cet ouvrage, portant sur le fran\u00e7ais, propose une perspective novatrice qui consid\u00e8re que la transitivit\u00e9 doit \u00eatre abord\u00e9e en termes de \u00ab construction \u00bb.\",\"breadcrumb\":{\"@id\":\"https:\/\/www.istegroup.com\/en\/produit\/une-perspective-constructionnelle-et-localiste-de-la-transitivite\/#breadcrumb\"},\"inLanguage\":\"fr-FR\",\"potentialAction\":[{\"@type\":\"ReadAction\",\"target\":[\"https:\/\/www.istegroup.com\/en\/produit\/une-perspective-constructionnelle-et-localiste-de-la-transitivite\/\"]}]},{\"@type\":\"ImageObject\",\"inLanguage\":\"fr-FR\",\"@id\":\"https:\/\/www.istegroup.com\/en\/produit\/une-perspective-constructionnelle-et-localiste-de-la-transitivite\/#primaryimage\",\"url\":\"https:\/\/www.istegroup.com\/wp-content\/uploads\/2022\/04\/La-perspective-constructionnelle-et-localiste-de-la-transitivite.jpg\",\"contentUrl\":\"https:\/\/www.istegroup.com\/wp-content\/uploads\/2022\/04\/La-perspective-constructionnelle-et-localiste-de-la-transitivite.jpg\",\"width\":350,\"height\":528,\"caption\":\"Livre scientifique - Une perspective constructionnelle et localiste de la transitivit\u00e9\"},{\"@type\":\"BreadcrumbList\",\"@id\":\"https:\/\/www.istegroup.com\/en\/produit\/une-perspective-constructionnelle-et-localiste-de-la-transitivite\/#breadcrumb\",\"itemListElement\":[{\"@type\":\"ListItem\",\"position\":1,\"name\":\"Home\",\"item\":\"https:\/\/www.istegroup.com\/\"},{\"@type\":\"ListItem\",\"position\":2,\"name\":\"Shop\",\"item\":\"https:\/\/www.istegroup.com\/fr\/nouveautes\/\"},{\"@type\":\"ListItem\",\"position\":3,\"name\":\"Une perspective constructionnelle et localiste de la transitivit\u00e9\"}]},{\"@type\":\"WebSite\",\"@id\":\"https:\/\/www.istegroup.com\/#website\",\"url\":\"https:\/\/www.istegroup.com\/\",\"name\":\"ISTE Group\",\"description\":\"\u00c9diteur des Sciences\",\"potentialAction\":[{\"@type\":\"SearchAction\",\"target\":{\"@type\":\"EntryPoint\",\"urlTemplate\":\"https:\/\/www.istegroup.com\/?s={search_term_string}\"},\"query-input\":{\"@type\":\"PropertyValueSpecification\",\"valueRequired\":true,\"valueName\":\"search_term_string\"}}],\"inLanguage\":\"fr-FR\"}]}<\/script>\n<!-- \/ Yoast SEO plugin. -->","yoast_head_json":{"title":"Une perspective constructionnelle et localiste de la transitivit\u00e9 - ISTE Group","description":"Cet ouvrage, portant sur le fran\u00e7ais, propose une perspective novatrice qui consid\u00e8re que la transitivit\u00e9 doit \u00eatre abord\u00e9e en termes de \u00ab construction \u00bb.","robots":{"index":"index","follow":"follow","max-snippet":"max-snippet:-1","max-image-preview":"max-image-preview:large","max-video-preview":"max-video-preview:-1"},"canonical":"https:\/\/www.istegroup.com\/en\/produit\/une-perspective-constructionnelle-et-localiste-de-la-transitivite\/","og_locale":"fr_FR","og_type":"article","og_title":"Une perspective constructionnelle et localiste de la transitivit\u00e9 - ISTE Group","og_description":"Cet ouvrage, portant sur le fran\u00e7ais, propose une perspective novatrice qui consid\u00e8re que la transitivit\u00e9 doit \u00eatre abord\u00e9e en termes de \u00ab construction \u00bb.","og_url":"https:\/\/www.istegroup.com\/en\/produit\/une-perspective-constructionnelle-et-localiste-de-la-transitivite\/","og_site_name":"ISTE Group","article_modified_time":"2024-01-03T13:45:47+00:00","og_image":[{"width":350,"height":528,"url":"https:\/\/www.istegroup.com\/wp-content\/uploads\/2022\/04\/La-perspective-constructionnelle-et-localiste-de-la-transitivite.jpg","type":"image\/jpeg"}],"twitter_card":"summary_large_image","twitter_misc":{"Est. reading time":"1 minute"},"schema":{"@context":"https:\/\/schema.org","@graph":[{"@type":"WebPage","@id":"https:\/\/www.istegroup.com\/en\/produit\/une-perspective-constructionnelle-et-localiste-de-la-transitivite\/","url":"https:\/\/www.istegroup.com\/en\/produit\/une-perspective-constructionnelle-et-localiste-de-la-transitivite\/","name":"Une perspective constructionnelle et localiste de la transitivit\u00e9 - ISTE Group","isPartOf":{"@id":"https:\/\/www.istegroup.com\/#website"},"primaryImageOfPage":{"@id":"https:\/\/www.istegroup.com\/en\/produit\/une-perspective-constructionnelle-et-localiste-de-la-transitivite\/#primaryimage"},"image":{"@id":"https:\/\/www.istegroup.com\/en\/produit\/une-perspective-constructionnelle-et-localiste-de-la-transitivite\/#primaryimage"},"thumbnailUrl":"https:\/\/www.istegroup.com\/wp-content\/uploads\/2022\/04\/La-perspective-constructionnelle-et-localiste-de-la-transitivite.jpg","datePublished":"2022-04-25T14:15:29+00:00","dateModified":"2024-01-03T13:45:47+00:00","description":"Cet ouvrage, portant sur le fran\u00e7ais, propose une perspective novatrice qui consid\u00e8re que la transitivit\u00e9 doit \u00eatre abord\u00e9e en termes de \u00ab construction \u00bb.","breadcrumb":{"@id":"https:\/\/www.istegroup.com\/en\/produit\/une-perspective-constructionnelle-et-localiste-de-la-transitivite\/#breadcrumb"},"inLanguage":"fr-FR","potentialAction":[{"@type":"ReadAction","target":["https:\/\/www.istegroup.com\/en\/produit\/une-perspective-constructionnelle-et-localiste-de-la-transitivite\/"]}]},{"@type":"ImageObject","inLanguage":"fr-FR","@id":"https:\/\/www.istegroup.com\/en\/produit\/une-perspective-constructionnelle-et-localiste-de-la-transitivite\/#primaryimage","url":"https:\/\/www.istegroup.com\/wp-content\/uploads\/2022\/04\/La-perspective-constructionnelle-et-localiste-de-la-transitivite.jpg","contentUrl":"https:\/\/www.istegroup.com\/wp-content\/uploads\/2022\/04\/La-perspective-constructionnelle-et-localiste-de-la-transitivite.jpg","width":350,"height":528,"caption":"Livre scientifique - Une perspective constructionnelle et localiste de la transitivit\u00e9"},{"@type":"BreadcrumbList","@id":"https:\/\/www.istegroup.com\/en\/produit\/une-perspective-constructionnelle-et-localiste-de-la-transitivite\/#breadcrumb","itemListElement":[{"@type":"ListItem","position":1,"name":"Home","item":"https:\/\/www.istegroup.com\/"},{"@type":"ListItem","position":2,"name":"Shop","item":"https:\/\/www.istegroup.com\/fr\/nouveautes\/"},{"@type":"ListItem","position":3,"name":"Une perspective constructionnelle et localiste de la transitivit\u00e9"}]},{"@type":"WebSite","@id":"https:\/\/www.istegroup.com\/#website","url":"https:\/\/www.istegroup.com\/","name":"ISTE Group","description":"\u00c9diteur des Sciences","potentialAction":[{"@type":"SearchAction","target":{"@type":"EntryPoint","urlTemplate":"https:\/\/www.istegroup.com\/?s={search_term_string}"},"query-input":{"@type":"PropertyValueSpecification","valueRequired":true,"valueName":"search_term_string"}}],"inLanguage":"fr-FR"}]}},"_links":{"self":[{"href":"https:\/\/www.istegroup.com\/fr\/wp-json\/wp\/v2\/product\/46148","targetHints":{"allow":["GET"]}}],"collection":[{"href":"https:\/\/www.istegroup.com\/fr\/wp-json\/wp\/v2\/product"}],"about":[{"href":"https:\/\/www.istegroup.com\/fr\/wp-json\/wp\/v2\/types\/product"}],"wp:featuredmedia":[{"embeddable":true,"href":"https:\/\/www.istegroup.com\/fr\/wp-json\/wp\/v2\/media\/46154"}],"wp:attachment":[{"href":"https:\/\/www.istegroup.com\/fr\/wp-json\/wp\/v2\/media?parent=46148"}],"wp:term":[{"taxonomy":"product_brand","embeddable":true,"href":"https:\/\/www.istegroup.com\/fr\/wp-json\/wp\/v2\/product_brand?post=46148"},{"taxonomy":"product_cat","embeddable":true,"href":"https:\/\/www.istegroup.com\/fr\/wp-json\/wp\/v2\/product_cat?post=46148"},{"taxonomy":"product_tag","embeddable":true,"href":"https:\/\/www.istegroup.com\/fr\/wp-json\/wp\/v2\/product_tag?post=46148"}],"curies":[{"name":"wp","href":"https:\/\/api.w.org\/{rel}","templated":true}]}}