{"id":46133,"date":"2022-04-25T14:35:09","date_gmt":"2022-04-25T13:35:09","guid":{"rendered":"https:\/\/www.istegroup.com\/?post_type=product&#038;p=46133"},"modified":"2024-01-03T13:45:47","modified_gmt":"2024-01-03T13:45:47","slug":"organisation-informationnelle-de-lunivers-et-du-vivant","status":"publish","type":"product","link":"https:\/\/www.istegroup.com\/fr\/produit\/organisation-informationnelle-de-lunivers-et-du-vivant\/","title":{"rendered":"Organisation informationnelle de l\u2019univers et du vivant"},"content":{"rendered":"<p><em>Organisation informationnelle de l\u2019univers et du vivant<\/em> propose un mod\u00e8le d\u00e9crivant l\u2019action initiale d\u2019un \u00e9l\u00e9ment informationnel g\u00e9n\u00e9rateur de l\u2019univers en disposant d\u2019\u00e9nergie, produisant une quantit\u00e9 d\u2019\u00e9l\u00e9ments informationnels qui se multiplient pour former d\u2019autres \u00e9l\u00e9ments qui seront soit neutres, en constituant les \u00e9l\u00e9ments spatiaux de base, soit actifs en formant des \u00e9l\u00e9ments quantiques.<\/p>\n<p>L\u2019ouvrage d\u00e9crit la mani\u00e8re dont les \u00e9l\u00e9ments de base formeront l\u2019espace par agr\u00e9gation continue et repr\u00e9senteront le substrat des liens informationnels. Tout \u00e9l\u00e9ment actif est immerg\u00e9 dans une enveloppe informationnelle lui permettant de poursuivre son organisation par des communications constructives. Une loi organisationnelle g\u00e9n\u00e9rale engage les \u00e9l\u00e9ments quantiques \u00e0 s\u2019agr\u00e9ger pour produire de nouveaux \u00e9l\u00e9ments quantiques plus complexes, puis des \u00e9l\u00e9ments mol\u00e9culaires, des \u00e9l\u00e9ments mat\u00e9riels, des soleils et des plan\u00e8tes. Ceci conduit \u00e0 produire les \u00e9l\u00e9ments de base du vivant, puis \u00e0 r\u00e9aliser son \u00e9volution organis\u00e9e avec des reproductions suscit\u00e9es par les communications entre les enveloppes informationnelles des organismes cr\u00e9\u00e9s, en suivant l\u2019action de la loi organisationnelle.<\/p>\n<p><a style=\"color: #1e9691\" href=\"https:\/\/www.istegroup.com\/wp-content\/uploads\/2022\/04\/Lettre-de-la-part-du-Cabinet-du-President-de-la-Republique.pdf\" target=\"_blank\" rel=\"noopener\">Lettre du Cabinet du Pr\u00e9sident de la R\u00e9publique<\/a><\/p>","protected":false},"excerpt":{"rendered":"<p>Organisation informationnelle de l\u2019univers et du vivant propose un mod\u00e8le d\u00e9crivant l\u2019action initiale d\u2019un \u00e9l\u00e9ment informationnel g\u00e9n\u00e9rateur de l\u2019univers en disposant d\u2019\u00e9nergie, produisant une quantit\u00e9 d\u2019\u00e9l\u00e9ments informationnels qui se multiplient pour former d\u2019autres \u00e9l\u00e9ments qui seront soit neutres, en constituant les \u00e9l\u00e9ments spatiaux de base, soit actifs en formant des \u00e9l\u00e9ments quantiques. L\u2019ouvrage d\u00e9crit la [&hellip;]<\/p>\n","protected":false},"featured_media":46141,"template":"","meta":{"_acf_changed":false,"_links_to":"","_links_to_target":""},"product_brand":[],"product_cat":[684],"product_tag":[],"class_list":{"0":"post-46133","1":"product","2":"type-product","3":"status-publish","4":"has-post-thumbnail","6":"product_cat-sciences-socit-et-nouvelles-technologies-188422468","8":"first","9":"instock","10":"shipping-taxable","11":"purchasable","12":"product-type-variable"},"acf":[],"yoast_head":"<!-- This site is optimized with the Yoast SEO plugin v27.2 - https:\/\/yoast.com\/product\/yoast-seo-wordpress\/ -->\n<title>Organisation informationnelle de l\u2019univers et du vivant - ISTE Group<\/title>\n<meta name=\"description\" content=\"Organisation informationnelle de l\u2019univers et du vivant d\u00e9crit la mani\u00e8re dont les \u00e9l\u00e9ments de base formeront l\u2019espace par agr\u00e9gation continue et repr\u00e9senteront le substrat des liens informationnels.\" \/>\n<meta name=\"robots\" content=\"index, follow, max-snippet:-1, max-image-preview:large, max-video-preview:-1\" \/>\n<link rel=\"canonical\" href=\"https:\/\/www.istegroup.com\/fr\/produit\/organisation-informationnelle-de-lunivers-et-du-vivant\/\" \/>\n<meta property=\"og:locale\" content=\"fr_FR\" \/>\n<meta property=\"og:type\" content=\"article\" \/>\n<meta property=\"og:title\" content=\"[:fr]Organisation informationnelle de l\u2019univers et du vivant[:en]Organisation informationnelle de l\u2019univers et du vivant[:] - ISTE Group\" \/>\n<meta property=\"og:description\" content=\"Organisation informationnelle de l\u2019univers et du vivant d\u00e9crit la mani\u00e8re dont les \u00e9l\u00e9ments de base formeront l\u2019espace par agr\u00e9gation continue et repr\u00e9senteront le substrat des liens informationnels.\" \/>\n<meta property=\"og:url\" content=\"https:\/\/www.istegroup.com\/fr\/produit\/organisation-informationnelle-de-lunivers-et-du-vivant\/\" \/>\n<meta property=\"og:site_name\" content=\"ISTE Group\" \/>\n<meta property=\"article:modified_time\" content=\"2024-01-03T13:45:47+00:00\" \/>\n<meta property=\"og:image\" content=\"https:\/\/www.istegroup.com\/wp-content\/uploads\/2022\/04\/Organisation-informationelle-de-lunivers-et-du-vivant.jpg\" \/>\n\t<meta property=\"og:image:width\" content=\"605\" \/>\n\t<meta property=\"og:image:height\" content=\"910\" \/>\n\t<meta property=\"og:image:type\" content=\"image\/jpeg\" \/>\n<meta name=\"twitter:card\" content=\"summary_large_image\" \/>\n<meta name=\"twitter:label1\" content=\"Est. reading time\" \/>\n\t<meta name=\"twitter:data1\" content=\"1 minute\" \/>\n<script type=\"application\/ld+json\" class=\"yoast-schema-graph\">{\"@context\":\"https:\/\/schema.org\",\"@graph\":[{\"@type\":\"WebPage\",\"@id\":\"https:\/\/www.istegroup.com\/fr\/produit\/organisation-informationnelle-de-lunivers-et-du-vivant\/\",\"url\":\"https:\/\/www.istegroup.com\/fr\/produit\/organisation-informationnelle-de-lunivers-et-du-vivant\/\",\"name\":\"[:fr]Organisation informationnelle de l\u2019univers et du vivant[:en]Organisation informationnelle de l\u2019univers et du vivant[:] - ISTE Group\",\"isPartOf\":{\"@id\":\"https:\/\/www.istegroup.com\/#website\"},\"primaryImageOfPage\":{\"@id\":\"https:\/\/www.istegroup.com\/fr\/produit\/organisation-informationnelle-de-lunivers-et-du-vivant\/#primaryimage\"},\"image\":{\"@id\":\"https:\/\/www.istegroup.com\/fr\/produit\/organisation-informationnelle-de-lunivers-et-du-vivant\/#primaryimage\"},\"thumbnailUrl\":\"https:\/\/www.istegroup.com\/wp-content\/uploads\/2022\/04\/Organisation-informationelle-de-lunivers-et-du-vivant.jpg\",\"datePublished\":\"2022-04-25T13:35:09+00:00\",\"dateModified\":\"2024-01-03T13:45:47+00:00\",\"description\":\"Organisation informationnelle de l\u2019univers et du vivant d\u00e9crit la mani\u00e8re dont les \u00e9l\u00e9ments de base formeront l\u2019espace par agr\u00e9gation continue et repr\u00e9senteront le substrat des liens informationnels.\",\"breadcrumb\":{\"@id\":\"https:\/\/www.istegroup.com\/fr\/produit\/organisation-informationnelle-de-lunivers-et-du-vivant\/#breadcrumb\"},\"inLanguage\":\"fr-FR\",\"potentialAction\":[{\"@type\":\"ReadAction\",\"target\":[\"https:\/\/www.istegroup.com\/fr\/produit\/organisation-informationnelle-de-lunivers-et-du-vivant\/\"]}]},{\"@type\":\"ImageObject\",\"inLanguage\":\"fr-FR\",\"@id\":\"https:\/\/www.istegroup.com\/fr\/produit\/organisation-informationnelle-de-lunivers-et-du-vivant\/#primaryimage\",\"url\":\"https:\/\/www.istegroup.com\/wp-content\/uploads\/2022\/04\/Organisation-informationelle-de-lunivers-et-du-vivant.jpg\",\"contentUrl\":\"https:\/\/www.istegroup.com\/wp-content\/uploads\/2022\/04\/Organisation-informationelle-de-lunivers-et-du-vivant.jpg\",\"width\":605,\"height\":910,\"caption\":\"Livre scientifique - Organisation informationelle de l'univers et du vivant\"},{\"@type\":\"BreadcrumbList\",\"@id\":\"https:\/\/www.istegroup.com\/fr\/produit\/organisation-informationnelle-de-lunivers-et-du-vivant\/#breadcrumb\",\"itemListElement\":[{\"@type\":\"ListItem\",\"position\":1,\"name\":\"Home\",\"item\":\"https:\/\/www.istegroup.com\/\"},{\"@type\":\"ListItem\",\"position\":2,\"name\":\"Shop\",\"item\":\"https:\/\/www.istegroup.com\/fr\/nouveautes\/\"},{\"@type\":\"ListItem\",\"position\":3,\"name\":\"Organisation informationnelle de l\u2019univers et du vivant\"}]},{\"@type\":\"WebSite\",\"@id\":\"https:\/\/www.istegroup.com\/#website\",\"url\":\"https:\/\/www.istegroup.com\/\",\"name\":\"ISTE Group\",\"description\":\"\u00c9diteur des Sciences\",\"potentialAction\":[{\"@type\":\"SearchAction\",\"target\":{\"@type\":\"EntryPoint\",\"urlTemplate\":\"https:\/\/www.istegroup.com\/?s={search_term_string}\"},\"query-input\":{\"@type\":\"PropertyValueSpecification\",\"valueRequired\":true,\"valueName\":\"search_term_string\"}}],\"inLanguage\":\"fr-FR\"}]}<\/script>\n<!-- \/ Yoast SEO plugin. -->","yoast_head_json":{"title":"[:fr]Organisation informationnelle de l\u2019univers et du vivant[:en]Organisation informationnelle de l\u2019univers et du vivant[:] - ISTE Group","description":"Organisation informationnelle de l\u2019univers et du vivant d\u00e9crit la mani\u00e8re dont les \u00e9l\u00e9ments de base formeront l\u2019espace par agr\u00e9gation continue et repr\u00e9senteront le substrat des liens informationnels.","robots":{"index":"index","follow":"follow","max-snippet":"max-snippet:-1","max-image-preview":"max-image-preview:large","max-video-preview":"max-video-preview:-1"},"canonical":"https:\/\/www.istegroup.com\/fr\/produit\/organisation-informationnelle-de-lunivers-et-du-vivant\/","og_locale":"fr_FR","og_type":"article","og_title":"[:fr]Organisation informationnelle de l\u2019univers et du vivant[:en]Organisation informationnelle de l\u2019univers et du vivant[:] - ISTE Group","og_description":"Organisation informationnelle de l\u2019univers et du vivant d\u00e9crit la mani\u00e8re dont les \u00e9l\u00e9ments de base formeront l\u2019espace par agr\u00e9gation continue et repr\u00e9senteront le substrat des liens informationnels.","og_url":"https:\/\/www.istegroup.com\/fr\/produit\/organisation-informationnelle-de-lunivers-et-du-vivant\/","og_site_name":"ISTE Group","article_modified_time":"2024-01-03T13:45:47+00:00","og_image":[{"width":605,"height":910,"url":"https:\/\/www.istegroup.com\/wp-content\/uploads\/2022\/04\/Organisation-informationelle-de-lunivers-et-du-vivant.jpg","type":"image\/jpeg"}],"twitter_card":"summary_large_image","twitter_misc":{"Est. reading time":"1 minute"},"schema":{"@context":"https:\/\/schema.org","@graph":[{"@type":"WebPage","@id":"https:\/\/www.istegroup.com\/fr\/produit\/organisation-informationnelle-de-lunivers-et-du-vivant\/","url":"https:\/\/www.istegroup.com\/fr\/produit\/organisation-informationnelle-de-lunivers-et-du-vivant\/","name":"[:fr]Organisation informationnelle de l\u2019univers et du vivant[:en]Organisation informationnelle de l\u2019univers et du vivant[:] - ISTE Group","isPartOf":{"@id":"https:\/\/www.istegroup.com\/#website"},"primaryImageOfPage":{"@id":"https:\/\/www.istegroup.com\/fr\/produit\/organisation-informationnelle-de-lunivers-et-du-vivant\/#primaryimage"},"image":{"@id":"https:\/\/www.istegroup.com\/fr\/produit\/organisation-informationnelle-de-lunivers-et-du-vivant\/#primaryimage"},"thumbnailUrl":"https:\/\/www.istegroup.com\/wp-content\/uploads\/2022\/04\/Organisation-informationelle-de-lunivers-et-du-vivant.jpg","datePublished":"2022-04-25T13:35:09+00:00","dateModified":"2024-01-03T13:45:47+00:00","description":"Organisation informationnelle de l\u2019univers et du vivant d\u00e9crit la mani\u00e8re dont les \u00e9l\u00e9ments de base formeront l\u2019espace par agr\u00e9gation continue et repr\u00e9senteront le substrat des liens informationnels.","breadcrumb":{"@id":"https:\/\/www.istegroup.com\/fr\/produit\/organisation-informationnelle-de-lunivers-et-du-vivant\/#breadcrumb"},"inLanguage":"fr-FR","potentialAction":[{"@type":"ReadAction","target":["https:\/\/www.istegroup.com\/fr\/produit\/organisation-informationnelle-de-lunivers-et-du-vivant\/"]}]},{"@type":"ImageObject","inLanguage":"fr-FR","@id":"https:\/\/www.istegroup.com\/fr\/produit\/organisation-informationnelle-de-lunivers-et-du-vivant\/#primaryimage","url":"https:\/\/www.istegroup.com\/wp-content\/uploads\/2022\/04\/Organisation-informationelle-de-lunivers-et-du-vivant.jpg","contentUrl":"https:\/\/www.istegroup.com\/wp-content\/uploads\/2022\/04\/Organisation-informationelle-de-lunivers-et-du-vivant.jpg","width":605,"height":910,"caption":"Livre scientifique - Organisation informationelle de l'univers et du vivant"},{"@type":"BreadcrumbList","@id":"https:\/\/www.istegroup.com\/fr\/produit\/organisation-informationnelle-de-lunivers-et-du-vivant\/#breadcrumb","itemListElement":[{"@type":"ListItem","position":1,"name":"Home","item":"https:\/\/www.istegroup.com\/"},{"@type":"ListItem","position":2,"name":"Shop","item":"https:\/\/www.istegroup.com\/fr\/nouveautes\/"},{"@type":"ListItem","position":3,"name":"Organisation informationnelle de l\u2019univers et du vivant"}]},{"@type":"WebSite","@id":"https:\/\/www.istegroup.com\/#website","url":"https:\/\/www.istegroup.com\/","name":"ISTE Group","description":"\u00c9diteur des Sciences","potentialAction":[{"@type":"SearchAction","target":{"@type":"EntryPoint","urlTemplate":"https:\/\/www.istegroup.com\/?s={search_term_string}"},"query-input":{"@type":"PropertyValueSpecification","valueRequired":true,"valueName":"search_term_string"}}],"inLanguage":"fr-FR"}]}},"_links":{"self":[{"href":"https:\/\/www.istegroup.com\/fr\/wp-json\/wp\/v2\/product\/46133","targetHints":{"allow":["GET"]}}],"collection":[{"href":"https:\/\/www.istegroup.com\/fr\/wp-json\/wp\/v2\/product"}],"about":[{"href":"https:\/\/www.istegroup.com\/fr\/wp-json\/wp\/v2\/types\/product"}],"wp:featuredmedia":[{"embeddable":true,"href":"https:\/\/www.istegroup.com\/fr\/wp-json\/wp\/v2\/media\/46141"}],"wp:attachment":[{"href":"https:\/\/www.istegroup.com\/fr\/wp-json\/wp\/v2\/media?parent=46133"}],"wp:term":[{"taxonomy":"product_brand","embeddable":true,"href":"https:\/\/www.istegroup.com\/fr\/wp-json\/wp\/v2\/product_brand?post=46133"},{"taxonomy":"product_cat","embeddable":true,"href":"https:\/\/www.istegroup.com\/fr\/wp-json\/wp\/v2\/product_cat?post=46133"},{"taxonomy":"product_tag","embeddable":true,"href":"https:\/\/www.istegroup.com\/fr\/wp-json\/wp\/v2\/product_tag?post=46133"}],"curies":[{"name":"wp","href":"https:\/\/api.w.org\/{rel}","templated":true}]}}