{"id":46124,"date":"2022-04-25T12:05:24","date_gmt":"2022-04-25T11:05:24","guid":{"rendered":"https:\/\/www.istegroup.com\/?post_type=product&#038;p=46124"},"modified":"2024-01-03T13:45:43","modified_gmt":"2024-01-03T13:45:43","slug":"biobanques-en-sante","status":"publish","type":"product","link":"https:\/\/www.istegroup.com\/fr\/produit\/biobanques-en-sante\/","title":{"rendered":"Biobanques en sant\u00e9"},"content":{"rendered":"<p>Les biobanques qui assurent la gouvernance et la gestion de ressources biologiques sont devenues des entit\u00e9s essentielles. Le d\u00e9veloppement des biotechnologies, la mont\u00e9e en puissance des m\u00e9dicaments biologiques, l\u2019identification de biomarqueurs associ\u00e9s aux classifications mol\u00e9culaires des l\u00e9sions tissulaires rendent indispensable un acc\u00e8s ordonn\u00e9 aux \u00e9chantillons biologiques humains, devenus pr\u00e9cieux et rares. \u00c0 l\u2019\u00e8re du num\u00e9rique et de la production de donn\u00e9es massives, les biobanques deviennent les garantes de la reproductibilit\u00e9 des exp\u00e9riences et de la qualit\u00e9 globale de la recherche m\u00e9dicale.<\/p>\n<p><em>Biobanques en sant\u00e9<\/em> explore le bouleversement li\u00e9 au d\u00e9ploiement massif de la sant\u00e9 num\u00e9rique et de la m\u00e9decine de pr\u00e9cision. L\u2019avenir de la biologie-sant\u00e9 passe par un d\u00e9ploiement des biobanques dans des champs qui restent encore \u00e0 d\u00e9fricher, \u00e0 l\u2019avant-garde de l\u2019aventure extraordinaire de la recherche du XXIe si\u00e8cle.<\/p>","protected":false},"excerpt":{"rendered":"<p>Les biobanques qui assurent la gouvernance et la gestion de ressources biologiques sont devenues des entit\u00e9s essentielles. Le d\u00e9veloppement des biotechnologies, la mont\u00e9e en puissance des m\u00e9dicaments biologiques, l\u2019identification de biomarqueurs associ\u00e9s aux classifications mol\u00e9culaires des l\u00e9sions tissulaires rendent indispensable un acc\u00e8s ordonn\u00e9 aux \u00e9chantillons biologiques humains, devenus pr\u00e9cieux et rares. \u00c0 l\u2019\u00e8re du num\u00e9rique [&hellip;]<\/p>\n","protected":false},"featured_media":46132,"template":"","meta":{"_acf_changed":false,"_links_to":"","_links_to_target":""},"product_brand":[],"product_cat":[656],"product_tag":[],"class_list":{"0":"post-46124","1":"product","2":"type-product","3":"status-publish","4":"has-post-thumbnail","6":"product_cat-bioingnierie-mdicale-11476891","8":"first","9":"instock","10":"shipping-taxable","11":"purchasable","12":"product-type-variable"},"acf":[],"yoast_head":"<!-- This site is optimized with the Yoast SEO plugin v27.2 - https:\/\/yoast.com\/product\/yoast-seo-wordpress\/ -->\n<title>Biobanques en sant\u00e9 - ISTE Group<\/title>\n<meta name=\"description\" content=\"Biobanques en sant\u00e9 explore le bouleversement li\u00e9 au d\u00e9ploiement massif de la sant\u00e9 num\u00e9rique et de la m\u00e9decine de pr\u00e9cision.\" \/>\n<meta name=\"robots\" content=\"index, follow, max-snippet:-1, max-image-preview:large, max-video-preview:-1\" \/>\n<link rel=\"canonical\" href=\"https:\/\/www.istegroup.com\/fr\/produit\/biobanques-en-sante\/\" \/>\n<meta property=\"og:locale\" content=\"fr_FR\" \/>\n<meta property=\"og:type\" content=\"article\" \/>\n<meta property=\"og:title\" content=\"Biobanques en sant\u00e9 - ISTE Group\" \/>\n<meta property=\"og:description\" content=\"Biobanques en sant\u00e9 explore le bouleversement li\u00e9 au d\u00e9ploiement massif de la sant\u00e9 num\u00e9rique et de la m\u00e9decine de pr\u00e9cision.\" \/>\n<meta property=\"og:url\" content=\"https:\/\/www.istegroup.com\/fr\/produit\/biobanques-en-sante\/\" \/>\n<meta property=\"og:site_name\" content=\"ISTE Group\" \/>\n<meta property=\"article:modified_time\" content=\"2024-01-03T13:45:43+00:00\" \/>\n<meta property=\"og:image\" content=\"https:\/\/www.istegroup.com\/wp-content\/uploads\/2022\/04\/Biobanques-en-sante.jpg\" \/>\n\t<meta property=\"og:image:width\" content=\"350\" \/>\n\t<meta property=\"og:image:height\" content=\"527\" \/>\n\t<meta property=\"og:image:type\" content=\"image\/jpeg\" \/>\n<meta name=\"twitter:card\" content=\"summary_large_image\" \/>\n<meta name=\"twitter:label1\" content=\"Est. reading time\" \/>\n\t<meta name=\"twitter:data1\" content=\"1 minute\" \/>\n<script type=\"application\/ld+json\" class=\"yoast-schema-graph\">{\"@context\":\"https:\/\/schema.org\",\"@graph\":[{\"@type\":\"WebPage\",\"@id\":\"https:\/\/www.istegroup.com\/fr\/produit\/biobanques-en-sante\/\",\"url\":\"https:\/\/www.istegroup.com\/fr\/produit\/biobanques-en-sante\/\",\"name\":\"Biobanques en sant\u00e9 - ISTE Group\",\"isPartOf\":{\"@id\":\"https:\/\/www.istegroup.com\/#website\"},\"primaryImageOfPage\":{\"@id\":\"https:\/\/www.istegroup.com\/fr\/produit\/biobanques-en-sante\/#primaryimage\"},\"image\":{\"@id\":\"https:\/\/www.istegroup.com\/fr\/produit\/biobanques-en-sante\/#primaryimage\"},\"thumbnailUrl\":\"https:\/\/www.istegroup.com\/wp-content\/uploads\/2022\/04\/Biobanques-en-sante.jpg\",\"datePublished\":\"2022-04-25T11:05:24+00:00\",\"dateModified\":\"2024-01-03T13:45:43+00:00\",\"description\":\"Biobanques en sant\u00e9 explore le bouleversement li\u00e9 au d\u00e9ploiement massif de la sant\u00e9 num\u00e9rique et de la m\u00e9decine de pr\u00e9cision.\",\"breadcrumb\":{\"@id\":\"https:\/\/www.istegroup.com\/fr\/produit\/biobanques-en-sante\/#breadcrumb\"},\"inLanguage\":\"fr-FR\",\"potentialAction\":[{\"@type\":\"ReadAction\",\"target\":[\"https:\/\/www.istegroup.com\/fr\/produit\/biobanques-en-sante\/\"]}]},{\"@type\":\"ImageObject\",\"inLanguage\":\"fr-FR\",\"@id\":\"https:\/\/www.istegroup.com\/fr\/produit\/biobanques-en-sante\/#primaryimage\",\"url\":\"https:\/\/www.istegroup.com\/wp-content\/uploads\/2022\/04\/Biobanques-en-sante.jpg\",\"contentUrl\":\"https:\/\/www.istegroup.com\/wp-content\/uploads\/2022\/04\/Biobanques-en-sante.jpg\",\"width\":350,\"height\":527,\"caption\":\"Livre scientifique - Biobanques en sant\u00e9\"},{\"@type\":\"BreadcrumbList\",\"@id\":\"https:\/\/www.istegroup.com\/fr\/produit\/biobanques-en-sante\/#breadcrumb\",\"itemListElement\":[{\"@type\":\"ListItem\",\"position\":1,\"name\":\"Home\",\"item\":\"https:\/\/www.istegroup.com\/\"},{\"@type\":\"ListItem\",\"position\":2,\"name\":\"Shop\",\"item\":\"https:\/\/www.istegroup.com\/fr\/nouveautes\/\"},{\"@type\":\"ListItem\",\"position\":3,\"name\":\"Biobanques en sant\u00e9\"}]},{\"@type\":\"WebSite\",\"@id\":\"https:\/\/www.istegroup.com\/#website\",\"url\":\"https:\/\/www.istegroup.com\/\",\"name\":\"ISTE Group\",\"description\":\"\u00c9diteur des Sciences\",\"potentialAction\":[{\"@type\":\"SearchAction\",\"target\":{\"@type\":\"EntryPoint\",\"urlTemplate\":\"https:\/\/www.istegroup.com\/?s={search_term_string}\"},\"query-input\":{\"@type\":\"PropertyValueSpecification\",\"valueRequired\":true,\"valueName\":\"search_term_string\"}}],\"inLanguage\":\"fr-FR\"}]}<\/script>\n<!-- \/ Yoast SEO plugin. -->","yoast_head_json":{"title":"Biobanques en sant\u00e9 - ISTE Group","description":"Biobanques en sant\u00e9 explore le bouleversement li\u00e9 au d\u00e9ploiement massif de la sant\u00e9 num\u00e9rique et de la m\u00e9decine de pr\u00e9cision.","robots":{"index":"index","follow":"follow","max-snippet":"max-snippet:-1","max-image-preview":"max-image-preview:large","max-video-preview":"max-video-preview:-1"},"canonical":"https:\/\/www.istegroup.com\/fr\/produit\/biobanques-en-sante\/","og_locale":"fr_FR","og_type":"article","og_title":"Biobanques en sant\u00e9 - ISTE Group","og_description":"Biobanques en sant\u00e9 explore le bouleversement li\u00e9 au d\u00e9ploiement massif de la sant\u00e9 num\u00e9rique et de la m\u00e9decine de pr\u00e9cision.","og_url":"https:\/\/www.istegroup.com\/fr\/produit\/biobanques-en-sante\/","og_site_name":"ISTE Group","article_modified_time":"2024-01-03T13:45:43+00:00","og_image":[{"width":350,"height":527,"url":"https:\/\/www.istegroup.com\/wp-content\/uploads\/2022\/04\/Biobanques-en-sante.jpg","type":"image\/jpeg"}],"twitter_card":"summary_large_image","twitter_misc":{"Est. reading time":"1 minute"},"schema":{"@context":"https:\/\/schema.org","@graph":[{"@type":"WebPage","@id":"https:\/\/www.istegroup.com\/fr\/produit\/biobanques-en-sante\/","url":"https:\/\/www.istegroup.com\/fr\/produit\/biobanques-en-sante\/","name":"Biobanques en sant\u00e9 - ISTE Group","isPartOf":{"@id":"https:\/\/www.istegroup.com\/#website"},"primaryImageOfPage":{"@id":"https:\/\/www.istegroup.com\/fr\/produit\/biobanques-en-sante\/#primaryimage"},"image":{"@id":"https:\/\/www.istegroup.com\/fr\/produit\/biobanques-en-sante\/#primaryimage"},"thumbnailUrl":"https:\/\/www.istegroup.com\/wp-content\/uploads\/2022\/04\/Biobanques-en-sante.jpg","datePublished":"2022-04-25T11:05:24+00:00","dateModified":"2024-01-03T13:45:43+00:00","description":"Biobanques en sant\u00e9 explore le bouleversement li\u00e9 au d\u00e9ploiement massif de la sant\u00e9 num\u00e9rique et de la m\u00e9decine de pr\u00e9cision.","breadcrumb":{"@id":"https:\/\/www.istegroup.com\/fr\/produit\/biobanques-en-sante\/#breadcrumb"},"inLanguage":"fr-FR","potentialAction":[{"@type":"ReadAction","target":["https:\/\/www.istegroup.com\/fr\/produit\/biobanques-en-sante\/"]}]},{"@type":"ImageObject","inLanguage":"fr-FR","@id":"https:\/\/www.istegroup.com\/fr\/produit\/biobanques-en-sante\/#primaryimage","url":"https:\/\/www.istegroup.com\/wp-content\/uploads\/2022\/04\/Biobanques-en-sante.jpg","contentUrl":"https:\/\/www.istegroup.com\/wp-content\/uploads\/2022\/04\/Biobanques-en-sante.jpg","width":350,"height":527,"caption":"Livre scientifique - Biobanques en sant\u00e9"},{"@type":"BreadcrumbList","@id":"https:\/\/www.istegroup.com\/fr\/produit\/biobanques-en-sante\/#breadcrumb","itemListElement":[{"@type":"ListItem","position":1,"name":"Home","item":"https:\/\/www.istegroup.com\/"},{"@type":"ListItem","position":2,"name":"Shop","item":"https:\/\/www.istegroup.com\/fr\/nouveautes\/"},{"@type":"ListItem","position":3,"name":"Biobanques en sant\u00e9"}]},{"@type":"WebSite","@id":"https:\/\/www.istegroup.com\/#website","url":"https:\/\/www.istegroup.com\/","name":"ISTE Group","description":"\u00c9diteur des Sciences","potentialAction":[{"@type":"SearchAction","target":{"@type":"EntryPoint","urlTemplate":"https:\/\/www.istegroup.com\/?s={search_term_string}"},"query-input":{"@type":"PropertyValueSpecification","valueRequired":true,"valueName":"search_term_string"}}],"inLanguage":"fr-FR"}]}},"_links":{"self":[{"href":"https:\/\/www.istegroup.com\/fr\/wp-json\/wp\/v2\/product\/46124","targetHints":{"allow":["GET"]}}],"collection":[{"href":"https:\/\/www.istegroup.com\/fr\/wp-json\/wp\/v2\/product"}],"about":[{"href":"https:\/\/www.istegroup.com\/fr\/wp-json\/wp\/v2\/types\/product"}],"wp:featuredmedia":[{"embeddable":true,"href":"https:\/\/www.istegroup.com\/fr\/wp-json\/wp\/v2\/media\/46132"}],"wp:attachment":[{"href":"https:\/\/www.istegroup.com\/fr\/wp-json\/wp\/v2\/media?parent=46124"}],"wp:term":[{"taxonomy":"product_brand","embeddable":true,"href":"https:\/\/www.istegroup.com\/fr\/wp-json\/wp\/v2\/product_brand?post=46124"},{"taxonomy":"product_cat","embeddable":true,"href":"https:\/\/www.istegroup.com\/fr\/wp-json\/wp\/v2\/product_cat?post=46124"},{"taxonomy":"product_tag","embeddable":true,"href":"https:\/\/www.istegroup.com\/fr\/wp-json\/wp\/v2\/product_tag?post=46124"}],"curies":[{"name":"wp","href":"https:\/\/api.w.org\/{rel}","templated":true}]}}