{"id":46101,"date":"2022-04-25T09:38:19","date_gmt":"2022-04-25T08:38:19","guid":{"rendered":"https:\/\/www.istegroup.com\/?post_type=product&#038;p=46101"},"modified":"2024-01-03T13:45:43","modified_gmt":"2024-01-03T13:45:43","slug":"embryogenese-et-phylogenese-de-la-posture-humaine-1","status":"publish","type":"product","link":"https:\/\/www.istegroup.com\/fr\/produit\/embryogenese-et-phylogenese-de-la-posture-humaine-1\/","title":{"rendered":"Embryogen\u00e8se et phylogen\u00e8se de la posture humaine 1"},"content":{"rendered":"<p>L\u2019avenir de la posture humaine est en question. Le paradigme des origines locomotrices ne r\u00e9siste plus \u00e0 l\u2019avanc\u00e9e des connaissances dans la continuit\u00e9 de 2 500 ans de r\u00e9flexion sur la place de la verticalit\u00e9 humaine et de la conscience r\u00e9fl\u00e9chie dans l\u2019histoire de la vie et de la plan\u00e8te qui gagnent en pertinence.<\/p>\n<p>Cet ouvrage retrace la lente progression de la pens\u00e9e naturaliste qui s\u2019interroge sur le commencement des formes anim\u00e9es avec la f\u00e9condation, permettant le d\u00e9veloppement des math\u00e9matiques de l\u2019infinit\u00e9simal, de la g\u00e9om\u00e9trie et de la dynamique appliqu\u00e9e au vivant. Il rend compte des efforts ing\u00e9nieux pour acc\u00e9der \u00e0 la connaissance du corps humain et pour contourner l\u2019emprise de la scolastique chr\u00e9tienne jusqu\u2019\u00e0 l\u2019approche m\u00e9canique et locomotrice qui ouvre la voie \u00e0 la th\u00e9orie des origines animales de l\u2019anatomie humaine.<\/p>","protected":false},"excerpt":{"rendered":"<p>L\u2019avenir de la posture humaine est en question. Le paradigme des origines locomotrices ne r\u00e9siste plus \u00e0 l\u2019avanc\u00e9e des connaissances dans la continuit\u00e9 de 2 500 ans de r\u00e9flexion sur la place de la verticalit\u00e9 humaine et de la conscience r\u00e9fl\u00e9chie dans l\u2019histoire de la vie et de la plan\u00e8te qui gagnent en pertinence. Cet [&hellip;]<\/p>\n","protected":false},"featured_media":46111,"template":"","meta":{"_acf_changed":false,"_links_to":"","_links_to_target":""},"product_brand":[],"product_cat":[3262],"product_tag":[],"class_list":{"0":"post-46101","1":"product","2":"type-product","3":"status-publish","4":"has-post-thumbnail","6":"product_cat-non-classe","8":"first","9":"instock","10":"shipping-taxable","11":"purchasable","12":"product-type-variable"},"acf":[],"yoast_head":"<!-- This site is optimized with the Yoast SEO plugin v27.2 - https:\/\/yoast.com\/product\/yoast-seo-wordpress\/ -->\n<title>Embryogen\u00e8se et phylogen\u00e8se de la posture humaine 1 - ISTE Group<\/title>\n<meta name=\"robots\" content=\"index, follow, max-snippet:-1, max-image-preview:large, max-video-preview:-1\" \/>\n<link rel=\"canonical\" href=\"https:\/\/www.istegroup.com\/fr\/produit\/embryogenese-et-phylogenese-de-la-posture-humaine-1\/\" \/>\n<meta property=\"og:locale\" content=\"fr_FR\" \/>\n<meta property=\"og:type\" content=\"article\" \/>\n<meta property=\"og:title\" content=\"[:fr]Embryogen\u00e8se et phylogen\u00e8se de la posture humaine 1[:en]Embryogen\u00e8se et phylogen\u00e8se de la posture humaine 1[:] - ISTE Group\" \/>\n<meta property=\"og:description\" content=\"L\u2019avenir de la posture humaine est en question. Le paradigme des origines locomotrices ne r\u00e9siste plus \u00e0 l\u2019avanc\u00e9e des connaissances dans la continuit\u00e9 de 2 500 ans de r\u00e9flexion sur la place de la verticalit\u00e9 humaine et de la conscience r\u00e9fl\u00e9chie dans l\u2019histoire de la vie et de la plan\u00e8te qui gagnent en pertinence. Cet [&hellip;]\" \/>\n<meta property=\"og:url\" content=\"https:\/\/www.istegroup.com\/fr\/produit\/embryogenese-et-phylogenese-de-la-posture-humaine-1\/\" \/>\n<meta property=\"og:site_name\" content=\"ISTE Group\" \/>\n<meta property=\"article:modified_time\" content=\"2024-01-03T13:45:43+00:00\" \/>\n<meta property=\"og:image\" content=\"https:\/\/www.istegroup.com\/wp-content\/uploads\/2022\/04\/Embryogenese-et-phylogenese-de-la-posture-humaine-1.jpg\" \/>\n\t<meta property=\"og:image:width\" content=\"350\" \/>\n\t<meta property=\"og:image:height\" content=\"524\" \/>\n\t<meta property=\"og:image:type\" content=\"image\/jpeg\" \/>\n<meta name=\"twitter:card\" content=\"summary_large_image\" \/>\n<meta name=\"twitter:label1\" content=\"Est. reading time\" \/>\n\t<meta name=\"twitter:data1\" content=\"1 minute\" \/>\n<script type=\"application\/ld+json\" class=\"yoast-schema-graph\">{\"@context\":\"https:\/\/schema.org\",\"@graph\":[{\"@type\":\"WebPage\",\"@id\":\"https:\/\/www.istegroup.com\/fr\/produit\/embryogenese-et-phylogenese-de-la-posture-humaine-1\/\",\"url\":\"https:\/\/www.istegroup.com\/fr\/produit\/embryogenese-et-phylogenese-de-la-posture-humaine-1\/\",\"name\":\"[:fr]Embryogen\u00e8se et phylogen\u00e8se de la posture humaine 1[:en]Embryogen\u00e8se et phylogen\u00e8se de la posture humaine 1[:] - ISTE Group\",\"isPartOf\":{\"@id\":\"https:\/\/www.istegroup.com\/#website\"},\"primaryImageOfPage\":{\"@id\":\"https:\/\/www.istegroup.com\/fr\/produit\/embryogenese-et-phylogenese-de-la-posture-humaine-1\/#primaryimage\"},\"image\":{\"@id\":\"https:\/\/www.istegroup.com\/fr\/produit\/embryogenese-et-phylogenese-de-la-posture-humaine-1\/#primaryimage\"},\"thumbnailUrl\":\"https:\/\/www.istegroup.com\/wp-content\/uploads\/2022\/04\/Embryogenese-et-phylogenese-de-la-posture-humaine-1.jpg\",\"datePublished\":\"2022-04-25T08:38:19+00:00\",\"dateModified\":\"2024-01-03T13:45:43+00:00\",\"breadcrumb\":{\"@id\":\"https:\/\/www.istegroup.com\/fr\/produit\/embryogenese-et-phylogenese-de-la-posture-humaine-1\/#breadcrumb\"},\"inLanguage\":\"fr-FR\",\"potentialAction\":[{\"@type\":\"ReadAction\",\"target\":[\"https:\/\/www.istegroup.com\/fr\/produit\/embryogenese-et-phylogenese-de-la-posture-humaine-1\/\"]}]},{\"@type\":\"ImageObject\",\"inLanguage\":\"fr-FR\",\"@id\":\"https:\/\/www.istegroup.com\/fr\/produit\/embryogenese-et-phylogenese-de-la-posture-humaine-1\/#primaryimage\",\"url\":\"https:\/\/www.istegroup.com\/wp-content\/uploads\/2022\/04\/Embryogenese-et-phylogenese-de-la-posture-humaine-1.jpg\",\"contentUrl\":\"https:\/\/www.istegroup.com\/wp-content\/uploads\/2022\/04\/Embryogenese-et-phylogenese-de-la-posture-humaine-1.jpg\",\"width\":350,\"height\":524,\"caption\":\"Livre scientifique - Embryogen\u00e8se et phylogen\u00e8se de la posture humaine 1\"},{\"@type\":\"BreadcrumbList\",\"@id\":\"https:\/\/www.istegroup.com\/fr\/produit\/embryogenese-et-phylogenese-de-la-posture-humaine-1\/#breadcrumb\",\"itemListElement\":[{\"@type\":\"ListItem\",\"position\":1,\"name\":\"Home\",\"item\":\"https:\/\/www.istegroup.com\/\"},{\"@type\":\"ListItem\",\"position\":2,\"name\":\"Shop\",\"item\":\"https:\/\/www.istegroup.com\/fr\/nouveautes\/\"},{\"@type\":\"ListItem\",\"position\":3,\"name\":\"Embryogen\u00e8se et phylogen\u00e8se de la posture humaine 1\"}]},{\"@type\":\"WebSite\",\"@id\":\"https:\/\/www.istegroup.com\/#website\",\"url\":\"https:\/\/www.istegroup.com\/\",\"name\":\"ISTE Group\",\"description\":\"\u00c9diteur des Sciences\",\"potentialAction\":[{\"@type\":\"SearchAction\",\"target\":{\"@type\":\"EntryPoint\",\"urlTemplate\":\"https:\/\/www.istegroup.com\/?s={search_term_string}\"},\"query-input\":{\"@type\":\"PropertyValueSpecification\",\"valueRequired\":true,\"valueName\":\"search_term_string\"}}],\"inLanguage\":\"fr-FR\"}]}<\/script>\n<!-- \/ Yoast SEO plugin. -->","yoast_head_json":{"title":"[:fr]Embryogen\u00e8se et phylogen\u00e8se de la posture humaine 1[:en]Embryogen\u00e8se et phylogen\u00e8se de la posture humaine 1[:] - ISTE Group","robots":{"index":"index","follow":"follow","max-snippet":"max-snippet:-1","max-image-preview":"max-image-preview:large","max-video-preview":"max-video-preview:-1"},"canonical":"https:\/\/www.istegroup.com\/fr\/produit\/embryogenese-et-phylogenese-de-la-posture-humaine-1\/","og_locale":"fr_FR","og_type":"article","og_title":"[:fr]Embryogen\u00e8se et phylogen\u00e8se de la posture humaine 1[:en]Embryogen\u00e8se et phylogen\u00e8se de la posture humaine 1[:] - ISTE Group","og_description":"L\u2019avenir de la posture humaine est en question. Le paradigme des origines locomotrices ne r\u00e9siste plus \u00e0 l\u2019avanc\u00e9e des connaissances dans la continuit\u00e9 de 2 500 ans de r\u00e9flexion sur la place de la verticalit\u00e9 humaine et de la conscience r\u00e9fl\u00e9chie dans l\u2019histoire de la vie et de la plan\u00e8te qui gagnent en pertinence. Cet [&hellip;]","og_url":"https:\/\/www.istegroup.com\/fr\/produit\/embryogenese-et-phylogenese-de-la-posture-humaine-1\/","og_site_name":"ISTE Group","article_modified_time":"2024-01-03T13:45:43+00:00","og_image":[{"width":350,"height":524,"url":"https:\/\/www.istegroup.com\/wp-content\/uploads\/2022\/04\/Embryogenese-et-phylogenese-de-la-posture-humaine-1.jpg","type":"image\/jpeg"}],"twitter_card":"summary_large_image","twitter_misc":{"Est. reading time":"1 minute"},"schema":{"@context":"https:\/\/schema.org","@graph":[{"@type":"WebPage","@id":"https:\/\/www.istegroup.com\/fr\/produit\/embryogenese-et-phylogenese-de-la-posture-humaine-1\/","url":"https:\/\/www.istegroup.com\/fr\/produit\/embryogenese-et-phylogenese-de-la-posture-humaine-1\/","name":"[:fr]Embryogen\u00e8se et phylogen\u00e8se de la posture humaine 1[:en]Embryogen\u00e8se et phylogen\u00e8se de la posture humaine 1[:] - ISTE Group","isPartOf":{"@id":"https:\/\/www.istegroup.com\/#website"},"primaryImageOfPage":{"@id":"https:\/\/www.istegroup.com\/fr\/produit\/embryogenese-et-phylogenese-de-la-posture-humaine-1\/#primaryimage"},"image":{"@id":"https:\/\/www.istegroup.com\/fr\/produit\/embryogenese-et-phylogenese-de-la-posture-humaine-1\/#primaryimage"},"thumbnailUrl":"https:\/\/www.istegroup.com\/wp-content\/uploads\/2022\/04\/Embryogenese-et-phylogenese-de-la-posture-humaine-1.jpg","datePublished":"2022-04-25T08:38:19+00:00","dateModified":"2024-01-03T13:45:43+00:00","breadcrumb":{"@id":"https:\/\/www.istegroup.com\/fr\/produit\/embryogenese-et-phylogenese-de-la-posture-humaine-1\/#breadcrumb"},"inLanguage":"fr-FR","potentialAction":[{"@type":"ReadAction","target":["https:\/\/www.istegroup.com\/fr\/produit\/embryogenese-et-phylogenese-de-la-posture-humaine-1\/"]}]},{"@type":"ImageObject","inLanguage":"fr-FR","@id":"https:\/\/www.istegroup.com\/fr\/produit\/embryogenese-et-phylogenese-de-la-posture-humaine-1\/#primaryimage","url":"https:\/\/www.istegroup.com\/wp-content\/uploads\/2022\/04\/Embryogenese-et-phylogenese-de-la-posture-humaine-1.jpg","contentUrl":"https:\/\/www.istegroup.com\/wp-content\/uploads\/2022\/04\/Embryogenese-et-phylogenese-de-la-posture-humaine-1.jpg","width":350,"height":524,"caption":"Livre scientifique - Embryogen\u00e8se et phylogen\u00e8se de la posture humaine 1"},{"@type":"BreadcrumbList","@id":"https:\/\/www.istegroup.com\/fr\/produit\/embryogenese-et-phylogenese-de-la-posture-humaine-1\/#breadcrumb","itemListElement":[{"@type":"ListItem","position":1,"name":"Home","item":"https:\/\/www.istegroup.com\/"},{"@type":"ListItem","position":2,"name":"Shop","item":"https:\/\/www.istegroup.com\/fr\/nouveautes\/"},{"@type":"ListItem","position":3,"name":"Embryogen\u00e8se et phylogen\u00e8se de la posture humaine 1"}]},{"@type":"WebSite","@id":"https:\/\/www.istegroup.com\/#website","url":"https:\/\/www.istegroup.com\/","name":"ISTE Group","description":"\u00c9diteur des Sciences","potentialAction":[{"@type":"SearchAction","target":{"@type":"EntryPoint","urlTemplate":"https:\/\/www.istegroup.com\/?s={search_term_string}"},"query-input":{"@type":"PropertyValueSpecification","valueRequired":true,"valueName":"search_term_string"}}],"inLanguage":"fr-FR"}]}},"_links":{"self":[{"href":"https:\/\/www.istegroup.com\/fr\/wp-json\/wp\/v2\/product\/46101","targetHints":{"allow":["GET"]}}],"collection":[{"href":"https:\/\/www.istegroup.com\/fr\/wp-json\/wp\/v2\/product"}],"about":[{"href":"https:\/\/www.istegroup.com\/fr\/wp-json\/wp\/v2\/types\/product"}],"wp:featuredmedia":[{"embeddable":true,"href":"https:\/\/www.istegroup.com\/fr\/wp-json\/wp\/v2\/media\/46111"}],"wp:attachment":[{"href":"https:\/\/www.istegroup.com\/fr\/wp-json\/wp\/v2\/media?parent=46101"}],"wp:term":[{"taxonomy":"product_brand","embeddable":true,"href":"https:\/\/www.istegroup.com\/fr\/wp-json\/wp\/v2\/product_brand?post=46101"},{"taxonomy":"product_cat","embeddable":true,"href":"https:\/\/www.istegroup.com\/fr\/wp-json\/wp\/v2\/product_cat?post=46101"},{"taxonomy":"product_tag","embeddable":true,"href":"https:\/\/www.istegroup.com\/fr\/wp-json\/wp\/v2\/product_tag?post=46101"}],"curies":[{"name":"wp","href":"https:\/\/api.w.org\/{rel}","templated":true}]}}