{"id":46085,"date":"2022-04-25T08:43:07","date_gmt":"2022-04-25T07:43:07","guid":{"rendered":"https:\/\/www.istegroup.com\/?post_type=product&#038;p=46085"},"modified":"2024-01-03T13:45:42","modified_gmt":"2024-01-03T13:45:42","slug":"enregistrement-et-traitement-de-la-voix-1","status":"publish","type":"product","link":"https:\/\/www.istegroup.com\/fr\/produit\/enregistrement-et-traitement-de-la-voix-1\/","title":{"rendered":"Enregistrement et traitement de la voix 1"},"content":{"rendered":"<p>La capture et l\u2019enregistrement de la voix sont difficiles. De nombreux param\u00e8tres, souvent complexes, doivent \u00eatre ma\u00eetris\u00e9s afin d\u2019obtenir un rendu fid\u00e8le \u00e0 la r\u00e9alit\u00e9. Les dispositifs de captation, la position du ou des chanteurs ou narrateurs, l\u2019acoustique du lieu, l\u2019ambiance, sont quelques-uns des \u00e9l\u00e9ments qu\u2019il faut contr\u00f4ler, sans compter la cha\u00eene de traitement analogique ou num\u00e9rique.<\/p>\n<p>Si autrefois, les ressources \u00e9taient uniquement mat\u00e9rielles, aujourd\u2019hui les technologies num\u00e9riques sont omnipr\u00e9sentes et tout professionnel de l\u2019enregistrement doit savoir les ma\u00eetriser.<\/p>\n<p><em>Enregistrement et traitement de la voix 1<\/em> traite avant tout de g\u00e9n\u00e9ralit\u00e9s. Il offre tout d\u2019abord un rappel historique suivi de la physiologie de l\u2019appareil vocal. Puis, il pr\u00e9sente une \u00e9tude avanc\u00e9e des microphones ainsi que de l\u2019environnement acoustique du lieu de capture sonore, <em>home studio<\/em>, studio d\u2019enregistrement, live ou encore milieu naturel.<\/p>\n<p>Apr\u00e8s avoir parcouru l&rsquo;ensemble des chapitres, le lecteur poss\u00e9dera une vision claire des diff\u00e9rents outils et des actions \u00e0 r\u00e9aliser pour obtenir un enregistrement vocal de qualit\u00e9.<\/p>","protected":false},"excerpt":{"rendered":"<p>La capture et l\u2019enregistrement de la voix sont difficiles. De nombreux param\u00e8tres, souvent complexes, doivent \u00eatre ma\u00eetris\u00e9s afin d\u2019obtenir un rendu fid\u00e8le \u00e0 la r\u00e9alit\u00e9. Les dispositifs de captation, la position du ou des chanteurs ou narrateurs, l\u2019acoustique du lieu, l\u2019ambiance, sont quelques-uns des \u00e9l\u00e9ments qu\u2019il faut contr\u00f4ler, sans compter la cha\u00eene de traitement analogique [&hellip;]<\/p>\n","protected":false},"featured_media":46093,"template":"","meta":{"_acf_changed":false,"_links_to":"","_links_to_target":""},"product_brand":[],"product_cat":[677],"product_tag":[],"class_list":{"0":"post-46085","1":"product","2":"type-product","3":"status-publish","4":"has-post-thumbnail","6":"product_cat-ondes-12506522","8":"first","9":"instock","10":"shipping-taxable","11":"purchasable","12":"product-type-variable"},"acf":[],"yoast_head":"<!-- This site is optimized with the Yoast SEO plugin v27.2 - https:\/\/yoast.com\/product\/yoast-seo-wordpress\/ -->\n<title>Enregistrement et traitement de la voix 1 - ISTE Group<\/title>\n<meta name=\"description\" content=\"Enregistrement et traitement de la voix 1 traite avant tout de g\u00e9n\u00e9ralit\u00e9s. Il offre tout d\u2019abord un rappel historique suivi de la physiologie de l\u2019appareil vocal.\" \/>\n<meta name=\"robots\" content=\"index, follow, max-snippet:-1, max-image-preview:large, max-video-preview:-1\" \/>\n<link rel=\"canonical\" href=\"https:\/\/www.istegroup.com\/en\/produit\/enregistrement-et-traitement-de-la-voix-1\/\" \/>\n<meta property=\"og:locale\" content=\"fr_FR\" \/>\n<meta property=\"og:type\" content=\"article\" \/>\n<meta property=\"og:title\" content=\"Enregistrement et traitement de la voix 1 - ISTE Group\" \/>\n<meta property=\"og:description\" content=\"Enregistrement et traitement de la voix 1 traite avant tout de g\u00e9n\u00e9ralit\u00e9s. Il offre tout d\u2019abord un rappel historique suivi de la physiologie de l\u2019appareil vocal.\" \/>\n<meta property=\"og:url\" content=\"https:\/\/www.istegroup.com\/en\/produit\/enregistrement-et-traitement-de-la-voix-1\/\" \/>\n<meta property=\"og:site_name\" content=\"ISTE Group\" \/>\n<meta property=\"article:modified_time\" content=\"2024-01-03T13:45:42+00:00\" \/>\n<meta property=\"og:image\" content=\"https:\/\/www.istegroup.com\/wp-content\/uploads\/2022\/04\/Enregistrement-et-traitement-de-la-voix-1.jpg\" \/>\n\t<meta property=\"og:image:width\" content=\"350\" \/>\n\t<meta property=\"og:image:height\" content=\"525\" \/>\n\t<meta property=\"og:image:type\" content=\"image\/jpeg\" \/>\n<meta name=\"twitter:card\" content=\"summary_large_image\" \/>\n<meta name=\"twitter:label1\" content=\"Est. reading time\" \/>\n\t<meta name=\"twitter:data1\" content=\"1 minute\" \/>\n<script type=\"application\/ld+json\" class=\"yoast-schema-graph\">{\"@context\":\"https:\/\/schema.org\",\"@graph\":[{\"@type\":\"WebPage\",\"@id\":\"https:\/\/www.istegroup.com\/en\/produit\/enregistrement-et-traitement-de-la-voix-1\/\",\"url\":\"https:\/\/www.istegroup.com\/en\/produit\/enregistrement-et-traitement-de-la-voix-1\/\",\"name\":\"Enregistrement et traitement de la voix 1 - ISTE Group\",\"isPartOf\":{\"@id\":\"https:\/\/www.istegroup.com\/#website\"},\"primaryImageOfPage\":{\"@id\":\"https:\/\/www.istegroup.com\/en\/produit\/enregistrement-et-traitement-de-la-voix-1\/#primaryimage\"},\"image\":{\"@id\":\"https:\/\/www.istegroup.com\/en\/produit\/enregistrement-et-traitement-de-la-voix-1\/#primaryimage\"},\"thumbnailUrl\":\"https:\/\/www.istegroup.com\/wp-content\/uploads\/2022\/04\/Enregistrement-et-traitement-de-la-voix-1.jpg\",\"datePublished\":\"2022-04-25T07:43:07+00:00\",\"dateModified\":\"2024-01-03T13:45:42+00:00\",\"description\":\"Enregistrement et traitement de la voix 1 traite avant tout de g\u00e9n\u00e9ralit\u00e9s. Il offre tout d\u2019abord un rappel historique suivi de la physiologie de l\u2019appareil vocal.\",\"breadcrumb\":{\"@id\":\"https:\/\/www.istegroup.com\/en\/produit\/enregistrement-et-traitement-de-la-voix-1\/#breadcrumb\"},\"inLanguage\":\"fr-FR\",\"potentialAction\":[{\"@type\":\"ReadAction\",\"target\":[\"https:\/\/www.istegroup.com\/en\/produit\/enregistrement-et-traitement-de-la-voix-1\/\"]}]},{\"@type\":\"ImageObject\",\"inLanguage\":\"fr-FR\",\"@id\":\"https:\/\/www.istegroup.com\/en\/produit\/enregistrement-et-traitement-de-la-voix-1\/#primaryimage\",\"url\":\"https:\/\/www.istegroup.com\/wp-content\/uploads\/2022\/04\/Enregistrement-et-traitement-de-la-voix-1.jpg\",\"contentUrl\":\"https:\/\/www.istegroup.com\/wp-content\/uploads\/2022\/04\/Enregistrement-et-traitement-de-la-voix-1.jpg\",\"width\":350,\"height\":525,\"caption\":\"Livre scientifique - Enregistrement et traitement de la voix 1\"},{\"@type\":\"BreadcrumbList\",\"@id\":\"https:\/\/www.istegroup.com\/en\/produit\/enregistrement-et-traitement-de-la-voix-1\/#breadcrumb\",\"itemListElement\":[{\"@type\":\"ListItem\",\"position\":1,\"name\":\"Home\",\"item\":\"https:\/\/www.istegroup.com\/\"},{\"@type\":\"ListItem\",\"position\":2,\"name\":\"Shop\",\"item\":\"https:\/\/www.istegroup.com\/fr\/nouveautes\/\"},{\"@type\":\"ListItem\",\"position\":3,\"name\":\"Enregistrement et traitement de la voix 1\"}]},{\"@type\":\"WebSite\",\"@id\":\"https:\/\/www.istegroup.com\/#website\",\"url\":\"https:\/\/www.istegroup.com\/\",\"name\":\"ISTE Group\",\"description\":\"\u00c9diteur des Sciences\",\"potentialAction\":[{\"@type\":\"SearchAction\",\"target\":{\"@type\":\"EntryPoint\",\"urlTemplate\":\"https:\/\/www.istegroup.com\/?s={search_term_string}\"},\"query-input\":{\"@type\":\"PropertyValueSpecification\",\"valueRequired\":true,\"valueName\":\"search_term_string\"}}],\"inLanguage\":\"fr-FR\"}]}<\/script>\n<!-- \/ Yoast SEO plugin. -->","yoast_head_json":{"title":"Enregistrement et traitement de la voix 1 - ISTE Group","description":"Enregistrement et traitement de la voix 1 traite avant tout de g\u00e9n\u00e9ralit\u00e9s. Il offre tout d\u2019abord un rappel historique suivi de la physiologie de l\u2019appareil vocal.","robots":{"index":"index","follow":"follow","max-snippet":"max-snippet:-1","max-image-preview":"max-image-preview:large","max-video-preview":"max-video-preview:-1"},"canonical":"https:\/\/www.istegroup.com\/en\/produit\/enregistrement-et-traitement-de-la-voix-1\/","og_locale":"fr_FR","og_type":"article","og_title":"Enregistrement et traitement de la voix 1 - ISTE Group","og_description":"Enregistrement et traitement de la voix 1 traite avant tout de g\u00e9n\u00e9ralit\u00e9s. Il offre tout d\u2019abord un rappel historique suivi de la physiologie de l\u2019appareil vocal.","og_url":"https:\/\/www.istegroup.com\/en\/produit\/enregistrement-et-traitement-de-la-voix-1\/","og_site_name":"ISTE Group","article_modified_time":"2024-01-03T13:45:42+00:00","og_image":[{"width":350,"height":525,"url":"https:\/\/www.istegroup.com\/wp-content\/uploads\/2022\/04\/Enregistrement-et-traitement-de-la-voix-1.jpg","type":"image\/jpeg"}],"twitter_card":"summary_large_image","twitter_misc":{"Est. reading time":"1 minute"},"schema":{"@context":"https:\/\/schema.org","@graph":[{"@type":"WebPage","@id":"https:\/\/www.istegroup.com\/en\/produit\/enregistrement-et-traitement-de-la-voix-1\/","url":"https:\/\/www.istegroup.com\/en\/produit\/enregistrement-et-traitement-de-la-voix-1\/","name":"Enregistrement et traitement de la voix 1 - ISTE Group","isPartOf":{"@id":"https:\/\/www.istegroup.com\/#website"},"primaryImageOfPage":{"@id":"https:\/\/www.istegroup.com\/en\/produit\/enregistrement-et-traitement-de-la-voix-1\/#primaryimage"},"image":{"@id":"https:\/\/www.istegroup.com\/en\/produit\/enregistrement-et-traitement-de-la-voix-1\/#primaryimage"},"thumbnailUrl":"https:\/\/www.istegroup.com\/wp-content\/uploads\/2022\/04\/Enregistrement-et-traitement-de-la-voix-1.jpg","datePublished":"2022-04-25T07:43:07+00:00","dateModified":"2024-01-03T13:45:42+00:00","description":"Enregistrement et traitement de la voix 1 traite avant tout de g\u00e9n\u00e9ralit\u00e9s. Il offre tout d\u2019abord un rappel historique suivi de la physiologie de l\u2019appareil vocal.","breadcrumb":{"@id":"https:\/\/www.istegroup.com\/en\/produit\/enregistrement-et-traitement-de-la-voix-1\/#breadcrumb"},"inLanguage":"fr-FR","potentialAction":[{"@type":"ReadAction","target":["https:\/\/www.istegroup.com\/en\/produit\/enregistrement-et-traitement-de-la-voix-1\/"]}]},{"@type":"ImageObject","inLanguage":"fr-FR","@id":"https:\/\/www.istegroup.com\/en\/produit\/enregistrement-et-traitement-de-la-voix-1\/#primaryimage","url":"https:\/\/www.istegroup.com\/wp-content\/uploads\/2022\/04\/Enregistrement-et-traitement-de-la-voix-1.jpg","contentUrl":"https:\/\/www.istegroup.com\/wp-content\/uploads\/2022\/04\/Enregistrement-et-traitement-de-la-voix-1.jpg","width":350,"height":525,"caption":"Livre scientifique - Enregistrement et traitement de la voix 1"},{"@type":"BreadcrumbList","@id":"https:\/\/www.istegroup.com\/en\/produit\/enregistrement-et-traitement-de-la-voix-1\/#breadcrumb","itemListElement":[{"@type":"ListItem","position":1,"name":"Home","item":"https:\/\/www.istegroup.com\/"},{"@type":"ListItem","position":2,"name":"Shop","item":"https:\/\/www.istegroup.com\/fr\/nouveautes\/"},{"@type":"ListItem","position":3,"name":"Enregistrement et traitement de la voix 1"}]},{"@type":"WebSite","@id":"https:\/\/www.istegroup.com\/#website","url":"https:\/\/www.istegroup.com\/","name":"ISTE Group","description":"\u00c9diteur des Sciences","potentialAction":[{"@type":"SearchAction","target":{"@type":"EntryPoint","urlTemplate":"https:\/\/www.istegroup.com\/?s={search_term_string}"},"query-input":{"@type":"PropertyValueSpecification","valueRequired":true,"valueName":"search_term_string"}}],"inLanguage":"fr-FR"}]}},"_links":{"self":[{"href":"https:\/\/www.istegroup.com\/fr\/wp-json\/wp\/v2\/product\/46085","targetHints":{"allow":["GET"]}}],"collection":[{"href":"https:\/\/www.istegroup.com\/fr\/wp-json\/wp\/v2\/product"}],"about":[{"href":"https:\/\/www.istegroup.com\/fr\/wp-json\/wp\/v2\/types\/product"}],"wp:featuredmedia":[{"embeddable":true,"href":"https:\/\/www.istegroup.com\/fr\/wp-json\/wp\/v2\/media\/46093"}],"wp:attachment":[{"href":"https:\/\/www.istegroup.com\/fr\/wp-json\/wp\/v2\/media?parent=46085"}],"wp:term":[{"taxonomy":"product_brand","embeddable":true,"href":"https:\/\/www.istegroup.com\/fr\/wp-json\/wp\/v2\/product_brand?post=46085"},{"taxonomy":"product_cat","embeddable":true,"href":"https:\/\/www.istegroup.com\/fr\/wp-json\/wp\/v2\/product_cat?post=46085"},{"taxonomy":"product_tag","embeddable":true,"href":"https:\/\/www.istegroup.com\/fr\/wp-json\/wp\/v2\/product_tag?post=46085"}],"curies":[{"name":"wp","href":"https:\/\/api.w.org\/{rel}","templated":true}]}}