{"id":46066,"date":"2022-04-13T16:09:14","date_gmt":"2022-04-13T15:09:14","guid":{"rendered":"https:\/\/www.istegroup.com\/?post_type=product&#038;p=46066"},"modified":"2024-01-03T13:45:42","modified_gmt":"2024-01-03T13:45:42","slug":"structures-et-fonctions-des-arn-retroviraux","status":"publish","type":"product","link":"https:\/\/www.istegroup.com\/fr\/produit\/structures-et-fonctions-des-arn-retroviraux\/","title":{"rendered":"Structures et fonctions des ARN r\u00e9troviraux"},"content":{"rendered":"<p>Une famille de virus est responsable de l\u2019infection de nombreuses esp\u00e8ces de vert\u00e9br\u00e9s. Ce sont les r\u00e9trovirus dont l\u2019ARN g\u00e9nomique utilis\u00e9 comme support de l\u2019information g\u00e9n\u00e9tique assure des fonctions de natures vari\u00e9es, mais essentielles \u00e0 la formation d\u2019une particule virale infectieuse. Ces fonctions d\u00e9pendent de structures form\u00e9es par le repliement de l\u2019ARN g\u00e9nomique.<\/p>\n<p><em>Structures et fonctions des ARN r\u00e9troviraux<\/em> d\u00e9crit la formation de ces structures ainsi que leurs interactions sp\u00e9cifiques avec des acides nucl\u00e9iques et des prot\u00e9ines. \u00c0 l\u2019aune des avanc\u00e9es r\u00e9centes en mati\u00e8re de virologie mol\u00e9culaire, il permet ainsi d\u2019appr\u00e9hender les diff\u00e9rentes facettes du g\u00e9nome r\u00e9troviral. Il souligne notamment que l\u2019\u00e9tude des relations structure-fonction des ARN r\u00e9troviraux impulse une dynamique dans les recherches sur le VIH-1, principal agent causal du sida. En effet, l\u2019un des enjeux de la pharmacologie r\u00e9side en l\u2019exploitation de plusieurs cibles permettant d\u2019anticiper et d\u2019endiguer l\u2019\u00e9mergence de r\u00e9sistances aux m\u00e9dicaments anti-VIH. L&rsquo;ouvrage pr\u00e9sente \u00e9galement des structures et interactions pouvant s\u2019av\u00e9rer des cibles potentielles.<\/p>","protected":false},"excerpt":{"rendered":"<p>Une famille de virus est responsable de l\u2019infection de nombreuses esp\u00e8ces de vert\u00e9br\u00e9s. Ce sont les r\u00e9trovirus dont l\u2019ARN g\u00e9nomique utilis\u00e9 comme support de l\u2019information g\u00e9n\u00e9tique assure des fonctions de natures vari\u00e9es, mais essentielles \u00e0 la formation d\u2019une particule virale infectieuse. Ces fonctions d\u00e9pendent de structures form\u00e9es par le repliement de l\u2019ARN g\u00e9nomique. Structures et [&hellip;]<\/p>\n","protected":false},"featured_media":46073,"template":"","meta":{"_acf_changed":false,"_links_to":"","_links_to_target":""},"product_brand":[],"product_cat":[3262],"product_tag":[],"class_list":{"0":"post-46066","1":"product","2":"type-product","3":"status-publish","4":"has-post-thumbnail","6":"product_cat-non-classe","8":"first","9":"instock","10":"shipping-taxable","11":"purchasable","12":"product-type-variable"},"acf":[],"yoast_head":"<!-- This site is optimized with the Yoast SEO plugin v27.2 - https:\/\/yoast.com\/product\/yoast-seo-wordpress\/ -->\n<title>Structures et fonctions des ARN r\u00e9troviraux - ISTE Group<\/title>\n<meta name=\"description\" content=\"Structures et fonctions des ARN r\u00e9troviraux d\u00e9crit la formation de ces structures ainsi que leurs interactions sp\u00e9cifiques avec des acides nucl\u00e9iques et des prot\u00e9ines.\" \/>\n<meta name=\"robots\" content=\"index, follow, max-snippet:-1, max-image-preview:large, max-video-preview:-1\" \/>\n<link rel=\"canonical\" href=\"https:\/\/www.istegroup.com\/fr\/produit\/structures-et-fonctions-des-arn-retroviraux\/\" \/>\n<meta property=\"og:locale\" content=\"fr_FR\" \/>\n<meta property=\"og:type\" content=\"article\" \/>\n<meta property=\"og:title\" content=\"Structures et fonctions des ARN r\u00e9troviraux - ISTE Group\" \/>\n<meta property=\"og:description\" content=\"Structures et fonctions des ARN r\u00e9troviraux d\u00e9crit la formation de ces structures ainsi que leurs interactions sp\u00e9cifiques avec des acides nucl\u00e9iques et des prot\u00e9ines.\" \/>\n<meta property=\"og:url\" content=\"https:\/\/www.istegroup.com\/fr\/produit\/structures-et-fonctions-des-arn-retroviraux\/\" \/>\n<meta property=\"og:site_name\" content=\"ISTE Group\" \/>\n<meta property=\"article:modified_time\" content=\"2024-01-03T13:45:42+00:00\" \/>\n<meta property=\"og:image\" content=\"https:\/\/www.istegroup.com\/wp-content\/uploads\/2022\/04\/Structures-et-fonctions-des-ARN-retroviraux.jpg\" \/>\n\t<meta property=\"og:image:width\" content=\"350\" \/>\n\t<meta property=\"og:image:height\" content=\"529\" \/>\n\t<meta property=\"og:image:type\" content=\"image\/jpeg\" \/>\n<meta name=\"twitter:card\" content=\"summary_large_image\" \/>\n<meta name=\"twitter:label1\" content=\"Est. reading time\" \/>\n\t<meta name=\"twitter:data1\" content=\"1 minute\" \/>\n<script type=\"application\/ld+json\" class=\"yoast-schema-graph\">{\"@context\":\"https:\/\/schema.org\",\"@graph\":[{\"@type\":\"WebPage\",\"@id\":\"https:\/\/www.istegroup.com\/fr\/produit\/structures-et-fonctions-des-arn-retroviraux\/\",\"url\":\"https:\/\/www.istegroup.com\/fr\/produit\/structures-et-fonctions-des-arn-retroviraux\/\",\"name\":\"Structures et fonctions des ARN r\u00e9troviraux - ISTE Group\",\"isPartOf\":{\"@id\":\"https:\/\/www.istegroup.com\/#website\"},\"primaryImageOfPage\":{\"@id\":\"https:\/\/www.istegroup.com\/fr\/produit\/structures-et-fonctions-des-arn-retroviraux\/#primaryimage\"},\"image\":{\"@id\":\"https:\/\/www.istegroup.com\/fr\/produit\/structures-et-fonctions-des-arn-retroviraux\/#primaryimage\"},\"thumbnailUrl\":\"https:\/\/www.istegroup.com\/wp-content\/uploads\/2022\/04\/Structures-et-fonctions-des-ARN-retroviraux.jpg\",\"datePublished\":\"2022-04-13T15:09:14+00:00\",\"dateModified\":\"2024-01-03T13:45:42+00:00\",\"description\":\"Structures et fonctions des ARN r\u00e9troviraux d\u00e9crit la formation de ces structures ainsi que leurs interactions sp\u00e9cifiques avec des acides nucl\u00e9iques et des prot\u00e9ines.\",\"breadcrumb\":{\"@id\":\"https:\/\/www.istegroup.com\/fr\/produit\/structures-et-fonctions-des-arn-retroviraux\/#breadcrumb\"},\"inLanguage\":\"fr-FR\",\"potentialAction\":[{\"@type\":\"ReadAction\",\"target\":[\"https:\/\/www.istegroup.com\/fr\/produit\/structures-et-fonctions-des-arn-retroviraux\/\"]}]},{\"@type\":\"ImageObject\",\"inLanguage\":\"fr-FR\",\"@id\":\"https:\/\/www.istegroup.com\/fr\/produit\/structures-et-fonctions-des-arn-retroviraux\/#primaryimage\",\"url\":\"https:\/\/www.istegroup.com\/wp-content\/uploads\/2022\/04\/Structures-et-fonctions-des-ARN-retroviraux.jpg\",\"contentUrl\":\"https:\/\/www.istegroup.com\/wp-content\/uploads\/2022\/04\/Structures-et-fonctions-des-ARN-retroviraux.jpg\",\"width\":350,\"height\":529,\"caption\":\"Livre scientifique - Structures et fonctions des ARN r\u00e9troviraux\"},{\"@type\":\"BreadcrumbList\",\"@id\":\"https:\/\/www.istegroup.com\/fr\/produit\/structures-et-fonctions-des-arn-retroviraux\/#breadcrumb\",\"itemListElement\":[{\"@type\":\"ListItem\",\"position\":1,\"name\":\"Home\",\"item\":\"https:\/\/www.istegroup.com\/\"},{\"@type\":\"ListItem\",\"position\":2,\"name\":\"Shop\",\"item\":\"https:\/\/www.istegroup.com\/fr\/nouveautes\/\"},{\"@type\":\"ListItem\",\"position\":3,\"name\":\"Structures et fonctions des ARN r\u00e9troviraux\"}]},{\"@type\":\"WebSite\",\"@id\":\"https:\/\/www.istegroup.com\/#website\",\"url\":\"https:\/\/www.istegroup.com\/\",\"name\":\"ISTE Group\",\"description\":\"\u00c9diteur des Sciences\",\"potentialAction\":[{\"@type\":\"SearchAction\",\"target\":{\"@type\":\"EntryPoint\",\"urlTemplate\":\"https:\/\/www.istegroup.com\/?s={search_term_string}\"},\"query-input\":{\"@type\":\"PropertyValueSpecification\",\"valueRequired\":true,\"valueName\":\"search_term_string\"}}],\"inLanguage\":\"fr-FR\"}]}<\/script>\n<!-- \/ Yoast SEO plugin. -->","yoast_head_json":{"title":"Structures et fonctions des ARN r\u00e9troviraux - ISTE Group","description":"Structures et fonctions des ARN r\u00e9troviraux d\u00e9crit la formation de ces structures ainsi que leurs interactions sp\u00e9cifiques avec des acides nucl\u00e9iques et des prot\u00e9ines.","robots":{"index":"index","follow":"follow","max-snippet":"max-snippet:-1","max-image-preview":"max-image-preview:large","max-video-preview":"max-video-preview:-1"},"canonical":"https:\/\/www.istegroup.com\/fr\/produit\/structures-et-fonctions-des-arn-retroviraux\/","og_locale":"fr_FR","og_type":"article","og_title":"Structures et fonctions des ARN r\u00e9troviraux - ISTE Group","og_description":"Structures et fonctions des ARN r\u00e9troviraux d\u00e9crit la formation de ces structures ainsi que leurs interactions sp\u00e9cifiques avec des acides nucl\u00e9iques et des prot\u00e9ines.","og_url":"https:\/\/www.istegroup.com\/fr\/produit\/structures-et-fonctions-des-arn-retroviraux\/","og_site_name":"ISTE Group","article_modified_time":"2024-01-03T13:45:42+00:00","og_image":[{"width":350,"height":529,"url":"https:\/\/www.istegroup.com\/wp-content\/uploads\/2022\/04\/Structures-et-fonctions-des-ARN-retroviraux.jpg","type":"image\/jpeg"}],"twitter_card":"summary_large_image","twitter_misc":{"Est. reading time":"1 minute"},"schema":{"@context":"https:\/\/schema.org","@graph":[{"@type":"WebPage","@id":"https:\/\/www.istegroup.com\/fr\/produit\/structures-et-fonctions-des-arn-retroviraux\/","url":"https:\/\/www.istegroup.com\/fr\/produit\/structures-et-fonctions-des-arn-retroviraux\/","name":"Structures et fonctions des ARN r\u00e9troviraux - ISTE Group","isPartOf":{"@id":"https:\/\/www.istegroup.com\/#website"},"primaryImageOfPage":{"@id":"https:\/\/www.istegroup.com\/fr\/produit\/structures-et-fonctions-des-arn-retroviraux\/#primaryimage"},"image":{"@id":"https:\/\/www.istegroup.com\/fr\/produit\/structures-et-fonctions-des-arn-retroviraux\/#primaryimage"},"thumbnailUrl":"https:\/\/www.istegroup.com\/wp-content\/uploads\/2022\/04\/Structures-et-fonctions-des-ARN-retroviraux.jpg","datePublished":"2022-04-13T15:09:14+00:00","dateModified":"2024-01-03T13:45:42+00:00","description":"Structures et fonctions des ARN r\u00e9troviraux d\u00e9crit la formation de ces structures ainsi que leurs interactions sp\u00e9cifiques avec des acides nucl\u00e9iques et des prot\u00e9ines.","breadcrumb":{"@id":"https:\/\/www.istegroup.com\/fr\/produit\/structures-et-fonctions-des-arn-retroviraux\/#breadcrumb"},"inLanguage":"fr-FR","potentialAction":[{"@type":"ReadAction","target":["https:\/\/www.istegroup.com\/fr\/produit\/structures-et-fonctions-des-arn-retroviraux\/"]}]},{"@type":"ImageObject","inLanguage":"fr-FR","@id":"https:\/\/www.istegroup.com\/fr\/produit\/structures-et-fonctions-des-arn-retroviraux\/#primaryimage","url":"https:\/\/www.istegroup.com\/wp-content\/uploads\/2022\/04\/Structures-et-fonctions-des-ARN-retroviraux.jpg","contentUrl":"https:\/\/www.istegroup.com\/wp-content\/uploads\/2022\/04\/Structures-et-fonctions-des-ARN-retroviraux.jpg","width":350,"height":529,"caption":"Livre scientifique - Structures et fonctions des ARN r\u00e9troviraux"},{"@type":"BreadcrumbList","@id":"https:\/\/www.istegroup.com\/fr\/produit\/structures-et-fonctions-des-arn-retroviraux\/#breadcrumb","itemListElement":[{"@type":"ListItem","position":1,"name":"Home","item":"https:\/\/www.istegroup.com\/"},{"@type":"ListItem","position":2,"name":"Shop","item":"https:\/\/www.istegroup.com\/fr\/nouveautes\/"},{"@type":"ListItem","position":3,"name":"Structures et fonctions des ARN r\u00e9troviraux"}]},{"@type":"WebSite","@id":"https:\/\/www.istegroup.com\/#website","url":"https:\/\/www.istegroup.com\/","name":"ISTE Group","description":"\u00c9diteur des Sciences","potentialAction":[{"@type":"SearchAction","target":{"@type":"EntryPoint","urlTemplate":"https:\/\/www.istegroup.com\/?s={search_term_string}"},"query-input":{"@type":"PropertyValueSpecification","valueRequired":true,"valueName":"search_term_string"}}],"inLanguage":"fr-FR"}]}},"_links":{"self":[{"href":"https:\/\/www.istegroup.com\/fr\/wp-json\/wp\/v2\/product\/46066","targetHints":{"allow":["GET"]}}],"collection":[{"href":"https:\/\/www.istegroup.com\/fr\/wp-json\/wp\/v2\/product"}],"about":[{"href":"https:\/\/www.istegroup.com\/fr\/wp-json\/wp\/v2\/types\/product"}],"wp:featuredmedia":[{"embeddable":true,"href":"https:\/\/www.istegroup.com\/fr\/wp-json\/wp\/v2\/media\/46073"}],"wp:attachment":[{"href":"https:\/\/www.istegroup.com\/fr\/wp-json\/wp\/v2\/media?parent=46066"}],"wp:term":[{"taxonomy":"product_brand","embeddable":true,"href":"https:\/\/www.istegroup.com\/fr\/wp-json\/wp\/v2\/product_brand?post=46066"},{"taxonomy":"product_cat","embeddable":true,"href":"https:\/\/www.istegroup.com\/fr\/wp-json\/wp\/v2\/product_cat?post=46066"},{"taxonomy":"product_tag","embeddable":true,"href":"https:\/\/www.istegroup.com\/fr\/wp-json\/wp\/v2\/product_tag?post=46066"}],"curies":[{"name":"wp","href":"https:\/\/api.w.org\/{rel}","templated":true}]}}