{"id":46036,"date":"2022-04-25T15:00:33","date_gmt":"2022-04-25T14:00:33","guid":{"rendered":"https:\/\/www.istegroup.com\/?post_type=product&#038;p=46036"},"modified":"2024-01-03T13:45:42","modified_gmt":"2024-01-03T13:45:42","slug":"planification-des-reseaux-electriques-de-distribution","status":"publish","type":"product","link":"https:\/\/www.istegroup.com\/fr\/produit\/planification-des-reseaux-electriques-de-distribution\/","title":{"rendered":"Planification des r\u00e9seaux \u00e9lectriques de distribution"},"content":{"rendered":"<p>Les r\u00e9seaux \u00e9lectriques de distribution sont un acc\u00e9l\u00e9rateur de la transition \u00e9nerg\u00e9tique et soci\u00e9tale. La planification des r\u00e9seaux permet d\u2019investir au bon endroit, au bon moment et avec les bonnes technologies.<\/p>\n<p><em>Planification des r\u00e9seaux \u00e9lectriques de distribution<\/em> s\u2019int\u00e9resse \u00e0 l\u2019\u00e9volution des m\u00e9thodes de planification pour accompagner au mieux cette transition et d\u00e9crit le contexte historique et les notions qui permettent de comprendre le concept de planification, ses enjeux et principaux facteurs d\u2019influence. Il analyse \u00e9galement l\u2019impact du d\u00e9veloppement des ressources renouvelables et d\u00e9centralis\u00e9es d\u2019\u00e9nergie, des recommandations gouvernementales et des initiatives des distributeurs pour favoriser leur int\u00e9gration.<\/p>\n<p>Cet ouvrage propose des exemples d\u2019\u00e9volution des m\u00e9thodes de planification \u00e0 travers quelques \u00e9tudes de cas. Il offre \u00e9galement une ouverture sur les nouvelles solutions \u00e9mergentes.<\/p>","protected":false},"excerpt":{"rendered":"<p>Les r\u00e9seaux \u00e9lectriques de distribution sont un acc\u00e9l\u00e9rateur de la transition \u00e9nerg\u00e9tique et soci\u00e9tale. La planification des r\u00e9seaux permet d\u2019investir au bon endroit, au bon moment et avec les bonnes technologies. Planification des r\u00e9seaux \u00e9lectriques de distribution s\u2019int\u00e9resse \u00e0 l\u2019\u00e9volution des m\u00e9thodes de planification pour accompagner au mieux cette transition et d\u00e9crit le contexte historique [&hellip;]<\/p>\n","protected":false},"featured_media":46057,"template":"","meta":{"_acf_changed":false,"_links_to":"","_links_to_target":""},"product_brand":[],"product_cat":[660],"product_tag":[],"class_list":{"0":"post-46036","1":"product","2":"type-product","3":"status-publish","4":"has-post-thumbnail","6":"product_cat-energie-12506414","8":"first","9":"instock","10":"shipping-taxable","11":"purchasable","12":"product-type-variable"},"acf":[],"yoast_head":"<!-- This site is optimized with the Yoast SEO plugin v27.2 - https:\/\/yoast.com\/product\/yoast-seo-wordpress\/ -->\n<title>Planification des r\u00e9seaux \u00e9lectriques de distribution - ISTE Group<\/title>\n<meta name=\"description\" content=\"Planification des r\u00e9seaux \u00e9lectriques de distribution s\u2019int\u00e9resse \u00e0 l\u2019\u00e9volution des m\u00e9thodes de planification pour accompagner au mieux cette transition et d\u00e9crit le contexte historique et les notions qui permettent de comprendre le concept de planification, ses enjeux et principaux facteurs d\u2019influence.\" \/>\n<meta name=\"robots\" content=\"index, follow, max-snippet:-1, max-image-preview:large, max-video-preview:-1\" \/>\n<link rel=\"canonical\" href=\"https:\/\/www.istegroup.com\/en\/produit\/planification-des-reseaux-electriques-de-distribution\/\" \/>\n<meta property=\"og:locale\" content=\"fr_FR\" \/>\n<meta property=\"og:type\" content=\"article\" \/>\n<meta property=\"og:title\" content=\"Planification des r\u00e9seaux \u00e9lectriques de distribution - ISTE Group\" \/>\n<meta property=\"og:description\" content=\"Planification des r\u00e9seaux \u00e9lectriques de distribution s\u2019int\u00e9resse \u00e0 l\u2019\u00e9volution des m\u00e9thodes de planification pour accompagner au mieux cette transition et d\u00e9crit le contexte historique et les notions qui permettent de comprendre le concept de planification, ses enjeux et principaux facteurs d\u2019influence.\" \/>\n<meta property=\"og:url\" content=\"https:\/\/www.istegroup.com\/en\/produit\/planification-des-reseaux-electriques-de-distribution\/\" \/>\n<meta property=\"og:site_name\" content=\"ISTE Group\" \/>\n<meta property=\"article:modified_time\" content=\"2024-01-03T13:45:42+00:00\" \/>\n<meta property=\"og:image\" content=\"https:\/\/www.istegroup.com\/wp-content\/uploads\/2022\/04\/Planification-des-reseaux-electriques-de-distribution.jpg\" \/>\n\t<meta property=\"og:image:width\" content=\"350\" \/>\n\t<meta property=\"og:image:height\" content=\"526\" \/>\n\t<meta property=\"og:image:type\" content=\"image\/jpeg\" \/>\n<meta name=\"twitter:card\" content=\"summary_large_image\" \/>\n<meta name=\"twitter:label1\" content=\"Est. reading time\" \/>\n\t<meta name=\"twitter:data1\" content=\"1 minute\" \/>\n<script type=\"application\/ld+json\" class=\"yoast-schema-graph\">{\"@context\":\"https:\/\/schema.org\",\"@graph\":[{\"@type\":\"WebPage\",\"@id\":\"https:\/\/www.istegroup.com\/en\/produit\/planification-des-reseaux-electriques-de-distribution\/\",\"url\":\"https:\/\/www.istegroup.com\/en\/produit\/planification-des-reseaux-electriques-de-distribution\/\",\"name\":\"Planification des r\u00e9seaux \u00e9lectriques de distribution - ISTE Group\",\"isPartOf\":{\"@id\":\"https:\/\/www.istegroup.com\/#website\"},\"primaryImageOfPage\":{\"@id\":\"https:\/\/www.istegroup.com\/en\/produit\/planification-des-reseaux-electriques-de-distribution\/#primaryimage\"},\"image\":{\"@id\":\"https:\/\/www.istegroup.com\/en\/produit\/planification-des-reseaux-electriques-de-distribution\/#primaryimage\"},\"thumbnailUrl\":\"https:\/\/www.istegroup.com\/wp-content\/uploads\/2022\/04\/Planification-des-reseaux-electriques-de-distribution.jpg\",\"datePublished\":\"2022-04-25T14:00:33+00:00\",\"dateModified\":\"2024-01-03T13:45:42+00:00\",\"description\":\"Planification des r\u00e9seaux \u00e9lectriques de distribution s\u2019int\u00e9resse \u00e0 l\u2019\u00e9volution des m\u00e9thodes de planification pour accompagner au mieux cette transition et d\u00e9crit le contexte historique et les notions qui permettent de comprendre le concept de planification, ses enjeux et principaux facteurs d\u2019influence.\",\"breadcrumb\":{\"@id\":\"https:\/\/www.istegroup.com\/en\/produit\/planification-des-reseaux-electriques-de-distribution\/#breadcrumb\"},\"inLanguage\":\"fr-FR\",\"potentialAction\":[{\"@type\":\"ReadAction\",\"target\":[\"https:\/\/www.istegroup.com\/en\/produit\/planification-des-reseaux-electriques-de-distribution\/\"]}]},{\"@type\":\"ImageObject\",\"inLanguage\":\"fr-FR\",\"@id\":\"https:\/\/www.istegroup.com\/en\/produit\/planification-des-reseaux-electriques-de-distribution\/#primaryimage\",\"url\":\"https:\/\/www.istegroup.com\/wp-content\/uploads\/2022\/04\/Planification-des-reseaux-electriques-de-distribution.jpg\",\"contentUrl\":\"https:\/\/www.istegroup.com\/wp-content\/uploads\/2022\/04\/Planification-des-reseaux-electriques-de-distribution.jpg\",\"width\":350,\"height\":526,\"caption\":\"Livre scientifique - Planification des r\u00e9seaux \u00e9lectriques de distribution\"},{\"@type\":\"BreadcrumbList\",\"@id\":\"https:\/\/www.istegroup.com\/en\/produit\/planification-des-reseaux-electriques-de-distribution\/#breadcrumb\",\"itemListElement\":[{\"@type\":\"ListItem\",\"position\":1,\"name\":\"Home\",\"item\":\"https:\/\/www.istegroup.com\/\"},{\"@type\":\"ListItem\",\"position\":2,\"name\":\"Shop\",\"item\":\"https:\/\/www.istegroup.com\/fr\/nouveautes\/\"},{\"@type\":\"ListItem\",\"position\":3,\"name\":\"Planification des r\u00e9seaux \u00e9lectriques de distribution\"}]},{\"@type\":\"WebSite\",\"@id\":\"https:\/\/www.istegroup.com\/#website\",\"url\":\"https:\/\/www.istegroup.com\/\",\"name\":\"ISTE Group\",\"description\":\"\u00c9diteur des Sciences\",\"potentialAction\":[{\"@type\":\"SearchAction\",\"target\":{\"@type\":\"EntryPoint\",\"urlTemplate\":\"https:\/\/www.istegroup.com\/?s={search_term_string}\"},\"query-input\":{\"@type\":\"PropertyValueSpecification\",\"valueRequired\":true,\"valueName\":\"search_term_string\"}}],\"inLanguage\":\"fr-FR\"}]}<\/script>\n<!-- \/ Yoast SEO plugin. -->","yoast_head_json":{"title":"Planification des r\u00e9seaux \u00e9lectriques de distribution - ISTE Group","description":"Planification des r\u00e9seaux \u00e9lectriques de distribution s\u2019int\u00e9resse \u00e0 l\u2019\u00e9volution des m\u00e9thodes de planification pour accompagner au mieux cette transition et d\u00e9crit le contexte historique et les notions qui permettent de comprendre le concept de planification, ses enjeux et principaux facteurs d\u2019influence.","robots":{"index":"index","follow":"follow","max-snippet":"max-snippet:-1","max-image-preview":"max-image-preview:large","max-video-preview":"max-video-preview:-1"},"canonical":"https:\/\/www.istegroup.com\/en\/produit\/planification-des-reseaux-electriques-de-distribution\/","og_locale":"fr_FR","og_type":"article","og_title":"Planification des r\u00e9seaux \u00e9lectriques de distribution - ISTE Group","og_description":"Planification des r\u00e9seaux \u00e9lectriques de distribution s\u2019int\u00e9resse \u00e0 l\u2019\u00e9volution des m\u00e9thodes de planification pour accompagner au mieux cette transition et d\u00e9crit le contexte historique et les notions qui permettent de comprendre le concept de planification, ses enjeux et principaux facteurs d\u2019influence.","og_url":"https:\/\/www.istegroup.com\/en\/produit\/planification-des-reseaux-electriques-de-distribution\/","og_site_name":"ISTE Group","article_modified_time":"2024-01-03T13:45:42+00:00","og_image":[{"width":350,"height":526,"url":"https:\/\/www.istegroup.com\/wp-content\/uploads\/2022\/04\/Planification-des-reseaux-electriques-de-distribution.jpg","type":"image\/jpeg"}],"twitter_card":"summary_large_image","twitter_misc":{"Est. reading time":"1 minute"},"schema":{"@context":"https:\/\/schema.org","@graph":[{"@type":"WebPage","@id":"https:\/\/www.istegroup.com\/en\/produit\/planification-des-reseaux-electriques-de-distribution\/","url":"https:\/\/www.istegroup.com\/en\/produit\/planification-des-reseaux-electriques-de-distribution\/","name":"Planification des r\u00e9seaux \u00e9lectriques de distribution - ISTE Group","isPartOf":{"@id":"https:\/\/www.istegroup.com\/#website"},"primaryImageOfPage":{"@id":"https:\/\/www.istegroup.com\/en\/produit\/planification-des-reseaux-electriques-de-distribution\/#primaryimage"},"image":{"@id":"https:\/\/www.istegroup.com\/en\/produit\/planification-des-reseaux-electriques-de-distribution\/#primaryimage"},"thumbnailUrl":"https:\/\/www.istegroup.com\/wp-content\/uploads\/2022\/04\/Planification-des-reseaux-electriques-de-distribution.jpg","datePublished":"2022-04-25T14:00:33+00:00","dateModified":"2024-01-03T13:45:42+00:00","description":"Planification des r\u00e9seaux \u00e9lectriques de distribution s\u2019int\u00e9resse \u00e0 l\u2019\u00e9volution des m\u00e9thodes de planification pour accompagner au mieux cette transition et d\u00e9crit le contexte historique et les notions qui permettent de comprendre le concept de planification, ses enjeux et principaux facteurs d\u2019influence.","breadcrumb":{"@id":"https:\/\/www.istegroup.com\/en\/produit\/planification-des-reseaux-electriques-de-distribution\/#breadcrumb"},"inLanguage":"fr-FR","potentialAction":[{"@type":"ReadAction","target":["https:\/\/www.istegroup.com\/en\/produit\/planification-des-reseaux-electriques-de-distribution\/"]}]},{"@type":"ImageObject","inLanguage":"fr-FR","@id":"https:\/\/www.istegroup.com\/en\/produit\/planification-des-reseaux-electriques-de-distribution\/#primaryimage","url":"https:\/\/www.istegroup.com\/wp-content\/uploads\/2022\/04\/Planification-des-reseaux-electriques-de-distribution.jpg","contentUrl":"https:\/\/www.istegroup.com\/wp-content\/uploads\/2022\/04\/Planification-des-reseaux-electriques-de-distribution.jpg","width":350,"height":526,"caption":"Livre scientifique - Planification des r\u00e9seaux \u00e9lectriques de distribution"},{"@type":"BreadcrumbList","@id":"https:\/\/www.istegroup.com\/en\/produit\/planification-des-reseaux-electriques-de-distribution\/#breadcrumb","itemListElement":[{"@type":"ListItem","position":1,"name":"Home","item":"https:\/\/www.istegroup.com\/"},{"@type":"ListItem","position":2,"name":"Shop","item":"https:\/\/www.istegroup.com\/fr\/nouveautes\/"},{"@type":"ListItem","position":3,"name":"Planification des r\u00e9seaux \u00e9lectriques de distribution"}]},{"@type":"WebSite","@id":"https:\/\/www.istegroup.com\/#website","url":"https:\/\/www.istegroup.com\/","name":"ISTE Group","description":"\u00c9diteur des Sciences","potentialAction":[{"@type":"SearchAction","target":{"@type":"EntryPoint","urlTemplate":"https:\/\/www.istegroup.com\/?s={search_term_string}"},"query-input":{"@type":"PropertyValueSpecification","valueRequired":true,"valueName":"search_term_string"}}],"inLanguage":"fr-FR"}]}},"_links":{"self":[{"href":"https:\/\/www.istegroup.com\/fr\/wp-json\/wp\/v2\/product\/46036","targetHints":{"allow":["GET"]}}],"collection":[{"href":"https:\/\/www.istegroup.com\/fr\/wp-json\/wp\/v2\/product"}],"about":[{"href":"https:\/\/www.istegroup.com\/fr\/wp-json\/wp\/v2\/types\/product"}],"wp:featuredmedia":[{"embeddable":true,"href":"https:\/\/www.istegroup.com\/fr\/wp-json\/wp\/v2\/media\/46057"}],"wp:attachment":[{"href":"https:\/\/www.istegroup.com\/fr\/wp-json\/wp\/v2\/media?parent=46036"}],"wp:term":[{"taxonomy":"product_brand","embeddable":true,"href":"https:\/\/www.istegroup.com\/fr\/wp-json\/wp\/v2\/product_brand?post=46036"},{"taxonomy":"product_cat","embeddable":true,"href":"https:\/\/www.istegroup.com\/fr\/wp-json\/wp\/v2\/product_cat?post=46036"},{"taxonomy":"product_tag","embeddable":true,"href":"https:\/\/www.istegroup.com\/fr\/wp-json\/wp\/v2\/product_tag?post=46036"}],"curies":[{"name":"wp","href":"https:\/\/api.w.org\/{rel}","templated":true}]}}