{"id":46029,"date":"2022-04-25T14:46:21","date_gmt":"2022-04-25T13:46:21","guid":{"rendered":"https:\/\/www.istegroup.com\/?post_type=product&#038;p=46029"},"modified":"2024-01-03T13:45:42","modified_gmt":"2024-01-03T13:45:42","slug":"la-physiologie-experimentale","status":"publish","type":"product","link":"https:\/\/www.istegroup.com\/fr\/produit\/la-physiologie-experimentale\/","title":{"rendered":"La physiologie exp\u00e9rimentale"},"content":{"rendered":"<p>La physiologie exp\u00e9rimentale est le socle sur lequel s\u2019appuie toute la connaissance des fonctions du corps humain. Cet ouvrage pr\u00e9sente la constitution de la physiologie comme une science autonome \u00e0 travers les travaux de l\u2019anatomiste et acad\u00e9micien fran\u00e7ais Fran\u00e7ois Pourfour du Petit (1664-1741).<\/p>\n<p>Rompu aux sciences exp\u00e9rimentales, l\u2019anatomiste, m\u00e9decin, ophtalmologue du XVIIIe si\u00e8cle diss\u00e8que, mesure et exp\u00e9rimente le vivant. Il met ainsi en \u00e9vidence l\u2019inversion des fibres m\u00e9dullaires dans les blessures par contrecoup et d\u00e9termine le r\u00f4le du grand sympathique. Il vient enrichir l\u2019histoire de l\u2019ophtalmologie naissante en y introduisant le calcul, notamment dans les mesures des diff\u00e9rentes chambres de l\u2019oeil et du cristallin, utilisant des tableaux comparatifs et des instruments de mesure. C\u2019est la naissance de l\u2019ophtalmom\u00e9trie moderne.<\/p>","protected":false},"excerpt":{"rendered":"<p>La physiologie exp\u00e9rimentale est le socle sur lequel s\u2019appuie toute la connaissance des fonctions du corps humain. Cet ouvrage pr\u00e9sente la constitution de la physiologie comme une science autonome \u00e0 travers les travaux de l\u2019anatomiste et acad\u00e9micien fran\u00e7ais Fran\u00e7ois Pourfour du Petit (1664-1741). Rompu aux sciences exp\u00e9rimentales, l\u2019anatomiste, m\u00e9decin, ophtalmologue du XVIIIe si\u00e8cle diss\u00e8que, mesure [&hellip;]<\/p>\n","protected":false},"featured_media":46035,"template":"","meta":{"_acf_changed":false,"_links_to":"","_links_to_target":""},"product_brand":[],"product_cat":[666],"product_tag":[],"class_list":{"0":"post-46029","1":"product","2":"type-product","3":"status-publish","4":"has-post-thumbnail","6":"product_cat-histoire-des-sciences-et-des-techniques-166249028","8":"first","9":"instock","10":"shipping-taxable","11":"purchasable","12":"product-type-variable"},"acf":[],"yoast_head":"<!-- This site is optimized with the Yoast SEO plugin v27.2 - https:\/\/yoast.com\/product\/yoast-seo-wordpress\/ -->\n<title>La physiologie exp\u00e9rimentale - ISTE Group<\/title>\n<meta name=\"description\" content=\"Cet ouvrage pr\u00e9sente la constitution de la physiologie comme une science autonome \u00e0 travers les travaux de l\u2019anatomiste et acad\u00e9micien fran\u00e7ais Fran\u00e7ois Pourfour du Petit.\" \/>\n<meta name=\"robots\" content=\"index, follow, max-snippet:-1, max-image-preview:large, max-video-preview:-1\" \/>\n<link rel=\"canonical\" href=\"https:\/\/www.istegroup.com\/fr\/produit\/la-physiologie-experimentale\/\" \/>\n<meta property=\"og:locale\" content=\"fr_FR\" \/>\n<meta property=\"og:type\" content=\"article\" \/>\n<meta property=\"og:title\" content=\"La physiologie exp\u00e9rimentale - ISTE Group\" \/>\n<meta property=\"og:description\" content=\"Cet ouvrage pr\u00e9sente la constitution de la physiologie comme une science autonome \u00e0 travers les travaux de l\u2019anatomiste et acad\u00e9micien fran\u00e7ais Fran\u00e7ois Pourfour du Petit.\" \/>\n<meta property=\"og:url\" content=\"https:\/\/www.istegroup.com\/fr\/produit\/la-physiologie-experimentale\/\" \/>\n<meta property=\"og:site_name\" content=\"ISTE Group\" \/>\n<meta property=\"article:modified_time\" content=\"2024-01-03T13:45:42+00:00\" \/>\n<meta property=\"og:image\" content=\"https:\/\/www.istegroup.com\/wp-content\/uploads\/2022\/04\/La-physiologie-experimentale.jpg\" \/>\n\t<meta property=\"og:image:width\" content=\"350\" \/>\n\t<meta property=\"og:image:height\" content=\"529\" \/>\n\t<meta property=\"og:image:type\" content=\"image\/jpeg\" \/>\n<meta name=\"twitter:card\" content=\"summary_large_image\" \/>\n<meta name=\"twitter:label1\" content=\"Est. reading time\" \/>\n\t<meta name=\"twitter:data1\" content=\"1 minute\" \/>\n<script type=\"application\/ld+json\" class=\"yoast-schema-graph\">{\"@context\":\"https:\/\/schema.org\",\"@graph\":[{\"@type\":\"WebPage\",\"@id\":\"https:\/\/www.istegroup.com\/fr\/produit\/la-physiologie-experimentale\/\",\"url\":\"https:\/\/www.istegroup.com\/fr\/produit\/la-physiologie-experimentale\/\",\"name\":\"La physiologie exp\u00e9rimentale - ISTE Group\",\"isPartOf\":{\"@id\":\"https:\/\/www.istegroup.com\/#website\"},\"primaryImageOfPage\":{\"@id\":\"https:\/\/www.istegroup.com\/fr\/produit\/la-physiologie-experimentale\/#primaryimage\"},\"image\":{\"@id\":\"https:\/\/www.istegroup.com\/fr\/produit\/la-physiologie-experimentale\/#primaryimage\"},\"thumbnailUrl\":\"https:\/\/www.istegroup.com\/wp-content\/uploads\/2022\/04\/La-physiologie-experimentale.jpg\",\"datePublished\":\"2022-04-25T13:46:21+00:00\",\"dateModified\":\"2024-01-03T13:45:42+00:00\",\"description\":\"Cet ouvrage pr\u00e9sente la constitution de la physiologie comme une science autonome \u00e0 travers les travaux de l\u2019anatomiste et acad\u00e9micien fran\u00e7ais Fran\u00e7ois Pourfour du Petit.\",\"breadcrumb\":{\"@id\":\"https:\/\/www.istegroup.com\/fr\/produit\/la-physiologie-experimentale\/#breadcrumb\"},\"inLanguage\":\"fr-FR\",\"potentialAction\":[{\"@type\":\"ReadAction\",\"target\":[\"https:\/\/www.istegroup.com\/fr\/produit\/la-physiologie-experimentale\/\"]}]},{\"@type\":\"ImageObject\",\"inLanguage\":\"fr-FR\",\"@id\":\"https:\/\/www.istegroup.com\/fr\/produit\/la-physiologie-experimentale\/#primaryimage\",\"url\":\"https:\/\/www.istegroup.com\/wp-content\/uploads\/2022\/04\/La-physiologie-experimentale.jpg\",\"contentUrl\":\"https:\/\/www.istegroup.com\/wp-content\/uploads\/2022\/04\/La-physiologie-experimentale.jpg\",\"width\":350,\"height\":529,\"caption\":\"Livre scientifique - La physiologie exp\u00e9rimentale\"},{\"@type\":\"BreadcrumbList\",\"@id\":\"https:\/\/www.istegroup.com\/fr\/produit\/la-physiologie-experimentale\/#breadcrumb\",\"itemListElement\":[{\"@type\":\"ListItem\",\"position\":1,\"name\":\"Home\",\"item\":\"https:\/\/www.istegroup.com\/\"},{\"@type\":\"ListItem\",\"position\":2,\"name\":\"Shop\",\"item\":\"https:\/\/www.istegroup.com\/fr\/nouveautes\/\"},{\"@type\":\"ListItem\",\"position\":3,\"name\":\"La physiologie exp\u00e9rimentale\"}]},{\"@type\":\"WebSite\",\"@id\":\"https:\/\/www.istegroup.com\/#website\",\"url\":\"https:\/\/www.istegroup.com\/\",\"name\":\"ISTE Group\",\"description\":\"\u00c9diteur des Sciences\",\"potentialAction\":[{\"@type\":\"SearchAction\",\"target\":{\"@type\":\"EntryPoint\",\"urlTemplate\":\"https:\/\/www.istegroup.com\/?s={search_term_string}\"},\"query-input\":{\"@type\":\"PropertyValueSpecification\",\"valueRequired\":true,\"valueName\":\"search_term_string\"}}],\"inLanguage\":\"fr-FR\"}]}<\/script>\n<!-- \/ Yoast SEO plugin. -->","yoast_head_json":{"title":"La physiologie exp\u00e9rimentale - ISTE Group","description":"Cet ouvrage pr\u00e9sente la constitution de la physiologie comme une science autonome \u00e0 travers les travaux de l\u2019anatomiste et acad\u00e9micien fran\u00e7ais Fran\u00e7ois Pourfour du Petit.","robots":{"index":"index","follow":"follow","max-snippet":"max-snippet:-1","max-image-preview":"max-image-preview:large","max-video-preview":"max-video-preview:-1"},"canonical":"https:\/\/www.istegroup.com\/fr\/produit\/la-physiologie-experimentale\/","og_locale":"fr_FR","og_type":"article","og_title":"La physiologie exp\u00e9rimentale - ISTE Group","og_description":"Cet ouvrage pr\u00e9sente la constitution de la physiologie comme une science autonome \u00e0 travers les travaux de l\u2019anatomiste et acad\u00e9micien fran\u00e7ais Fran\u00e7ois Pourfour du Petit.","og_url":"https:\/\/www.istegroup.com\/fr\/produit\/la-physiologie-experimentale\/","og_site_name":"ISTE Group","article_modified_time":"2024-01-03T13:45:42+00:00","og_image":[{"width":350,"height":529,"url":"https:\/\/www.istegroup.com\/wp-content\/uploads\/2022\/04\/La-physiologie-experimentale.jpg","type":"image\/jpeg"}],"twitter_card":"summary_large_image","twitter_misc":{"Est. reading time":"1 minute"},"schema":{"@context":"https:\/\/schema.org","@graph":[{"@type":"WebPage","@id":"https:\/\/www.istegroup.com\/fr\/produit\/la-physiologie-experimentale\/","url":"https:\/\/www.istegroup.com\/fr\/produit\/la-physiologie-experimentale\/","name":"La physiologie exp\u00e9rimentale - ISTE Group","isPartOf":{"@id":"https:\/\/www.istegroup.com\/#website"},"primaryImageOfPage":{"@id":"https:\/\/www.istegroup.com\/fr\/produit\/la-physiologie-experimentale\/#primaryimage"},"image":{"@id":"https:\/\/www.istegroup.com\/fr\/produit\/la-physiologie-experimentale\/#primaryimage"},"thumbnailUrl":"https:\/\/www.istegroup.com\/wp-content\/uploads\/2022\/04\/La-physiologie-experimentale.jpg","datePublished":"2022-04-25T13:46:21+00:00","dateModified":"2024-01-03T13:45:42+00:00","description":"Cet ouvrage pr\u00e9sente la constitution de la physiologie comme une science autonome \u00e0 travers les travaux de l\u2019anatomiste et acad\u00e9micien fran\u00e7ais Fran\u00e7ois Pourfour du Petit.","breadcrumb":{"@id":"https:\/\/www.istegroup.com\/fr\/produit\/la-physiologie-experimentale\/#breadcrumb"},"inLanguage":"fr-FR","potentialAction":[{"@type":"ReadAction","target":["https:\/\/www.istegroup.com\/fr\/produit\/la-physiologie-experimentale\/"]}]},{"@type":"ImageObject","inLanguage":"fr-FR","@id":"https:\/\/www.istegroup.com\/fr\/produit\/la-physiologie-experimentale\/#primaryimage","url":"https:\/\/www.istegroup.com\/wp-content\/uploads\/2022\/04\/La-physiologie-experimentale.jpg","contentUrl":"https:\/\/www.istegroup.com\/wp-content\/uploads\/2022\/04\/La-physiologie-experimentale.jpg","width":350,"height":529,"caption":"Livre scientifique - La physiologie exp\u00e9rimentale"},{"@type":"BreadcrumbList","@id":"https:\/\/www.istegroup.com\/fr\/produit\/la-physiologie-experimentale\/#breadcrumb","itemListElement":[{"@type":"ListItem","position":1,"name":"Home","item":"https:\/\/www.istegroup.com\/"},{"@type":"ListItem","position":2,"name":"Shop","item":"https:\/\/www.istegroup.com\/fr\/nouveautes\/"},{"@type":"ListItem","position":3,"name":"La physiologie exp\u00e9rimentale"}]},{"@type":"WebSite","@id":"https:\/\/www.istegroup.com\/#website","url":"https:\/\/www.istegroup.com\/","name":"ISTE Group","description":"\u00c9diteur des Sciences","potentialAction":[{"@type":"SearchAction","target":{"@type":"EntryPoint","urlTemplate":"https:\/\/www.istegroup.com\/?s={search_term_string}"},"query-input":{"@type":"PropertyValueSpecification","valueRequired":true,"valueName":"search_term_string"}}],"inLanguage":"fr-FR"}]}},"_links":{"self":[{"href":"https:\/\/www.istegroup.com\/fr\/wp-json\/wp\/v2\/product\/46029","targetHints":{"allow":["GET"]}}],"collection":[{"href":"https:\/\/www.istegroup.com\/fr\/wp-json\/wp\/v2\/product"}],"about":[{"href":"https:\/\/www.istegroup.com\/fr\/wp-json\/wp\/v2\/types\/product"}],"wp:featuredmedia":[{"embeddable":true,"href":"https:\/\/www.istegroup.com\/fr\/wp-json\/wp\/v2\/media\/46035"}],"wp:attachment":[{"href":"https:\/\/www.istegroup.com\/fr\/wp-json\/wp\/v2\/media?parent=46029"}],"wp:term":[{"taxonomy":"product_brand","embeddable":true,"href":"https:\/\/www.istegroup.com\/fr\/wp-json\/wp\/v2\/product_brand?post=46029"},{"taxonomy":"product_cat","embeddable":true,"href":"https:\/\/www.istegroup.com\/fr\/wp-json\/wp\/v2\/product_cat?post=46029"},{"taxonomy":"product_tag","embeddable":true,"href":"https:\/\/www.istegroup.com\/fr\/wp-json\/wp\/v2\/product_tag?post=46029"}],"curies":[{"name":"wp","href":"https:\/\/api.w.org\/{rel}","templated":true}]}}