{"id":45987,"date":"2022-04-13T11:30:57","date_gmt":"2022-04-13T10:30:57","guid":{"rendered":"https:\/\/www.istegroup.com\/?post_type=product&#038;p=45987"},"modified":"2024-01-03T13:45:42","modified_gmt":"2024-01-03T13:45:42","slug":"endommagement-et-fissuration-des-structures-en-beton","status":"publish","type":"product","link":"https:\/\/www.istegroup.com\/fr\/produit\/endommagement-et-fissuration-des-structures-en-beton\/","title":{"rendered":"Endommagement et fissuration des structures en b\u00e9ton"},"content":{"rendered":"<p>La ma\u00eetrise de l\u2019endommagement et de la fissuration du b\u00e9ton est indispensable pour garantir la fiabilit\u00e9 et la durabilit\u00e9 des structures de g\u00e9nie civil.<\/p>\n<p>Th\u00e9orique et pratique, cet ouvrage pr\u00e9sente une approche compl\u00e8te de ces probl\u00e9matiques en proposant des mod\u00e8les et des strat\u00e9gies de mod\u00e9lisations num\u00e9riques trait\u00e9s dans un esprit de simplification et d\u2019efficacit\u00e9. Une grande vari\u00e9t\u00e9 d\u2019applications issues de programmes de recherche et d\u2019applications pour l\u2019ing\u00e9nierie est propos\u00e9e. Elle couvre de nombreuses situations telles que le comportement monotone ou cyclique, la r\u00e9ponse sismique, la description des situations de dynamique rapide, ou encore les effets dus \u00e0 la maturation du b\u00e9ton au jeune \u00e2ge dans les structures massives.<\/p>\n<p><em>Endommagement et fissuration des structures en b\u00e9ton<\/em> est destin\u00e9 aux \u00e9tudiants, aux ing\u00e9nieurs et chercheurs en m\u00e9canique des mat\u00e9riaux et des structures et plus g\u00e9n\u00e9ralement \u00e0 l\u2019ing\u00e9nierie du g\u00e9nie civil. De nombreux exercices d\u00e9taill\u00e9s sont propos\u00e9s pour appr\u00e9hender les techniques de mod\u00e9lisation et de calcul.<\/p>","protected":false},"excerpt":{"rendered":"<p>La ma\u00eetrise de l\u2019endommagement et de la fissuration du b\u00e9ton est indispensable pour garantir la fiabilit\u00e9 et la durabilit\u00e9 des structures de g\u00e9nie civil. Th\u00e9orique et pratique, cet ouvrage pr\u00e9sente une approche compl\u00e8te de ces probl\u00e9matiques en proposant des mod\u00e8les et des strat\u00e9gies de mod\u00e9lisations num\u00e9riques trait\u00e9s dans un esprit de simplification et d\u2019efficacit\u00e9. Une [&hellip;]<\/p>\n","protected":false},"featured_media":45995,"template":"","meta":{"_acf_changed":false,"_links_to":"","_links_to_target":""},"product_brand":[],"product_cat":[662],"product_tag":[],"class_list":{"0":"post-45987","1":"product","2":"type-product","3":"status-publish","4":"has-post-thumbnail","6":"product_cat-gnie-civil-et-gomcanique-12506424","8":"first","9":"instock","10":"shipping-taxable","11":"purchasable","12":"product-type-variable"},"acf":[],"yoast_head":"<!-- This site is optimized with the Yoast SEO plugin v27.2 - https:\/\/yoast.com\/product\/yoast-seo-wordpress\/ -->\n<title>Endommagement et fissuration des structures en b\u00e9ton - ISTE Group<\/title>\n<meta name=\"description\" content=\"Endommagement et fissuration des structures en b\u00e9ton pr\u00e9sente une approche compl\u00e8te de ces probl\u00e9matiques en proposant des mod\u00e8les et des strat\u00e9gies de mod\u00e9lisations num\u00e9riques trait\u00e9s dans un esprit de simplification et d\u2019efficacit\u00e9.\" \/>\n<meta name=\"robots\" content=\"index, follow, max-snippet:-1, max-image-preview:large, max-video-preview:-1\" \/>\n<link rel=\"canonical\" href=\"https:\/\/www.istegroup.com\/fr\/produit\/endommagement-et-fissuration-des-structures-en-beton\/\" \/>\n<meta property=\"og:locale\" content=\"fr_FR\" \/>\n<meta property=\"og:type\" content=\"article\" \/>\n<meta property=\"og:title\" content=\"[:fr]Endommagement et fissuration des structures en b\u00e9ton[:en]Endommagement et fissuration des structures en b\u00e9ton[:] - ISTE Group\" \/>\n<meta property=\"og:description\" content=\"Endommagement et fissuration des structures en b\u00e9ton pr\u00e9sente une approche compl\u00e8te de ces probl\u00e9matiques en proposant des mod\u00e8les et des strat\u00e9gies de mod\u00e9lisations num\u00e9riques trait\u00e9s dans un esprit de simplification et d\u2019efficacit\u00e9.\" \/>\n<meta property=\"og:url\" content=\"https:\/\/www.istegroup.com\/fr\/produit\/endommagement-et-fissuration-des-structures-en-beton\/\" \/>\n<meta property=\"og:site_name\" content=\"ISTE Group\" \/>\n<meta property=\"article:modified_time\" content=\"2024-01-03T13:45:42+00:00\" \/>\n<meta property=\"og:image\" content=\"https:\/\/www.istegroup.com\/wp-content\/uploads\/2022\/04\/Endommagement-et-fissuration-des-structures-en-beton.jpg\" \/>\n\t<meta property=\"og:image:width\" content=\"350\" \/>\n\t<meta property=\"og:image:height\" content=\"526\" \/>\n\t<meta property=\"og:image:type\" content=\"image\/jpeg\" \/>\n<meta name=\"twitter:card\" content=\"summary_large_image\" \/>\n<meta name=\"twitter:label1\" content=\"Est. reading time\" \/>\n\t<meta name=\"twitter:data1\" content=\"1 minute\" \/>\n<script type=\"application\/ld+json\" class=\"yoast-schema-graph\">{\"@context\":\"https:\/\/schema.org\",\"@graph\":[{\"@type\":\"WebPage\",\"@id\":\"https:\/\/www.istegroup.com\/fr\/produit\/endommagement-et-fissuration-des-structures-en-beton\/\",\"url\":\"https:\/\/www.istegroup.com\/fr\/produit\/endommagement-et-fissuration-des-structures-en-beton\/\",\"name\":\"[:fr]Endommagement et fissuration des structures en b\u00e9ton[:en]Endommagement et fissuration des structures en b\u00e9ton[:] - ISTE Group\",\"isPartOf\":{\"@id\":\"https:\/\/www.istegroup.com\/#website\"},\"primaryImageOfPage\":{\"@id\":\"https:\/\/www.istegroup.com\/fr\/produit\/endommagement-et-fissuration-des-structures-en-beton\/#primaryimage\"},\"image\":{\"@id\":\"https:\/\/www.istegroup.com\/fr\/produit\/endommagement-et-fissuration-des-structures-en-beton\/#primaryimage\"},\"thumbnailUrl\":\"https:\/\/www.istegroup.com\/wp-content\/uploads\/2022\/04\/Endommagement-et-fissuration-des-structures-en-beton.jpg\",\"datePublished\":\"2022-04-13T10:30:57+00:00\",\"dateModified\":\"2024-01-03T13:45:42+00:00\",\"description\":\"Endommagement et fissuration des structures en b\u00e9ton pr\u00e9sente une approche compl\u00e8te de ces probl\u00e9matiques en proposant des mod\u00e8les et des strat\u00e9gies de mod\u00e9lisations num\u00e9riques trait\u00e9s dans un esprit de simplification et d\u2019efficacit\u00e9.\",\"breadcrumb\":{\"@id\":\"https:\/\/www.istegroup.com\/fr\/produit\/endommagement-et-fissuration-des-structures-en-beton\/#breadcrumb\"},\"inLanguage\":\"fr-FR\",\"potentialAction\":[{\"@type\":\"ReadAction\",\"target\":[\"https:\/\/www.istegroup.com\/fr\/produit\/endommagement-et-fissuration-des-structures-en-beton\/\"]}]},{\"@type\":\"ImageObject\",\"inLanguage\":\"fr-FR\",\"@id\":\"https:\/\/www.istegroup.com\/fr\/produit\/endommagement-et-fissuration-des-structures-en-beton\/#primaryimage\",\"url\":\"https:\/\/www.istegroup.com\/wp-content\/uploads\/2022\/04\/Endommagement-et-fissuration-des-structures-en-beton.jpg\",\"contentUrl\":\"https:\/\/www.istegroup.com\/wp-content\/uploads\/2022\/04\/Endommagement-et-fissuration-des-structures-en-beton.jpg\",\"width\":350,\"height\":526,\"caption\":\"Livre scientifique - Endommagement et fissuration des structures en b\u00e9ton\"},{\"@type\":\"BreadcrumbList\",\"@id\":\"https:\/\/www.istegroup.com\/fr\/produit\/endommagement-et-fissuration-des-structures-en-beton\/#breadcrumb\",\"itemListElement\":[{\"@type\":\"ListItem\",\"position\":1,\"name\":\"Home\",\"item\":\"https:\/\/www.istegroup.com\/\"},{\"@type\":\"ListItem\",\"position\":2,\"name\":\"Shop\",\"item\":\"https:\/\/www.istegroup.com\/fr\/nouveautes\/\"},{\"@type\":\"ListItem\",\"position\":3,\"name\":\"Endommagement et fissuration des structures en b\u00e9ton\"}]},{\"@type\":\"WebSite\",\"@id\":\"https:\/\/www.istegroup.com\/#website\",\"url\":\"https:\/\/www.istegroup.com\/\",\"name\":\"ISTE Group\",\"description\":\"\u00c9diteur des Sciences\",\"potentialAction\":[{\"@type\":\"SearchAction\",\"target\":{\"@type\":\"EntryPoint\",\"urlTemplate\":\"https:\/\/www.istegroup.com\/?s={search_term_string}\"},\"query-input\":{\"@type\":\"PropertyValueSpecification\",\"valueRequired\":true,\"valueName\":\"search_term_string\"}}],\"inLanguage\":\"fr-FR\"}]}<\/script>\n<!-- \/ Yoast SEO plugin. -->","yoast_head_json":{"title":"[:fr]Endommagement et fissuration des structures en b\u00e9ton[:en]Endommagement et fissuration des structures en b\u00e9ton[:] - ISTE Group","description":"Endommagement et fissuration des structures en b\u00e9ton pr\u00e9sente une approche compl\u00e8te de ces probl\u00e9matiques en proposant des mod\u00e8les et des strat\u00e9gies de mod\u00e9lisations num\u00e9riques trait\u00e9s dans un esprit de simplification et d\u2019efficacit\u00e9.","robots":{"index":"index","follow":"follow","max-snippet":"max-snippet:-1","max-image-preview":"max-image-preview:large","max-video-preview":"max-video-preview:-1"},"canonical":"https:\/\/www.istegroup.com\/fr\/produit\/endommagement-et-fissuration-des-structures-en-beton\/","og_locale":"fr_FR","og_type":"article","og_title":"[:fr]Endommagement et fissuration des structures en b\u00e9ton[:en]Endommagement et fissuration des structures en b\u00e9ton[:] - ISTE Group","og_description":"Endommagement et fissuration des structures en b\u00e9ton pr\u00e9sente une approche compl\u00e8te de ces probl\u00e9matiques en proposant des mod\u00e8les et des strat\u00e9gies de mod\u00e9lisations num\u00e9riques trait\u00e9s dans un esprit de simplification et d\u2019efficacit\u00e9.","og_url":"https:\/\/www.istegroup.com\/fr\/produit\/endommagement-et-fissuration-des-structures-en-beton\/","og_site_name":"ISTE Group","article_modified_time":"2024-01-03T13:45:42+00:00","og_image":[{"width":350,"height":526,"url":"https:\/\/www.istegroup.com\/wp-content\/uploads\/2022\/04\/Endommagement-et-fissuration-des-structures-en-beton.jpg","type":"image\/jpeg"}],"twitter_card":"summary_large_image","twitter_misc":{"Est. reading time":"1 minute"},"schema":{"@context":"https:\/\/schema.org","@graph":[{"@type":"WebPage","@id":"https:\/\/www.istegroup.com\/fr\/produit\/endommagement-et-fissuration-des-structures-en-beton\/","url":"https:\/\/www.istegroup.com\/fr\/produit\/endommagement-et-fissuration-des-structures-en-beton\/","name":"[:fr]Endommagement et fissuration des structures en b\u00e9ton[:en]Endommagement et fissuration des structures en b\u00e9ton[:] - ISTE Group","isPartOf":{"@id":"https:\/\/www.istegroup.com\/#website"},"primaryImageOfPage":{"@id":"https:\/\/www.istegroup.com\/fr\/produit\/endommagement-et-fissuration-des-structures-en-beton\/#primaryimage"},"image":{"@id":"https:\/\/www.istegroup.com\/fr\/produit\/endommagement-et-fissuration-des-structures-en-beton\/#primaryimage"},"thumbnailUrl":"https:\/\/www.istegroup.com\/wp-content\/uploads\/2022\/04\/Endommagement-et-fissuration-des-structures-en-beton.jpg","datePublished":"2022-04-13T10:30:57+00:00","dateModified":"2024-01-03T13:45:42+00:00","description":"Endommagement et fissuration des structures en b\u00e9ton pr\u00e9sente une approche compl\u00e8te de ces probl\u00e9matiques en proposant des mod\u00e8les et des strat\u00e9gies de mod\u00e9lisations num\u00e9riques trait\u00e9s dans un esprit de simplification et d\u2019efficacit\u00e9.","breadcrumb":{"@id":"https:\/\/www.istegroup.com\/fr\/produit\/endommagement-et-fissuration-des-structures-en-beton\/#breadcrumb"},"inLanguage":"fr-FR","potentialAction":[{"@type":"ReadAction","target":["https:\/\/www.istegroup.com\/fr\/produit\/endommagement-et-fissuration-des-structures-en-beton\/"]}]},{"@type":"ImageObject","inLanguage":"fr-FR","@id":"https:\/\/www.istegroup.com\/fr\/produit\/endommagement-et-fissuration-des-structures-en-beton\/#primaryimage","url":"https:\/\/www.istegroup.com\/wp-content\/uploads\/2022\/04\/Endommagement-et-fissuration-des-structures-en-beton.jpg","contentUrl":"https:\/\/www.istegroup.com\/wp-content\/uploads\/2022\/04\/Endommagement-et-fissuration-des-structures-en-beton.jpg","width":350,"height":526,"caption":"Livre scientifique - Endommagement et fissuration des structures en b\u00e9ton"},{"@type":"BreadcrumbList","@id":"https:\/\/www.istegroup.com\/fr\/produit\/endommagement-et-fissuration-des-structures-en-beton\/#breadcrumb","itemListElement":[{"@type":"ListItem","position":1,"name":"Home","item":"https:\/\/www.istegroup.com\/"},{"@type":"ListItem","position":2,"name":"Shop","item":"https:\/\/www.istegroup.com\/fr\/nouveautes\/"},{"@type":"ListItem","position":3,"name":"Endommagement et fissuration des structures en b\u00e9ton"}]},{"@type":"WebSite","@id":"https:\/\/www.istegroup.com\/#website","url":"https:\/\/www.istegroup.com\/","name":"ISTE Group","description":"\u00c9diteur des Sciences","potentialAction":[{"@type":"SearchAction","target":{"@type":"EntryPoint","urlTemplate":"https:\/\/www.istegroup.com\/?s={search_term_string}"},"query-input":{"@type":"PropertyValueSpecification","valueRequired":true,"valueName":"search_term_string"}}],"inLanguage":"fr-FR"}]}},"_links":{"self":[{"href":"https:\/\/www.istegroup.com\/fr\/wp-json\/wp\/v2\/product\/45987","targetHints":{"allow":["GET"]}}],"collection":[{"href":"https:\/\/www.istegroup.com\/fr\/wp-json\/wp\/v2\/product"}],"about":[{"href":"https:\/\/www.istegroup.com\/fr\/wp-json\/wp\/v2\/types\/product"}],"wp:featuredmedia":[{"embeddable":true,"href":"https:\/\/www.istegroup.com\/fr\/wp-json\/wp\/v2\/media\/45995"}],"wp:attachment":[{"href":"https:\/\/www.istegroup.com\/fr\/wp-json\/wp\/v2\/media?parent=45987"}],"wp:term":[{"taxonomy":"product_brand","embeddable":true,"href":"https:\/\/www.istegroup.com\/fr\/wp-json\/wp\/v2\/product_brand?post=45987"},{"taxonomy":"product_cat","embeddable":true,"href":"https:\/\/www.istegroup.com\/fr\/wp-json\/wp\/v2\/product_cat?post=45987"},{"taxonomy":"product_tag","embeddable":true,"href":"https:\/\/www.istegroup.com\/fr\/wp-json\/wp\/v2\/product_tag?post=45987"}],"curies":[{"name":"wp","href":"https:\/\/api.w.org\/{rel}","templated":true}]}}