{"id":45974,"date":"2022-04-14T10:10:10","date_gmt":"2022-04-14T09:10:10","guid":{"rendered":"https:\/\/www.istegroup.com\/?post_type=product&#038;p=45974"},"modified":"2024-01-03T13:45:42","modified_gmt":"2024-01-03T13:45:42","slug":"transfert-de-chaleur-1","status":"publish","type":"product","link":"https:\/\/www.istegroup.com\/fr\/produit\/transfert-de-chaleur-1\/","title":{"rendered":"Transfert de chaleur 1"},"content":{"rendered":"<p>Transfert de chaleur 1 porte sur la conduction et la convection. Il examine le traitement de la conduction en r\u00e9gime transitoire, \u00e9l\u00e9ment indispensable pour l\u2019optimisation des proc\u00e9d\u00e9s et des syst\u00e8mes ainsi que pour tous les probl\u00e8mes d\u2019\u00e9conomie d\u2019\u00e9nergie. Les nombreux exercices r\u00e9solus permettent d\u2019appr\u00e9hender l\u2019ensemble des applications, que ce soit dans le domaine du b\u00e2timent, des transports, des mat\u00e9riaux ou de l\u2019environnement. Les annexes contiennent toutes les donn\u00e9es n\u00e9cessaires \u00e0 la r\u00e9solution des exercices et seront une source d\u2019information pr\u00e9cieuse.<\/p>\n<p>Cet ouvrage est con\u00e7u pour les \u00e9tudiants de master et d\u2019\u00e9cole d\u2019ing\u00e9nieurs qui s\u2019int\u00e9ressent \u00e0 tous les aspects des transferts thermiques, mais aussi pour les ing\u00e9nieurs qui trouveront ici les bases n\u00e9cessaires \u00e0 la compr\u00e9hension de ph\u00e9nom\u00e8nes apparemment proches (conduction-convection-rayonnement), mais qui demandent une forme de r\u00e9flexion et d\u2019approche diff\u00e9rente.<\/p>","protected":false},"excerpt":{"rendered":"<p>Transfert de chaleur 1 porte sur la conduction et la convection. Il examine le traitement de la conduction en r\u00e9gime transitoire, \u00e9l\u00e9ment indispensable pour l\u2019optimisation des proc\u00e9d\u00e9s et des syst\u00e8mes ainsi que pour tous les probl\u00e8mes d\u2019\u00e9conomie d\u2019\u00e9nergie. Les nombreux exercices r\u00e9solus permettent d\u2019appr\u00e9hender l\u2019ensemble des applications, que ce soit dans le domaine du b\u00e2timent, [&hellip;]<\/p>\n","protected":false},"featured_media":45982,"template":"","meta":{"_acf_changed":false,"_links_to":"","_links_to_target":""},"product_brand":[],"product_cat":[660],"product_tag":[],"class_list":{"0":"post-45974","1":"product","2":"type-product","3":"status-publish","4":"has-post-thumbnail","6":"product_cat-energie-12506414","8":"first","9":"instock","10":"shipping-taxable","11":"purchasable","12":"product-type-variable"},"acf":[],"yoast_head":"<!-- This site is optimized with the Yoast SEO plugin v27.2 - https:\/\/yoast.com\/product\/yoast-seo-wordpress\/ -->\n<title>Transfert de chaleur 1 - ISTE Group<\/title>\n<meta name=\"description\" content=\"Transfert de chaleur 1 examine le traitement de la conduction en r\u00e9gime transitoire, \u00e9l\u00e9ment indispensable pour l\u2019optimisation des proc\u00e9d\u00e9s et des syst\u00e8mes ainsi que pour tous les probl\u00e8mes d\u2019\u00e9conomie d\u2019\u00e9nergie.\" \/>\n<meta name=\"robots\" content=\"index, follow, max-snippet:-1, max-image-preview:large, max-video-preview:-1\" \/>\n<link rel=\"canonical\" href=\"https:\/\/www.istegroup.com\/fr\/produit\/transfert-de-chaleur-1\/\" \/>\n<meta property=\"og:locale\" content=\"fr_FR\" \/>\n<meta property=\"og:type\" content=\"article\" \/>\n<meta property=\"og:title\" content=\"Transfert de chaleur 1 - ISTE Group\" \/>\n<meta property=\"og:description\" content=\"Transfert de chaleur 1 examine le traitement de la conduction en r\u00e9gime transitoire, \u00e9l\u00e9ment indispensable pour l\u2019optimisation des proc\u00e9d\u00e9s et des syst\u00e8mes ainsi que pour tous les probl\u00e8mes d\u2019\u00e9conomie d\u2019\u00e9nergie.\" \/>\n<meta property=\"og:url\" content=\"https:\/\/www.istegroup.com\/fr\/produit\/transfert-de-chaleur-1\/\" \/>\n<meta property=\"og:site_name\" content=\"ISTE Group\" \/>\n<meta property=\"article:modified_time\" content=\"2024-01-03T13:45:42+00:00\" \/>\n<meta property=\"og:image\" content=\"https:\/\/www.istegroup.com\/wp-content\/uploads\/2022\/04\/Transfert-de-la-chaleur-1.jpg\" \/>\n\t<meta property=\"og:image:width\" content=\"350\" \/>\n\t<meta property=\"og:image:height\" content=\"528\" \/>\n\t<meta property=\"og:image:type\" content=\"image\/jpeg\" \/>\n<meta name=\"twitter:card\" content=\"summary_large_image\" \/>\n<meta name=\"twitter:label1\" content=\"Est. reading time\" \/>\n\t<meta name=\"twitter:data1\" content=\"1 minute\" \/>\n<script type=\"application\/ld+json\" class=\"yoast-schema-graph\">{\"@context\":\"https:\/\/schema.org\",\"@graph\":[{\"@type\":\"WebPage\",\"@id\":\"https:\/\/www.istegroup.com\/fr\/produit\/transfert-de-chaleur-1\/\",\"url\":\"https:\/\/www.istegroup.com\/fr\/produit\/transfert-de-chaleur-1\/\",\"name\":\"Transfert de chaleur 1 - ISTE Group\",\"isPartOf\":{\"@id\":\"https:\/\/www.istegroup.com\/#website\"},\"primaryImageOfPage\":{\"@id\":\"https:\/\/www.istegroup.com\/fr\/produit\/transfert-de-chaleur-1\/#primaryimage\"},\"image\":{\"@id\":\"https:\/\/www.istegroup.com\/fr\/produit\/transfert-de-chaleur-1\/#primaryimage\"},\"thumbnailUrl\":\"https:\/\/www.istegroup.com\/wp-content\/uploads\/2022\/04\/Transfert-de-la-chaleur-1.jpg\",\"datePublished\":\"2022-04-14T09:10:10+00:00\",\"dateModified\":\"2024-01-03T13:45:42+00:00\",\"description\":\"Transfert de chaleur 1 examine le traitement de la conduction en r\u00e9gime transitoire, \u00e9l\u00e9ment indispensable pour l\u2019optimisation des proc\u00e9d\u00e9s et des syst\u00e8mes ainsi que pour tous les probl\u00e8mes d\u2019\u00e9conomie d\u2019\u00e9nergie.\",\"breadcrumb\":{\"@id\":\"https:\/\/www.istegroup.com\/fr\/produit\/transfert-de-chaleur-1\/#breadcrumb\"},\"inLanguage\":\"fr-FR\",\"potentialAction\":[{\"@type\":\"ReadAction\",\"target\":[\"https:\/\/www.istegroup.com\/fr\/produit\/transfert-de-chaleur-1\/\"]}]},{\"@type\":\"ImageObject\",\"inLanguage\":\"fr-FR\",\"@id\":\"https:\/\/www.istegroup.com\/fr\/produit\/transfert-de-chaleur-1\/#primaryimage\",\"url\":\"https:\/\/www.istegroup.com\/wp-content\/uploads\/2022\/04\/Transfert-de-la-chaleur-1.jpg\",\"contentUrl\":\"https:\/\/www.istegroup.com\/wp-content\/uploads\/2022\/04\/Transfert-de-la-chaleur-1.jpg\",\"width\":350,\"height\":528,\"caption\":\"Livre scientifique - Transfert de la chaleur 1\"},{\"@type\":\"BreadcrumbList\",\"@id\":\"https:\/\/www.istegroup.com\/fr\/produit\/transfert-de-chaleur-1\/#breadcrumb\",\"itemListElement\":[{\"@type\":\"ListItem\",\"position\":1,\"name\":\"Home\",\"item\":\"https:\/\/www.istegroup.com\/\"},{\"@type\":\"ListItem\",\"position\":2,\"name\":\"Shop\",\"item\":\"https:\/\/www.istegroup.com\/fr\/nouveautes\/\"},{\"@type\":\"ListItem\",\"position\":3,\"name\":\"Transfert de chaleur 1\"}]},{\"@type\":\"WebSite\",\"@id\":\"https:\/\/www.istegroup.com\/#website\",\"url\":\"https:\/\/www.istegroup.com\/\",\"name\":\"ISTE Group\",\"description\":\"\u00c9diteur des Sciences\",\"potentialAction\":[{\"@type\":\"SearchAction\",\"target\":{\"@type\":\"EntryPoint\",\"urlTemplate\":\"https:\/\/www.istegroup.com\/?s={search_term_string}\"},\"query-input\":{\"@type\":\"PropertyValueSpecification\",\"valueRequired\":true,\"valueName\":\"search_term_string\"}}],\"inLanguage\":\"fr-FR\"}]}<\/script>\n<!-- \/ Yoast SEO plugin. -->","yoast_head_json":{"title":"Transfert de chaleur 1 - ISTE Group","description":"Transfert de chaleur 1 examine le traitement de la conduction en r\u00e9gime transitoire, \u00e9l\u00e9ment indispensable pour l\u2019optimisation des proc\u00e9d\u00e9s et des syst\u00e8mes ainsi que pour tous les probl\u00e8mes d\u2019\u00e9conomie d\u2019\u00e9nergie.","robots":{"index":"index","follow":"follow","max-snippet":"max-snippet:-1","max-image-preview":"max-image-preview:large","max-video-preview":"max-video-preview:-1"},"canonical":"https:\/\/www.istegroup.com\/fr\/produit\/transfert-de-chaleur-1\/","og_locale":"fr_FR","og_type":"article","og_title":"Transfert de chaleur 1 - ISTE Group","og_description":"Transfert de chaleur 1 examine le traitement de la conduction en r\u00e9gime transitoire, \u00e9l\u00e9ment indispensable pour l\u2019optimisation des proc\u00e9d\u00e9s et des syst\u00e8mes ainsi que pour tous les probl\u00e8mes d\u2019\u00e9conomie d\u2019\u00e9nergie.","og_url":"https:\/\/www.istegroup.com\/fr\/produit\/transfert-de-chaleur-1\/","og_site_name":"ISTE Group","article_modified_time":"2024-01-03T13:45:42+00:00","og_image":[{"width":350,"height":528,"url":"https:\/\/www.istegroup.com\/wp-content\/uploads\/2022\/04\/Transfert-de-la-chaleur-1.jpg","type":"image\/jpeg"}],"twitter_card":"summary_large_image","twitter_misc":{"Est. reading time":"1 minute"},"schema":{"@context":"https:\/\/schema.org","@graph":[{"@type":"WebPage","@id":"https:\/\/www.istegroup.com\/fr\/produit\/transfert-de-chaleur-1\/","url":"https:\/\/www.istegroup.com\/fr\/produit\/transfert-de-chaleur-1\/","name":"Transfert de chaleur 1 - ISTE Group","isPartOf":{"@id":"https:\/\/www.istegroup.com\/#website"},"primaryImageOfPage":{"@id":"https:\/\/www.istegroup.com\/fr\/produit\/transfert-de-chaleur-1\/#primaryimage"},"image":{"@id":"https:\/\/www.istegroup.com\/fr\/produit\/transfert-de-chaleur-1\/#primaryimage"},"thumbnailUrl":"https:\/\/www.istegroup.com\/wp-content\/uploads\/2022\/04\/Transfert-de-la-chaleur-1.jpg","datePublished":"2022-04-14T09:10:10+00:00","dateModified":"2024-01-03T13:45:42+00:00","description":"Transfert de chaleur 1 examine le traitement de la conduction en r\u00e9gime transitoire, \u00e9l\u00e9ment indispensable pour l\u2019optimisation des proc\u00e9d\u00e9s et des syst\u00e8mes ainsi que pour tous les probl\u00e8mes d\u2019\u00e9conomie d\u2019\u00e9nergie.","breadcrumb":{"@id":"https:\/\/www.istegroup.com\/fr\/produit\/transfert-de-chaleur-1\/#breadcrumb"},"inLanguage":"fr-FR","potentialAction":[{"@type":"ReadAction","target":["https:\/\/www.istegroup.com\/fr\/produit\/transfert-de-chaleur-1\/"]}]},{"@type":"ImageObject","inLanguage":"fr-FR","@id":"https:\/\/www.istegroup.com\/fr\/produit\/transfert-de-chaleur-1\/#primaryimage","url":"https:\/\/www.istegroup.com\/wp-content\/uploads\/2022\/04\/Transfert-de-la-chaleur-1.jpg","contentUrl":"https:\/\/www.istegroup.com\/wp-content\/uploads\/2022\/04\/Transfert-de-la-chaleur-1.jpg","width":350,"height":528,"caption":"Livre scientifique - Transfert de la chaleur 1"},{"@type":"BreadcrumbList","@id":"https:\/\/www.istegroup.com\/fr\/produit\/transfert-de-chaleur-1\/#breadcrumb","itemListElement":[{"@type":"ListItem","position":1,"name":"Home","item":"https:\/\/www.istegroup.com\/"},{"@type":"ListItem","position":2,"name":"Shop","item":"https:\/\/www.istegroup.com\/fr\/nouveautes\/"},{"@type":"ListItem","position":3,"name":"Transfert de chaleur 1"}]},{"@type":"WebSite","@id":"https:\/\/www.istegroup.com\/#website","url":"https:\/\/www.istegroup.com\/","name":"ISTE Group","description":"\u00c9diteur des Sciences","potentialAction":[{"@type":"SearchAction","target":{"@type":"EntryPoint","urlTemplate":"https:\/\/www.istegroup.com\/?s={search_term_string}"},"query-input":{"@type":"PropertyValueSpecification","valueRequired":true,"valueName":"search_term_string"}}],"inLanguage":"fr-FR"}]}},"_links":{"self":[{"href":"https:\/\/www.istegroup.com\/fr\/wp-json\/wp\/v2\/product\/45974","targetHints":{"allow":["GET"]}}],"collection":[{"href":"https:\/\/www.istegroup.com\/fr\/wp-json\/wp\/v2\/product"}],"about":[{"href":"https:\/\/www.istegroup.com\/fr\/wp-json\/wp\/v2\/types\/product"}],"wp:featuredmedia":[{"embeddable":true,"href":"https:\/\/www.istegroup.com\/fr\/wp-json\/wp\/v2\/media\/45982"}],"wp:attachment":[{"href":"https:\/\/www.istegroup.com\/fr\/wp-json\/wp\/v2\/media?parent=45974"}],"wp:term":[{"taxonomy":"product_brand","embeddable":true,"href":"https:\/\/www.istegroup.com\/fr\/wp-json\/wp\/v2\/product_brand?post=45974"},{"taxonomy":"product_cat","embeddable":true,"href":"https:\/\/www.istegroup.com\/fr\/wp-json\/wp\/v2\/product_cat?post=45974"},{"taxonomy":"product_tag","embeddable":true,"href":"https:\/\/www.istegroup.com\/fr\/wp-json\/wp\/v2\/product_tag?post=45974"}],"curies":[{"name":"wp","href":"https:\/\/api.w.org\/{rel}","templated":true}]}}