{"id":45481,"date":"2022-03-02T14:31:39","date_gmt":"2022-03-02T14:31:39","guid":{"rendered":"https:\/\/www.istegroup.com\/?post_type=product&#038;p=45481"},"modified":"2024-01-03T13:45:38","modified_gmt":"2024-01-03T13:45:38","slug":"hyperdocumentation","status":"publish","type":"product","link":"https:\/\/www.istegroup.com\/fr\/produit\/hyperdocumentation\/","title":{"rendered":"Hyperdocumentation"},"content":{"rendered":"<p>Le terme hyperdocumentation, invent\u00e9 par Paul Otlet, d\u00e9signe une documentation qui n\u2019en finit pas de s\u2019\u00e9tendre dans toutes les strates des vies humaines, de se d\u00e9velopper dans ses fonctionnalit\u00e9s et ses pr\u00e9rogatives. Un mot fort, qui semble toutefois caract\u00e9riser un paradoxe.<\/p>\n<p>En effet, si les documents donnent l\u2019impression d\u2019avoir aujourd\u2019hui disparu, <em>Hyperdocumentation<\/em> d\u00e9montre combien ils sont omnipr\u00e9sents, prenant des formes toujours plus vari\u00e9es. Un examen du contexte documentaire actuel s\u2019av\u00e8re alors d\u2019autant plus n\u00e9cessaire que le besoin de s\u2019informer et d\u2019informer n\u2019a pas disparu et rev\u00eat une difficult\u00e9 induite par la multiplicit\u00e9 des supports.<\/p>\n<p>\u00c0 l\u2019heure du Big Data, du Cloud Computing ou des intelligences artificielles, cet ouvrage propose une analyse sur les cons\u00e9quences de la documentation sur cette \u00ab soci\u00e9t\u00e9 de l\u2019information \u00bb. Il montre comment la documentation constitue un aspect fondamental d\u2019une construction humaine qui se poursuit depuis des mill\u00e9naires, et qui s\u2019acc\u00e9l\u00e8re depuis la fin du XIXe si\u00e8cle.<\/p>","protected":false},"excerpt":{"rendered":"<p>Le terme hyperdocumentation, invent\u00e9 par Paul Otlet, d\u00e9signe une documentation qui n\u2019en finit pas de s\u2019\u00e9tendre dans toutes les strates des vies humaines, de se d\u00e9velopper dans ses fonctionnalit\u00e9s et ses pr\u00e9rogatives. Un mot fort, qui semble toutefois caract\u00e9riser un paradoxe. En effet, si les documents donnent l\u2019impression d\u2019avoir aujourd\u2019hui disparu, Hyperdocumentation d\u00e9montre combien ils [&hellip;]<\/p>\n","protected":false},"featured_media":45488,"template":"","meta":{"_acf_changed":false,"_links_to":"","_links_to_target":""},"product_brand":[],"product_cat":[707],"product_tag":[],"class_list":{"0":"post-45481","1":"product","2":"type-product","3":"status-publish","4":"has-post-thumbnail","6":"product_cat-systmes-dinformation-web-et-socit-12506570","8":"first","9":"instock","10":"shipping-taxable","11":"purchasable","12":"product-type-variable"},"acf":[],"yoast_head":"<!-- This site is optimized with the Yoast SEO plugin v27.2 - https:\/\/yoast.com\/product\/yoast-seo-wordpress\/ -->\n<title>Hyperdocumentation - ISTE Group<\/title>\n<meta name=\"description\" content=\"\u00c0 l\u2019heure du Big Data, du Cloud Computing ou des intelligences artificielles, cet ouvrage propose une analyse sur les cons\u00e9quences de la documentation sur cette \u00ab soci\u00e9t\u00e9 de l\u2019information \u00bb.\" \/>\n<meta name=\"robots\" content=\"index, follow, max-snippet:-1, max-image-preview:large, max-video-preview:-1\" \/>\n<link rel=\"canonical\" href=\"https:\/\/www.istegroup.com\/fr\/produit\/hyperdocumentation\/\" \/>\n<meta property=\"og:locale\" content=\"fr_FR\" \/>\n<meta property=\"og:type\" content=\"article\" \/>\n<meta property=\"og:title\" content=\"Hyperdocumentation - ISTE Group\" \/>\n<meta property=\"og:description\" content=\"\u00c0 l\u2019heure du Big Data, du Cloud Computing ou des intelligences artificielles, cet ouvrage propose une analyse sur les cons\u00e9quences de la documentation sur cette \u00ab soci\u00e9t\u00e9 de l\u2019information \u00bb.\" \/>\n<meta property=\"og:url\" content=\"https:\/\/www.istegroup.com\/fr\/produit\/hyperdocumentation\/\" \/>\n<meta property=\"og:site_name\" content=\"ISTE Group\" \/>\n<meta property=\"article:modified_time\" content=\"2024-01-03T13:45:38+00:00\" \/>\n<meta property=\"og:image\" content=\"https:\/\/www.istegroup.com\/wp-content\/uploads\/2022\/02\/Hyperdocumentation-1.jpg\" \/>\n\t<meta property=\"og:image:width\" content=\"350\" \/>\n\t<meta property=\"og:image:height\" content=\"530\" \/>\n\t<meta property=\"og:image:type\" content=\"image\/jpeg\" \/>\n<meta name=\"twitter:card\" content=\"summary_large_image\" \/>\n<meta name=\"twitter:label1\" content=\"Est. reading time\" \/>\n\t<meta name=\"twitter:data1\" content=\"1 minute\" \/>\n<script type=\"application\/ld+json\" class=\"yoast-schema-graph\">{\"@context\":\"https:\/\/schema.org\",\"@graph\":[{\"@type\":\"WebPage\",\"@id\":\"https:\/\/www.istegroup.com\/fr\/produit\/hyperdocumentation\/\",\"url\":\"https:\/\/www.istegroup.com\/fr\/produit\/hyperdocumentation\/\",\"name\":\"Hyperdocumentation - ISTE Group\",\"isPartOf\":{\"@id\":\"https:\/\/www.istegroup.com\/#website\"},\"primaryImageOfPage\":{\"@id\":\"https:\/\/www.istegroup.com\/fr\/produit\/hyperdocumentation\/#primaryimage\"},\"image\":{\"@id\":\"https:\/\/www.istegroup.com\/fr\/produit\/hyperdocumentation\/#primaryimage\"},\"thumbnailUrl\":\"https:\/\/www.istegroup.com\/wp-content\/uploads\/2022\/02\/Hyperdocumentation-1.jpg\",\"datePublished\":\"2022-03-02T14:31:39+00:00\",\"dateModified\":\"2024-01-03T13:45:38+00:00\",\"description\":\"\u00c0 l\u2019heure du Big Data, du Cloud Computing ou des intelligences artificielles, cet ouvrage propose une analyse sur les cons\u00e9quences de la documentation sur cette \u00ab soci\u00e9t\u00e9 de l\u2019information \u00bb.\",\"breadcrumb\":{\"@id\":\"https:\/\/www.istegroup.com\/fr\/produit\/hyperdocumentation\/#breadcrumb\"},\"inLanguage\":\"fr-FR\",\"potentialAction\":[{\"@type\":\"ReadAction\",\"target\":[\"https:\/\/www.istegroup.com\/fr\/produit\/hyperdocumentation\/\"]}]},{\"@type\":\"ImageObject\",\"inLanguage\":\"fr-FR\",\"@id\":\"https:\/\/www.istegroup.com\/fr\/produit\/hyperdocumentation\/#primaryimage\",\"url\":\"https:\/\/www.istegroup.com\/wp-content\/uploads\/2022\/02\/Hyperdocumentation-1.jpg\",\"contentUrl\":\"https:\/\/www.istegroup.com\/wp-content\/uploads\/2022\/02\/Hyperdocumentation-1.jpg\",\"width\":350,\"height\":530,\"caption\":\"Livre scientifique - Hyperdocumentation\"},{\"@type\":\"BreadcrumbList\",\"@id\":\"https:\/\/www.istegroup.com\/fr\/produit\/hyperdocumentation\/#breadcrumb\",\"itemListElement\":[{\"@type\":\"ListItem\",\"position\":1,\"name\":\"Home\",\"item\":\"https:\/\/www.istegroup.com\/\"},{\"@type\":\"ListItem\",\"position\":2,\"name\":\"Shop\",\"item\":\"https:\/\/www.istegroup.com\/fr\/nouveautes\/\"},{\"@type\":\"ListItem\",\"position\":3,\"name\":\"Hyperdocumentation\"}]},{\"@type\":\"WebSite\",\"@id\":\"https:\/\/www.istegroup.com\/#website\",\"url\":\"https:\/\/www.istegroup.com\/\",\"name\":\"ISTE Group\",\"description\":\"\u00c9diteur des Sciences\",\"potentialAction\":[{\"@type\":\"SearchAction\",\"target\":{\"@type\":\"EntryPoint\",\"urlTemplate\":\"https:\/\/www.istegroup.com\/?s={search_term_string}\"},\"query-input\":{\"@type\":\"PropertyValueSpecification\",\"valueRequired\":true,\"valueName\":\"search_term_string\"}}],\"inLanguage\":\"fr-FR\"}]}<\/script>\n<!-- \/ Yoast SEO plugin. -->","yoast_head_json":{"title":"Hyperdocumentation - ISTE Group","description":"\u00c0 l\u2019heure du Big Data, du Cloud Computing ou des intelligences artificielles, cet ouvrage propose une analyse sur les cons\u00e9quences de la documentation sur cette \u00ab soci\u00e9t\u00e9 de l\u2019information \u00bb.","robots":{"index":"index","follow":"follow","max-snippet":"max-snippet:-1","max-image-preview":"max-image-preview:large","max-video-preview":"max-video-preview:-1"},"canonical":"https:\/\/www.istegroup.com\/fr\/produit\/hyperdocumentation\/","og_locale":"fr_FR","og_type":"article","og_title":"Hyperdocumentation - ISTE Group","og_description":"\u00c0 l\u2019heure du Big Data, du Cloud Computing ou des intelligences artificielles, cet ouvrage propose une analyse sur les cons\u00e9quences de la documentation sur cette \u00ab soci\u00e9t\u00e9 de l\u2019information \u00bb.","og_url":"https:\/\/www.istegroup.com\/fr\/produit\/hyperdocumentation\/","og_site_name":"ISTE Group","article_modified_time":"2024-01-03T13:45:38+00:00","og_image":[{"width":350,"height":530,"url":"https:\/\/www.istegroup.com\/wp-content\/uploads\/2022\/02\/Hyperdocumentation-1.jpg","type":"image\/jpeg"}],"twitter_card":"summary_large_image","twitter_misc":{"Est. reading time":"1 minute"},"schema":{"@context":"https:\/\/schema.org","@graph":[{"@type":"WebPage","@id":"https:\/\/www.istegroup.com\/fr\/produit\/hyperdocumentation\/","url":"https:\/\/www.istegroup.com\/fr\/produit\/hyperdocumentation\/","name":"Hyperdocumentation - ISTE Group","isPartOf":{"@id":"https:\/\/www.istegroup.com\/#website"},"primaryImageOfPage":{"@id":"https:\/\/www.istegroup.com\/fr\/produit\/hyperdocumentation\/#primaryimage"},"image":{"@id":"https:\/\/www.istegroup.com\/fr\/produit\/hyperdocumentation\/#primaryimage"},"thumbnailUrl":"https:\/\/www.istegroup.com\/wp-content\/uploads\/2022\/02\/Hyperdocumentation-1.jpg","datePublished":"2022-03-02T14:31:39+00:00","dateModified":"2024-01-03T13:45:38+00:00","description":"\u00c0 l\u2019heure du Big Data, du Cloud Computing ou des intelligences artificielles, cet ouvrage propose une analyse sur les cons\u00e9quences de la documentation sur cette \u00ab soci\u00e9t\u00e9 de l\u2019information \u00bb.","breadcrumb":{"@id":"https:\/\/www.istegroup.com\/fr\/produit\/hyperdocumentation\/#breadcrumb"},"inLanguage":"fr-FR","potentialAction":[{"@type":"ReadAction","target":["https:\/\/www.istegroup.com\/fr\/produit\/hyperdocumentation\/"]}]},{"@type":"ImageObject","inLanguage":"fr-FR","@id":"https:\/\/www.istegroup.com\/fr\/produit\/hyperdocumentation\/#primaryimage","url":"https:\/\/www.istegroup.com\/wp-content\/uploads\/2022\/02\/Hyperdocumentation-1.jpg","contentUrl":"https:\/\/www.istegroup.com\/wp-content\/uploads\/2022\/02\/Hyperdocumentation-1.jpg","width":350,"height":530,"caption":"Livre scientifique - Hyperdocumentation"},{"@type":"BreadcrumbList","@id":"https:\/\/www.istegroup.com\/fr\/produit\/hyperdocumentation\/#breadcrumb","itemListElement":[{"@type":"ListItem","position":1,"name":"Home","item":"https:\/\/www.istegroup.com\/"},{"@type":"ListItem","position":2,"name":"Shop","item":"https:\/\/www.istegroup.com\/fr\/nouveautes\/"},{"@type":"ListItem","position":3,"name":"Hyperdocumentation"}]},{"@type":"WebSite","@id":"https:\/\/www.istegroup.com\/#website","url":"https:\/\/www.istegroup.com\/","name":"ISTE Group","description":"\u00c9diteur des Sciences","potentialAction":[{"@type":"SearchAction","target":{"@type":"EntryPoint","urlTemplate":"https:\/\/www.istegroup.com\/?s={search_term_string}"},"query-input":{"@type":"PropertyValueSpecification","valueRequired":true,"valueName":"search_term_string"}}],"inLanguage":"fr-FR"}]}},"_links":{"self":[{"href":"https:\/\/www.istegroup.com\/fr\/wp-json\/wp\/v2\/product\/45481","targetHints":{"allow":["GET"]}}],"collection":[{"href":"https:\/\/www.istegroup.com\/fr\/wp-json\/wp\/v2\/product"}],"about":[{"href":"https:\/\/www.istegroup.com\/fr\/wp-json\/wp\/v2\/types\/product"}],"wp:featuredmedia":[{"embeddable":true,"href":"https:\/\/www.istegroup.com\/fr\/wp-json\/wp\/v2\/media\/45488"}],"wp:attachment":[{"href":"https:\/\/www.istegroup.com\/fr\/wp-json\/wp\/v2\/media?parent=45481"}],"wp:term":[{"taxonomy":"product_brand","embeddable":true,"href":"https:\/\/www.istegroup.com\/fr\/wp-json\/wp\/v2\/product_brand?post=45481"},{"taxonomy":"product_cat","embeddable":true,"href":"https:\/\/www.istegroup.com\/fr\/wp-json\/wp\/v2\/product_cat?post=45481"},{"taxonomy":"product_tag","embeddable":true,"href":"https:\/\/www.istegroup.com\/fr\/wp-json\/wp\/v2\/product_tag?post=45481"}],"curies":[{"name":"wp","href":"https:\/\/api.w.org\/{rel}","templated":true}]}}