{"id":45466,"date":"2022-03-02T14:30:24","date_gmt":"2022-03-02T14:30:24","guid":{"rendered":"https:\/\/www.istegroup.com\/?post_type=product&#038;p=45466"},"modified":"2024-01-03T13:45:38","modified_gmt":"2024-01-03T13:45:38","slug":"la-gestion-des-dechets-radioactifs","status":"publish","type":"product","link":"https:\/\/www.istegroup.com\/fr\/produit\/la-gestion-des-dechets-radioactifs\/","title":{"rendered":"La gestion des d\u00e9chets radioactifs"},"content":{"rendered":"<p><em>La gestion des d\u00e9chets radioactifs<\/em> pr\u00e9sente les classifications de l\u2019AIEA et de l\u2019OCDE\/AEN. Leur classification est variable selon les \u00c9tats, ce qui entra\u00eene une gestion diff\u00e9renci\u00e9e pour chaque pays.<\/p>\n<p>Dans les cat\u00e9gories les plus dangereuses de d\u00e9chets, ceux \u00e0 vie longue et \u00e0 moyenne et haute activit\u00e9, ce sont les r\u00e9acteurs \u00e9lectronucl\u00e9aires, les usines de retraitement du combustible us\u00e9 et les accidents nucl\u00e9aires qui fournissent les plus grandes quantit\u00e9s \u00e0 traiter. Les op\u00e9rations de d\u00e9classement et de d\u00e9mant\u00e8lement des installations nucl\u00e9aires g\u00e9n\u00e8rent \u00e9galement de grandes quantit\u00e9s de d\u00e9chets radioactifs. Les solutions pour les d\u00e9chets de faible et tr\u00e8s faible activit\u00e9, et ceux \u00e0 vie courte ou tr\u00e8s courte sont bien ma\u00eetris\u00e9es. En revanche, les solutions pour plusieurs cat\u00e9gories, notamment les d\u00e9chets \u00e0 vie longue, les d\u00e9chets triti\u00e9s et les d\u00e9chets de graphite irradi\u00e9, ne sont pas ma\u00eetris\u00e9es.<\/p>\n<p>Cet ouvrage recense toutes les solutions envisageables et d\u00e9taille celles retenues par les divers \u00c9tats.<\/p>","protected":false},"excerpt":{"rendered":"<p>La gestion des d\u00e9chets radioactifs pr\u00e9sente les classifications de l\u2019AIEA et de l\u2019OCDE\/AEN. Leur classification est variable selon les \u00c9tats, ce qui entra\u00eene une gestion diff\u00e9renci\u00e9e pour chaque pays. Dans les cat\u00e9gories les plus dangereuses de d\u00e9chets, ceux \u00e0 vie longue et \u00e0 moyenne et haute activit\u00e9, ce sont les r\u00e9acteurs \u00e9lectronucl\u00e9aires, les usines de [&hellip;]<\/p>\n","protected":false},"featured_media":45472,"template":"","meta":{"_acf_changed":false,"_links_to":"","_links_to_target":""},"product_brand":[],"product_cat":[658],"product_tag":[],"class_list":{"0":"post-45466","1":"product","2":"type-product","3":"status-publish","4":"has-post-thumbnail","6":"product_cat-ecologie-14419669","8":"first","9":"instock","10":"shipping-taxable","11":"purchasable","12":"product-type-variable"},"acf":[],"yoast_head":"<!-- This site is optimized with the Yoast SEO plugin v27.2 - https:\/\/yoast.com\/product\/yoast-seo-wordpress\/ -->\n<title>La gestion des d\u00e9chets radioactifs - ISTE Group<\/title>\n<meta name=\"description\" content=\"La gestion des d\u00e9chets radioactifs pr\u00e9sente les classifications de l\u2019AIEA et de l\u2019OCDE\/AEN. Leur classification est variable selon les \u00c9tats, ce qui entra\u00eene une gestion diff\u00e9renci\u00e9e pour chaque pays.\" \/>\n<meta name=\"robots\" content=\"index, follow, max-snippet:-1, max-image-preview:large, max-video-preview:-1\" \/>\n<link rel=\"canonical\" href=\"https:\/\/www.istegroup.com\/en\/produit\/la-gestion-des-dechets-radioactifs\/\" \/>\n<meta property=\"og:locale\" content=\"fr_FR\" \/>\n<meta property=\"og:type\" content=\"article\" \/>\n<meta property=\"og:title\" content=\"La gestion des d\u00e9chets radioactifs - ISTE Group\" \/>\n<meta property=\"og:description\" content=\"La gestion des d\u00e9chets radioactifs pr\u00e9sente les classifications de l\u2019AIEA et de l\u2019OCDE\/AEN. Leur classification est variable selon les \u00c9tats, ce qui entra\u00eene une gestion diff\u00e9renci\u00e9e pour chaque pays.\" \/>\n<meta property=\"og:url\" content=\"https:\/\/www.istegroup.com\/en\/produit\/la-gestion-des-dechets-radioactifs\/\" \/>\n<meta property=\"og:site_name\" content=\"ISTE Group\" \/>\n<meta property=\"article:modified_time\" content=\"2024-01-03T13:45:38+00:00\" \/>\n<meta property=\"og:image\" content=\"https:\/\/www.istegroup.com\/wp-content\/uploads\/2022\/02\/La-gestion-des-dechets-radioactifs.jpg\" \/>\n\t<meta property=\"og:image:width\" content=\"350\" \/>\n\t<meta property=\"og:image:height\" content=\"525\" \/>\n\t<meta property=\"og:image:type\" content=\"image\/jpeg\" \/>\n<meta name=\"twitter:card\" content=\"summary_large_image\" \/>\n<meta name=\"twitter:label1\" content=\"Est. reading time\" \/>\n\t<meta name=\"twitter:data1\" content=\"1 minute\" \/>\n<script type=\"application\/ld+json\" class=\"yoast-schema-graph\">{\"@context\":\"https:\/\/schema.org\",\"@graph\":[{\"@type\":\"WebPage\",\"@id\":\"https:\/\/www.istegroup.com\/en\/produit\/la-gestion-des-dechets-radioactifs\/\",\"url\":\"https:\/\/www.istegroup.com\/en\/produit\/la-gestion-des-dechets-radioactifs\/\",\"name\":\"La gestion des d\u00e9chets radioactifs - ISTE Group\",\"isPartOf\":{\"@id\":\"https:\/\/www.istegroup.com\/#website\"},\"primaryImageOfPage\":{\"@id\":\"https:\/\/www.istegroup.com\/en\/produit\/la-gestion-des-dechets-radioactifs\/#primaryimage\"},\"image\":{\"@id\":\"https:\/\/www.istegroup.com\/en\/produit\/la-gestion-des-dechets-radioactifs\/#primaryimage\"},\"thumbnailUrl\":\"https:\/\/www.istegroup.com\/wp-content\/uploads\/2022\/02\/La-gestion-des-dechets-radioactifs.jpg\",\"datePublished\":\"2022-03-02T14:30:24+00:00\",\"dateModified\":\"2024-01-03T13:45:38+00:00\",\"description\":\"La gestion des d\u00e9chets radioactifs pr\u00e9sente les classifications de l\u2019AIEA et de l\u2019OCDE\/AEN. Leur classification est variable selon les \u00c9tats, ce qui entra\u00eene une gestion diff\u00e9renci\u00e9e pour chaque pays.\",\"breadcrumb\":{\"@id\":\"https:\/\/www.istegroup.com\/en\/produit\/la-gestion-des-dechets-radioactifs\/#breadcrumb\"},\"inLanguage\":\"fr-FR\",\"potentialAction\":[{\"@type\":\"ReadAction\",\"target\":[\"https:\/\/www.istegroup.com\/en\/produit\/la-gestion-des-dechets-radioactifs\/\"]}]},{\"@type\":\"ImageObject\",\"inLanguage\":\"fr-FR\",\"@id\":\"https:\/\/www.istegroup.com\/en\/produit\/la-gestion-des-dechets-radioactifs\/#primaryimage\",\"url\":\"https:\/\/www.istegroup.com\/wp-content\/uploads\/2022\/02\/La-gestion-des-dechets-radioactifs.jpg\",\"contentUrl\":\"https:\/\/www.istegroup.com\/wp-content\/uploads\/2022\/02\/La-gestion-des-dechets-radioactifs.jpg\",\"width\":350,\"height\":525,\"caption\":\"Livre scientifique - La gestion des d\u00e9chets radioactifs\"},{\"@type\":\"BreadcrumbList\",\"@id\":\"https:\/\/www.istegroup.com\/en\/produit\/la-gestion-des-dechets-radioactifs\/#breadcrumb\",\"itemListElement\":[{\"@type\":\"ListItem\",\"position\":1,\"name\":\"Home\",\"item\":\"https:\/\/www.istegroup.com\/\"},{\"@type\":\"ListItem\",\"position\":2,\"name\":\"Shop\",\"item\":\"https:\/\/www.istegroup.com\/fr\/nouveautes\/\"},{\"@type\":\"ListItem\",\"position\":3,\"name\":\"La gestion des d\u00e9chets radioactifs\"}]},{\"@type\":\"WebSite\",\"@id\":\"https:\/\/www.istegroup.com\/#website\",\"url\":\"https:\/\/www.istegroup.com\/\",\"name\":\"ISTE Group\",\"description\":\"\u00c9diteur des Sciences\",\"potentialAction\":[{\"@type\":\"SearchAction\",\"target\":{\"@type\":\"EntryPoint\",\"urlTemplate\":\"https:\/\/www.istegroup.com\/?s={search_term_string}\"},\"query-input\":{\"@type\":\"PropertyValueSpecification\",\"valueRequired\":true,\"valueName\":\"search_term_string\"}}],\"inLanguage\":\"fr-FR\"}]}<\/script>\n<!-- \/ Yoast SEO plugin. -->","yoast_head_json":{"title":"La gestion des d\u00e9chets radioactifs - ISTE Group","description":"La gestion des d\u00e9chets radioactifs pr\u00e9sente les classifications de l\u2019AIEA et de l\u2019OCDE\/AEN. Leur classification est variable selon les \u00c9tats, ce qui entra\u00eene une gestion diff\u00e9renci\u00e9e pour chaque pays.","robots":{"index":"index","follow":"follow","max-snippet":"max-snippet:-1","max-image-preview":"max-image-preview:large","max-video-preview":"max-video-preview:-1"},"canonical":"https:\/\/www.istegroup.com\/en\/produit\/la-gestion-des-dechets-radioactifs\/","og_locale":"fr_FR","og_type":"article","og_title":"La gestion des d\u00e9chets radioactifs - ISTE Group","og_description":"La gestion des d\u00e9chets radioactifs pr\u00e9sente les classifications de l\u2019AIEA et de l\u2019OCDE\/AEN. Leur classification est variable selon les \u00c9tats, ce qui entra\u00eene une gestion diff\u00e9renci\u00e9e pour chaque pays.","og_url":"https:\/\/www.istegroup.com\/en\/produit\/la-gestion-des-dechets-radioactifs\/","og_site_name":"ISTE Group","article_modified_time":"2024-01-03T13:45:38+00:00","og_image":[{"width":350,"height":525,"url":"https:\/\/www.istegroup.com\/wp-content\/uploads\/2022\/02\/La-gestion-des-dechets-radioactifs.jpg","type":"image\/jpeg"}],"twitter_card":"summary_large_image","twitter_misc":{"Est. reading time":"1 minute"},"schema":{"@context":"https:\/\/schema.org","@graph":[{"@type":"WebPage","@id":"https:\/\/www.istegroup.com\/en\/produit\/la-gestion-des-dechets-radioactifs\/","url":"https:\/\/www.istegroup.com\/en\/produit\/la-gestion-des-dechets-radioactifs\/","name":"La gestion des d\u00e9chets radioactifs - ISTE Group","isPartOf":{"@id":"https:\/\/www.istegroup.com\/#website"},"primaryImageOfPage":{"@id":"https:\/\/www.istegroup.com\/en\/produit\/la-gestion-des-dechets-radioactifs\/#primaryimage"},"image":{"@id":"https:\/\/www.istegroup.com\/en\/produit\/la-gestion-des-dechets-radioactifs\/#primaryimage"},"thumbnailUrl":"https:\/\/www.istegroup.com\/wp-content\/uploads\/2022\/02\/La-gestion-des-dechets-radioactifs.jpg","datePublished":"2022-03-02T14:30:24+00:00","dateModified":"2024-01-03T13:45:38+00:00","description":"La gestion des d\u00e9chets radioactifs pr\u00e9sente les classifications de l\u2019AIEA et de l\u2019OCDE\/AEN. Leur classification est variable selon les \u00c9tats, ce qui entra\u00eene une gestion diff\u00e9renci\u00e9e pour chaque pays.","breadcrumb":{"@id":"https:\/\/www.istegroup.com\/en\/produit\/la-gestion-des-dechets-radioactifs\/#breadcrumb"},"inLanguage":"fr-FR","potentialAction":[{"@type":"ReadAction","target":["https:\/\/www.istegroup.com\/en\/produit\/la-gestion-des-dechets-radioactifs\/"]}]},{"@type":"ImageObject","inLanguage":"fr-FR","@id":"https:\/\/www.istegroup.com\/en\/produit\/la-gestion-des-dechets-radioactifs\/#primaryimage","url":"https:\/\/www.istegroup.com\/wp-content\/uploads\/2022\/02\/La-gestion-des-dechets-radioactifs.jpg","contentUrl":"https:\/\/www.istegroup.com\/wp-content\/uploads\/2022\/02\/La-gestion-des-dechets-radioactifs.jpg","width":350,"height":525,"caption":"Livre scientifique - La gestion des d\u00e9chets radioactifs"},{"@type":"BreadcrumbList","@id":"https:\/\/www.istegroup.com\/en\/produit\/la-gestion-des-dechets-radioactifs\/#breadcrumb","itemListElement":[{"@type":"ListItem","position":1,"name":"Home","item":"https:\/\/www.istegroup.com\/"},{"@type":"ListItem","position":2,"name":"Shop","item":"https:\/\/www.istegroup.com\/fr\/nouveautes\/"},{"@type":"ListItem","position":3,"name":"La gestion des d\u00e9chets radioactifs"}]},{"@type":"WebSite","@id":"https:\/\/www.istegroup.com\/#website","url":"https:\/\/www.istegroup.com\/","name":"ISTE Group","description":"\u00c9diteur des Sciences","potentialAction":[{"@type":"SearchAction","target":{"@type":"EntryPoint","urlTemplate":"https:\/\/www.istegroup.com\/?s={search_term_string}"},"query-input":{"@type":"PropertyValueSpecification","valueRequired":true,"valueName":"search_term_string"}}],"inLanguage":"fr-FR"}]}},"_links":{"self":[{"href":"https:\/\/www.istegroup.com\/fr\/wp-json\/wp\/v2\/product\/45466","targetHints":{"allow":["GET"]}}],"collection":[{"href":"https:\/\/www.istegroup.com\/fr\/wp-json\/wp\/v2\/product"}],"about":[{"href":"https:\/\/www.istegroup.com\/fr\/wp-json\/wp\/v2\/types\/product"}],"wp:featuredmedia":[{"embeddable":true,"href":"https:\/\/www.istegroup.com\/fr\/wp-json\/wp\/v2\/media\/45472"}],"wp:attachment":[{"href":"https:\/\/www.istegroup.com\/fr\/wp-json\/wp\/v2\/media?parent=45466"}],"wp:term":[{"taxonomy":"product_brand","embeddable":true,"href":"https:\/\/www.istegroup.com\/fr\/wp-json\/wp\/v2\/product_brand?post=45466"},{"taxonomy":"product_cat","embeddable":true,"href":"https:\/\/www.istegroup.com\/fr\/wp-json\/wp\/v2\/product_cat?post=45466"},{"taxonomy":"product_tag","embeddable":true,"href":"https:\/\/www.istegroup.com\/fr\/wp-json\/wp\/v2\/product_tag?post=45466"}],"curies":[{"name":"wp","href":"https:\/\/api.w.org\/{rel}","templated":true}]}}