{"id":45457,"date":"2022-02-28T11:28:03","date_gmt":"2022-02-28T11:28:03","guid":{"rendered":"https:\/\/www.istegroup.com\/?post_type=product&#038;p=45457"},"modified":"2024-01-03T13:45:38","modified_gmt":"2024-01-03T13:45:38","slug":"lecosysteme-dinnovation-source-de-creation-de-valeurs","status":"publish","type":"product","link":"https:\/\/www.istegroup.com\/fr\/produit\/lecosysteme-dinnovation-source-de-creation-de-valeurs\/","title":{"rendered":"L\u2019\u00e9cosyst\u00e8me d\u2019innovation source de cr\u00e9ation de valeurs"},"content":{"rendered":"<p>Pr\u00e9sents depuis des d\u00e9cennies dans l\u2019\u00e9conomie et la gestion, les \u00e9cosyst\u00e8mes connaissent depuis ces derni\u00e8res ann\u00e9es un d\u00e9veloppement fulgurant. Cependant, une absence de consensus demeure sur la d\u00e9finition de l\u2019\u00e9cosyst\u00e8me d\u2019innovation.<\/p>\n<p>\u00c0 partir d\u2019exemples concrets, <em>L\u2019\u00e9cosyst\u00e8me d\u2019innovation source de cr\u00e9ation de valeurs<\/em> propose une mod\u00e9lisation de cet \u00e9cosyst\u00e8me en vue d\u2019affiner sa compr\u00e9hension et d\u2019en saisir ses fonctionnements, atouts et inconv\u00e9nients. Cette mod\u00e9lisation se base sur le r\u00e9seau it\u00e9ratif et la cha\u00eene de valeurs int\u00e9gr\u00e9es. Le r\u00e9seau soutient la collaboration entre les acteurs et favorise les transferts d\u2019actifs articul\u00e9s autour du processus d\u2019innovation.<\/p>\n<p>Cet ouvrage met en lumi\u00e8re les processus de transferts \u00e0 l\u2019oeuvre dans l\u2019\u00e9cosyst\u00e8me d\u2019innovation, ainsi que les r\u00f4les des acteurs, dans cette cha\u00eene de valeurs int\u00e9gr\u00e9es. Il pr\u00e9sente comment la cr\u00e9ation de valeurs s\u2019articule autour de la connaissance pour g\u00e9n\u00e9rer de la valeur partag\u00e9e par tous les acteurs de l\u2019\u00e9cosyst\u00e8me d\u2019innovation.<\/p>","protected":false},"excerpt":{"rendered":"<p>Pr\u00e9sents depuis des d\u00e9cennies dans l\u2019\u00e9conomie et la gestion, les \u00e9cosyst\u00e8mes connaissent depuis ces derni\u00e8res ann\u00e9es un d\u00e9veloppement fulgurant. Cependant, une absence de consensus demeure sur la d\u00e9finition de l\u2019\u00e9cosyst\u00e8me d\u2019innovation. \u00c0 partir d\u2019exemples concrets, L\u2019\u00e9cosyst\u00e8me d\u2019innovation source de cr\u00e9ation de valeurs propose une mod\u00e9lisation de cet \u00e9cosyst\u00e8me en vue d\u2019affiner sa compr\u00e9hension et d\u2019en [&hellip;]<\/p>\n","protected":false},"featured_media":50977,"template":"","meta":{"_acf_changed":false,"_links_to":"","_links_to_target":""},"product_brand":[],"product_cat":[670],"product_tag":[],"class_list":{"0":"post-45457","1":"product","2":"type-product","3":"status-publish","4":"has-post-thumbnail","6":"product_cat-innovation-entrepreneuriat-et-gestion-11041751","8":"first","9":"instock","10":"shipping-taxable","11":"purchasable","12":"product-type-variable"},"acf":[],"yoast_head":"<!-- This site is optimized with the Yoast SEO plugin v27.2 - https:\/\/yoast.com\/product\/yoast-seo-wordpress\/ -->\n<title>L\u2019\u00e9cosyst\u00e8me d\u2019innovation source de cr\u00e9ation de valeurs - ISTE Group<\/title>\n<meta name=\"description\" content=\"L\u2019\u00e9cosyst\u00e8me d\u2019innovation source de cr\u00e9ation de valeurs propose une mod\u00e9lisation de cet \u00e9cosyst\u00e8me en vue d\u2019affiner sa compr\u00e9hension et d\u2019en saisir ses fonctionnements, atouts et inconv\u00e9nients.\" \/>\n<meta name=\"robots\" content=\"index, follow, max-snippet:-1, max-image-preview:large, max-video-preview:-1\" \/>\n<link rel=\"canonical\" href=\"https:\/\/www.istegroup.com\/en\/produit\/lecosysteme-dinnovation-source-de-creation-de-valeurs\/\" \/>\n<meta property=\"og:locale\" content=\"fr_FR\" \/>\n<meta property=\"og:type\" content=\"article\" \/>\n<meta property=\"og:title\" content=\"L\u2019\u00e9cosyst\u00e8me d\u2019innovation source de cr\u00e9ation de valeurs - ISTE Group\" \/>\n<meta property=\"og:description\" content=\"L\u2019\u00e9cosyst\u00e8me d\u2019innovation source de cr\u00e9ation de valeurs propose une mod\u00e9lisation de cet \u00e9cosyst\u00e8me en vue d\u2019affiner sa compr\u00e9hension et d\u2019en saisir ses fonctionnements, atouts et inconv\u00e9nients.\" \/>\n<meta property=\"og:url\" content=\"https:\/\/www.istegroup.com\/en\/produit\/lecosysteme-dinnovation-source-de-creation-de-valeurs\/\" \/>\n<meta property=\"og:site_name\" content=\"ISTE Group\" \/>\n<meta property=\"article:modified_time\" content=\"2024-01-03T13:45:38+00:00\" \/>\n<meta property=\"og:image\" content=\"https:\/\/www.istegroup.com\/wp-content\/uploads\/2022\/02\/Lecosysteme-dinnovation-source-de-creation-de-valeur_FNEGE.jpg\" \/>\n\t<meta property=\"og:image:width\" content=\"350\" \/>\n\t<meta property=\"og:image:height\" content=\"530\" \/>\n\t<meta property=\"og:image:type\" content=\"image\/jpeg\" \/>\n<meta name=\"twitter:card\" content=\"summary_large_image\" \/>\n<meta name=\"twitter:label1\" content=\"Est. reading time\" \/>\n\t<meta name=\"twitter:data1\" content=\"1 minute\" \/>\n<script type=\"application\/ld+json\" class=\"yoast-schema-graph\">{\"@context\":\"https:\/\/schema.org\",\"@graph\":[{\"@type\":\"WebPage\",\"@id\":\"https:\/\/www.istegroup.com\/en\/produit\/lecosysteme-dinnovation-source-de-creation-de-valeurs\/\",\"url\":\"https:\/\/www.istegroup.com\/en\/produit\/lecosysteme-dinnovation-source-de-creation-de-valeurs\/\",\"name\":\"L\u2019\u00e9cosyst\u00e8me d\u2019innovation source de cr\u00e9ation de valeurs - ISTE Group\",\"isPartOf\":{\"@id\":\"https:\/\/www.istegroup.com\/#website\"},\"primaryImageOfPage\":{\"@id\":\"https:\/\/www.istegroup.com\/en\/produit\/lecosysteme-dinnovation-source-de-creation-de-valeurs\/#primaryimage\"},\"image\":{\"@id\":\"https:\/\/www.istegroup.com\/en\/produit\/lecosysteme-dinnovation-source-de-creation-de-valeurs\/#primaryimage\"},\"thumbnailUrl\":\"https:\/\/www.istegroup.com\/wp-content\/uploads\/2022\/02\/Lecosysteme-dinnovation-source-de-creation-de-valeur_FNEGE.jpg\",\"datePublished\":\"2022-02-28T11:28:03+00:00\",\"dateModified\":\"2024-01-03T13:45:38+00:00\",\"description\":\"L\u2019\u00e9cosyst\u00e8me d\u2019innovation source de cr\u00e9ation de valeurs propose une mod\u00e9lisation de cet \u00e9cosyst\u00e8me en vue d\u2019affiner sa compr\u00e9hension et d\u2019en saisir ses fonctionnements, atouts et inconv\u00e9nients.\",\"breadcrumb\":{\"@id\":\"https:\/\/www.istegroup.com\/en\/produit\/lecosysteme-dinnovation-source-de-creation-de-valeurs\/#breadcrumb\"},\"inLanguage\":\"fr-FR\",\"potentialAction\":[{\"@type\":\"ReadAction\",\"target\":[\"https:\/\/www.istegroup.com\/en\/produit\/lecosysteme-dinnovation-source-de-creation-de-valeurs\/\"]}]},{\"@type\":\"ImageObject\",\"inLanguage\":\"fr-FR\",\"@id\":\"https:\/\/www.istegroup.com\/en\/produit\/lecosysteme-dinnovation-source-de-creation-de-valeurs\/#primaryimage\",\"url\":\"https:\/\/www.istegroup.com\/wp-content\/uploads\/2022\/02\/Lecosysteme-dinnovation-source-de-creation-de-valeur_FNEGE.jpg\",\"contentUrl\":\"https:\/\/www.istegroup.com\/wp-content\/uploads\/2022\/02\/Lecosysteme-dinnovation-source-de-creation-de-valeur_FNEGE.jpg\",\"width\":350,\"height\":530,\"caption\":\"Livre scientifique - L'\u00e9cosyst\u00e8me d'innovation source de cr\u00e9ation de valeur_FNEGE\"},{\"@type\":\"BreadcrumbList\",\"@id\":\"https:\/\/www.istegroup.com\/en\/produit\/lecosysteme-dinnovation-source-de-creation-de-valeurs\/#breadcrumb\",\"itemListElement\":[{\"@type\":\"ListItem\",\"position\":1,\"name\":\"Home\",\"item\":\"https:\/\/www.istegroup.com\/\"},{\"@type\":\"ListItem\",\"position\":2,\"name\":\"Shop\",\"item\":\"https:\/\/www.istegroup.com\/fr\/nouveautes\/\"},{\"@type\":\"ListItem\",\"position\":3,\"name\":\"L\u2019\u00e9cosyst\u00e8me d\u2019innovation source de cr\u00e9ation de valeurs\"}]},{\"@type\":\"WebSite\",\"@id\":\"https:\/\/www.istegroup.com\/#website\",\"url\":\"https:\/\/www.istegroup.com\/\",\"name\":\"ISTE Group\",\"description\":\"\u00c9diteur des Sciences\",\"potentialAction\":[{\"@type\":\"SearchAction\",\"target\":{\"@type\":\"EntryPoint\",\"urlTemplate\":\"https:\/\/www.istegroup.com\/?s={search_term_string}\"},\"query-input\":{\"@type\":\"PropertyValueSpecification\",\"valueRequired\":true,\"valueName\":\"search_term_string\"}}],\"inLanguage\":\"fr-FR\"}]}<\/script>\n<!-- \/ Yoast SEO plugin. -->","yoast_head_json":{"title":"L\u2019\u00e9cosyst\u00e8me d\u2019innovation source de cr\u00e9ation de valeurs - ISTE Group","description":"L\u2019\u00e9cosyst\u00e8me d\u2019innovation source de cr\u00e9ation de valeurs propose une mod\u00e9lisation de cet \u00e9cosyst\u00e8me en vue d\u2019affiner sa compr\u00e9hension et d\u2019en saisir ses fonctionnements, atouts et inconv\u00e9nients.","robots":{"index":"index","follow":"follow","max-snippet":"max-snippet:-1","max-image-preview":"max-image-preview:large","max-video-preview":"max-video-preview:-1"},"canonical":"https:\/\/www.istegroup.com\/en\/produit\/lecosysteme-dinnovation-source-de-creation-de-valeurs\/","og_locale":"fr_FR","og_type":"article","og_title":"L\u2019\u00e9cosyst\u00e8me d\u2019innovation source de cr\u00e9ation de valeurs - ISTE Group","og_description":"L\u2019\u00e9cosyst\u00e8me d\u2019innovation source de cr\u00e9ation de valeurs propose une mod\u00e9lisation de cet \u00e9cosyst\u00e8me en vue d\u2019affiner sa compr\u00e9hension et d\u2019en saisir ses fonctionnements, atouts et inconv\u00e9nients.","og_url":"https:\/\/www.istegroup.com\/en\/produit\/lecosysteme-dinnovation-source-de-creation-de-valeurs\/","og_site_name":"ISTE Group","article_modified_time":"2024-01-03T13:45:38+00:00","og_image":[{"width":350,"height":530,"url":"https:\/\/www.istegroup.com\/wp-content\/uploads\/2022\/02\/Lecosysteme-dinnovation-source-de-creation-de-valeur_FNEGE.jpg","type":"image\/jpeg"}],"twitter_card":"summary_large_image","twitter_misc":{"Est. reading time":"1 minute"},"schema":{"@context":"https:\/\/schema.org","@graph":[{"@type":"WebPage","@id":"https:\/\/www.istegroup.com\/en\/produit\/lecosysteme-dinnovation-source-de-creation-de-valeurs\/","url":"https:\/\/www.istegroup.com\/en\/produit\/lecosysteme-dinnovation-source-de-creation-de-valeurs\/","name":"L\u2019\u00e9cosyst\u00e8me d\u2019innovation source de cr\u00e9ation de valeurs - ISTE Group","isPartOf":{"@id":"https:\/\/www.istegroup.com\/#website"},"primaryImageOfPage":{"@id":"https:\/\/www.istegroup.com\/en\/produit\/lecosysteme-dinnovation-source-de-creation-de-valeurs\/#primaryimage"},"image":{"@id":"https:\/\/www.istegroup.com\/en\/produit\/lecosysteme-dinnovation-source-de-creation-de-valeurs\/#primaryimage"},"thumbnailUrl":"https:\/\/www.istegroup.com\/wp-content\/uploads\/2022\/02\/Lecosysteme-dinnovation-source-de-creation-de-valeur_FNEGE.jpg","datePublished":"2022-02-28T11:28:03+00:00","dateModified":"2024-01-03T13:45:38+00:00","description":"L\u2019\u00e9cosyst\u00e8me d\u2019innovation source de cr\u00e9ation de valeurs propose une mod\u00e9lisation de cet \u00e9cosyst\u00e8me en vue d\u2019affiner sa compr\u00e9hension et d\u2019en saisir ses fonctionnements, atouts et inconv\u00e9nients.","breadcrumb":{"@id":"https:\/\/www.istegroup.com\/en\/produit\/lecosysteme-dinnovation-source-de-creation-de-valeurs\/#breadcrumb"},"inLanguage":"fr-FR","potentialAction":[{"@type":"ReadAction","target":["https:\/\/www.istegroup.com\/en\/produit\/lecosysteme-dinnovation-source-de-creation-de-valeurs\/"]}]},{"@type":"ImageObject","inLanguage":"fr-FR","@id":"https:\/\/www.istegroup.com\/en\/produit\/lecosysteme-dinnovation-source-de-creation-de-valeurs\/#primaryimage","url":"https:\/\/www.istegroup.com\/wp-content\/uploads\/2022\/02\/Lecosysteme-dinnovation-source-de-creation-de-valeur_FNEGE.jpg","contentUrl":"https:\/\/www.istegroup.com\/wp-content\/uploads\/2022\/02\/Lecosysteme-dinnovation-source-de-creation-de-valeur_FNEGE.jpg","width":350,"height":530,"caption":"Livre scientifique - L'\u00e9cosyst\u00e8me d'innovation source de cr\u00e9ation de valeur_FNEGE"},{"@type":"BreadcrumbList","@id":"https:\/\/www.istegroup.com\/en\/produit\/lecosysteme-dinnovation-source-de-creation-de-valeurs\/#breadcrumb","itemListElement":[{"@type":"ListItem","position":1,"name":"Home","item":"https:\/\/www.istegroup.com\/"},{"@type":"ListItem","position":2,"name":"Shop","item":"https:\/\/www.istegroup.com\/fr\/nouveautes\/"},{"@type":"ListItem","position":3,"name":"L\u2019\u00e9cosyst\u00e8me d\u2019innovation source de cr\u00e9ation de valeurs"}]},{"@type":"WebSite","@id":"https:\/\/www.istegroup.com\/#website","url":"https:\/\/www.istegroup.com\/","name":"ISTE Group","description":"\u00c9diteur des Sciences","potentialAction":[{"@type":"SearchAction","target":{"@type":"EntryPoint","urlTemplate":"https:\/\/www.istegroup.com\/?s={search_term_string}"},"query-input":{"@type":"PropertyValueSpecification","valueRequired":true,"valueName":"search_term_string"}}],"inLanguage":"fr-FR"}]}},"_links":{"self":[{"href":"https:\/\/www.istegroup.com\/fr\/wp-json\/wp\/v2\/product\/45457","targetHints":{"allow":["GET"]}}],"collection":[{"href":"https:\/\/www.istegroup.com\/fr\/wp-json\/wp\/v2\/product"}],"about":[{"href":"https:\/\/www.istegroup.com\/fr\/wp-json\/wp\/v2\/types\/product"}],"wp:featuredmedia":[{"embeddable":true,"href":"https:\/\/www.istegroup.com\/fr\/wp-json\/wp\/v2\/media\/50977"}],"wp:attachment":[{"href":"https:\/\/www.istegroup.com\/fr\/wp-json\/wp\/v2\/media?parent=45457"}],"wp:term":[{"taxonomy":"product_brand","embeddable":true,"href":"https:\/\/www.istegroup.com\/fr\/wp-json\/wp\/v2\/product_brand?post=45457"},{"taxonomy":"product_cat","embeddable":true,"href":"https:\/\/www.istegroup.com\/fr\/wp-json\/wp\/v2\/product_cat?post=45457"},{"taxonomy":"product_tag","embeddable":true,"href":"https:\/\/www.istegroup.com\/fr\/wp-json\/wp\/v2\/product_tag?post=45457"}],"curies":[{"name":"wp","href":"https:\/\/api.w.org\/{rel}","templated":true}]}}