{"id":45447,"date":"2022-02-28T11:14:24","date_gmt":"2022-02-28T11:14:24","guid":{"rendered":"https:\/\/www.istegroup.com\/?post_type=product&#038;p=45447"},"modified":"2024-01-03T13:45:34","modified_gmt":"2024-01-03T13:45:34","slug":"les-usages-de-lusage","status":"publish","type":"product","link":"https:\/\/www.istegroup.com\/fr\/produit\/les-usages-de-lusage\/","title":{"rendered":"Les usages de l\u2019usage"},"content":{"rendered":"<p>L\u2019usage, longtemps d\u00e9pr\u00e9ci\u00e9, constitue actuellement le socle des approches linguistiques les plus contemporaines. Le parler ordinaire, c\u2019est-\u00e0-dire ce que nous dirions dans telle ou telle circonstance, a traditionnellement \u00e9t\u00e9 peu consid\u00e9r\u00e9 par de nombreux th\u00e9oriciens des langues. <em>Les usages de l\u2019usage<\/em> questionne ce paradoxe en soulignant l\u2019incidence de la philosophie du langage dans la r\u00e9habilitation r\u00e9cente de l\u2019usage au sein des th\u00e9ories linguistiques.<\/p>\n<p>Appr\u00e9hendant en diachronie cette probl\u00e9matique d\u2019un point de vue linguistique et philosophique, l\u2019ouvrage analyse l\u2019\u00e9volution de la conception de l\u2019usage, de l\u2019Antiquit\u00e9 grecque jusqu\u2019\u00e0 nos jours, tant au niveau de sa d\u00e9finition que des fonctions qui lui ont \u00e9t\u00e9 attribu\u00e9es. Il traite \u00e9galement des th\u00e9ories contemporaines qui posent l\u2019usage au centre de leur dispositif et analyse les bouleversements th\u00e9oriques qui en r\u00e9sultent.<\/p>\n<p>En retra\u00e7ant ainsi la transformation d\u2019une notion sous-\u00e9valu\u00e9e, cet ouvrage montre comment elle s\u2019est r\u00e9v\u00e9l\u00e9e \u00eatre, \u00e0 l\u2019\u00e9poque contemporaine, un concept donnant lieu \u00e0 l\u2019apparition de nouveaux paradigmes scientifiques.<\/p>","protected":false},"excerpt":{"rendered":"<p>L\u2019usage, longtemps d\u00e9pr\u00e9ci\u00e9, constitue actuellement le socle des approches linguistiques les plus contemporaines. Le parler ordinaire, c\u2019est-\u00e0-dire ce que nous dirions dans telle ou telle circonstance, a traditionnellement \u00e9t\u00e9 peu consid\u00e9r\u00e9 par de nombreux th\u00e9oriciens des langues. Les usages de l\u2019usage questionne ce paradoxe en soulignant l\u2019incidence de la philosophie du langage dans la r\u00e9habilitation [&hellip;]<\/p>\n","protected":false},"featured_media":45456,"template":"","meta":{"_acf_changed":false,"_links_to":"","_links_to_target":""},"product_brand":[],"product_cat":[682],"product_tag":[],"class_list":{"0":"post-45447","1":"product","2":"type-product","3":"status-publish","4":"has-post-thumbnail","6":"product_cat-sciences-cognitives-12506546","8":"first","9":"instock","10":"shipping-taxable","11":"purchasable","12":"product-type-variable"},"acf":[],"yoast_head":"<!-- This site is optimized with the Yoast SEO plugin v27.2 - https:\/\/yoast.com\/product\/yoast-seo-wordpress\/ -->\n<title>Les usages de l\u2019usage - ISTE Group<\/title>\n<meta name=\"description\" content=\"L\u2019ouvrage analyse l\u2019\u00e9volution de la conception de l\u2019usage, de l\u2019Antiquit\u00e9 grecque jusqu\u2019\u00e0 nos jours, tant au niveau de sa d\u00e9finition que des fonctions qui lui ont \u00e9t\u00e9 attribu\u00e9es.\" \/>\n<meta name=\"robots\" content=\"index, follow, max-snippet:-1, max-image-preview:large, max-video-preview:-1\" \/>\n<link rel=\"canonical\" href=\"https:\/\/www.istegroup.com\/fr\/produit\/les-usages-de-lusage\/\" \/>\n<meta property=\"og:locale\" content=\"fr_FR\" \/>\n<meta property=\"og:type\" content=\"article\" \/>\n<meta property=\"og:title\" content=\"Les usages de l\u2019usage - ISTE Group\" \/>\n<meta property=\"og:description\" content=\"L\u2019ouvrage analyse l\u2019\u00e9volution de la conception de l\u2019usage, de l\u2019Antiquit\u00e9 grecque jusqu\u2019\u00e0 nos jours, tant au niveau de sa d\u00e9finition que des fonctions qui lui ont \u00e9t\u00e9 attribu\u00e9es.\" \/>\n<meta property=\"og:url\" content=\"https:\/\/www.istegroup.com\/fr\/produit\/les-usages-de-lusage\/\" \/>\n<meta property=\"og:site_name\" content=\"ISTE Group\" \/>\n<meta property=\"article:modified_time\" content=\"2024-01-03T13:45:34+00:00\" \/>\n<meta property=\"og:image\" content=\"https:\/\/www.istegroup.com\/wp-content\/uploads\/2022\/02\/Les-usages-de-lusage.jpg\" \/>\n\t<meta property=\"og:image:width\" content=\"909\" \/>\n\t<meta property=\"og:image:height\" content=\"1364\" \/>\n\t<meta property=\"og:image:type\" content=\"image\/jpeg\" \/>\n<meta name=\"twitter:card\" content=\"summary_large_image\" \/>\n<meta name=\"twitter:label1\" content=\"Est. reading time\" \/>\n\t<meta name=\"twitter:data1\" content=\"1 minute\" \/>\n<script type=\"application\/ld+json\" class=\"yoast-schema-graph\">{\"@context\":\"https:\/\/schema.org\",\"@graph\":[{\"@type\":\"WebPage\",\"@id\":\"https:\/\/www.istegroup.com\/fr\/produit\/les-usages-de-lusage\/\",\"url\":\"https:\/\/www.istegroup.com\/fr\/produit\/les-usages-de-lusage\/\",\"name\":\"Les usages de l\u2019usage - ISTE Group\",\"isPartOf\":{\"@id\":\"https:\/\/www.istegroup.com\/#website\"},\"primaryImageOfPage\":{\"@id\":\"https:\/\/www.istegroup.com\/fr\/produit\/les-usages-de-lusage\/#primaryimage\"},\"image\":{\"@id\":\"https:\/\/www.istegroup.com\/fr\/produit\/les-usages-de-lusage\/#primaryimage\"},\"thumbnailUrl\":\"https:\/\/www.istegroup.com\/wp-content\/uploads\/2022\/02\/Les-usages-de-lusage.jpg\",\"datePublished\":\"2022-02-28T11:14:24+00:00\",\"dateModified\":\"2024-01-03T13:45:34+00:00\",\"description\":\"L\u2019ouvrage analyse l\u2019\u00e9volution de la conception de l\u2019usage, de l\u2019Antiquit\u00e9 grecque jusqu\u2019\u00e0 nos jours, tant au niveau de sa d\u00e9finition que des fonctions qui lui ont \u00e9t\u00e9 attribu\u00e9es.\",\"breadcrumb\":{\"@id\":\"https:\/\/www.istegroup.com\/fr\/produit\/les-usages-de-lusage\/#breadcrumb\"},\"inLanguage\":\"fr-FR\",\"potentialAction\":[{\"@type\":\"ReadAction\",\"target\":[\"https:\/\/www.istegroup.com\/fr\/produit\/les-usages-de-lusage\/\"]}]},{\"@type\":\"ImageObject\",\"inLanguage\":\"fr-FR\",\"@id\":\"https:\/\/www.istegroup.com\/fr\/produit\/les-usages-de-lusage\/#primaryimage\",\"url\":\"https:\/\/www.istegroup.com\/wp-content\/uploads\/2022\/02\/Les-usages-de-lusage.jpg\",\"contentUrl\":\"https:\/\/www.istegroup.com\/wp-content\/uploads\/2022\/02\/Les-usages-de-lusage.jpg\",\"width\":909,\"height\":1364,\"caption\":\"Livre scientifique - Les usages de l'usage\"},{\"@type\":\"BreadcrumbList\",\"@id\":\"https:\/\/www.istegroup.com\/fr\/produit\/les-usages-de-lusage\/#breadcrumb\",\"itemListElement\":[{\"@type\":\"ListItem\",\"position\":1,\"name\":\"Home\",\"item\":\"https:\/\/www.istegroup.com\/\"},{\"@type\":\"ListItem\",\"position\":2,\"name\":\"Shop\",\"item\":\"https:\/\/www.istegroup.com\/fr\/nouveautes\/\"},{\"@type\":\"ListItem\",\"position\":3,\"name\":\"Les usages de l\u2019usage\"}]},{\"@type\":\"WebSite\",\"@id\":\"https:\/\/www.istegroup.com\/#website\",\"url\":\"https:\/\/www.istegroup.com\/\",\"name\":\"ISTE Group\",\"description\":\"\u00c9diteur des Sciences\",\"potentialAction\":[{\"@type\":\"SearchAction\",\"target\":{\"@type\":\"EntryPoint\",\"urlTemplate\":\"https:\/\/www.istegroup.com\/?s={search_term_string}\"},\"query-input\":{\"@type\":\"PropertyValueSpecification\",\"valueRequired\":true,\"valueName\":\"search_term_string\"}}],\"inLanguage\":\"fr-FR\"}]}<\/script>\n<!-- \/ Yoast SEO plugin. -->","yoast_head_json":{"title":"Les usages de l\u2019usage - ISTE Group","description":"L\u2019ouvrage analyse l\u2019\u00e9volution de la conception de l\u2019usage, de l\u2019Antiquit\u00e9 grecque jusqu\u2019\u00e0 nos jours, tant au niveau de sa d\u00e9finition que des fonctions qui lui ont \u00e9t\u00e9 attribu\u00e9es.","robots":{"index":"index","follow":"follow","max-snippet":"max-snippet:-1","max-image-preview":"max-image-preview:large","max-video-preview":"max-video-preview:-1"},"canonical":"https:\/\/www.istegroup.com\/fr\/produit\/les-usages-de-lusage\/","og_locale":"fr_FR","og_type":"article","og_title":"Les usages de l\u2019usage - ISTE Group","og_description":"L\u2019ouvrage analyse l\u2019\u00e9volution de la conception de l\u2019usage, de l\u2019Antiquit\u00e9 grecque jusqu\u2019\u00e0 nos jours, tant au niveau de sa d\u00e9finition que des fonctions qui lui ont \u00e9t\u00e9 attribu\u00e9es.","og_url":"https:\/\/www.istegroup.com\/fr\/produit\/les-usages-de-lusage\/","og_site_name":"ISTE Group","article_modified_time":"2024-01-03T13:45:34+00:00","og_image":[{"width":909,"height":1364,"url":"https:\/\/www.istegroup.com\/wp-content\/uploads\/2022\/02\/Les-usages-de-lusage.jpg","type":"image\/jpeg"}],"twitter_card":"summary_large_image","twitter_misc":{"Est. reading time":"1 minute"},"schema":{"@context":"https:\/\/schema.org","@graph":[{"@type":"WebPage","@id":"https:\/\/www.istegroup.com\/fr\/produit\/les-usages-de-lusage\/","url":"https:\/\/www.istegroup.com\/fr\/produit\/les-usages-de-lusage\/","name":"Les usages de l\u2019usage - ISTE Group","isPartOf":{"@id":"https:\/\/www.istegroup.com\/#website"},"primaryImageOfPage":{"@id":"https:\/\/www.istegroup.com\/fr\/produit\/les-usages-de-lusage\/#primaryimage"},"image":{"@id":"https:\/\/www.istegroup.com\/fr\/produit\/les-usages-de-lusage\/#primaryimage"},"thumbnailUrl":"https:\/\/www.istegroup.com\/wp-content\/uploads\/2022\/02\/Les-usages-de-lusage.jpg","datePublished":"2022-02-28T11:14:24+00:00","dateModified":"2024-01-03T13:45:34+00:00","description":"L\u2019ouvrage analyse l\u2019\u00e9volution de la conception de l\u2019usage, de l\u2019Antiquit\u00e9 grecque jusqu\u2019\u00e0 nos jours, tant au niveau de sa d\u00e9finition que des fonctions qui lui ont \u00e9t\u00e9 attribu\u00e9es.","breadcrumb":{"@id":"https:\/\/www.istegroup.com\/fr\/produit\/les-usages-de-lusage\/#breadcrumb"},"inLanguage":"fr-FR","potentialAction":[{"@type":"ReadAction","target":["https:\/\/www.istegroup.com\/fr\/produit\/les-usages-de-lusage\/"]}]},{"@type":"ImageObject","inLanguage":"fr-FR","@id":"https:\/\/www.istegroup.com\/fr\/produit\/les-usages-de-lusage\/#primaryimage","url":"https:\/\/www.istegroup.com\/wp-content\/uploads\/2022\/02\/Les-usages-de-lusage.jpg","contentUrl":"https:\/\/www.istegroup.com\/wp-content\/uploads\/2022\/02\/Les-usages-de-lusage.jpg","width":909,"height":1364,"caption":"Livre scientifique - Les usages de l'usage"},{"@type":"BreadcrumbList","@id":"https:\/\/www.istegroup.com\/fr\/produit\/les-usages-de-lusage\/#breadcrumb","itemListElement":[{"@type":"ListItem","position":1,"name":"Home","item":"https:\/\/www.istegroup.com\/"},{"@type":"ListItem","position":2,"name":"Shop","item":"https:\/\/www.istegroup.com\/fr\/nouveautes\/"},{"@type":"ListItem","position":3,"name":"Les usages de l\u2019usage"}]},{"@type":"WebSite","@id":"https:\/\/www.istegroup.com\/#website","url":"https:\/\/www.istegroup.com\/","name":"ISTE Group","description":"\u00c9diteur des Sciences","potentialAction":[{"@type":"SearchAction","target":{"@type":"EntryPoint","urlTemplate":"https:\/\/www.istegroup.com\/?s={search_term_string}"},"query-input":{"@type":"PropertyValueSpecification","valueRequired":true,"valueName":"search_term_string"}}],"inLanguage":"fr-FR"}]}},"_links":{"self":[{"href":"https:\/\/www.istegroup.com\/fr\/wp-json\/wp\/v2\/product\/45447","targetHints":{"allow":["GET"]}}],"collection":[{"href":"https:\/\/www.istegroup.com\/fr\/wp-json\/wp\/v2\/product"}],"about":[{"href":"https:\/\/www.istegroup.com\/fr\/wp-json\/wp\/v2\/types\/product"}],"wp:featuredmedia":[{"embeddable":true,"href":"https:\/\/www.istegroup.com\/fr\/wp-json\/wp\/v2\/media\/45456"}],"wp:attachment":[{"href":"https:\/\/www.istegroup.com\/fr\/wp-json\/wp\/v2\/media?parent=45447"}],"wp:term":[{"taxonomy":"product_brand","embeddable":true,"href":"https:\/\/www.istegroup.com\/fr\/wp-json\/wp\/v2\/product_brand?post=45447"},{"taxonomy":"product_cat","embeddable":true,"href":"https:\/\/www.istegroup.com\/fr\/wp-json\/wp\/v2\/product_cat?post=45447"},{"taxonomy":"product_tag","embeddable":true,"href":"https:\/\/www.istegroup.com\/fr\/wp-json\/wp\/v2\/product_tag?post=45447"}],"curies":[{"name":"wp","href":"https:\/\/api.w.org\/{rel}","templated":true}]}}