{"id":45432,"date":"2022-02-28T09:16:50","date_gmt":"2022-02-28T09:16:50","guid":{"rendered":"https:\/\/www.istegroup.com\/?post_type=product&#038;p=45432"},"modified":"2024-01-03T13:45:38","modified_gmt":"2024-01-03T13:45:38","slug":"lhomme-et-les-deserts-2","status":"publish","type":"product","link":"https:\/\/www.istegroup.com\/fr\/produit\/lhomme-et-les-deserts-2\/","title":{"rendered":"L\u2019Homme et les d\u00e9serts 2"},"content":{"rendered":"<p>Une s\u00e9cheresse temporaire ne suffit pas pour faire un d\u00e9sert, il y faut une aridit\u00e9 permanente. Il existe une grande vari\u00e9t\u00e9 de d\u00e9serts, chauds, froids, en altitude ou au niveau de la mer. En d\u00e9pit de leurs diff\u00e9rences climatiques, ils partagent la raret\u00e9 de l\u2019eau, des temp\u00e9ratures extr\u00eames et souvent la violence des vents. Ces lieux aujourd\u2019hui d\u00e9sertiques ont \u00e9t\u00e9 autrefois verdoyants et t\u00e9moins de l\u2019histoire de l\u2019humanit\u00e9.<\/p>\n<p><em>L\u2019Homme et les d\u00e9serts 2<\/em> d\u00e9crit le cycle de l\u2019eau dans les d\u00e9serts. L\u2019aridit\u00e9 du climat n\u2019exclut pas des \u00e9pisodes de pluie, \u00e9v\u00e9nements souvent exceptionnels parfois s\u00e9par\u00e9s par des ann\u00e9es de s\u00e9cheresse totale. L\u2019eau coule dans des r\u00e9seaux temporaires et d\u00e9sorganis\u00e9s, mais de grands fleuves, comme le Nil, le Tigre, l\u2019Euphrate, le Niger, traversent des d\u00e9serts, donnant naissance \u00e0 des civilisations.<\/p>\n<p>Des lacs se forment et collectent des eaux dans des bassins sans d\u00e9bouch\u00e9 vers l\u2019oc\u00e9an. Ceci entra\u00eene la cristallisation et l\u2019accumulation d\u2019une grande vari\u00e9t\u00e9 de sels, comme la potasse et le sel de table, qui ont jou\u00e9 un r\u00f4le essentiel dans les \u00e9changes commerciaux.<\/p>","protected":false},"excerpt":{"rendered":"<p>Une s\u00e9cheresse temporaire ne suffit pas pour faire un d\u00e9sert, il y faut une aridit\u00e9 permanente. Il existe une grande vari\u00e9t\u00e9 de d\u00e9serts, chauds, froids, en altitude ou au niveau de la mer. En d\u00e9pit de leurs diff\u00e9rences climatiques, ils partagent la raret\u00e9 de l\u2019eau, des temp\u00e9ratures extr\u00eames et souvent la violence des vents. Ces [&hellip;]<\/p>\n","protected":false},"featured_media":45438,"template":"","meta":{"_acf_changed":false,"_links_to":"","_links_to_target":""},"product_brand":[],"product_cat":[658],"product_tag":[],"class_list":{"0":"post-45432","1":"product","2":"type-product","3":"status-publish","4":"has-post-thumbnail","6":"product_cat-ecologie-14419669","8":"first","9":"instock","10":"shipping-taxable","11":"purchasable","12":"product-type-variable"},"acf":[],"yoast_head":"<!-- This site is optimized with the Yoast SEO plugin v27.2 - https:\/\/yoast.com\/product\/yoast-seo-wordpress\/ -->\n<title>L\u2019Homme et les d\u00e9serts 2 - ISTE Group<\/title>\n<meta name=\"robots\" content=\"index, follow, max-snippet:-1, max-image-preview:large, max-video-preview:-1\" \/>\n<link rel=\"canonical\" href=\"https:\/\/www.istegroup.com\/fr\/produit\/lhomme-et-les-deserts-2\/\" \/>\n<meta property=\"og:locale\" content=\"fr_FR\" \/>\n<meta property=\"og:type\" content=\"article\" \/>\n<meta property=\"og:title\" content=\"L\u2019Homme et les d\u00e9serts 2 - ISTE Group\" \/>\n<meta property=\"og:description\" content=\"Une s\u00e9cheresse temporaire ne suffit pas pour faire un d\u00e9sert, il y faut une aridit\u00e9 permanente. Il existe une grande vari\u00e9t\u00e9 de d\u00e9serts, chauds, froids, en altitude ou au niveau de la mer. En d\u00e9pit de leurs diff\u00e9rences climatiques, ils partagent la raret\u00e9 de l\u2019eau, des temp\u00e9ratures extr\u00eames et souvent la violence des vents. Ces [&hellip;]\" \/>\n<meta property=\"og:url\" content=\"https:\/\/www.istegroup.com\/fr\/produit\/lhomme-et-les-deserts-2\/\" \/>\n<meta property=\"og:site_name\" content=\"ISTE Group\" \/>\n<meta property=\"article:modified_time\" content=\"2024-01-03T13:45:38+00:00\" \/>\n<meta property=\"og:image\" content=\"https:\/\/www.istegroup.com\/wp-content\/uploads\/2022\/02\/LHomme-et-les-deserts-2.jpg\" \/>\n\t<meta property=\"og:image:width\" content=\"922\" \/>\n\t<meta property=\"og:image:height\" content=\"1382\" \/>\n\t<meta property=\"og:image:type\" content=\"image\/jpeg\" \/>\n<meta name=\"twitter:card\" content=\"summary_large_image\" \/>\n<meta name=\"twitter:label1\" content=\"Est. reading time\" \/>\n\t<meta name=\"twitter:data1\" content=\"1 minute\" \/>\n<script type=\"application\/ld+json\" class=\"yoast-schema-graph\">{\"@context\":\"https:\/\/schema.org\",\"@graph\":[{\"@type\":\"WebPage\",\"@id\":\"https:\/\/www.istegroup.com\/fr\/produit\/lhomme-et-les-deserts-2\/\",\"url\":\"https:\/\/www.istegroup.com\/fr\/produit\/lhomme-et-les-deserts-2\/\",\"name\":\"L\u2019Homme et les d\u00e9serts 2 - ISTE Group\",\"isPartOf\":{\"@id\":\"https:\/\/www.istegroup.com\/#website\"},\"primaryImageOfPage\":{\"@id\":\"https:\/\/www.istegroup.com\/fr\/produit\/lhomme-et-les-deserts-2\/#primaryimage\"},\"image\":{\"@id\":\"https:\/\/www.istegroup.com\/fr\/produit\/lhomme-et-les-deserts-2\/#primaryimage\"},\"thumbnailUrl\":\"https:\/\/www.istegroup.com\/wp-content\/uploads\/2022\/02\/LHomme-et-les-deserts-2.jpg\",\"datePublished\":\"2022-02-28T09:16:50+00:00\",\"dateModified\":\"2024-01-03T13:45:38+00:00\",\"breadcrumb\":{\"@id\":\"https:\/\/www.istegroup.com\/fr\/produit\/lhomme-et-les-deserts-2\/#breadcrumb\"},\"inLanguage\":\"fr-FR\",\"potentialAction\":[{\"@type\":\"ReadAction\",\"target\":[\"https:\/\/www.istegroup.com\/fr\/produit\/lhomme-et-les-deserts-2\/\"]}]},{\"@type\":\"ImageObject\",\"inLanguage\":\"fr-FR\",\"@id\":\"https:\/\/www.istegroup.com\/fr\/produit\/lhomme-et-les-deserts-2\/#primaryimage\",\"url\":\"https:\/\/www.istegroup.com\/wp-content\/uploads\/2022\/02\/LHomme-et-les-deserts-2.jpg\",\"contentUrl\":\"https:\/\/www.istegroup.com\/wp-content\/uploads\/2022\/02\/LHomme-et-les-deserts-2.jpg\",\"width\":922,\"height\":1382,\"caption\":\"Livre scientifique - L'Homme et les d\u00e9serts 2\"},{\"@type\":\"BreadcrumbList\",\"@id\":\"https:\/\/www.istegroup.com\/fr\/produit\/lhomme-et-les-deserts-2\/#breadcrumb\",\"itemListElement\":[{\"@type\":\"ListItem\",\"position\":1,\"name\":\"Home\",\"item\":\"https:\/\/www.istegroup.com\/\"},{\"@type\":\"ListItem\",\"position\":2,\"name\":\"Shop\",\"item\":\"https:\/\/www.istegroup.com\/fr\/nouveautes\/\"},{\"@type\":\"ListItem\",\"position\":3,\"name\":\"L\u2019Homme et les d\u00e9serts 2\"}]},{\"@type\":\"WebSite\",\"@id\":\"https:\/\/www.istegroup.com\/#website\",\"url\":\"https:\/\/www.istegroup.com\/\",\"name\":\"ISTE Group\",\"description\":\"\u00c9diteur des Sciences\",\"potentialAction\":[{\"@type\":\"SearchAction\",\"target\":{\"@type\":\"EntryPoint\",\"urlTemplate\":\"https:\/\/www.istegroup.com\/?s={search_term_string}\"},\"query-input\":{\"@type\":\"PropertyValueSpecification\",\"valueRequired\":true,\"valueName\":\"search_term_string\"}}],\"inLanguage\":\"fr-FR\"}]}<\/script>\n<!-- \/ Yoast SEO plugin. -->","yoast_head_json":{"title":"L\u2019Homme et les d\u00e9serts 2 - ISTE Group","robots":{"index":"index","follow":"follow","max-snippet":"max-snippet:-1","max-image-preview":"max-image-preview:large","max-video-preview":"max-video-preview:-1"},"canonical":"https:\/\/www.istegroup.com\/fr\/produit\/lhomme-et-les-deserts-2\/","og_locale":"fr_FR","og_type":"article","og_title":"L\u2019Homme et les d\u00e9serts 2 - ISTE Group","og_description":"Une s\u00e9cheresse temporaire ne suffit pas pour faire un d\u00e9sert, il y faut une aridit\u00e9 permanente. Il existe une grande vari\u00e9t\u00e9 de d\u00e9serts, chauds, froids, en altitude ou au niveau de la mer. En d\u00e9pit de leurs diff\u00e9rences climatiques, ils partagent la raret\u00e9 de l\u2019eau, des temp\u00e9ratures extr\u00eames et souvent la violence des vents. Ces [&hellip;]","og_url":"https:\/\/www.istegroup.com\/fr\/produit\/lhomme-et-les-deserts-2\/","og_site_name":"ISTE Group","article_modified_time":"2024-01-03T13:45:38+00:00","og_image":[{"width":922,"height":1382,"url":"https:\/\/www.istegroup.com\/wp-content\/uploads\/2022\/02\/LHomme-et-les-deserts-2.jpg","type":"image\/jpeg"}],"twitter_card":"summary_large_image","twitter_misc":{"Est. reading time":"1 minute"},"schema":{"@context":"https:\/\/schema.org","@graph":[{"@type":"WebPage","@id":"https:\/\/www.istegroup.com\/fr\/produit\/lhomme-et-les-deserts-2\/","url":"https:\/\/www.istegroup.com\/fr\/produit\/lhomme-et-les-deserts-2\/","name":"L\u2019Homme et les d\u00e9serts 2 - ISTE Group","isPartOf":{"@id":"https:\/\/www.istegroup.com\/#website"},"primaryImageOfPage":{"@id":"https:\/\/www.istegroup.com\/fr\/produit\/lhomme-et-les-deserts-2\/#primaryimage"},"image":{"@id":"https:\/\/www.istegroup.com\/fr\/produit\/lhomme-et-les-deserts-2\/#primaryimage"},"thumbnailUrl":"https:\/\/www.istegroup.com\/wp-content\/uploads\/2022\/02\/LHomme-et-les-deserts-2.jpg","datePublished":"2022-02-28T09:16:50+00:00","dateModified":"2024-01-03T13:45:38+00:00","breadcrumb":{"@id":"https:\/\/www.istegroup.com\/fr\/produit\/lhomme-et-les-deserts-2\/#breadcrumb"},"inLanguage":"fr-FR","potentialAction":[{"@type":"ReadAction","target":["https:\/\/www.istegroup.com\/fr\/produit\/lhomme-et-les-deserts-2\/"]}]},{"@type":"ImageObject","inLanguage":"fr-FR","@id":"https:\/\/www.istegroup.com\/fr\/produit\/lhomme-et-les-deserts-2\/#primaryimage","url":"https:\/\/www.istegroup.com\/wp-content\/uploads\/2022\/02\/LHomme-et-les-deserts-2.jpg","contentUrl":"https:\/\/www.istegroup.com\/wp-content\/uploads\/2022\/02\/LHomme-et-les-deserts-2.jpg","width":922,"height":1382,"caption":"Livre scientifique - L'Homme et les d\u00e9serts 2"},{"@type":"BreadcrumbList","@id":"https:\/\/www.istegroup.com\/fr\/produit\/lhomme-et-les-deserts-2\/#breadcrumb","itemListElement":[{"@type":"ListItem","position":1,"name":"Home","item":"https:\/\/www.istegroup.com\/"},{"@type":"ListItem","position":2,"name":"Shop","item":"https:\/\/www.istegroup.com\/fr\/nouveautes\/"},{"@type":"ListItem","position":3,"name":"L\u2019Homme et les d\u00e9serts 2"}]},{"@type":"WebSite","@id":"https:\/\/www.istegroup.com\/#website","url":"https:\/\/www.istegroup.com\/","name":"ISTE Group","description":"\u00c9diteur des Sciences","potentialAction":[{"@type":"SearchAction","target":{"@type":"EntryPoint","urlTemplate":"https:\/\/www.istegroup.com\/?s={search_term_string}"},"query-input":{"@type":"PropertyValueSpecification","valueRequired":true,"valueName":"search_term_string"}}],"inLanguage":"fr-FR"}]}},"_links":{"self":[{"href":"https:\/\/www.istegroup.com\/fr\/wp-json\/wp\/v2\/product\/45432","targetHints":{"allow":["GET"]}}],"collection":[{"href":"https:\/\/www.istegroup.com\/fr\/wp-json\/wp\/v2\/product"}],"about":[{"href":"https:\/\/www.istegroup.com\/fr\/wp-json\/wp\/v2\/types\/product"}],"wp:featuredmedia":[{"embeddable":true,"href":"https:\/\/www.istegroup.com\/fr\/wp-json\/wp\/v2\/media\/45438"}],"wp:attachment":[{"href":"https:\/\/www.istegroup.com\/fr\/wp-json\/wp\/v2\/media?parent=45432"}],"wp:term":[{"taxonomy":"product_brand","embeddable":true,"href":"https:\/\/www.istegroup.com\/fr\/wp-json\/wp\/v2\/product_brand?post=45432"},{"taxonomy":"product_cat","embeddable":true,"href":"https:\/\/www.istegroup.com\/fr\/wp-json\/wp\/v2\/product_cat?post=45432"},{"taxonomy":"product_tag","embeddable":true,"href":"https:\/\/www.istegroup.com\/fr\/wp-json\/wp\/v2\/product_tag?post=45432"}],"curies":[{"name":"wp","href":"https:\/\/api.w.org\/{rel}","templated":true}]}}