{"id":45187,"date":"2022-02-15T15:11:28","date_gmt":"2022-02-15T15:11:28","guid":{"rendered":"https:\/\/www.istegroup.com\/?post_type=product&#038;p=45187"},"modified":"2024-01-03T13:45:28","modified_gmt":"2024-01-03T13:45:28","slug":"erosion-de-la-biodiversite","status":"publish","type":"product","link":"https:\/\/www.istegroup.com\/fr\/produit\/erosion-de-la-biodiversite\/","title":{"rendered":"\u00c9rosion de la biodiversit\u00e9"},"content":{"rendered":"<p>L\u2019\u00e9rosion de la biodiversit\u00e9 est actuellement tr\u00e8s m\u00e9diatis\u00e9e. Les mouvements militants accusent les hommes de d\u00e9truire la nature et d\u2019\u00eatre responsables d\u2019une sixi\u00e8me extinction de masse. Or, cette communication est parfois bas\u00e9e sur des amalgames, des id\u00e9es trop partisanes, ainsi que sur des relais m\u00e9diatiques qui privil\u00e9gient et amplifient les informations alarmistes. Si la situation de certaines populations est pr\u00e9occupante, ce n\u2019est pas un ph\u00e9nom\u00e8ne g\u00e9n\u00e9ral car d\u2019autres sont en expansion. Il s\u2019agit donc de recontextualiser et de relativiser le d\u00e9bat pour mieux d\u00e9finir les actions n\u00e9cessaires.<\/p>\n<p><em>\u00c9rosion de la biodiversit\u00e9<\/em> analyse de nombreuses publications scientifiques ainsi que les discours anxiog\u00e8nes, mettant l\u2019accent sur les multiples biais dans le traitement de l\u2019information. Cet ouvrage s\u2019interroge sur la pertinence de la notion d\u2019esp\u00e8ce et sur l\u2019ambition de dresser l\u2019inventaire du vivant. Il plaide pour une approche moins manich\u00e9enne de nos rapports \u00e0 la nature.<\/p>\n<p>&nbsp;<\/p>\n<p><strong>La presse en parle<\/strong><\/p>\n<p><a style=\"color: #1e9691;\" href=\"https:\/\/www.scienceshumaines.com\/quelle-crise-de-la-biodiversite_fr_45147.html\"><em>www.scienceshumaines.com, <\/em><em>novembre 2022<\/em><\/a><\/p>","protected":false},"excerpt":{"rendered":"<p>L\u2019\u00e9rosion de la biodiversit\u00e9 est actuellement tr\u00e8s m\u00e9diatis\u00e9e. Les mouvements militants accusent les hommes de d\u00e9truire la nature et d\u2019\u00eatre responsables d\u2019une sixi\u00e8me extinction de masse. Or, cette communication est parfois bas\u00e9e sur des amalgames, des id\u00e9es trop partisanes, ainsi que sur des relais m\u00e9diatiques qui privil\u00e9gient et amplifient les informations alarmistes. Si la situation [&hellip;]<\/p>\n","protected":false},"featured_media":45193,"template":"","meta":{"_acf_changed":false,"_links_to":"","_links_to_target":""},"product_brand":[],"product_cat":[3262],"product_tag":[],"class_list":{"0":"post-45187","1":"product","2":"type-product","3":"status-publish","4":"has-post-thumbnail","6":"product_cat-non-classe","8":"first","9":"instock","10":"shipping-taxable","11":"purchasable","12":"product-type-variable"},"acf":[],"yoast_head":"<!-- This site is optimized with the Yoast SEO plugin v27.2 - https:\/\/yoast.com\/product\/yoast-seo-wordpress\/ -->\n<title>\u00c9rosion de la biodiversit\u00e9 - ISTE Group<\/title>\n<meta name=\"description\" content=\"\u00c9rosion de la biodiversit\u00e9 analyse de nombreuses publications scientifiques ainsi que les discours anxiog\u00e8nes, mettant l\u2019accent sur les multiples biais dans le traitement de l\u2019information.\" \/>\n<meta name=\"robots\" content=\"index, follow, max-snippet:-1, max-image-preview:large, max-video-preview:-1\" \/>\n<link rel=\"canonical\" href=\"https:\/\/www.istegroup.com\/en\/produit\/erosion-de-la-biodiversite\/\" \/>\n<meta property=\"og:locale\" content=\"fr_FR\" \/>\n<meta property=\"og:type\" content=\"article\" \/>\n<meta property=\"og:title\" content=\"\u00c9rosion de la biodiversit\u00e9 - ISTE Group\" \/>\n<meta property=\"og:description\" content=\"\u00c9rosion de la biodiversit\u00e9 analyse de nombreuses publications scientifiques ainsi que les discours anxiog\u00e8nes, mettant l\u2019accent sur les multiples biais dans le traitement de l\u2019information.\" \/>\n<meta property=\"og:url\" content=\"https:\/\/www.istegroup.com\/en\/produit\/erosion-de-la-biodiversite\/\" \/>\n<meta property=\"og:site_name\" content=\"ISTE Group\" \/>\n<meta property=\"article:modified_time\" content=\"2024-01-03T13:45:28+00:00\" \/>\n<meta property=\"og:image\" content=\"https:\/\/www.istegroup.com\/wp-content\/uploads\/2022\/02\/Erosion-de-la-biodiversite.jpg\" \/>\n\t<meta property=\"og:image:width\" content=\"350\" \/>\n\t<meta property=\"og:image:height\" content=\"524\" \/>\n\t<meta property=\"og:image:type\" content=\"image\/jpeg\" \/>\n<meta name=\"twitter:card\" content=\"summary_large_image\" \/>\n<meta name=\"twitter:label1\" content=\"Est. reading time\" \/>\n\t<meta name=\"twitter:data1\" content=\"1 minute\" \/>\n<script type=\"application\/ld+json\" class=\"yoast-schema-graph\">{\"@context\":\"https:\/\/schema.org\",\"@graph\":[{\"@type\":\"WebPage\",\"@id\":\"https:\/\/www.istegroup.com\/en\/produit\/erosion-de-la-biodiversite\/\",\"url\":\"https:\/\/www.istegroup.com\/en\/produit\/erosion-de-la-biodiversite\/\",\"name\":\"\u00c9rosion de la biodiversit\u00e9 - ISTE Group\",\"isPartOf\":{\"@id\":\"https:\/\/www.istegroup.com\/#website\"},\"primaryImageOfPage\":{\"@id\":\"https:\/\/www.istegroup.com\/en\/produit\/erosion-de-la-biodiversite\/#primaryimage\"},\"image\":{\"@id\":\"https:\/\/www.istegroup.com\/en\/produit\/erosion-de-la-biodiversite\/#primaryimage\"},\"thumbnailUrl\":\"https:\/\/www.istegroup.com\/wp-content\/uploads\/2022\/02\/Erosion-de-la-biodiversite.jpg\",\"datePublished\":\"2022-02-15T15:11:28+00:00\",\"dateModified\":\"2024-01-03T13:45:28+00:00\",\"description\":\"\u00c9rosion de la biodiversit\u00e9 analyse de nombreuses publications scientifiques ainsi que les discours anxiog\u00e8nes, mettant l\u2019accent sur les multiples biais dans le traitement de l\u2019information.\",\"breadcrumb\":{\"@id\":\"https:\/\/www.istegroup.com\/en\/produit\/erosion-de-la-biodiversite\/#breadcrumb\"},\"inLanguage\":\"fr-FR\",\"potentialAction\":[{\"@type\":\"ReadAction\",\"target\":[\"https:\/\/www.istegroup.com\/en\/produit\/erosion-de-la-biodiversite\/\"]}]},{\"@type\":\"ImageObject\",\"inLanguage\":\"fr-FR\",\"@id\":\"https:\/\/www.istegroup.com\/en\/produit\/erosion-de-la-biodiversite\/#primaryimage\",\"url\":\"https:\/\/www.istegroup.com\/wp-content\/uploads\/2022\/02\/Erosion-de-la-biodiversite.jpg\",\"contentUrl\":\"https:\/\/www.istegroup.com\/wp-content\/uploads\/2022\/02\/Erosion-de-la-biodiversite.jpg\",\"width\":350,\"height\":524,\"caption\":\"Livre scientifique - \u00c9rosion de la biodiversit\u00e9 - Christian L\u00e9v\u00eaque\"},{\"@type\":\"BreadcrumbList\",\"@id\":\"https:\/\/www.istegroup.com\/en\/produit\/erosion-de-la-biodiversite\/#breadcrumb\",\"itemListElement\":[{\"@type\":\"ListItem\",\"position\":1,\"name\":\"Home\",\"item\":\"https:\/\/www.istegroup.com\/\"},{\"@type\":\"ListItem\",\"position\":2,\"name\":\"Shop\",\"item\":\"https:\/\/www.istegroup.com\/fr\/nouveautes\/\"},{\"@type\":\"ListItem\",\"position\":3,\"name\":\"\u00c9rosion de la biodiversit\u00e9\"}]},{\"@type\":\"WebSite\",\"@id\":\"https:\/\/www.istegroup.com\/#website\",\"url\":\"https:\/\/www.istegroup.com\/\",\"name\":\"ISTE Group\",\"description\":\"\u00c9diteur des Sciences\",\"potentialAction\":[{\"@type\":\"SearchAction\",\"target\":{\"@type\":\"EntryPoint\",\"urlTemplate\":\"https:\/\/www.istegroup.com\/?s={search_term_string}\"},\"query-input\":{\"@type\":\"PropertyValueSpecification\",\"valueRequired\":true,\"valueName\":\"search_term_string\"}}],\"inLanguage\":\"fr-FR\"}]}<\/script>\n<!-- \/ Yoast SEO plugin. -->","yoast_head_json":{"title":"\u00c9rosion de la biodiversit\u00e9 - ISTE Group","description":"\u00c9rosion de la biodiversit\u00e9 analyse de nombreuses publications scientifiques ainsi que les discours anxiog\u00e8nes, mettant l\u2019accent sur les multiples biais dans le traitement de l\u2019information.","robots":{"index":"index","follow":"follow","max-snippet":"max-snippet:-1","max-image-preview":"max-image-preview:large","max-video-preview":"max-video-preview:-1"},"canonical":"https:\/\/www.istegroup.com\/en\/produit\/erosion-de-la-biodiversite\/","og_locale":"fr_FR","og_type":"article","og_title":"\u00c9rosion de la biodiversit\u00e9 - ISTE Group","og_description":"\u00c9rosion de la biodiversit\u00e9 analyse de nombreuses publications scientifiques ainsi que les discours anxiog\u00e8nes, mettant l\u2019accent sur les multiples biais dans le traitement de l\u2019information.","og_url":"https:\/\/www.istegroup.com\/en\/produit\/erosion-de-la-biodiversite\/","og_site_name":"ISTE Group","article_modified_time":"2024-01-03T13:45:28+00:00","og_image":[{"width":350,"height":524,"url":"https:\/\/www.istegroup.com\/wp-content\/uploads\/2022\/02\/Erosion-de-la-biodiversite.jpg","type":"image\/jpeg"}],"twitter_card":"summary_large_image","twitter_misc":{"Est. reading time":"1 minute"},"schema":{"@context":"https:\/\/schema.org","@graph":[{"@type":"WebPage","@id":"https:\/\/www.istegroup.com\/en\/produit\/erosion-de-la-biodiversite\/","url":"https:\/\/www.istegroup.com\/en\/produit\/erosion-de-la-biodiversite\/","name":"\u00c9rosion de la biodiversit\u00e9 - ISTE Group","isPartOf":{"@id":"https:\/\/www.istegroup.com\/#website"},"primaryImageOfPage":{"@id":"https:\/\/www.istegroup.com\/en\/produit\/erosion-de-la-biodiversite\/#primaryimage"},"image":{"@id":"https:\/\/www.istegroup.com\/en\/produit\/erosion-de-la-biodiversite\/#primaryimage"},"thumbnailUrl":"https:\/\/www.istegroup.com\/wp-content\/uploads\/2022\/02\/Erosion-de-la-biodiversite.jpg","datePublished":"2022-02-15T15:11:28+00:00","dateModified":"2024-01-03T13:45:28+00:00","description":"\u00c9rosion de la biodiversit\u00e9 analyse de nombreuses publications scientifiques ainsi que les discours anxiog\u00e8nes, mettant l\u2019accent sur les multiples biais dans le traitement de l\u2019information.","breadcrumb":{"@id":"https:\/\/www.istegroup.com\/en\/produit\/erosion-de-la-biodiversite\/#breadcrumb"},"inLanguage":"fr-FR","potentialAction":[{"@type":"ReadAction","target":["https:\/\/www.istegroup.com\/en\/produit\/erosion-de-la-biodiversite\/"]}]},{"@type":"ImageObject","inLanguage":"fr-FR","@id":"https:\/\/www.istegroup.com\/en\/produit\/erosion-de-la-biodiversite\/#primaryimage","url":"https:\/\/www.istegroup.com\/wp-content\/uploads\/2022\/02\/Erosion-de-la-biodiversite.jpg","contentUrl":"https:\/\/www.istegroup.com\/wp-content\/uploads\/2022\/02\/Erosion-de-la-biodiversite.jpg","width":350,"height":524,"caption":"Livre scientifique - \u00c9rosion de la biodiversit\u00e9 - Christian L\u00e9v\u00eaque"},{"@type":"BreadcrumbList","@id":"https:\/\/www.istegroup.com\/en\/produit\/erosion-de-la-biodiversite\/#breadcrumb","itemListElement":[{"@type":"ListItem","position":1,"name":"Home","item":"https:\/\/www.istegroup.com\/"},{"@type":"ListItem","position":2,"name":"Shop","item":"https:\/\/www.istegroup.com\/fr\/nouveautes\/"},{"@type":"ListItem","position":3,"name":"\u00c9rosion de la biodiversit\u00e9"}]},{"@type":"WebSite","@id":"https:\/\/www.istegroup.com\/#website","url":"https:\/\/www.istegroup.com\/","name":"ISTE Group","description":"\u00c9diteur des Sciences","potentialAction":[{"@type":"SearchAction","target":{"@type":"EntryPoint","urlTemplate":"https:\/\/www.istegroup.com\/?s={search_term_string}"},"query-input":{"@type":"PropertyValueSpecification","valueRequired":true,"valueName":"search_term_string"}}],"inLanguage":"fr-FR"}]}},"_links":{"self":[{"href":"https:\/\/www.istegroup.com\/fr\/wp-json\/wp\/v2\/product\/45187","targetHints":{"allow":["GET"]}}],"collection":[{"href":"https:\/\/www.istegroup.com\/fr\/wp-json\/wp\/v2\/product"}],"about":[{"href":"https:\/\/www.istegroup.com\/fr\/wp-json\/wp\/v2\/types\/product"}],"wp:featuredmedia":[{"embeddable":true,"href":"https:\/\/www.istegroup.com\/fr\/wp-json\/wp\/v2\/media\/45193"}],"wp:attachment":[{"href":"https:\/\/www.istegroup.com\/fr\/wp-json\/wp\/v2\/media?parent=45187"}],"wp:term":[{"taxonomy":"product_brand","embeddable":true,"href":"https:\/\/www.istegroup.com\/fr\/wp-json\/wp\/v2\/product_brand?post=45187"},{"taxonomy":"product_cat","embeddable":true,"href":"https:\/\/www.istegroup.com\/fr\/wp-json\/wp\/v2\/product_cat?post=45187"},{"taxonomy":"product_tag","embeddable":true,"href":"https:\/\/www.istegroup.com\/fr\/wp-json\/wp\/v2\/product_tag?post=45187"}],"curies":[{"name":"wp","href":"https:\/\/api.w.org\/{rel}","templated":true}]}}