{"id":45173,"date":"2022-02-15T11:29:41","date_gmt":"2022-02-15T11:29:41","guid":{"rendered":"https:\/\/www.istegroup.com\/?post_type=product&#038;p=45173"},"modified":"2024-01-03T13:45:28","modified_gmt":"2024-01-03T13:45:28","slug":"entrepreneuriat-et-handicap","status":"publish","type":"product","link":"https:\/\/www.istegroup.com\/fr\/produit\/entrepreneuriat-et-handicap\/","title":{"rendered":"Entrepreneuriat et handicap"},"content":{"rendered":"<p>Un constat s\u2019impose, les personnes en situation de handicap souffrent d\u2019une marginalit\u00e9 persistante. Cependant, de plus en plus d\u2019entrepreneurs s\u2019engagent en faveur d\u2019un monde du travail plus inclusif et d\u2019une soci\u00e9t\u00e9 moins discriminatoire.<\/p>\n<p>Pour avoir un impact positif dans le champ du handicap, il faut agir avec m\u00e9thode. Des chercheurs de plusieurs disciplines comme la gestion, la sociologie, le marketing, la finance ou le droit pr\u00e9sentent dans cet ouvrage leurs analyses et offrent des solutions pratiques pour innover et concevoir des produits, des services r\u00e9ellement accessibles.<\/p>\n<p><em>Entrepreneuriat et handicap<\/em> s\u2019adresse aux dirigeants de TPE et de PME, aux travailleurs ind\u00e9pendants, aux chercheurs, aux \u00e9tudiants et aux professionnels de l\u2019insertion, mais \u00e9galement aux familles qui souhaitent offrir de nouvelles perspectives \u00e0 leur entourage.<\/p>","protected":false},"excerpt":{"rendered":"<p>Un constat s\u2019impose, les personnes en situation de handicap souffrent d\u2019une marginalit\u00e9 persistante. Cependant, de plus en plus d\u2019entrepreneurs s\u2019engagent en faveur d\u2019un monde du travail plus inclusif et d\u2019une soci\u00e9t\u00e9 moins discriminatoire. Pour avoir un impact positif dans le champ du handicap, il faut agir avec m\u00e9thode. Des chercheurs de plusieurs disciplines comme la [&hellip;]<\/p>\n","protected":false},"featured_media":45179,"template":"","meta":{"_acf_changed":false,"_links_to":"","_links_to_target":""},"product_brand":[],"product_cat":[670],"product_tag":[],"class_list":{"0":"post-45173","1":"product","2":"type-product","3":"status-publish","4":"has-post-thumbnail","6":"product_cat-innovation-entrepreneuriat-et-gestion-11041751","8":"first","9":"instock","10":"shipping-taxable","11":"purchasable","12":"product-type-variable"},"acf":[],"yoast_head":"<!-- This site is optimized with the Yoast SEO plugin v27.2 - https:\/\/yoast.com\/product\/yoast-seo-wordpress\/ -->\n<title>Entrepreneuriat et handicap - ISTE Group<\/title>\n<meta name=\"description\" content=\"Des chercheurs de plusieurs disciplines comme la gestion, la sociologie, le marketing, la finance ou le droit pr\u00e9sentent dans cet ouvrage leurs analyses et offrent des solutions pratiques pour innover et concevoir des produits, des services r\u00e9ellement accessibles.\" \/>\n<meta name=\"robots\" content=\"index, follow, max-snippet:-1, max-image-preview:large, max-video-preview:-1\" \/>\n<link rel=\"canonical\" href=\"https:\/\/www.istegroup.com\/en\/produit\/entrepreneuriat-et-handicap\/\" \/>\n<meta property=\"og:locale\" content=\"fr_FR\" \/>\n<meta property=\"og:type\" content=\"article\" \/>\n<meta property=\"og:title\" content=\"Entrepreneuriat et handicap - ISTE Group\" \/>\n<meta property=\"og:description\" content=\"Des chercheurs de plusieurs disciplines comme la gestion, la sociologie, le marketing, la finance ou le droit pr\u00e9sentent dans cet ouvrage leurs analyses et offrent des solutions pratiques pour innover et concevoir des produits, des services r\u00e9ellement accessibles.\" \/>\n<meta property=\"og:url\" content=\"https:\/\/www.istegroup.com\/en\/produit\/entrepreneuriat-et-handicap\/\" \/>\n<meta property=\"og:site_name\" content=\"ISTE Group\" \/>\n<meta property=\"article:modified_time\" content=\"2024-01-03T13:45:28+00:00\" \/>\n<meta property=\"og:image\" content=\"https:\/\/www.istegroup.com\/wp-content\/uploads\/2022\/02\/Entrepreneuriat-et-handicap.jpg\" \/>\n\t<meta property=\"og:image:width\" content=\"350\" \/>\n\t<meta property=\"og:image:height\" content=\"530\" \/>\n\t<meta property=\"og:image:type\" content=\"image\/jpeg\" \/>\n<meta name=\"twitter:card\" content=\"summary_large_image\" \/>\n<meta name=\"twitter:label1\" content=\"Est. reading time\" \/>\n\t<meta name=\"twitter:data1\" content=\"1 minute\" \/>\n<script type=\"application\/ld+json\" class=\"yoast-schema-graph\">{\"@context\":\"https:\/\/schema.org\",\"@graph\":[{\"@type\":\"WebPage\",\"@id\":\"https:\/\/www.istegroup.com\/en\/produit\/entrepreneuriat-et-handicap\/\",\"url\":\"https:\/\/www.istegroup.com\/en\/produit\/entrepreneuriat-et-handicap\/\",\"name\":\"Entrepreneuriat et handicap - ISTE Group\",\"isPartOf\":{\"@id\":\"https:\/\/www.istegroup.com\/#website\"},\"primaryImageOfPage\":{\"@id\":\"https:\/\/www.istegroup.com\/en\/produit\/entrepreneuriat-et-handicap\/#primaryimage\"},\"image\":{\"@id\":\"https:\/\/www.istegroup.com\/en\/produit\/entrepreneuriat-et-handicap\/#primaryimage\"},\"thumbnailUrl\":\"https:\/\/www.istegroup.com\/wp-content\/uploads\/2022\/02\/Entrepreneuriat-et-handicap.jpg\",\"datePublished\":\"2022-02-15T11:29:41+00:00\",\"dateModified\":\"2024-01-03T13:45:28+00:00\",\"description\":\"Des chercheurs de plusieurs disciplines comme la gestion, la sociologie, le marketing, la finance ou le droit pr\u00e9sentent dans cet ouvrage leurs analyses et offrent des solutions pratiques pour innover et concevoir des produits, des services r\u00e9ellement accessibles.\",\"breadcrumb\":{\"@id\":\"https:\/\/www.istegroup.com\/en\/produit\/entrepreneuriat-et-handicap\/#breadcrumb\"},\"inLanguage\":\"fr-FR\",\"potentialAction\":[{\"@type\":\"ReadAction\",\"target\":[\"https:\/\/www.istegroup.com\/en\/produit\/entrepreneuriat-et-handicap\/\"]}]},{\"@type\":\"ImageObject\",\"inLanguage\":\"fr-FR\",\"@id\":\"https:\/\/www.istegroup.com\/en\/produit\/entrepreneuriat-et-handicap\/#primaryimage\",\"url\":\"https:\/\/www.istegroup.com\/wp-content\/uploads\/2022\/02\/Entrepreneuriat-et-handicap.jpg\",\"contentUrl\":\"https:\/\/www.istegroup.com\/wp-content\/uploads\/2022\/02\/Entrepreneuriat-et-handicap.jpg\",\"width\":350,\"height\":530,\"caption\":\"Livre scientifique - Entrepreneuriat et handicap - J\u00e9r\u00e9mie Renouf\"},{\"@type\":\"BreadcrumbList\",\"@id\":\"https:\/\/www.istegroup.com\/en\/produit\/entrepreneuriat-et-handicap\/#breadcrumb\",\"itemListElement\":[{\"@type\":\"ListItem\",\"position\":1,\"name\":\"Home\",\"item\":\"https:\/\/www.istegroup.com\/\"},{\"@type\":\"ListItem\",\"position\":2,\"name\":\"Shop\",\"item\":\"https:\/\/www.istegroup.com\/fr\/nouveautes\/\"},{\"@type\":\"ListItem\",\"position\":3,\"name\":\"Entrepreneuriat et handicap\"}]},{\"@type\":\"WebSite\",\"@id\":\"https:\/\/www.istegroup.com\/#website\",\"url\":\"https:\/\/www.istegroup.com\/\",\"name\":\"ISTE Group\",\"description\":\"\u00c9diteur des Sciences\",\"potentialAction\":[{\"@type\":\"SearchAction\",\"target\":{\"@type\":\"EntryPoint\",\"urlTemplate\":\"https:\/\/www.istegroup.com\/?s={search_term_string}\"},\"query-input\":{\"@type\":\"PropertyValueSpecification\",\"valueRequired\":true,\"valueName\":\"search_term_string\"}}],\"inLanguage\":\"fr-FR\"}]}<\/script>\n<!-- \/ Yoast SEO plugin. -->","yoast_head_json":{"title":"Entrepreneuriat et handicap - ISTE Group","description":"Des chercheurs de plusieurs disciplines comme la gestion, la sociologie, le marketing, la finance ou le droit pr\u00e9sentent dans cet ouvrage leurs analyses et offrent des solutions pratiques pour innover et concevoir des produits, des services r\u00e9ellement accessibles.","robots":{"index":"index","follow":"follow","max-snippet":"max-snippet:-1","max-image-preview":"max-image-preview:large","max-video-preview":"max-video-preview:-1"},"canonical":"https:\/\/www.istegroup.com\/en\/produit\/entrepreneuriat-et-handicap\/","og_locale":"fr_FR","og_type":"article","og_title":"Entrepreneuriat et handicap - ISTE Group","og_description":"Des chercheurs de plusieurs disciplines comme la gestion, la sociologie, le marketing, la finance ou le droit pr\u00e9sentent dans cet ouvrage leurs analyses et offrent des solutions pratiques pour innover et concevoir des produits, des services r\u00e9ellement accessibles.","og_url":"https:\/\/www.istegroup.com\/en\/produit\/entrepreneuriat-et-handicap\/","og_site_name":"ISTE Group","article_modified_time":"2024-01-03T13:45:28+00:00","og_image":[{"width":350,"height":530,"url":"https:\/\/www.istegroup.com\/wp-content\/uploads\/2022\/02\/Entrepreneuriat-et-handicap.jpg","type":"image\/jpeg"}],"twitter_card":"summary_large_image","twitter_misc":{"Est. reading time":"1 minute"},"schema":{"@context":"https:\/\/schema.org","@graph":[{"@type":"WebPage","@id":"https:\/\/www.istegroup.com\/en\/produit\/entrepreneuriat-et-handicap\/","url":"https:\/\/www.istegroup.com\/en\/produit\/entrepreneuriat-et-handicap\/","name":"Entrepreneuriat et handicap - ISTE Group","isPartOf":{"@id":"https:\/\/www.istegroup.com\/#website"},"primaryImageOfPage":{"@id":"https:\/\/www.istegroup.com\/en\/produit\/entrepreneuriat-et-handicap\/#primaryimage"},"image":{"@id":"https:\/\/www.istegroup.com\/en\/produit\/entrepreneuriat-et-handicap\/#primaryimage"},"thumbnailUrl":"https:\/\/www.istegroup.com\/wp-content\/uploads\/2022\/02\/Entrepreneuriat-et-handicap.jpg","datePublished":"2022-02-15T11:29:41+00:00","dateModified":"2024-01-03T13:45:28+00:00","description":"Des chercheurs de plusieurs disciplines comme la gestion, la sociologie, le marketing, la finance ou le droit pr\u00e9sentent dans cet ouvrage leurs analyses et offrent des solutions pratiques pour innover et concevoir des produits, des services r\u00e9ellement accessibles.","breadcrumb":{"@id":"https:\/\/www.istegroup.com\/en\/produit\/entrepreneuriat-et-handicap\/#breadcrumb"},"inLanguage":"fr-FR","potentialAction":[{"@type":"ReadAction","target":["https:\/\/www.istegroup.com\/en\/produit\/entrepreneuriat-et-handicap\/"]}]},{"@type":"ImageObject","inLanguage":"fr-FR","@id":"https:\/\/www.istegroup.com\/en\/produit\/entrepreneuriat-et-handicap\/#primaryimage","url":"https:\/\/www.istegroup.com\/wp-content\/uploads\/2022\/02\/Entrepreneuriat-et-handicap.jpg","contentUrl":"https:\/\/www.istegroup.com\/wp-content\/uploads\/2022\/02\/Entrepreneuriat-et-handicap.jpg","width":350,"height":530,"caption":"Livre scientifique - Entrepreneuriat et handicap - J\u00e9r\u00e9mie Renouf"},{"@type":"BreadcrumbList","@id":"https:\/\/www.istegroup.com\/en\/produit\/entrepreneuriat-et-handicap\/#breadcrumb","itemListElement":[{"@type":"ListItem","position":1,"name":"Home","item":"https:\/\/www.istegroup.com\/"},{"@type":"ListItem","position":2,"name":"Shop","item":"https:\/\/www.istegroup.com\/fr\/nouveautes\/"},{"@type":"ListItem","position":3,"name":"Entrepreneuriat et handicap"}]},{"@type":"WebSite","@id":"https:\/\/www.istegroup.com\/#website","url":"https:\/\/www.istegroup.com\/","name":"ISTE Group","description":"\u00c9diteur des Sciences","potentialAction":[{"@type":"SearchAction","target":{"@type":"EntryPoint","urlTemplate":"https:\/\/www.istegroup.com\/?s={search_term_string}"},"query-input":{"@type":"PropertyValueSpecification","valueRequired":true,"valueName":"search_term_string"}}],"inLanguage":"fr-FR"}]}},"_links":{"self":[{"href":"https:\/\/www.istegroup.com\/fr\/wp-json\/wp\/v2\/product\/45173","targetHints":{"allow":["GET"]}}],"collection":[{"href":"https:\/\/www.istegroup.com\/fr\/wp-json\/wp\/v2\/product"}],"about":[{"href":"https:\/\/www.istegroup.com\/fr\/wp-json\/wp\/v2\/types\/product"}],"wp:featuredmedia":[{"embeddable":true,"href":"https:\/\/www.istegroup.com\/fr\/wp-json\/wp\/v2\/media\/45179"}],"wp:attachment":[{"href":"https:\/\/www.istegroup.com\/fr\/wp-json\/wp\/v2\/media?parent=45173"}],"wp:term":[{"taxonomy":"product_brand","embeddable":true,"href":"https:\/\/www.istegroup.com\/fr\/wp-json\/wp\/v2\/product_brand?post=45173"},{"taxonomy":"product_cat","embeddable":true,"href":"https:\/\/www.istegroup.com\/fr\/wp-json\/wp\/v2\/product_cat?post=45173"},{"taxonomy":"product_tag","embeddable":true,"href":"https:\/\/www.istegroup.com\/fr\/wp-json\/wp\/v2\/product_tag?post=45173"}],"curies":[{"name":"wp","href":"https:\/\/api.w.org\/{rel}","templated":true}]}}