{"id":45159,"date":"2022-02-15T14:27:58","date_gmt":"2022-02-15T14:27:58","guid":{"rendered":"https:\/\/www.istegroup.com\/?post_type=product&#038;p=45159"},"modified":"2024-01-03T13:45:27","modified_gmt":"2024-01-03T13:45:27","slug":"esthetique-de-la-photographie-numerique","status":"publish","type":"product","link":"https:\/\/www.istegroup.com\/fr\/produit\/esthetique-de-la-photographie-numerique\/","title":{"rendered":"Esth\u00e9tique de la photographie num\u00e9rique"},"content":{"rendered":"<p>\u00c9valuer automatiquement les qualit\u00e9s esth\u00e9tiques d\u2019une photographie appara\u00eet aujourd\u2019hui comme un d\u00e9fi lanc\u00e9 aux techniques de l\u2019intelligence artificielle, mais aussi comme une ouverture vers de nouvelles promesses \u00e9conomiques et sociales.<\/p>\n<p>Cet ouvrage pr\u00e9sente les th\u00e9ories \u00e9labor\u00e9es depuis 25 si\u00e8cles par les philosophes et les critiques d\u2019art, qui ont \u00e9t\u00e9 gouvern\u00e9s tant\u00f4t par l\u2019objectivit\u00e9 de la perception, tant\u00f4t par la subjectivit\u00e9 du jugement humain. Il expose les avanc\u00e9es obtenues par les travaux en neuro-esth\u00e9tique ainsi que leurs limites actuelles. Dans le champ de la photographie, il confronte les conjectures esth\u00e9tiques aux v\u00e9rifications exp\u00e9rimentales, puis il examine de fa\u00e7on critique les tentatives pour mesurer \u00ab scientifiquement \u00bb cette beaut\u00e9. Il s\u2019attache particuli\u00e8rement aux techniques d\u2019intelligence artificielle, tirant profit de m\u00e9thodes d\u2019apprentissage automatique et de grandes bases de donn\u00e9es.<\/p>","protected":false},"excerpt":{"rendered":"<p>\u00c9valuer automatiquement les qualit\u00e9s esth\u00e9tiques d\u2019une photographie appara\u00eet aujourd\u2019hui comme un d\u00e9fi lanc\u00e9 aux techniques de l\u2019intelligence artificielle, mais aussi comme une ouverture vers de nouvelles promesses \u00e9conomiques et sociales. Cet ouvrage pr\u00e9sente les th\u00e9ories \u00e9labor\u00e9es depuis 25 si\u00e8cles par les philosophes et les critiques d\u2019art, qui ont \u00e9t\u00e9 gouvern\u00e9s tant\u00f4t par l\u2019objectivit\u00e9 de la [&hellip;]<\/p>\n","protected":false},"featured_media":45163,"template":"","meta":{"_acf_changed":false,"_links_to":"","_links_to_target":""},"product_brand":[],"product_cat":[655],"product_tag":[],"class_list":{"0":"post-45159","1":"product","2":"type-product","3":"status-publish","4":"has-post-thumbnail","6":"product_cat-arts-et-sciences-430356305","8":"first","9":"instock","10":"shipping-taxable","11":"purchasable","12":"product-type-variable"},"acf":[],"yoast_head":"<!-- This site is optimized with the Yoast SEO plugin v27.2 - https:\/\/yoast.com\/product\/yoast-seo-wordpress\/ -->\n<title>Esth\u00e9tique de la photographie num\u00e9rique - ISTE Group<\/title>\n<meta name=\"description\" content=\"Cet ouvrage pr\u00e9sente les th\u00e9ories \u00e9labor\u00e9es depuis 25 si\u00e8cles par les philosophes et les critiques d\u2019art, qui ont \u00e9t\u00e9 gouvern\u00e9s tant\u00f4t par l\u2019objectivit\u00e9 de la perception, tant\u00f4t par la subjectivit\u00e9 du jugement humain.\" \/>\n<meta name=\"robots\" content=\"index, follow, max-snippet:-1, max-image-preview:large, max-video-preview:-1\" \/>\n<link rel=\"canonical\" href=\"https:\/\/www.istegroup.com\/en\/produit\/esthetique-de-la-photographie-numerique\/\" \/>\n<meta property=\"og:locale\" content=\"fr_FR\" \/>\n<meta property=\"og:type\" content=\"article\" \/>\n<meta property=\"og:title\" content=\"Esth\u00e9tique de la photographie num\u00e9rique - ISTE Group\" \/>\n<meta property=\"og:description\" content=\"Cet ouvrage pr\u00e9sente les th\u00e9ories \u00e9labor\u00e9es depuis 25 si\u00e8cles par les philosophes et les critiques d\u2019art, qui ont \u00e9t\u00e9 gouvern\u00e9s tant\u00f4t par l\u2019objectivit\u00e9 de la perception, tant\u00f4t par la subjectivit\u00e9 du jugement humain.\" \/>\n<meta property=\"og:url\" content=\"https:\/\/www.istegroup.com\/en\/produit\/esthetique-de-la-photographie-numerique\/\" \/>\n<meta property=\"og:site_name\" content=\"ISTE Group\" \/>\n<meta property=\"article:modified_time\" content=\"2024-01-03T13:45:27+00:00\" \/>\n<meta property=\"og:image\" content=\"https:\/\/www.istegroup.com\/wp-content\/uploads\/2022\/02\/Esthetique-de-la-photographie-numerique.jpg\" \/>\n\t<meta property=\"og:image:width\" content=\"350\" \/>\n\t<meta property=\"og:image:height\" content=\"524\" \/>\n\t<meta property=\"og:image:type\" content=\"image\/jpeg\" \/>\n<meta name=\"twitter:card\" content=\"summary_large_image\" \/>\n<meta name=\"twitter:label1\" content=\"Est. reading time\" \/>\n\t<meta name=\"twitter:data1\" content=\"1 minute\" \/>\n<script type=\"application\/ld+json\" class=\"yoast-schema-graph\">{\"@context\":\"https:\/\/schema.org\",\"@graph\":[{\"@type\":\"WebPage\",\"@id\":\"https:\/\/www.istegroup.com\/en\/produit\/esthetique-de-la-photographie-numerique\/\",\"url\":\"https:\/\/www.istegroup.com\/en\/produit\/esthetique-de-la-photographie-numerique\/\",\"name\":\"Esth\u00e9tique de la photographie num\u00e9rique - ISTE Group\",\"isPartOf\":{\"@id\":\"https:\/\/www.istegroup.com\/#website\"},\"primaryImageOfPage\":{\"@id\":\"https:\/\/www.istegroup.com\/en\/produit\/esthetique-de-la-photographie-numerique\/#primaryimage\"},\"image\":{\"@id\":\"https:\/\/www.istegroup.com\/en\/produit\/esthetique-de-la-photographie-numerique\/#primaryimage\"},\"thumbnailUrl\":\"https:\/\/www.istegroup.com\/wp-content\/uploads\/2022\/02\/Esthetique-de-la-photographie-numerique.jpg\",\"datePublished\":\"2022-02-15T14:27:58+00:00\",\"dateModified\":\"2024-01-03T13:45:27+00:00\",\"description\":\"Cet ouvrage pr\u00e9sente les th\u00e9ories \u00e9labor\u00e9es depuis 25 si\u00e8cles par les philosophes et les critiques d\u2019art, qui ont \u00e9t\u00e9 gouvern\u00e9s tant\u00f4t par l\u2019objectivit\u00e9 de la perception, tant\u00f4t par la subjectivit\u00e9 du jugement humain.\",\"breadcrumb\":{\"@id\":\"https:\/\/www.istegroup.com\/en\/produit\/esthetique-de-la-photographie-numerique\/#breadcrumb\"},\"inLanguage\":\"fr-FR\",\"potentialAction\":[{\"@type\":\"ReadAction\",\"target\":[\"https:\/\/www.istegroup.com\/en\/produit\/esthetique-de-la-photographie-numerique\/\"]}]},{\"@type\":\"ImageObject\",\"inLanguage\":\"fr-FR\",\"@id\":\"https:\/\/www.istegroup.com\/en\/produit\/esthetique-de-la-photographie-numerique\/#primaryimage\",\"url\":\"https:\/\/www.istegroup.com\/wp-content\/uploads\/2022\/02\/Esthetique-de-la-photographie-numerique.jpg\",\"contentUrl\":\"https:\/\/www.istegroup.com\/wp-content\/uploads\/2022\/02\/Esthetique-de-la-photographie-numerique.jpg\",\"width\":350,\"height\":524,\"caption\":\"Livre scientifique - Esth\u00e9tique de la photographie num\u00e9rique - Henri Ma\u00eetre\"},{\"@type\":\"BreadcrumbList\",\"@id\":\"https:\/\/www.istegroup.com\/en\/produit\/esthetique-de-la-photographie-numerique\/#breadcrumb\",\"itemListElement\":[{\"@type\":\"ListItem\",\"position\":1,\"name\":\"Home\",\"item\":\"https:\/\/www.istegroup.com\/\"},{\"@type\":\"ListItem\",\"position\":2,\"name\":\"Shop\",\"item\":\"https:\/\/www.istegroup.com\/fr\/nouveautes\/\"},{\"@type\":\"ListItem\",\"position\":3,\"name\":\"Esth\u00e9tique de la photographie num\u00e9rique\"}]},{\"@type\":\"WebSite\",\"@id\":\"https:\/\/www.istegroup.com\/#website\",\"url\":\"https:\/\/www.istegroup.com\/\",\"name\":\"ISTE Group\",\"description\":\"\u00c9diteur des Sciences\",\"potentialAction\":[{\"@type\":\"SearchAction\",\"target\":{\"@type\":\"EntryPoint\",\"urlTemplate\":\"https:\/\/www.istegroup.com\/?s={search_term_string}\"},\"query-input\":{\"@type\":\"PropertyValueSpecification\",\"valueRequired\":true,\"valueName\":\"search_term_string\"}}],\"inLanguage\":\"fr-FR\"}]}<\/script>\n<!-- \/ Yoast SEO plugin. -->","yoast_head_json":{"title":"Esth\u00e9tique de la photographie num\u00e9rique - ISTE Group","description":"Cet ouvrage pr\u00e9sente les th\u00e9ories \u00e9labor\u00e9es depuis 25 si\u00e8cles par les philosophes et les critiques d\u2019art, qui ont \u00e9t\u00e9 gouvern\u00e9s tant\u00f4t par l\u2019objectivit\u00e9 de la perception, tant\u00f4t par la subjectivit\u00e9 du jugement humain.","robots":{"index":"index","follow":"follow","max-snippet":"max-snippet:-1","max-image-preview":"max-image-preview:large","max-video-preview":"max-video-preview:-1"},"canonical":"https:\/\/www.istegroup.com\/en\/produit\/esthetique-de-la-photographie-numerique\/","og_locale":"fr_FR","og_type":"article","og_title":"Esth\u00e9tique de la photographie num\u00e9rique - ISTE Group","og_description":"Cet ouvrage pr\u00e9sente les th\u00e9ories \u00e9labor\u00e9es depuis 25 si\u00e8cles par les philosophes et les critiques d\u2019art, qui ont \u00e9t\u00e9 gouvern\u00e9s tant\u00f4t par l\u2019objectivit\u00e9 de la perception, tant\u00f4t par la subjectivit\u00e9 du jugement humain.","og_url":"https:\/\/www.istegroup.com\/en\/produit\/esthetique-de-la-photographie-numerique\/","og_site_name":"ISTE Group","article_modified_time":"2024-01-03T13:45:27+00:00","og_image":[{"width":350,"height":524,"url":"https:\/\/www.istegroup.com\/wp-content\/uploads\/2022\/02\/Esthetique-de-la-photographie-numerique.jpg","type":"image\/jpeg"}],"twitter_card":"summary_large_image","twitter_misc":{"Est. reading time":"1 minute"},"schema":{"@context":"https:\/\/schema.org","@graph":[{"@type":"WebPage","@id":"https:\/\/www.istegroup.com\/en\/produit\/esthetique-de-la-photographie-numerique\/","url":"https:\/\/www.istegroup.com\/en\/produit\/esthetique-de-la-photographie-numerique\/","name":"Esth\u00e9tique de la photographie num\u00e9rique - ISTE Group","isPartOf":{"@id":"https:\/\/www.istegroup.com\/#website"},"primaryImageOfPage":{"@id":"https:\/\/www.istegroup.com\/en\/produit\/esthetique-de-la-photographie-numerique\/#primaryimage"},"image":{"@id":"https:\/\/www.istegroup.com\/en\/produit\/esthetique-de-la-photographie-numerique\/#primaryimage"},"thumbnailUrl":"https:\/\/www.istegroup.com\/wp-content\/uploads\/2022\/02\/Esthetique-de-la-photographie-numerique.jpg","datePublished":"2022-02-15T14:27:58+00:00","dateModified":"2024-01-03T13:45:27+00:00","description":"Cet ouvrage pr\u00e9sente les th\u00e9ories \u00e9labor\u00e9es depuis 25 si\u00e8cles par les philosophes et les critiques d\u2019art, qui ont \u00e9t\u00e9 gouvern\u00e9s tant\u00f4t par l\u2019objectivit\u00e9 de la perception, tant\u00f4t par la subjectivit\u00e9 du jugement humain.","breadcrumb":{"@id":"https:\/\/www.istegroup.com\/en\/produit\/esthetique-de-la-photographie-numerique\/#breadcrumb"},"inLanguage":"fr-FR","potentialAction":[{"@type":"ReadAction","target":["https:\/\/www.istegroup.com\/en\/produit\/esthetique-de-la-photographie-numerique\/"]}]},{"@type":"ImageObject","inLanguage":"fr-FR","@id":"https:\/\/www.istegroup.com\/en\/produit\/esthetique-de-la-photographie-numerique\/#primaryimage","url":"https:\/\/www.istegroup.com\/wp-content\/uploads\/2022\/02\/Esthetique-de-la-photographie-numerique.jpg","contentUrl":"https:\/\/www.istegroup.com\/wp-content\/uploads\/2022\/02\/Esthetique-de-la-photographie-numerique.jpg","width":350,"height":524,"caption":"Livre scientifique - Esth\u00e9tique de la photographie num\u00e9rique - Henri Ma\u00eetre"},{"@type":"BreadcrumbList","@id":"https:\/\/www.istegroup.com\/en\/produit\/esthetique-de-la-photographie-numerique\/#breadcrumb","itemListElement":[{"@type":"ListItem","position":1,"name":"Home","item":"https:\/\/www.istegroup.com\/"},{"@type":"ListItem","position":2,"name":"Shop","item":"https:\/\/www.istegroup.com\/fr\/nouveautes\/"},{"@type":"ListItem","position":3,"name":"Esth\u00e9tique de la photographie num\u00e9rique"}]},{"@type":"WebSite","@id":"https:\/\/www.istegroup.com\/#website","url":"https:\/\/www.istegroup.com\/","name":"ISTE Group","description":"\u00c9diteur des Sciences","potentialAction":[{"@type":"SearchAction","target":{"@type":"EntryPoint","urlTemplate":"https:\/\/www.istegroup.com\/?s={search_term_string}"},"query-input":{"@type":"PropertyValueSpecification","valueRequired":true,"valueName":"search_term_string"}}],"inLanguage":"fr-FR"}]}},"_links":{"self":[{"href":"https:\/\/www.istegroup.com\/fr\/wp-json\/wp\/v2\/product\/45159","targetHints":{"allow":["GET"]}}],"collection":[{"href":"https:\/\/www.istegroup.com\/fr\/wp-json\/wp\/v2\/product"}],"about":[{"href":"https:\/\/www.istegroup.com\/fr\/wp-json\/wp\/v2\/types\/product"}],"wp:featuredmedia":[{"embeddable":true,"href":"https:\/\/www.istegroup.com\/fr\/wp-json\/wp\/v2\/media\/45163"}],"wp:attachment":[{"href":"https:\/\/www.istegroup.com\/fr\/wp-json\/wp\/v2\/media?parent=45159"}],"wp:term":[{"taxonomy":"product_brand","embeddable":true,"href":"https:\/\/www.istegroup.com\/fr\/wp-json\/wp\/v2\/product_brand?post=45159"},{"taxonomy":"product_cat","embeddable":true,"href":"https:\/\/www.istegroup.com\/fr\/wp-json\/wp\/v2\/product_cat?post=45159"},{"taxonomy":"product_tag","embeddable":true,"href":"https:\/\/www.istegroup.com\/fr\/wp-json\/wp\/v2\/product_tag?post=45159"}],"curies":[{"name":"wp","href":"https:\/\/api.w.org\/{rel}","templated":true}]}}