{"id":45140,"date":"2022-02-15T11:40:16","date_gmt":"2022-02-15T11:40:16","guid":{"rendered":"https:\/\/www.istegroup.com\/?post_type=product&#038;p=45140"},"modified":"2024-01-03T13:45:27","modified_gmt":"2024-01-03T13:45:27","slug":"optimisations-et-programmations","status":"publish","type":"product","link":"https:\/\/www.istegroup.com\/fr\/produit\/optimisations-et-programmations\/","title":{"rendered":"Optimisations et programmations"},"content":{"rendered":"<p>L\u2019optimisation, domaine en plein essor, permet de r\u00e9pondre aux besoins de maximisation des performances et de minimisation des co\u00fbts, notamment gr\u00e2ce \u00e0 l\u2019augmentation consid\u00e9rable des puissances de calcul. L\u2019utilisation de logiciels de simulation donne aux entreprises un avantage strat\u00e9gique significatif et leur permet d\u2019assurer un d\u00e9veloppement plus efficace de leurs solutions.<\/p>\n<p><em>Optimisations et programmations<\/em> analyse les m\u00e9thodes de base et celles avanc\u00e9es permettant de r\u00e9soudre les probl\u00e8mes d\u2019optimisations lin\u00e9aire et non lin\u00e9aire. La premi\u00e8re partie de cette \u00e9tude examine certains outils de recherche op\u00e9rationnelle tels que les programmations lin\u00e9aire, en nombres entiers, dynamique et stochastique. La deuxi\u00e8me partie traite des optimisations combinatoire, non lin\u00e9aire sans contraintes et sous contraintes.<\/p>\n<p>\u00c0 travers des exemples d\u00e9taill\u00e9s, chaque chapitre pr\u00e9sente les outils d\u2019optimisation num\u00e9riques les plus performants ainsi que des applications sous Matlab\u00ae adapt\u00e9es au domaine de l\u2019ing\u00e9nierie.<\/p>","protected":false},"excerpt":{"rendered":"<p>L\u2019optimisation, domaine en plein essor, permet de r\u00e9pondre aux besoins de maximisation des performances et de minimisation des co\u00fbts, notamment gr\u00e2ce \u00e0 l\u2019augmentation consid\u00e9rable des puissances de calcul. L\u2019utilisation de logiciels de simulation donne aux entreprises un avantage strat\u00e9gique significatif et leur permet d\u2019assurer un d\u00e9veloppement plus efficace de leurs solutions. Optimisations et programmations analyse [&hellip;]<\/p>\n","protected":false},"featured_media":45146,"template":"","meta":{"_acf_changed":false,"_links_to":"","_links_to_target":""},"product_brand":[],"product_cat":[684],"product_tag":[],"class_list":{"0":"post-45140","1":"product","2":"type-product","3":"status-publish","4":"has-post-thumbnail","6":"product_cat-sciences-socit-et-nouvelles-technologies-188422468","8":"first","9":"instock","10":"shipping-taxable","11":"purchasable","12":"product-type-variable"},"acf":[],"yoast_head":"<!-- This site is optimized with the Yoast SEO plugin v27.2 - https:\/\/yoast.com\/product\/yoast-seo-wordpress\/ -->\n<title>Optimisations et programmations - ISTE Group<\/title>\n<meta name=\"description\" content=\"Optimisations et programmations analyse les m\u00e9thodes de base et celles avanc\u00e9es permettant de r\u00e9soudre les probl\u00e8mes d\u2019optimisations lin\u00e9aire et non lin\u00e9aire.\" \/>\n<meta name=\"robots\" content=\"index, follow, max-snippet:-1, max-image-preview:large, max-video-preview:-1\" \/>\n<link rel=\"canonical\" href=\"https:\/\/www.istegroup.com\/en\/produit\/optimisations-et-programmations\/\" \/>\n<meta property=\"og:locale\" content=\"fr_FR\" \/>\n<meta property=\"og:type\" content=\"article\" \/>\n<meta property=\"og:title\" content=\"Optimisations et programmations - ISTE Group\" \/>\n<meta property=\"og:description\" content=\"Optimisations et programmations analyse les m\u00e9thodes de base et celles avanc\u00e9es permettant de r\u00e9soudre les probl\u00e8mes d\u2019optimisations lin\u00e9aire et non lin\u00e9aire.\" \/>\n<meta property=\"og:url\" content=\"https:\/\/www.istegroup.com\/en\/produit\/optimisations-et-programmations\/\" \/>\n<meta property=\"og:site_name\" content=\"ISTE Group\" \/>\n<meta property=\"article:modified_time\" content=\"2024-01-03T13:45:27+00:00\" \/>\n<meta property=\"og:image\" content=\"https:\/\/www.istegroup.com\/wp-content\/uploads\/2022\/01\/Optimisations-et-programmations.jpg\" \/>\n\t<meta property=\"og:image:width\" content=\"350\" \/>\n\t<meta property=\"og:image:height\" content=\"524\" \/>\n\t<meta property=\"og:image:type\" content=\"image\/jpeg\" \/>\n<meta name=\"twitter:card\" content=\"summary_large_image\" \/>\n<meta name=\"twitter:label1\" content=\"Est. reading time\" \/>\n\t<meta name=\"twitter:data1\" content=\"1 minute\" \/>\n<script type=\"application\/ld+json\" class=\"yoast-schema-graph\">{\"@context\":\"https:\/\/schema.org\",\"@graph\":[{\"@type\":\"WebPage\",\"@id\":\"https:\/\/www.istegroup.com\/en\/produit\/optimisations-et-programmations\/\",\"url\":\"https:\/\/www.istegroup.com\/en\/produit\/optimisations-et-programmations\/\",\"name\":\"Optimisations et programmations - ISTE Group\",\"isPartOf\":{\"@id\":\"https:\/\/www.istegroup.com\/#website\"},\"primaryImageOfPage\":{\"@id\":\"https:\/\/www.istegroup.com\/en\/produit\/optimisations-et-programmations\/#primaryimage\"},\"image\":{\"@id\":\"https:\/\/www.istegroup.com\/en\/produit\/optimisations-et-programmations\/#primaryimage\"},\"thumbnailUrl\":\"https:\/\/www.istegroup.com\/wp-content\/uploads\/2022\/01\/Optimisations-et-programmations.jpg\",\"datePublished\":\"2022-02-15T11:40:16+00:00\",\"dateModified\":\"2024-01-03T13:45:27+00:00\",\"description\":\"Optimisations et programmations analyse les m\u00e9thodes de base et celles avanc\u00e9es permettant de r\u00e9soudre les probl\u00e8mes d\u2019optimisations lin\u00e9aire et non lin\u00e9aire.\",\"breadcrumb\":{\"@id\":\"https:\/\/www.istegroup.com\/en\/produit\/optimisations-et-programmations\/#breadcrumb\"},\"inLanguage\":\"fr-FR\",\"potentialAction\":[{\"@type\":\"ReadAction\",\"target\":[\"https:\/\/www.istegroup.com\/en\/produit\/optimisations-et-programmations\/\"]}]},{\"@type\":\"ImageObject\",\"inLanguage\":\"fr-FR\",\"@id\":\"https:\/\/www.istegroup.com\/en\/produit\/optimisations-et-programmations\/#primaryimage\",\"url\":\"https:\/\/www.istegroup.com\/wp-content\/uploads\/2022\/01\/Optimisations-et-programmations.jpg\",\"contentUrl\":\"https:\/\/www.istegroup.com\/wp-content\/uploads\/2022\/01\/Optimisations-et-programmations.jpg\",\"width\":350,\"height\":524,\"caption\":\"Livre scientifique - Optimisations et programmations - Boucha\u00efb Radi et Abdelkhalak El Hami\"},{\"@type\":\"BreadcrumbList\",\"@id\":\"https:\/\/www.istegroup.com\/en\/produit\/optimisations-et-programmations\/#breadcrumb\",\"itemListElement\":[{\"@type\":\"ListItem\",\"position\":1,\"name\":\"Home\",\"item\":\"https:\/\/www.istegroup.com\/\"},{\"@type\":\"ListItem\",\"position\":2,\"name\":\"Shop\",\"item\":\"https:\/\/www.istegroup.com\/fr\/nouveautes\/\"},{\"@type\":\"ListItem\",\"position\":3,\"name\":\"Optimisations et programmations\"}]},{\"@type\":\"WebSite\",\"@id\":\"https:\/\/www.istegroup.com\/#website\",\"url\":\"https:\/\/www.istegroup.com\/\",\"name\":\"ISTE Group\",\"description\":\"\u00c9diteur des Sciences\",\"potentialAction\":[{\"@type\":\"SearchAction\",\"target\":{\"@type\":\"EntryPoint\",\"urlTemplate\":\"https:\/\/www.istegroup.com\/?s={search_term_string}\"},\"query-input\":{\"@type\":\"PropertyValueSpecification\",\"valueRequired\":true,\"valueName\":\"search_term_string\"}}],\"inLanguage\":\"fr-FR\"}]}<\/script>\n<!-- \/ Yoast SEO plugin. -->","yoast_head_json":{"title":"Optimisations et programmations - ISTE Group","description":"Optimisations et programmations analyse les m\u00e9thodes de base et celles avanc\u00e9es permettant de r\u00e9soudre les probl\u00e8mes d\u2019optimisations lin\u00e9aire et non lin\u00e9aire.","robots":{"index":"index","follow":"follow","max-snippet":"max-snippet:-1","max-image-preview":"max-image-preview:large","max-video-preview":"max-video-preview:-1"},"canonical":"https:\/\/www.istegroup.com\/en\/produit\/optimisations-et-programmations\/","og_locale":"fr_FR","og_type":"article","og_title":"Optimisations et programmations - ISTE Group","og_description":"Optimisations et programmations analyse les m\u00e9thodes de base et celles avanc\u00e9es permettant de r\u00e9soudre les probl\u00e8mes d\u2019optimisations lin\u00e9aire et non lin\u00e9aire.","og_url":"https:\/\/www.istegroup.com\/en\/produit\/optimisations-et-programmations\/","og_site_name":"ISTE Group","article_modified_time":"2024-01-03T13:45:27+00:00","og_image":[{"width":350,"height":524,"url":"https:\/\/www.istegroup.com\/wp-content\/uploads\/2022\/01\/Optimisations-et-programmations.jpg","type":"image\/jpeg"}],"twitter_card":"summary_large_image","twitter_misc":{"Est. reading time":"1 minute"},"schema":{"@context":"https:\/\/schema.org","@graph":[{"@type":"WebPage","@id":"https:\/\/www.istegroup.com\/en\/produit\/optimisations-et-programmations\/","url":"https:\/\/www.istegroup.com\/en\/produit\/optimisations-et-programmations\/","name":"Optimisations et programmations - ISTE Group","isPartOf":{"@id":"https:\/\/www.istegroup.com\/#website"},"primaryImageOfPage":{"@id":"https:\/\/www.istegroup.com\/en\/produit\/optimisations-et-programmations\/#primaryimage"},"image":{"@id":"https:\/\/www.istegroup.com\/en\/produit\/optimisations-et-programmations\/#primaryimage"},"thumbnailUrl":"https:\/\/www.istegroup.com\/wp-content\/uploads\/2022\/01\/Optimisations-et-programmations.jpg","datePublished":"2022-02-15T11:40:16+00:00","dateModified":"2024-01-03T13:45:27+00:00","description":"Optimisations et programmations analyse les m\u00e9thodes de base et celles avanc\u00e9es permettant de r\u00e9soudre les probl\u00e8mes d\u2019optimisations lin\u00e9aire et non lin\u00e9aire.","breadcrumb":{"@id":"https:\/\/www.istegroup.com\/en\/produit\/optimisations-et-programmations\/#breadcrumb"},"inLanguage":"fr-FR","potentialAction":[{"@type":"ReadAction","target":["https:\/\/www.istegroup.com\/en\/produit\/optimisations-et-programmations\/"]}]},{"@type":"ImageObject","inLanguage":"fr-FR","@id":"https:\/\/www.istegroup.com\/en\/produit\/optimisations-et-programmations\/#primaryimage","url":"https:\/\/www.istegroup.com\/wp-content\/uploads\/2022\/01\/Optimisations-et-programmations.jpg","contentUrl":"https:\/\/www.istegroup.com\/wp-content\/uploads\/2022\/01\/Optimisations-et-programmations.jpg","width":350,"height":524,"caption":"Livre scientifique - Optimisations et programmations - Boucha\u00efb Radi et Abdelkhalak El Hami"},{"@type":"BreadcrumbList","@id":"https:\/\/www.istegroup.com\/en\/produit\/optimisations-et-programmations\/#breadcrumb","itemListElement":[{"@type":"ListItem","position":1,"name":"Home","item":"https:\/\/www.istegroup.com\/"},{"@type":"ListItem","position":2,"name":"Shop","item":"https:\/\/www.istegroup.com\/fr\/nouveautes\/"},{"@type":"ListItem","position":3,"name":"Optimisations et programmations"}]},{"@type":"WebSite","@id":"https:\/\/www.istegroup.com\/#website","url":"https:\/\/www.istegroup.com\/","name":"ISTE Group","description":"\u00c9diteur des Sciences","potentialAction":[{"@type":"SearchAction","target":{"@type":"EntryPoint","urlTemplate":"https:\/\/www.istegroup.com\/?s={search_term_string}"},"query-input":{"@type":"PropertyValueSpecification","valueRequired":true,"valueName":"search_term_string"}}],"inLanguage":"fr-FR"}]}},"_links":{"self":[{"href":"https:\/\/www.istegroup.com\/fr\/wp-json\/wp\/v2\/product\/45140","targetHints":{"allow":["GET"]}}],"collection":[{"href":"https:\/\/www.istegroup.com\/fr\/wp-json\/wp\/v2\/product"}],"about":[{"href":"https:\/\/www.istegroup.com\/fr\/wp-json\/wp\/v2\/types\/product"}],"wp:featuredmedia":[{"embeddable":true,"href":"https:\/\/www.istegroup.com\/fr\/wp-json\/wp\/v2\/media\/45146"}],"wp:attachment":[{"href":"https:\/\/www.istegroup.com\/fr\/wp-json\/wp\/v2\/media?parent=45140"}],"wp:term":[{"taxonomy":"product_brand","embeddable":true,"href":"https:\/\/www.istegroup.com\/fr\/wp-json\/wp\/v2\/product_brand?post=45140"},{"taxonomy":"product_cat","embeddable":true,"href":"https:\/\/www.istegroup.com\/fr\/wp-json\/wp\/v2\/product_cat?post=45140"},{"taxonomy":"product_tag","embeddable":true,"href":"https:\/\/www.istegroup.com\/fr\/wp-json\/wp\/v2\/product_tag?post=45140"}],"curies":[{"name":"wp","href":"https:\/\/api.w.org\/{rel}","templated":true}]}}