{"id":447,"date":"2017-07-28T14:48:50","date_gmt":"2017-07-28T12:48:50","guid":{"rendered":"https:\/\/iste.yhello.co\/product\/les-systemes-dinformation-en-sante-et-lethique\/"},"modified":"2024-01-03T13:40:08","modified_gmt":"2024-01-03T13:40:08","slug":"les-systemes-dinformation-en-sante-et-lethique","status":"publish","type":"product","link":"https:\/\/www.istegroup.com\/fr\/produit\/les-systemes-dinformation-en-sante-et-lethique\/","title":{"rendered":"Les syst\u00e8mes d\u2019information en sant\u00e9 et l\u2019\u00e9thique"},"content":{"rendered":"<p>La num\u00e9risation exponentielle des donn\u00e9es m\u00e9dicales a entra\u00een\u00e9 une transformation de l&rsquo;exercice de la m\u00e9decine. Cette \u00e9volution soul\u00e8ve notamment une nouvelle complexit\u00e9 des probl\u00e8mes entourant les NTIC en sant\u00e9. Le bon usage de ces outils de communication \u2013 la t\u00e9l\u00e9m\u00e9decine, l\u2019e-sant\u00e9, les\u00a0<em>m-health<\/em>, les\u00a0<em>Big data<\/em>\u00a0m\u00e9dicaux \u2013 doit permettre d&rsquo;am\u00e9liorer la qualit\u00e9 du suivi et de la prise en charge des patients pour un syst\u00e8me d\u2019information \u00e0 \u00ab visage humain \u00bb.<\/p>\n<p>Face \u00e0 ces enjeux,\u00a0<em>Les syst\u00e8mes d\u2019information en sant\u00e9 et l\u2019\u00e9thique<\/em>\u00a0analyse sous un angle d\u00e9ontologique la relation m\u00e9decin-patient, le partage, la transmission et le stockage de l\u2019information m\u00e9dicale, \u00e9tablissant les rep\u00e8res d\u2019une \u00e9thique propre \u00e0 la num\u00e9risation de l\u2019information m\u00e9dicale. S\u2019appuyant sur des recommandations de bonnes pratiques \u00e9troitement associ\u00e9es \u00e0 des valeurs, cette mod\u00e9lisation d\u00e9veloppe des outils de r\u00e9flexion et pr\u00e9sente les cl\u00e9s pour comprendre les enjeux d\u00e9cisionnels qui tiennent compte \u00e0 la fois des contraintes technologiques et du caract\u00e8re complexe de la r\u00e9alit\u00e9 humaine en m\u00e9decine.<\/p>\n<p>&nbsp;<\/p>\n<p><strong>La presse en parle<\/strong><\/p>\n<p><a style=\"color: #1e9691\" href=\"https:\/\/www.contrepoints.org\/2019\/04\/17\/341839-big-data-et-ethique-le-cas-de-la-datasphere-medicale\"><em>Contrepoints, <\/em><em>17 avril 2019<\/em><\/a><\/p>\n","protected":false},"excerpt":{"rendered":"<p>La num\u00e9risation exponentielle des donn\u00e9es m\u00e9dicales a entra\u00een\u00e9 une transformation de l&rsquo;exercice de la m\u00e9decine. Cette \u00e9volution soul\u00e8ve notamment une nouvelle complexit\u00e9 des probl\u00e8mes entourant les NTIC en sant\u00e9. Le bon usage de ces outils de communication \u2013 la t\u00e9l\u00e9m\u00e9decine, l\u2019e-sant\u00e9, les\u00a0m-health, les\u00a0Big data\u00a0m\u00e9dicaux \u2013 doit permettre d&rsquo;am\u00e9liorer la qualit\u00e9 du suivi et de la [&hellip;]<\/p>\n","protected":false},"featured_media":448,"template":"","meta":{"_acf_changed":false,"_links_to":"","_links_to_target":""},"product_brand":[],"product_cat":[668],"product_tag":[31,196,1256,1811,608,197,198,199,21,200,22,1661,201,1812,203,204,63,25,172,209,1814,1813,292,212,38,192,145,28,1815,628,598],"class_list":{"0":"post-447","1":"product","2":"type-product","3":"status-publish","4":"has-post-thumbnail","6":"product_cat-ingnierie-de-la-sant-et-socit-188418884","7":"product_tag-ebook","8":"product_tag-ebooks","9":"product_tag-ethique","10":"product_tag-hippocrate","11":"product_tag-informatique","12":"product_tag-iste","13":"product_tag-iste-edition","14":"product_tag-iste-editions","15":"product_tag-iste-group","16":"product_tag-isteedition","17":"product_tag-istegroup","18":"product_tag-jerome-beranger","19":"product_tag-kindle","20":"product_tag-les-systemes-dinformation-en-sante-et-lethique","21":"product_tag-liseuse","22":"product_tag-livre","23":"product_tag-livre-electronique","24":"product_tag-livre-numerique","25":"product_tag-livre-scientifique","26":"product_tag-livres-scientifiques","27":"product_tag-medicale","28":"product_tag-modelisation-ethique","29":"product_tag-numerique","30":"product_tag-ouvrage","31":"product_tag-ouvrage-numerique","32":"product_tag-ouvrage-science","33":"product_tag-ouvrage-scientifique","34":"product_tag-ouvrage-scientifique-francais","35":"product_tag-relation-medecin-patient","36":"product_tag-sante","37":"product_tag-systemes-dinformation","39":"first","40":"instock","41":"shipping-taxable","42":"purchasable","43":"product-type-variable"},"acf":[],"yoast_head":"<!-- This site is optimized with the Yoast SEO plugin v27.2 - https:\/\/yoast.com\/product\/yoast-seo-wordpress\/ -->\n<title>Les syst\u00e8mes d\u2019information en sant\u00e9 et l\u2019\u00e9thique - ISTE Group<\/title>\n<meta name=\"description\" content=\"Les syst\u00e8mes d\u2019information en sant\u00e9 et l\u2019\u00e9thique\u00a0analyse sous un angle d\u00e9ontologique la relation m\u00e9decin-patient, le partage, la transmission et le stockage de l\u2019information m\u00e9dicale, \u00e9tablissant les rep\u00e8res d\u2019une \u00e9thique propre \u00e0 la num\u00e9risation de l\u2019information m\u00e9dicale.\" \/>\n<meta name=\"robots\" content=\"index, follow, max-snippet:-1, max-image-preview:large, max-video-preview:-1\" \/>\n<link rel=\"canonical\" href=\"https:\/\/www.istegroup.com\/fr\/produit\/les-systemes-dinformation-en-sante-et-lethique\/\" \/>\n<meta property=\"og:locale\" content=\"fr_FR\" \/>\n<meta property=\"og:type\" content=\"article\" \/>\n<meta property=\"og:title\" content=\"Les syst\u00e8mes d\u2019information en sant\u00e9 et l\u2019\u00e9thique - ISTE Group\" \/>\n<meta property=\"og:description\" content=\"Les syst\u00e8mes d\u2019information en sant\u00e9 et l\u2019\u00e9thique\u00a0analyse sous un angle d\u00e9ontologique la relation m\u00e9decin-patient, le partage, la transmission et le stockage de l\u2019information m\u00e9dicale, \u00e9tablissant les rep\u00e8res d\u2019une \u00e9thique propre \u00e0 la num\u00e9risation de l\u2019information m\u00e9dicale.\" \/>\n<meta property=\"og:url\" content=\"https:\/\/www.istegroup.com\/fr\/produit\/les-systemes-dinformation-en-sante-et-lethique\/\" \/>\n<meta property=\"og:site_name\" content=\"ISTE Group\" \/>\n<meta property=\"article:modified_time\" content=\"2024-01-03T13:40:08+00:00\" \/>\n<meta property=\"og:image\" content=\"https:\/\/www.istegroup.com\/wp-content\/uploads\/2017\/07\/1196773648_417961188-1.jpg\" \/>\n\t<meta property=\"og:image:width\" content=\"300\" \/>\n\t<meta property=\"og:image:height\" content=\"452\" \/>\n\t<meta property=\"og:image:type\" content=\"image\/jpeg\" \/>\n<meta name=\"twitter:card\" content=\"summary_large_image\" \/>\n<meta name=\"twitter:label1\" content=\"Est. reading time\" \/>\n\t<meta name=\"twitter:data1\" content=\"1 minute\" \/>\n<script type=\"application\/ld+json\" class=\"yoast-schema-graph\">{\"@context\":\"https:\/\/schema.org\",\"@graph\":[{\"@type\":\"WebPage\",\"@id\":\"https:\/\/www.istegroup.com\/fr\/produit\/les-systemes-dinformation-en-sante-et-lethique\/\",\"url\":\"https:\/\/www.istegroup.com\/fr\/produit\/les-systemes-dinformation-en-sante-et-lethique\/\",\"name\":\"Les syst\u00e8mes d\u2019information en sant\u00e9 et l\u2019\u00e9thique - ISTE Group\",\"isPartOf\":{\"@id\":\"https:\/\/www.istegroup.com\/#website\"},\"primaryImageOfPage\":{\"@id\":\"https:\/\/www.istegroup.com\/fr\/produit\/les-systemes-dinformation-en-sante-et-lethique\/#primaryimage\"},\"image\":{\"@id\":\"https:\/\/www.istegroup.com\/fr\/produit\/les-systemes-dinformation-en-sante-et-lethique\/#primaryimage\"},\"thumbnailUrl\":\"https:\/\/www.istegroup.com\/wp-content\/uploads\/2017\/07\/1196773648_417961188-1.jpg\",\"datePublished\":\"2017-07-28T12:48:50+00:00\",\"dateModified\":\"2024-01-03T13:40:08+00:00\",\"description\":\"Les syst\u00e8mes d\u2019information en sant\u00e9 et l\u2019\u00e9thique\u00a0analyse sous un angle d\u00e9ontologique la relation m\u00e9decin-patient, le partage, la transmission et le stockage de l\u2019information m\u00e9dicale, \u00e9tablissant les rep\u00e8res d\u2019une \u00e9thique propre \u00e0 la num\u00e9risation de l\u2019information m\u00e9dicale.\",\"breadcrumb\":{\"@id\":\"https:\/\/www.istegroup.com\/fr\/produit\/les-systemes-dinformation-en-sante-et-lethique\/#breadcrumb\"},\"inLanguage\":\"fr-FR\",\"potentialAction\":[{\"@type\":\"ReadAction\",\"target\":[\"https:\/\/www.istegroup.com\/fr\/produit\/les-systemes-dinformation-en-sante-et-lethique\/\"]}]},{\"@type\":\"ImageObject\",\"inLanguage\":\"fr-FR\",\"@id\":\"https:\/\/www.istegroup.com\/fr\/produit\/les-systemes-dinformation-en-sante-et-lethique\/#primaryimage\",\"url\":\"https:\/\/www.istegroup.com\/wp-content\/uploads\/2017\/07\/1196773648_417961188-1.jpg\",\"contentUrl\":\"https:\/\/www.istegroup.com\/wp-content\/uploads\/2017\/07\/1196773648_417961188-1.jpg\",\"width\":300,\"height\":452,\"caption\":\"D\u2019Hippocrate \u00e0 e-ppocr@te\"},{\"@type\":\"BreadcrumbList\",\"@id\":\"https:\/\/www.istegroup.com\/fr\/produit\/les-systemes-dinformation-en-sante-et-lethique\/#breadcrumb\",\"itemListElement\":[{\"@type\":\"ListItem\",\"position\":1,\"name\":\"Home\",\"item\":\"https:\/\/www.istegroup.com\/\"},{\"@type\":\"ListItem\",\"position\":2,\"name\":\"Shop\",\"item\":\"https:\/\/www.istegroup.com\/fr\/nouveautes\/\"},{\"@type\":\"ListItem\",\"position\":3,\"name\":\"Les syst\u00e8mes d\u2019information en sant\u00e9 et l\u2019\u00e9thique\"}]},{\"@type\":\"WebSite\",\"@id\":\"https:\/\/www.istegroup.com\/#website\",\"url\":\"https:\/\/www.istegroup.com\/\",\"name\":\"ISTE Group\",\"description\":\"\u00c9diteur des Sciences\",\"potentialAction\":[{\"@type\":\"SearchAction\",\"target\":{\"@type\":\"EntryPoint\",\"urlTemplate\":\"https:\/\/www.istegroup.com\/?s={search_term_string}\"},\"query-input\":{\"@type\":\"PropertyValueSpecification\",\"valueRequired\":true,\"valueName\":\"search_term_string\"}}],\"inLanguage\":\"fr-FR\"}]}<\/script>\n<!-- \/ Yoast SEO plugin. -->","yoast_head_json":{"title":"Les syst\u00e8mes d\u2019information en sant\u00e9 et l\u2019\u00e9thique - ISTE Group","description":"Les syst\u00e8mes d\u2019information en sant\u00e9 et l\u2019\u00e9thique\u00a0analyse sous un angle d\u00e9ontologique la relation m\u00e9decin-patient, le partage, la transmission et le stockage de l\u2019information m\u00e9dicale, \u00e9tablissant les rep\u00e8res d\u2019une \u00e9thique propre \u00e0 la num\u00e9risation de l\u2019information m\u00e9dicale.","robots":{"index":"index","follow":"follow","max-snippet":"max-snippet:-1","max-image-preview":"max-image-preview:large","max-video-preview":"max-video-preview:-1"},"canonical":"https:\/\/www.istegroup.com\/fr\/produit\/les-systemes-dinformation-en-sante-et-lethique\/","og_locale":"fr_FR","og_type":"article","og_title":"Les syst\u00e8mes d\u2019information en sant\u00e9 et l\u2019\u00e9thique - ISTE Group","og_description":"Les syst\u00e8mes d\u2019information en sant\u00e9 et l\u2019\u00e9thique\u00a0analyse sous un angle d\u00e9ontologique la relation m\u00e9decin-patient, le partage, la transmission et le stockage de l\u2019information m\u00e9dicale, \u00e9tablissant les rep\u00e8res d\u2019une \u00e9thique propre \u00e0 la num\u00e9risation de l\u2019information m\u00e9dicale.","og_url":"https:\/\/www.istegroup.com\/fr\/produit\/les-systemes-dinformation-en-sante-et-lethique\/","og_site_name":"ISTE Group","article_modified_time":"2024-01-03T13:40:08+00:00","og_image":[{"width":300,"height":452,"url":"https:\/\/www.istegroup.com\/wp-content\/uploads\/2017\/07\/1196773648_417961188-1.jpg","type":"image\/jpeg"}],"twitter_card":"summary_large_image","twitter_misc":{"Est. reading time":"1 minute"},"schema":{"@context":"https:\/\/schema.org","@graph":[{"@type":"WebPage","@id":"https:\/\/www.istegroup.com\/fr\/produit\/les-systemes-dinformation-en-sante-et-lethique\/","url":"https:\/\/www.istegroup.com\/fr\/produit\/les-systemes-dinformation-en-sante-et-lethique\/","name":"Les syst\u00e8mes d\u2019information en sant\u00e9 et l\u2019\u00e9thique - ISTE Group","isPartOf":{"@id":"https:\/\/www.istegroup.com\/#website"},"primaryImageOfPage":{"@id":"https:\/\/www.istegroup.com\/fr\/produit\/les-systemes-dinformation-en-sante-et-lethique\/#primaryimage"},"image":{"@id":"https:\/\/www.istegroup.com\/fr\/produit\/les-systemes-dinformation-en-sante-et-lethique\/#primaryimage"},"thumbnailUrl":"https:\/\/www.istegroup.com\/wp-content\/uploads\/2017\/07\/1196773648_417961188-1.jpg","datePublished":"2017-07-28T12:48:50+00:00","dateModified":"2024-01-03T13:40:08+00:00","description":"Les syst\u00e8mes d\u2019information en sant\u00e9 et l\u2019\u00e9thique\u00a0analyse sous un angle d\u00e9ontologique la relation m\u00e9decin-patient, le partage, la transmission et le stockage de l\u2019information m\u00e9dicale, \u00e9tablissant les rep\u00e8res d\u2019une \u00e9thique propre \u00e0 la num\u00e9risation de l\u2019information m\u00e9dicale.","breadcrumb":{"@id":"https:\/\/www.istegroup.com\/fr\/produit\/les-systemes-dinformation-en-sante-et-lethique\/#breadcrumb"},"inLanguage":"fr-FR","potentialAction":[{"@type":"ReadAction","target":["https:\/\/www.istegroup.com\/fr\/produit\/les-systemes-dinformation-en-sante-et-lethique\/"]}]},{"@type":"ImageObject","inLanguage":"fr-FR","@id":"https:\/\/www.istegroup.com\/fr\/produit\/les-systemes-dinformation-en-sante-et-lethique\/#primaryimage","url":"https:\/\/www.istegroup.com\/wp-content\/uploads\/2017\/07\/1196773648_417961188-1.jpg","contentUrl":"https:\/\/www.istegroup.com\/wp-content\/uploads\/2017\/07\/1196773648_417961188-1.jpg","width":300,"height":452,"caption":"D\u2019Hippocrate \u00e0 e-ppocr@te"},{"@type":"BreadcrumbList","@id":"https:\/\/www.istegroup.com\/fr\/produit\/les-systemes-dinformation-en-sante-et-lethique\/#breadcrumb","itemListElement":[{"@type":"ListItem","position":1,"name":"Home","item":"https:\/\/www.istegroup.com\/"},{"@type":"ListItem","position":2,"name":"Shop","item":"https:\/\/www.istegroup.com\/fr\/nouveautes\/"},{"@type":"ListItem","position":3,"name":"Les syst\u00e8mes d\u2019information en sant\u00e9 et l\u2019\u00e9thique"}]},{"@type":"WebSite","@id":"https:\/\/www.istegroup.com\/#website","url":"https:\/\/www.istegroup.com\/","name":"ISTE Group","description":"\u00c9diteur des Sciences","potentialAction":[{"@type":"SearchAction","target":{"@type":"EntryPoint","urlTemplate":"https:\/\/www.istegroup.com\/?s={search_term_string}"},"query-input":{"@type":"PropertyValueSpecification","valueRequired":true,"valueName":"search_term_string"}}],"inLanguage":"fr-FR"}]}},"_links":{"self":[{"href":"https:\/\/www.istegroup.com\/fr\/wp-json\/wp\/v2\/product\/447","targetHints":{"allow":["GET"]}}],"collection":[{"href":"https:\/\/www.istegroup.com\/fr\/wp-json\/wp\/v2\/product"}],"about":[{"href":"https:\/\/www.istegroup.com\/fr\/wp-json\/wp\/v2\/types\/product"}],"wp:featuredmedia":[{"embeddable":true,"href":"https:\/\/www.istegroup.com\/fr\/wp-json\/wp\/v2\/media\/448"}],"wp:attachment":[{"href":"https:\/\/www.istegroup.com\/fr\/wp-json\/wp\/v2\/media?parent=447"}],"wp:term":[{"taxonomy":"product_brand","embeddable":true,"href":"https:\/\/www.istegroup.com\/fr\/wp-json\/wp\/v2\/product_brand?post=447"},{"taxonomy":"product_cat","embeddable":true,"href":"https:\/\/www.istegroup.com\/fr\/wp-json\/wp\/v2\/product_cat?post=447"},{"taxonomy":"product_tag","embeddable":true,"href":"https:\/\/www.istegroup.com\/fr\/wp-json\/wp\/v2\/product_tag?post=447"}],"curies":[{"name":"wp","href":"https:\/\/api.w.org\/{rel}","templated":true}]}}