{"id":44375,"date":"2021-11-11T14:47:05","date_gmt":"2021-11-11T14:47:05","guid":{"rendered":"https:\/\/www.istegroup.com\/?post_type=product&#038;p=44375"},"modified":"2024-01-03T13:45:23","modified_gmt":"2024-01-03T13:45:23","slug":"travail-et-formation","status":"publish","type":"product","link":"https:\/\/www.istegroup.com\/fr\/produit\/travail-et-formation\/","title":{"rendered":"Travail et formation"},"content":{"rendered":"<p>Les interactions entre pratiques de travail et activit\u00e9s de formation deviennent omnipr\u00e9sentes en sciences de l\u2019\u00e9ducation. <em>Travail et formation<\/em> pr\u00e9sente les questionnements au sein de m\u00e9tiers \u00e9mergents li\u00e9s \u00e0 la num\u00e9risation qui bouleversent la notion d\u2019emploi, de statut et d\u2019identit\u00e9 professionnelle.<\/p>\n<p>L\u2019appr\u00e9hension juridique de formes d\u2019emplois atypiques r\u00e9v\u00e8le que la production des nouveaux savoirs risque parfois de conduire \u00e0 des formes de pr\u00e9carisation des travailleurs. De nouvelles comp\u00e9tences cognitives li\u00e9es \u00e0 la num\u00e9risation obligent \u00e0 repenser les aspects informels et buissonniers de la formation \u00e0 tous les \u00e2ges de la vie. La transmission interg\u00e9n\u00e9rationnelle des savoirs et l\u2019attention port\u00e9e aux personnes vuln\u00e9rables deviennent des priorit\u00e9s.<\/p>\n<p>Cet ouvrage apporte un regard distanci\u00e9 sur les mutations de la soci\u00e9t\u00e9 afin d\u2019offrir de nouvelles perspectives de recherche autour du lien social dans un environnement pr\u00e9servant la dignit\u00e9 humaine.<\/p>\n","protected":false},"excerpt":{"rendered":"<p>Les interactions entre pratiques de travail et activit\u00e9s de formation deviennent omnipr\u00e9sentes en sciences de l\u2019\u00e9ducation. Travail et formation pr\u00e9sente les questionnements au sein de m\u00e9tiers \u00e9mergents li\u00e9s \u00e0 la num\u00e9risation qui bouleversent la notion d\u2019emploi, de statut et d\u2019identit\u00e9 professionnelle. L\u2019appr\u00e9hension juridique de formes d\u2019emplois atypiques r\u00e9v\u00e8le que la production des nouveaux savoirs risque [&hellip;]<\/p>\n","protected":false},"featured_media":44379,"template":"","meta":{"_acf_changed":false,"_links_to":"","_links_to_target":""},"product_brand":[],"product_cat":[3262],"product_tag":[],"class_list":{"0":"post-44375","1":"product","2":"type-product","3":"status-publish","4":"has-post-thumbnail","6":"product_cat-non-classe","8":"first","9":"instock","10":"shipping-taxable","11":"purchasable","12":"product-type-variable"},"acf":[],"yoast_head":"<!-- This site is optimized with the Yoast SEO plugin v27.2 - https:\/\/yoast.com\/product\/yoast-seo-wordpress\/ -->\n<title>Travail et formation - ISTE Group<\/title>\n<meta name=\"description\" content=\"Travail et formation apporte un regard distanci\u00e9 sur les mutations de la soci\u00e9t\u00e9 afin d\u2019offrir de nouvelles perspectives de recherche autour du lien social dans un environnement pr\u00e9servant la dignit\u00e9 humaine.\" \/>\n<meta name=\"robots\" content=\"index, follow, max-snippet:-1, max-image-preview:large, max-video-preview:-1\" \/>\n<link rel=\"canonical\" href=\"https:\/\/www.istegroup.com\/fr\/produit\/travail-et-formation\/\" \/>\n<meta property=\"og:locale\" content=\"fr_FR\" \/>\n<meta property=\"og:type\" content=\"article\" \/>\n<meta property=\"og:title\" content=\"Travail et formation - ISTE Group\" \/>\n<meta property=\"og:description\" content=\"Travail et formation apporte un regard distanci\u00e9 sur les mutations de la soci\u00e9t\u00e9 afin d\u2019offrir de nouvelles perspectives de recherche autour du lien social dans un environnement pr\u00e9servant la dignit\u00e9 humaine.\" \/>\n<meta property=\"og:url\" content=\"https:\/\/www.istegroup.com\/fr\/produit\/travail-et-formation\/\" \/>\n<meta property=\"og:site_name\" content=\"ISTE Group\" \/>\n<meta property=\"article:modified_time\" content=\"2024-01-03T13:45:23+00:00\" \/>\n<meta property=\"og:image\" content=\"https:\/\/www.istegroup.com\/wp-content\/uploads\/2021\/11\/Travail-et-formation.jpg\" \/>\n\t<meta property=\"og:image:width\" content=\"350\" \/>\n\t<meta property=\"og:image:height\" content=\"525\" \/>\n\t<meta property=\"og:image:type\" content=\"image\/jpeg\" \/>\n<meta name=\"twitter:card\" content=\"summary_large_image\" \/>\n<meta name=\"twitter:label1\" content=\"Est. reading time\" \/>\n\t<meta name=\"twitter:data1\" content=\"1 minute\" \/>\n<script type=\"application\/ld+json\" class=\"yoast-schema-graph\">{\"@context\":\"https:\/\/schema.org\",\"@graph\":[{\"@type\":\"WebPage\",\"@id\":\"https:\/\/www.istegroup.com\/fr\/produit\/travail-et-formation\/\",\"url\":\"https:\/\/www.istegroup.com\/fr\/produit\/travail-et-formation\/\",\"name\":\"Travail et formation - ISTE Group\",\"isPartOf\":{\"@id\":\"https:\/\/www.istegroup.com\/#website\"},\"primaryImageOfPage\":{\"@id\":\"https:\/\/www.istegroup.com\/fr\/produit\/travail-et-formation\/#primaryimage\"},\"image\":{\"@id\":\"https:\/\/www.istegroup.com\/fr\/produit\/travail-et-formation\/#primaryimage\"},\"thumbnailUrl\":\"https:\/\/www.istegroup.com\/wp-content\/uploads\/2021\/11\/Travail-et-formation.jpg\",\"datePublished\":\"2021-11-11T14:47:05+00:00\",\"dateModified\":\"2024-01-03T13:45:23+00:00\",\"description\":\"Travail et formation apporte un regard distanci\u00e9 sur les mutations de la soci\u00e9t\u00e9 afin d\u2019offrir de nouvelles perspectives de recherche autour du lien social dans un environnement pr\u00e9servant la dignit\u00e9 humaine.\",\"breadcrumb\":{\"@id\":\"https:\/\/www.istegroup.com\/fr\/produit\/travail-et-formation\/#breadcrumb\"},\"inLanguage\":\"fr-FR\",\"potentialAction\":[{\"@type\":\"ReadAction\",\"target\":[\"https:\/\/www.istegroup.com\/fr\/produit\/travail-et-formation\/\"]}]},{\"@type\":\"ImageObject\",\"inLanguage\":\"fr-FR\",\"@id\":\"https:\/\/www.istegroup.com\/fr\/produit\/travail-et-formation\/#primaryimage\",\"url\":\"https:\/\/www.istegroup.com\/wp-content\/uploads\/2021\/11\/Travail-et-formation.jpg\",\"contentUrl\":\"https:\/\/www.istegroup.com\/wp-content\/uploads\/2021\/11\/Travail-et-formation.jpg\",\"width\":350,\"height\":525,\"caption\":\"Livre scientifique - Travail et formation - Corinne Baujard\"},{\"@type\":\"BreadcrumbList\",\"@id\":\"https:\/\/www.istegroup.com\/fr\/produit\/travail-et-formation\/#breadcrumb\",\"itemListElement\":[{\"@type\":\"ListItem\",\"position\":1,\"name\":\"Home\",\"item\":\"https:\/\/www.istegroup.com\/\"},{\"@type\":\"ListItem\",\"position\":2,\"name\":\"Shop\",\"item\":\"https:\/\/www.istegroup.com\/fr\/nouveautes\/\"},{\"@type\":\"ListItem\",\"position\":3,\"name\":\"Travail et formation\"}]},{\"@type\":\"WebSite\",\"@id\":\"https:\/\/www.istegroup.com\/#website\",\"url\":\"https:\/\/www.istegroup.com\/\",\"name\":\"ISTE Group\",\"description\":\"\u00c9diteur des Sciences\",\"potentialAction\":[{\"@type\":\"SearchAction\",\"target\":{\"@type\":\"EntryPoint\",\"urlTemplate\":\"https:\/\/www.istegroup.com\/?s={search_term_string}\"},\"query-input\":{\"@type\":\"PropertyValueSpecification\",\"valueRequired\":true,\"valueName\":\"search_term_string\"}}],\"inLanguage\":\"fr-FR\"}]}<\/script>\n<!-- \/ Yoast SEO plugin. -->","yoast_head_json":{"title":"Travail et formation - ISTE Group","description":"Travail et formation apporte un regard distanci\u00e9 sur les mutations de la soci\u00e9t\u00e9 afin d\u2019offrir de nouvelles perspectives de recherche autour du lien social dans un environnement pr\u00e9servant la dignit\u00e9 humaine.","robots":{"index":"index","follow":"follow","max-snippet":"max-snippet:-1","max-image-preview":"max-image-preview:large","max-video-preview":"max-video-preview:-1"},"canonical":"https:\/\/www.istegroup.com\/fr\/produit\/travail-et-formation\/","og_locale":"fr_FR","og_type":"article","og_title":"Travail et formation - ISTE Group","og_description":"Travail et formation apporte un regard distanci\u00e9 sur les mutations de la soci\u00e9t\u00e9 afin d\u2019offrir de nouvelles perspectives de recherche autour du lien social dans un environnement pr\u00e9servant la dignit\u00e9 humaine.","og_url":"https:\/\/www.istegroup.com\/fr\/produit\/travail-et-formation\/","og_site_name":"ISTE Group","article_modified_time":"2024-01-03T13:45:23+00:00","og_image":[{"width":350,"height":525,"url":"https:\/\/www.istegroup.com\/wp-content\/uploads\/2021\/11\/Travail-et-formation.jpg","type":"image\/jpeg"}],"twitter_card":"summary_large_image","twitter_misc":{"Est. reading time":"1 minute"},"schema":{"@context":"https:\/\/schema.org","@graph":[{"@type":"WebPage","@id":"https:\/\/www.istegroup.com\/fr\/produit\/travail-et-formation\/","url":"https:\/\/www.istegroup.com\/fr\/produit\/travail-et-formation\/","name":"Travail et formation - ISTE Group","isPartOf":{"@id":"https:\/\/www.istegroup.com\/#website"},"primaryImageOfPage":{"@id":"https:\/\/www.istegroup.com\/fr\/produit\/travail-et-formation\/#primaryimage"},"image":{"@id":"https:\/\/www.istegroup.com\/fr\/produit\/travail-et-formation\/#primaryimage"},"thumbnailUrl":"https:\/\/www.istegroup.com\/wp-content\/uploads\/2021\/11\/Travail-et-formation.jpg","datePublished":"2021-11-11T14:47:05+00:00","dateModified":"2024-01-03T13:45:23+00:00","description":"Travail et formation apporte un regard distanci\u00e9 sur les mutations de la soci\u00e9t\u00e9 afin d\u2019offrir de nouvelles perspectives de recherche autour du lien social dans un environnement pr\u00e9servant la dignit\u00e9 humaine.","breadcrumb":{"@id":"https:\/\/www.istegroup.com\/fr\/produit\/travail-et-formation\/#breadcrumb"},"inLanguage":"fr-FR","potentialAction":[{"@type":"ReadAction","target":["https:\/\/www.istegroup.com\/fr\/produit\/travail-et-formation\/"]}]},{"@type":"ImageObject","inLanguage":"fr-FR","@id":"https:\/\/www.istegroup.com\/fr\/produit\/travail-et-formation\/#primaryimage","url":"https:\/\/www.istegroup.com\/wp-content\/uploads\/2021\/11\/Travail-et-formation.jpg","contentUrl":"https:\/\/www.istegroup.com\/wp-content\/uploads\/2021\/11\/Travail-et-formation.jpg","width":350,"height":525,"caption":"Livre scientifique - Travail et formation - Corinne Baujard"},{"@type":"BreadcrumbList","@id":"https:\/\/www.istegroup.com\/fr\/produit\/travail-et-formation\/#breadcrumb","itemListElement":[{"@type":"ListItem","position":1,"name":"Home","item":"https:\/\/www.istegroup.com\/"},{"@type":"ListItem","position":2,"name":"Shop","item":"https:\/\/www.istegroup.com\/fr\/nouveautes\/"},{"@type":"ListItem","position":3,"name":"Travail et formation"}]},{"@type":"WebSite","@id":"https:\/\/www.istegroup.com\/#website","url":"https:\/\/www.istegroup.com\/","name":"ISTE Group","description":"\u00c9diteur des Sciences","potentialAction":[{"@type":"SearchAction","target":{"@type":"EntryPoint","urlTemplate":"https:\/\/www.istegroup.com\/?s={search_term_string}"},"query-input":{"@type":"PropertyValueSpecification","valueRequired":true,"valueName":"search_term_string"}}],"inLanguage":"fr-FR"}]}},"_links":{"self":[{"href":"https:\/\/www.istegroup.com\/fr\/wp-json\/wp\/v2\/product\/44375","targetHints":{"allow":["GET"]}}],"collection":[{"href":"https:\/\/www.istegroup.com\/fr\/wp-json\/wp\/v2\/product"}],"about":[{"href":"https:\/\/www.istegroup.com\/fr\/wp-json\/wp\/v2\/types\/product"}],"wp:featuredmedia":[{"embeddable":true,"href":"https:\/\/www.istegroup.com\/fr\/wp-json\/wp\/v2\/media\/44379"}],"wp:attachment":[{"href":"https:\/\/www.istegroup.com\/fr\/wp-json\/wp\/v2\/media?parent=44375"}],"wp:term":[{"taxonomy":"product_brand","embeddable":true,"href":"https:\/\/www.istegroup.com\/fr\/wp-json\/wp\/v2\/product_brand?post=44375"},{"taxonomy":"product_cat","embeddable":true,"href":"https:\/\/www.istegroup.com\/fr\/wp-json\/wp\/v2\/product_cat?post=44375"},{"taxonomy":"product_tag","embeddable":true,"href":"https:\/\/www.istegroup.com\/fr\/wp-json\/wp\/v2\/product_tag?post=44375"}],"curies":[{"name":"wp","href":"https:\/\/api.w.org\/{rel}","templated":true}]}}