{"id":44356,"date":"2021-11-11T10:37:44","date_gmt":"2021-11-11T10:37:44","guid":{"rendered":"https:\/\/www.istegroup.com\/?post_type=product&#038;p=44356"},"modified":"2024-01-03T13:45:23","modified_gmt":"2024-01-03T13:45:23","slug":"economie-productive-economie-contributive","status":"publish","type":"product","link":"https:\/\/www.istegroup.com\/fr\/produit\/economie-productive-economie-contributive\/","title":{"rendered":"\u00c9conomie productive, \u00e9conomie contributive"},"content":{"rendered":"<p>Les questions d\u2019environnement ne dispensent pas de repenser notre mod\u00e8le de soci\u00e9t\u00e9. Cet ouvrage explore cette r\u00e9flexion en remontant dans le temps et rep\u00e8re les pivots de la mutation soci\u00e9tale que nous vivons en Europe.<\/p>\n<p><em>\u00c9conomie productive, \u00e9conomie contributive<\/em> propose une analyse des facteurs d\u2019\u00e9volution de notre mod\u00e8le de soci\u00e9t\u00e9 qui sort de la s\u00e9dentarisation et dont le dernier chapitre a \u00e9t\u00e9 l\u2019\u00e8re industrielle. Pour poursuivre notre \u00e9volution, nous devons faire prosp\u00e9rer le bien commun : la famille, la connaissance et l\u2019innovation, la d\u00e9mocratie et la spiritualit\u00e9.<\/p>\n<p>Cet ouvrage pr\u00e9sente la dualit\u00e9 \u00e9conomique productive et contributive qui est \u00e0 mettre en place ainsi que la synergie qui est \u00e0 \u00e9tablir entre ces deux espaces de cette contribution humaine. Il \u00e9tudie \u00e9galement les instruments de gouvernance dont nous allons avoir besoin comme les monnaies intelligentes ainsi que leurs conditions de succ\u00e8s.<\/p>\n","protected":false},"excerpt":{"rendered":"<p>Les questions d\u2019environnement ne dispensent pas de repenser notre mod\u00e8le de soci\u00e9t\u00e9. Cet ouvrage explore cette r\u00e9flexion en remontant dans le temps et rep\u00e8re les pivots de la mutation soci\u00e9tale que nous vivons en Europe. \u00c9conomie productive, \u00e9conomie contributive propose une analyse des facteurs d\u2019\u00e9volution de notre mod\u00e8le de soci\u00e9t\u00e9 qui sort de la s\u00e9dentarisation [&hellip;]<\/p>\n","protected":false},"featured_media":44364,"template":"","meta":{"_acf_changed":false,"_links_to":"","_links_to_target":""},"product_brand":[],"product_cat":[3262],"product_tag":[],"class_list":{"0":"post-44356","1":"product","2":"type-product","3":"status-publish","4":"has-post-thumbnail","6":"product_cat-non-classe","8":"first","9":"instock","10":"shipping-taxable","11":"purchasable","12":"product-type-variable"},"acf":[],"yoast_head":"<!-- This site is optimized with the Yoast SEO plugin v27.2 - https:\/\/yoast.com\/product\/yoast-seo-wordpress\/ -->\n<title>\u00c9conomie productive, \u00e9conomie contributive - ISTE Group<\/title>\n<meta name=\"description\" content=\"\u00c9conomie productive, \u00e9conomie contributive propose une analyse des facteurs d\u2019\u00e9volution de notre mod\u00e8le de soci\u00e9t\u00e9 qui sort de la s\u00e9dentarisation et dont le dernier chapitre a \u00e9t\u00e9 l\u2019\u00e8re industrielle.\" \/>\n<meta name=\"robots\" content=\"index, follow, max-snippet:-1, max-image-preview:large, max-video-preview:-1\" \/>\n<link rel=\"canonical\" href=\"https:\/\/www.istegroup.com\/fr\/produit\/economie-productive-economie-contributive\/\" \/>\n<meta property=\"og:locale\" content=\"fr_FR\" \/>\n<meta property=\"og:type\" content=\"article\" \/>\n<meta property=\"og:title\" content=\"\u00c9conomie productive, \u00e9conomie contributive - ISTE Group\" \/>\n<meta property=\"og:description\" content=\"\u00c9conomie productive, \u00e9conomie contributive propose une analyse des facteurs d\u2019\u00e9volution de notre mod\u00e8le de soci\u00e9t\u00e9 qui sort de la s\u00e9dentarisation et dont le dernier chapitre a \u00e9t\u00e9 l\u2019\u00e8re industrielle.\" \/>\n<meta property=\"og:url\" content=\"https:\/\/www.istegroup.com\/fr\/produit\/economie-productive-economie-contributive\/\" \/>\n<meta property=\"og:site_name\" content=\"ISTE Group\" \/>\n<meta property=\"article:modified_time\" content=\"2024-01-03T13:45:23+00:00\" \/>\n<meta property=\"og:image\" content=\"https:\/\/www.istegroup.com\/wp-content\/uploads\/2021\/11\/Economie-productive-economie-contributive.jpg\" \/>\n\t<meta property=\"og:image:width\" content=\"350\" \/>\n\t<meta property=\"og:image:height\" content=\"525\" \/>\n\t<meta property=\"og:image:type\" content=\"image\/jpeg\" \/>\n<meta name=\"twitter:card\" content=\"summary_large_image\" \/>\n<meta name=\"twitter:label1\" content=\"Est. reading time\" \/>\n\t<meta name=\"twitter:data1\" content=\"1 minute\" \/>\n<script type=\"application\/ld+json\" class=\"yoast-schema-graph\">{\"@context\":\"https:\/\/schema.org\",\"@graph\":[{\"@type\":\"WebPage\",\"@id\":\"https:\/\/www.istegroup.com\/fr\/produit\/economie-productive-economie-contributive\/\",\"url\":\"https:\/\/www.istegroup.com\/fr\/produit\/economie-productive-economie-contributive\/\",\"name\":\"\u00c9conomie productive, \u00e9conomie contributive - ISTE Group\",\"isPartOf\":{\"@id\":\"https:\/\/www.istegroup.com\/#website\"},\"primaryImageOfPage\":{\"@id\":\"https:\/\/www.istegroup.com\/fr\/produit\/economie-productive-economie-contributive\/#primaryimage\"},\"image\":{\"@id\":\"https:\/\/www.istegroup.com\/fr\/produit\/economie-productive-economie-contributive\/#primaryimage\"},\"thumbnailUrl\":\"https:\/\/www.istegroup.com\/wp-content\/uploads\/2021\/11\/Economie-productive-economie-contributive.jpg\",\"datePublished\":\"2021-11-11T10:37:44+00:00\",\"dateModified\":\"2024-01-03T13:45:23+00:00\",\"description\":\"\u00c9conomie productive, \u00e9conomie contributive propose une analyse des facteurs d\u2019\u00e9volution de notre mod\u00e8le de soci\u00e9t\u00e9 qui sort de la s\u00e9dentarisation et dont le dernier chapitre a \u00e9t\u00e9 l\u2019\u00e8re industrielle.\",\"breadcrumb\":{\"@id\":\"https:\/\/www.istegroup.com\/fr\/produit\/economie-productive-economie-contributive\/#breadcrumb\"},\"inLanguage\":\"fr-FR\",\"potentialAction\":[{\"@type\":\"ReadAction\",\"target\":[\"https:\/\/www.istegroup.com\/fr\/produit\/economie-productive-economie-contributive\/\"]}]},{\"@type\":\"ImageObject\",\"inLanguage\":\"fr-FR\",\"@id\":\"https:\/\/www.istegroup.com\/fr\/produit\/economie-productive-economie-contributive\/#primaryimage\",\"url\":\"https:\/\/www.istegroup.com\/wp-content\/uploads\/2021\/11\/Economie-productive-economie-contributive.jpg\",\"contentUrl\":\"https:\/\/www.istegroup.com\/wp-content\/uploads\/2021\/11\/Economie-productive-economie-contributive.jpg\",\"width\":350,\"height\":525,\"caption\":\"Livre scientifique - \u00c9conomie productive, \u00e9conomie contributive - Genevi\u00e8ve Bouch\u00e9\"},{\"@type\":\"BreadcrumbList\",\"@id\":\"https:\/\/www.istegroup.com\/fr\/produit\/economie-productive-economie-contributive\/#breadcrumb\",\"itemListElement\":[{\"@type\":\"ListItem\",\"position\":1,\"name\":\"Home\",\"item\":\"https:\/\/www.istegroup.com\/\"},{\"@type\":\"ListItem\",\"position\":2,\"name\":\"Shop\",\"item\":\"https:\/\/www.istegroup.com\/fr\/nouveautes\/\"},{\"@type\":\"ListItem\",\"position\":3,\"name\":\"\u00c9conomie productive, \u00e9conomie contributive\"}]},{\"@type\":\"WebSite\",\"@id\":\"https:\/\/www.istegroup.com\/#website\",\"url\":\"https:\/\/www.istegroup.com\/\",\"name\":\"ISTE Group\",\"description\":\"\u00c9diteur des Sciences\",\"potentialAction\":[{\"@type\":\"SearchAction\",\"target\":{\"@type\":\"EntryPoint\",\"urlTemplate\":\"https:\/\/www.istegroup.com\/?s={search_term_string}\"},\"query-input\":{\"@type\":\"PropertyValueSpecification\",\"valueRequired\":true,\"valueName\":\"search_term_string\"}}],\"inLanguage\":\"fr-FR\"}]}<\/script>\n<!-- \/ Yoast SEO plugin. -->","yoast_head_json":{"title":"\u00c9conomie productive, \u00e9conomie contributive - ISTE Group","description":"\u00c9conomie productive, \u00e9conomie contributive propose une analyse des facteurs d\u2019\u00e9volution de notre mod\u00e8le de soci\u00e9t\u00e9 qui sort de la s\u00e9dentarisation et dont le dernier chapitre a \u00e9t\u00e9 l\u2019\u00e8re industrielle.","robots":{"index":"index","follow":"follow","max-snippet":"max-snippet:-1","max-image-preview":"max-image-preview:large","max-video-preview":"max-video-preview:-1"},"canonical":"https:\/\/www.istegroup.com\/fr\/produit\/economie-productive-economie-contributive\/","og_locale":"fr_FR","og_type":"article","og_title":"\u00c9conomie productive, \u00e9conomie contributive - ISTE Group","og_description":"\u00c9conomie productive, \u00e9conomie contributive propose une analyse des facteurs d\u2019\u00e9volution de notre mod\u00e8le de soci\u00e9t\u00e9 qui sort de la s\u00e9dentarisation et dont le dernier chapitre a \u00e9t\u00e9 l\u2019\u00e8re industrielle.","og_url":"https:\/\/www.istegroup.com\/fr\/produit\/economie-productive-economie-contributive\/","og_site_name":"ISTE Group","article_modified_time":"2024-01-03T13:45:23+00:00","og_image":[{"width":350,"height":525,"url":"https:\/\/www.istegroup.com\/wp-content\/uploads\/2021\/11\/Economie-productive-economie-contributive.jpg","type":"image\/jpeg"}],"twitter_card":"summary_large_image","twitter_misc":{"Est. reading time":"1 minute"},"schema":{"@context":"https:\/\/schema.org","@graph":[{"@type":"WebPage","@id":"https:\/\/www.istegroup.com\/fr\/produit\/economie-productive-economie-contributive\/","url":"https:\/\/www.istegroup.com\/fr\/produit\/economie-productive-economie-contributive\/","name":"\u00c9conomie productive, \u00e9conomie contributive - ISTE Group","isPartOf":{"@id":"https:\/\/www.istegroup.com\/#website"},"primaryImageOfPage":{"@id":"https:\/\/www.istegroup.com\/fr\/produit\/economie-productive-economie-contributive\/#primaryimage"},"image":{"@id":"https:\/\/www.istegroup.com\/fr\/produit\/economie-productive-economie-contributive\/#primaryimage"},"thumbnailUrl":"https:\/\/www.istegroup.com\/wp-content\/uploads\/2021\/11\/Economie-productive-economie-contributive.jpg","datePublished":"2021-11-11T10:37:44+00:00","dateModified":"2024-01-03T13:45:23+00:00","description":"\u00c9conomie productive, \u00e9conomie contributive propose une analyse des facteurs d\u2019\u00e9volution de notre mod\u00e8le de soci\u00e9t\u00e9 qui sort de la s\u00e9dentarisation et dont le dernier chapitre a \u00e9t\u00e9 l\u2019\u00e8re industrielle.","breadcrumb":{"@id":"https:\/\/www.istegroup.com\/fr\/produit\/economie-productive-economie-contributive\/#breadcrumb"},"inLanguage":"fr-FR","potentialAction":[{"@type":"ReadAction","target":["https:\/\/www.istegroup.com\/fr\/produit\/economie-productive-economie-contributive\/"]}]},{"@type":"ImageObject","inLanguage":"fr-FR","@id":"https:\/\/www.istegroup.com\/fr\/produit\/economie-productive-economie-contributive\/#primaryimage","url":"https:\/\/www.istegroup.com\/wp-content\/uploads\/2021\/11\/Economie-productive-economie-contributive.jpg","contentUrl":"https:\/\/www.istegroup.com\/wp-content\/uploads\/2021\/11\/Economie-productive-economie-contributive.jpg","width":350,"height":525,"caption":"Livre scientifique - \u00c9conomie productive, \u00e9conomie contributive - Genevi\u00e8ve Bouch\u00e9"},{"@type":"BreadcrumbList","@id":"https:\/\/www.istegroup.com\/fr\/produit\/economie-productive-economie-contributive\/#breadcrumb","itemListElement":[{"@type":"ListItem","position":1,"name":"Home","item":"https:\/\/www.istegroup.com\/"},{"@type":"ListItem","position":2,"name":"Shop","item":"https:\/\/www.istegroup.com\/fr\/nouveautes\/"},{"@type":"ListItem","position":3,"name":"\u00c9conomie productive, \u00e9conomie contributive"}]},{"@type":"WebSite","@id":"https:\/\/www.istegroup.com\/#website","url":"https:\/\/www.istegroup.com\/","name":"ISTE Group","description":"\u00c9diteur des Sciences","potentialAction":[{"@type":"SearchAction","target":{"@type":"EntryPoint","urlTemplate":"https:\/\/www.istegroup.com\/?s={search_term_string}"},"query-input":{"@type":"PropertyValueSpecification","valueRequired":true,"valueName":"search_term_string"}}],"inLanguage":"fr-FR"}]}},"_links":{"self":[{"href":"https:\/\/www.istegroup.com\/fr\/wp-json\/wp\/v2\/product\/44356","targetHints":{"allow":["GET"]}}],"collection":[{"href":"https:\/\/www.istegroup.com\/fr\/wp-json\/wp\/v2\/product"}],"about":[{"href":"https:\/\/www.istegroup.com\/fr\/wp-json\/wp\/v2\/types\/product"}],"wp:featuredmedia":[{"embeddable":true,"href":"https:\/\/www.istegroup.com\/fr\/wp-json\/wp\/v2\/media\/44364"}],"wp:attachment":[{"href":"https:\/\/www.istegroup.com\/fr\/wp-json\/wp\/v2\/media?parent=44356"}],"wp:term":[{"taxonomy":"product_brand","embeddable":true,"href":"https:\/\/www.istegroup.com\/fr\/wp-json\/wp\/v2\/product_brand?post=44356"},{"taxonomy":"product_cat","embeddable":true,"href":"https:\/\/www.istegroup.com\/fr\/wp-json\/wp\/v2\/product_cat?post=44356"},{"taxonomy":"product_tag","embeddable":true,"href":"https:\/\/www.istegroup.com\/fr\/wp-json\/wp\/v2\/product_tag?post=44356"}],"curies":[{"name":"wp","href":"https:\/\/api.w.org\/{rel}","templated":true}]}}