{"id":44344,"date":"2021-11-11T10:09:10","date_gmt":"2021-11-11T10:09:10","guid":{"rendered":"https:\/\/www.istegroup.com\/?post_type=product&#038;p=44344"},"modified":"2024-01-03T13:45:23","modified_gmt":"2024-01-03T13:45:23","slug":"des-reseaux-logistiques-aux-reseaux-sociaux-numeriques","status":"publish","type":"product","link":"https:\/\/www.istegroup.com\/fr\/produit\/des-reseaux-logistiques-aux-reseaux-sociaux-numeriques\/","title":{"rendered":"Des r\u00e9seaux logistiques aux r\u00e9seaux sociaux num\u00e9riques"},"content":{"rendered":"<p>Par sa d\u00e9clinaison omnipr\u00e9sente dans l\u2019organisation \u00e9conomique et sociale, le concept de r\u00e9seau appara\u00eet comme un paradigme du monde contemporain. Les besoins en services divers (transports, \u00e9nergie, consommation de biens manufacturiers, offre de soins, information et communication, etc.) engagent les usagers dans un entrelacement de r\u00e9seaux qui sont autant de maillages de flux mat\u00e9riels et immat\u00e9riels, au sein desquels l\u2019utilisateur est consommateur de biens et de services issus des industries et des administrations, ou lui-m\u00eame constituant de l\u2019organisation (r\u00e9seaux sociaux num\u00e9riques).<\/p>\n<p>Cet ouvrage examine les invariants qui unifient les r\u00e9seaux dans leur diversit\u00e9, ainsi que les sp\u00e9cificit\u00e9s qui les diff\u00e9rencient. Il offre une grille de lecture qui distingue un niveau g\u00e9n\u00e9rique o\u00f9 ces syst\u00e8mes trouvent une interpr\u00e9tation commune, et un niveau sp\u00e9cifique o\u00f9 des m\u00e9thodes d\u2019analyse appropri\u00e9es sont mobilis\u00e9es.<\/p>\n<p>Trois \u00e9tudes de cas, issues de domaines vari\u00e9s, illustrent de mani\u00e8re d\u00e9taill\u00e9e le propos de l\u2019ouvrage.<\/p>\n","protected":false},"excerpt":{"rendered":"<p>Par sa d\u00e9clinaison omnipr\u00e9sente dans l\u2019organisation \u00e9conomique et sociale, le concept de r\u00e9seau appara\u00eet comme un paradigme du monde contemporain. Les besoins en services divers (transports, \u00e9nergie, consommation de biens manufacturiers, offre de soins, information et communication, etc.) engagent les usagers dans un entrelacement de r\u00e9seaux qui sont autant de maillages de flux mat\u00e9riels et [&hellip;]<\/p>\n","protected":false},"featured_media":44355,"template":"","meta":{"_acf_changed":false,"_links_to":"","_links_to_target":""},"product_brand":[],"product_cat":[3262],"product_tag":[],"class_list":{"0":"post-44344","1":"product","2":"type-product","3":"status-publish","4":"has-post-thumbnail","6":"product_cat-non-classe","8":"first","9":"instock","10":"shipping-taxable","11":"purchasable","12":"product-type-variable"},"acf":[],"yoast_head":"<!-- This site is optimized with the Yoast SEO plugin v27.2 - https:\/\/yoast.com\/product\/yoast-seo-wordpress\/ -->\n<title>Des r\u00e9seaux logistiques aux r\u00e9seaux sociaux num\u00e9riques - ISTE Group<\/title>\n<meta name=\"description\" content=\"Des r\u00e9seaux logistiques aux r\u00e9seaux sociaux num\u00e9riques examine les invariants qui unifient les r\u00e9seaux dans leur diversit\u00e9, ainsi que les sp\u00e9cificit\u00e9s qui les diff\u00e9rencient.\" \/>\n<meta name=\"robots\" content=\"index, follow, max-snippet:-1, max-image-preview:large, max-video-preview:-1\" \/>\n<link rel=\"canonical\" href=\"https:\/\/www.istegroup.com\/fr\/produit\/des-reseaux-logistiques-aux-reseaux-sociaux-numeriques\/\" \/>\n<meta property=\"og:locale\" content=\"fr_FR\" \/>\n<meta property=\"og:type\" content=\"article\" \/>\n<meta property=\"og:title\" content=\"Des r\u00e9seaux logistiques aux r\u00e9seaux sociaux num\u00e9riques - ISTE Group\" \/>\n<meta property=\"og:description\" content=\"Des r\u00e9seaux logistiques aux r\u00e9seaux sociaux num\u00e9riques examine les invariants qui unifient les r\u00e9seaux dans leur diversit\u00e9, ainsi que les sp\u00e9cificit\u00e9s qui les diff\u00e9rencient.\" \/>\n<meta property=\"og:url\" content=\"https:\/\/www.istegroup.com\/fr\/produit\/des-reseaux-logistiques-aux-reseaux-sociaux-numeriques\/\" \/>\n<meta property=\"og:site_name\" content=\"ISTE Group\" \/>\n<meta property=\"article:modified_time\" content=\"2024-01-03T13:45:23+00:00\" \/>\n<meta property=\"og:image\" content=\"https:\/\/www.istegroup.com\/wp-content\/uploads\/2021\/11\/Des-reseaux-logistiques-aux-reseaux-numeriques.jpg\" \/>\n\t<meta property=\"og:image:width\" content=\"350\" \/>\n\t<meta property=\"og:image:height\" content=\"525\" \/>\n\t<meta property=\"og:image:type\" content=\"image\/jpeg\" \/>\n<meta name=\"twitter:card\" content=\"summary_large_image\" \/>\n<meta name=\"twitter:label1\" content=\"Est. reading time\" \/>\n\t<meta name=\"twitter:data1\" content=\"1 minute\" \/>\n<script type=\"application\/ld+json\" class=\"yoast-schema-graph\">{\"@context\":\"https:\/\/schema.org\",\"@graph\":[{\"@type\":\"WebPage\",\"@id\":\"https:\/\/www.istegroup.com\/fr\/produit\/des-reseaux-logistiques-aux-reseaux-sociaux-numeriques\/\",\"url\":\"https:\/\/www.istegroup.com\/fr\/produit\/des-reseaux-logistiques-aux-reseaux-sociaux-numeriques\/\",\"name\":\"Des r\u00e9seaux logistiques aux r\u00e9seaux sociaux num\u00e9riques - ISTE Group\",\"isPartOf\":{\"@id\":\"https:\/\/www.istegroup.com\/#website\"},\"primaryImageOfPage\":{\"@id\":\"https:\/\/www.istegroup.com\/fr\/produit\/des-reseaux-logistiques-aux-reseaux-sociaux-numeriques\/#primaryimage\"},\"image\":{\"@id\":\"https:\/\/www.istegroup.com\/fr\/produit\/des-reseaux-logistiques-aux-reseaux-sociaux-numeriques\/#primaryimage\"},\"thumbnailUrl\":\"https:\/\/www.istegroup.com\/wp-content\/uploads\/2021\/11\/Des-reseaux-logistiques-aux-reseaux-numeriques.jpg\",\"datePublished\":\"2021-11-11T10:09:10+00:00\",\"dateModified\":\"2024-01-03T13:45:23+00:00\",\"description\":\"Des r\u00e9seaux logistiques aux r\u00e9seaux sociaux num\u00e9riques examine les invariants qui unifient les r\u00e9seaux dans leur diversit\u00e9, ainsi que les sp\u00e9cificit\u00e9s qui les diff\u00e9rencient.\",\"breadcrumb\":{\"@id\":\"https:\/\/www.istegroup.com\/fr\/produit\/des-reseaux-logistiques-aux-reseaux-sociaux-numeriques\/#breadcrumb\"},\"inLanguage\":\"fr-FR\",\"potentialAction\":[{\"@type\":\"ReadAction\",\"target\":[\"https:\/\/www.istegroup.com\/fr\/produit\/des-reseaux-logistiques-aux-reseaux-sociaux-numeriques\/\"]}]},{\"@type\":\"ImageObject\",\"inLanguage\":\"fr-FR\",\"@id\":\"https:\/\/www.istegroup.com\/fr\/produit\/des-reseaux-logistiques-aux-reseaux-sociaux-numeriques\/#primaryimage\",\"url\":\"https:\/\/www.istegroup.com\/wp-content\/uploads\/2021\/11\/Des-reseaux-logistiques-aux-reseaux-numeriques.jpg\",\"contentUrl\":\"https:\/\/www.istegroup.com\/wp-content\/uploads\/2021\/11\/Des-reseaux-logistiques-aux-reseaux-numeriques.jpg\",\"width\":350,\"height\":525,\"caption\":\"Livre scientifique - Des r\u00e9seaux logistiques aux r\u00e9seaux num\u00e9riques - Jean-Paul Bourri\u00e8res, Nathalie Pin\u00e8de, Mamadou Kaba Traor\u00e9, Gr\u00e9gory Zacharewicz\"},{\"@type\":\"BreadcrumbList\",\"@id\":\"https:\/\/www.istegroup.com\/fr\/produit\/des-reseaux-logistiques-aux-reseaux-sociaux-numeriques\/#breadcrumb\",\"itemListElement\":[{\"@type\":\"ListItem\",\"position\":1,\"name\":\"Home\",\"item\":\"https:\/\/www.istegroup.com\/\"},{\"@type\":\"ListItem\",\"position\":2,\"name\":\"Shop\",\"item\":\"https:\/\/www.istegroup.com\/fr\/nouveautes\/\"},{\"@type\":\"ListItem\",\"position\":3,\"name\":\"Des r\u00e9seaux logistiques aux r\u00e9seaux sociaux num\u00e9riques\"}]},{\"@type\":\"WebSite\",\"@id\":\"https:\/\/www.istegroup.com\/#website\",\"url\":\"https:\/\/www.istegroup.com\/\",\"name\":\"ISTE Group\",\"description\":\"\u00c9diteur des Sciences\",\"potentialAction\":[{\"@type\":\"SearchAction\",\"target\":{\"@type\":\"EntryPoint\",\"urlTemplate\":\"https:\/\/www.istegroup.com\/?s={search_term_string}\"},\"query-input\":{\"@type\":\"PropertyValueSpecification\",\"valueRequired\":true,\"valueName\":\"search_term_string\"}}],\"inLanguage\":\"fr-FR\"}]}<\/script>\n<!-- \/ Yoast SEO plugin. -->","yoast_head_json":{"title":"Des r\u00e9seaux logistiques aux r\u00e9seaux sociaux num\u00e9riques - ISTE Group","description":"Des r\u00e9seaux logistiques aux r\u00e9seaux sociaux num\u00e9riques examine les invariants qui unifient les r\u00e9seaux dans leur diversit\u00e9, ainsi que les sp\u00e9cificit\u00e9s qui les diff\u00e9rencient.","robots":{"index":"index","follow":"follow","max-snippet":"max-snippet:-1","max-image-preview":"max-image-preview:large","max-video-preview":"max-video-preview:-1"},"canonical":"https:\/\/www.istegroup.com\/fr\/produit\/des-reseaux-logistiques-aux-reseaux-sociaux-numeriques\/","og_locale":"fr_FR","og_type":"article","og_title":"Des r\u00e9seaux logistiques aux r\u00e9seaux sociaux num\u00e9riques - ISTE Group","og_description":"Des r\u00e9seaux logistiques aux r\u00e9seaux sociaux num\u00e9riques examine les invariants qui unifient les r\u00e9seaux dans leur diversit\u00e9, ainsi que les sp\u00e9cificit\u00e9s qui les diff\u00e9rencient.","og_url":"https:\/\/www.istegroup.com\/fr\/produit\/des-reseaux-logistiques-aux-reseaux-sociaux-numeriques\/","og_site_name":"ISTE Group","article_modified_time":"2024-01-03T13:45:23+00:00","og_image":[{"width":350,"height":525,"url":"https:\/\/www.istegroup.com\/wp-content\/uploads\/2021\/11\/Des-reseaux-logistiques-aux-reseaux-numeriques.jpg","type":"image\/jpeg"}],"twitter_card":"summary_large_image","twitter_misc":{"Est. reading time":"1 minute"},"schema":{"@context":"https:\/\/schema.org","@graph":[{"@type":"WebPage","@id":"https:\/\/www.istegroup.com\/fr\/produit\/des-reseaux-logistiques-aux-reseaux-sociaux-numeriques\/","url":"https:\/\/www.istegroup.com\/fr\/produit\/des-reseaux-logistiques-aux-reseaux-sociaux-numeriques\/","name":"Des r\u00e9seaux logistiques aux r\u00e9seaux sociaux num\u00e9riques - ISTE Group","isPartOf":{"@id":"https:\/\/www.istegroup.com\/#website"},"primaryImageOfPage":{"@id":"https:\/\/www.istegroup.com\/fr\/produit\/des-reseaux-logistiques-aux-reseaux-sociaux-numeriques\/#primaryimage"},"image":{"@id":"https:\/\/www.istegroup.com\/fr\/produit\/des-reseaux-logistiques-aux-reseaux-sociaux-numeriques\/#primaryimage"},"thumbnailUrl":"https:\/\/www.istegroup.com\/wp-content\/uploads\/2021\/11\/Des-reseaux-logistiques-aux-reseaux-numeriques.jpg","datePublished":"2021-11-11T10:09:10+00:00","dateModified":"2024-01-03T13:45:23+00:00","description":"Des r\u00e9seaux logistiques aux r\u00e9seaux sociaux num\u00e9riques examine les invariants qui unifient les r\u00e9seaux dans leur diversit\u00e9, ainsi que les sp\u00e9cificit\u00e9s qui les diff\u00e9rencient.","breadcrumb":{"@id":"https:\/\/www.istegroup.com\/fr\/produit\/des-reseaux-logistiques-aux-reseaux-sociaux-numeriques\/#breadcrumb"},"inLanguage":"fr-FR","potentialAction":[{"@type":"ReadAction","target":["https:\/\/www.istegroup.com\/fr\/produit\/des-reseaux-logistiques-aux-reseaux-sociaux-numeriques\/"]}]},{"@type":"ImageObject","inLanguage":"fr-FR","@id":"https:\/\/www.istegroup.com\/fr\/produit\/des-reseaux-logistiques-aux-reseaux-sociaux-numeriques\/#primaryimage","url":"https:\/\/www.istegroup.com\/wp-content\/uploads\/2021\/11\/Des-reseaux-logistiques-aux-reseaux-numeriques.jpg","contentUrl":"https:\/\/www.istegroup.com\/wp-content\/uploads\/2021\/11\/Des-reseaux-logistiques-aux-reseaux-numeriques.jpg","width":350,"height":525,"caption":"Livre scientifique - Des r\u00e9seaux logistiques aux r\u00e9seaux num\u00e9riques - Jean-Paul Bourri\u00e8res, Nathalie Pin\u00e8de, Mamadou Kaba Traor\u00e9, Gr\u00e9gory Zacharewicz"},{"@type":"BreadcrumbList","@id":"https:\/\/www.istegroup.com\/fr\/produit\/des-reseaux-logistiques-aux-reseaux-sociaux-numeriques\/#breadcrumb","itemListElement":[{"@type":"ListItem","position":1,"name":"Home","item":"https:\/\/www.istegroup.com\/"},{"@type":"ListItem","position":2,"name":"Shop","item":"https:\/\/www.istegroup.com\/fr\/nouveautes\/"},{"@type":"ListItem","position":3,"name":"Des r\u00e9seaux logistiques aux r\u00e9seaux sociaux num\u00e9riques"}]},{"@type":"WebSite","@id":"https:\/\/www.istegroup.com\/#website","url":"https:\/\/www.istegroup.com\/","name":"ISTE Group","description":"\u00c9diteur des Sciences","potentialAction":[{"@type":"SearchAction","target":{"@type":"EntryPoint","urlTemplate":"https:\/\/www.istegroup.com\/?s={search_term_string}"},"query-input":{"@type":"PropertyValueSpecification","valueRequired":true,"valueName":"search_term_string"}}],"inLanguage":"fr-FR"}]}},"_links":{"self":[{"href":"https:\/\/www.istegroup.com\/fr\/wp-json\/wp\/v2\/product\/44344","targetHints":{"allow":["GET"]}}],"collection":[{"href":"https:\/\/www.istegroup.com\/fr\/wp-json\/wp\/v2\/product"}],"about":[{"href":"https:\/\/www.istegroup.com\/fr\/wp-json\/wp\/v2\/types\/product"}],"wp:featuredmedia":[{"embeddable":true,"href":"https:\/\/www.istegroup.com\/fr\/wp-json\/wp\/v2\/media\/44355"}],"wp:attachment":[{"href":"https:\/\/www.istegroup.com\/fr\/wp-json\/wp\/v2\/media?parent=44344"}],"wp:term":[{"taxonomy":"product_brand","embeddable":true,"href":"https:\/\/www.istegroup.com\/fr\/wp-json\/wp\/v2\/product_brand?post=44344"},{"taxonomy":"product_cat","embeddable":true,"href":"https:\/\/www.istegroup.com\/fr\/wp-json\/wp\/v2\/product_cat?post=44344"},{"taxonomy":"product_tag","embeddable":true,"href":"https:\/\/www.istegroup.com\/fr\/wp-json\/wp\/v2\/product_tag?post=44344"}],"curies":[{"name":"wp","href":"https:\/\/api.w.org\/{rel}","templated":true}]}}