{"id":44336,"date":"2021-11-11T09:46:06","date_gmt":"2021-11-11T09:46:06","guid":{"rendered":"https:\/\/www.istegroup.com\/?post_type=product&#038;p=44336"},"modified":"2024-01-03T13:45:23","modified_gmt":"2024-01-03T13:45:23","slug":"les-symboles-au-coeur-des-organisations","status":"publish","type":"product","link":"https:\/\/www.istegroup.com\/fr\/produit\/les-symboles-au-coeur-des-organisations\/","title":{"rendered":"Les symboles au coeur des organisations"},"content":{"rendered":"<p>Les organisations, qu\u2019elles soient priv\u00e9es ou publiques, ne se r\u00e9sument pas \u00e0 des b\u00e2timents, des capitaux financiers ou des outils de production. Elles constituent avant tout des communaut\u00e9s humaines, avec toute la part de subjectivit\u00e9 que cela implique. Certains comportements professionnels individuels ou collectifs peuvent para\u00eetre \u00e9loign\u00e9s de la rationalit\u00e9 professionnelle attendue et donner ainsi l\u2019impression aux managers de s\u2019\u00eatre \u00e9gar\u00e9s tant le d\u00e9cryptage de certaines situations se r\u00e9v\u00e8le complexe.<\/p>\n<p>Cet ouvrage permet aux managers de rep\u00e9rer les cl\u00e9s symboliques qui participent \u00e0 la structuration et \u00e0 la dynamique de leur organisation, notamment celles qui fournissent du sens aux fonctions et aux missions des diff\u00e9rents acteurs. Ainsi, la prise en consid\u00e9ration du poids de l\u2019immat\u00e9riel dans le fonctionnement organisationnel par les managers facilitera la mise en oeuvre de strat\u00e9gies de d\u00e9veloppement, de changement voire de rupture.<\/p>\n","protected":false},"excerpt":{"rendered":"<p>Les organisations, qu\u2019elles soient priv\u00e9es ou publiques, ne se r\u00e9sument pas \u00e0 des b\u00e2timents, des capitaux financiers ou des outils de production. Elles constituent avant tout des communaut\u00e9s humaines, avec toute la part de subjectivit\u00e9 que cela implique. Certains comportements professionnels individuels ou collectifs peuvent para\u00eetre \u00e9loign\u00e9s de la rationalit\u00e9 professionnelle attendue et donner ainsi [&hellip;]<\/p>\n","protected":false},"featured_media":44343,"template":"","meta":{"_acf_changed":false,"_links_to":"","_links_to_target":""},"product_brand":[],"product_cat":[3262],"product_tag":[],"class_list":{"0":"post-44336","1":"product","2":"type-product","3":"status-publish","4":"has-post-thumbnail","6":"product_cat-non-classe","8":"first","9":"instock","10":"shipping-taxable","11":"purchasable","12":"product-type-variable"},"acf":[],"yoast_head":"<!-- This site is optimized with the Yoast SEO plugin v27.2 - https:\/\/yoast.com\/product\/yoast-seo-wordpress\/ -->\n<title>Les symboles au coeur des organisations - ISTE Group<\/title>\n<meta name=\"description\" content=\"Cet ouvrage permet aux managers de rep\u00e9rer les cl\u00e9s symboliques qui participent \u00e0 la structuration et \u00e0 la dynamique de leur organisation, notamment celles qui fournissent du sens aux fonctions et aux missions des diff\u00e9rents acteurs.\" \/>\n<meta name=\"robots\" content=\"index, follow, max-snippet:-1, max-image-preview:large, max-video-preview:-1\" \/>\n<link rel=\"canonical\" href=\"https:\/\/www.istegroup.com\/fr\/produit\/les-symboles-au-coeur-des-organisations\/\" \/>\n<meta property=\"og:locale\" content=\"fr_FR\" \/>\n<meta property=\"og:type\" content=\"article\" \/>\n<meta property=\"og:title\" content=\"Les symboles au coeur des organisations - ISTE Group\" \/>\n<meta property=\"og:description\" content=\"Cet ouvrage permet aux managers de rep\u00e9rer les cl\u00e9s symboliques qui participent \u00e0 la structuration et \u00e0 la dynamique de leur organisation, notamment celles qui fournissent du sens aux fonctions et aux missions des diff\u00e9rents acteurs.\" \/>\n<meta property=\"og:url\" content=\"https:\/\/www.istegroup.com\/fr\/produit\/les-symboles-au-coeur-des-organisations\/\" \/>\n<meta property=\"og:site_name\" content=\"ISTE Group\" \/>\n<meta property=\"article:modified_time\" content=\"2024-01-03T13:45:23+00:00\" \/>\n<meta property=\"og:image\" content=\"https:\/\/www.istegroup.com\/wp-content\/uploads\/2021\/11\/Les-symboles-au-coeur-des-organisations.jpg\" \/>\n\t<meta property=\"og:image:width\" content=\"350\" \/>\n\t<meta property=\"og:image:height\" content=\"524\" \/>\n\t<meta property=\"og:image:type\" content=\"image\/jpeg\" \/>\n<meta name=\"twitter:card\" content=\"summary_large_image\" \/>\n<meta name=\"twitter:label1\" content=\"Est. reading time\" \/>\n\t<meta name=\"twitter:data1\" content=\"1 minute\" \/>\n<script type=\"application\/ld+json\" class=\"yoast-schema-graph\">{\"@context\":\"https:\/\/schema.org\",\"@graph\":[{\"@type\":\"WebPage\",\"@id\":\"https:\/\/www.istegroup.com\/fr\/produit\/les-symboles-au-coeur-des-organisations\/\",\"url\":\"https:\/\/www.istegroup.com\/fr\/produit\/les-symboles-au-coeur-des-organisations\/\",\"name\":\"Les symboles au coeur des organisations - ISTE Group\",\"isPartOf\":{\"@id\":\"https:\/\/www.istegroup.com\/#website\"},\"primaryImageOfPage\":{\"@id\":\"https:\/\/www.istegroup.com\/fr\/produit\/les-symboles-au-coeur-des-organisations\/#primaryimage\"},\"image\":{\"@id\":\"https:\/\/www.istegroup.com\/fr\/produit\/les-symboles-au-coeur-des-organisations\/#primaryimage\"},\"thumbnailUrl\":\"https:\/\/www.istegroup.com\/wp-content\/uploads\/2021\/11\/Les-symboles-au-coeur-des-organisations.jpg\",\"datePublished\":\"2021-11-11T09:46:06+00:00\",\"dateModified\":\"2024-01-03T13:45:23+00:00\",\"description\":\"Cet ouvrage permet aux managers de rep\u00e9rer les cl\u00e9s symboliques qui participent \u00e0 la structuration et \u00e0 la dynamique de leur organisation, notamment celles qui fournissent du sens aux fonctions et aux missions des diff\u00e9rents acteurs.\",\"breadcrumb\":{\"@id\":\"https:\/\/www.istegroup.com\/fr\/produit\/les-symboles-au-coeur-des-organisations\/#breadcrumb\"},\"inLanguage\":\"fr-FR\",\"potentialAction\":[{\"@type\":\"ReadAction\",\"target\":[\"https:\/\/www.istegroup.com\/fr\/produit\/les-symboles-au-coeur-des-organisations\/\"]}]},{\"@type\":\"ImageObject\",\"inLanguage\":\"fr-FR\",\"@id\":\"https:\/\/www.istegroup.com\/fr\/produit\/les-symboles-au-coeur-des-organisations\/#primaryimage\",\"url\":\"https:\/\/www.istegroup.com\/wp-content\/uploads\/2021\/11\/Les-symboles-au-coeur-des-organisations.jpg\",\"contentUrl\":\"https:\/\/www.istegroup.com\/wp-content\/uploads\/2021\/11\/Les-symboles-au-coeur-des-organisations.jpg\",\"width\":350,\"height\":524,\"caption\":\"Livre scientifique - Les symboles au coeur des organisations - Claudine Batazzi\"},{\"@type\":\"BreadcrumbList\",\"@id\":\"https:\/\/www.istegroup.com\/fr\/produit\/les-symboles-au-coeur-des-organisations\/#breadcrumb\",\"itemListElement\":[{\"@type\":\"ListItem\",\"position\":1,\"name\":\"Home\",\"item\":\"https:\/\/www.istegroup.com\/\"},{\"@type\":\"ListItem\",\"position\":2,\"name\":\"Shop\",\"item\":\"https:\/\/www.istegroup.com\/fr\/nouveautes\/\"},{\"@type\":\"ListItem\",\"position\":3,\"name\":\"Les symboles au coeur des organisations\"}]},{\"@type\":\"WebSite\",\"@id\":\"https:\/\/www.istegroup.com\/#website\",\"url\":\"https:\/\/www.istegroup.com\/\",\"name\":\"ISTE Group\",\"description\":\"\u00c9diteur des Sciences\",\"potentialAction\":[{\"@type\":\"SearchAction\",\"target\":{\"@type\":\"EntryPoint\",\"urlTemplate\":\"https:\/\/www.istegroup.com\/?s={search_term_string}\"},\"query-input\":{\"@type\":\"PropertyValueSpecification\",\"valueRequired\":true,\"valueName\":\"search_term_string\"}}],\"inLanguage\":\"fr-FR\"}]}<\/script>\n<!-- \/ Yoast SEO plugin. -->","yoast_head_json":{"title":"Les symboles au coeur des organisations - ISTE Group","description":"Cet ouvrage permet aux managers de rep\u00e9rer les cl\u00e9s symboliques qui participent \u00e0 la structuration et \u00e0 la dynamique de leur organisation, notamment celles qui fournissent du sens aux fonctions et aux missions des diff\u00e9rents acteurs.","robots":{"index":"index","follow":"follow","max-snippet":"max-snippet:-1","max-image-preview":"max-image-preview:large","max-video-preview":"max-video-preview:-1"},"canonical":"https:\/\/www.istegroup.com\/fr\/produit\/les-symboles-au-coeur-des-organisations\/","og_locale":"fr_FR","og_type":"article","og_title":"Les symboles au coeur des organisations - ISTE Group","og_description":"Cet ouvrage permet aux managers de rep\u00e9rer les cl\u00e9s symboliques qui participent \u00e0 la structuration et \u00e0 la dynamique de leur organisation, notamment celles qui fournissent du sens aux fonctions et aux missions des diff\u00e9rents acteurs.","og_url":"https:\/\/www.istegroup.com\/fr\/produit\/les-symboles-au-coeur-des-organisations\/","og_site_name":"ISTE Group","article_modified_time":"2024-01-03T13:45:23+00:00","og_image":[{"width":350,"height":524,"url":"https:\/\/www.istegroup.com\/wp-content\/uploads\/2021\/11\/Les-symboles-au-coeur-des-organisations.jpg","type":"image\/jpeg"}],"twitter_card":"summary_large_image","twitter_misc":{"Est. reading time":"1 minute"},"schema":{"@context":"https:\/\/schema.org","@graph":[{"@type":"WebPage","@id":"https:\/\/www.istegroup.com\/fr\/produit\/les-symboles-au-coeur-des-organisations\/","url":"https:\/\/www.istegroup.com\/fr\/produit\/les-symboles-au-coeur-des-organisations\/","name":"Les symboles au coeur des organisations - ISTE Group","isPartOf":{"@id":"https:\/\/www.istegroup.com\/#website"},"primaryImageOfPage":{"@id":"https:\/\/www.istegroup.com\/fr\/produit\/les-symboles-au-coeur-des-organisations\/#primaryimage"},"image":{"@id":"https:\/\/www.istegroup.com\/fr\/produit\/les-symboles-au-coeur-des-organisations\/#primaryimage"},"thumbnailUrl":"https:\/\/www.istegroup.com\/wp-content\/uploads\/2021\/11\/Les-symboles-au-coeur-des-organisations.jpg","datePublished":"2021-11-11T09:46:06+00:00","dateModified":"2024-01-03T13:45:23+00:00","description":"Cet ouvrage permet aux managers de rep\u00e9rer les cl\u00e9s symboliques qui participent \u00e0 la structuration et \u00e0 la dynamique de leur organisation, notamment celles qui fournissent du sens aux fonctions et aux missions des diff\u00e9rents acteurs.","breadcrumb":{"@id":"https:\/\/www.istegroup.com\/fr\/produit\/les-symboles-au-coeur-des-organisations\/#breadcrumb"},"inLanguage":"fr-FR","potentialAction":[{"@type":"ReadAction","target":["https:\/\/www.istegroup.com\/fr\/produit\/les-symboles-au-coeur-des-organisations\/"]}]},{"@type":"ImageObject","inLanguage":"fr-FR","@id":"https:\/\/www.istegroup.com\/fr\/produit\/les-symboles-au-coeur-des-organisations\/#primaryimage","url":"https:\/\/www.istegroup.com\/wp-content\/uploads\/2021\/11\/Les-symboles-au-coeur-des-organisations.jpg","contentUrl":"https:\/\/www.istegroup.com\/wp-content\/uploads\/2021\/11\/Les-symboles-au-coeur-des-organisations.jpg","width":350,"height":524,"caption":"Livre scientifique - Les symboles au coeur des organisations - Claudine Batazzi"},{"@type":"BreadcrumbList","@id":"https:\/\/www.istegroup.com\/fr\/produit\/les-symboles-au-coeur-des-organisations\/#breadcrumb","itemListElement":[{"@type":"ListItem","position":1,"name":"Home","item":"https:\/\/www.istegroup.com\/"},{"@type":"ListItem","position":2,"name":"Shop","item":"https:\/\/www.istegroup.com\/fr\/nouveautes\/"},{"@type":"ListItem","position":3,"name":"Les symboles au coeur des organisations"}]},{"@type":"WebSite","@id":"https:\/\/www.istegroup.com\/#website","url":"https:\/\/www.istegroup.com\/","name":"ISTE Group","description":"\u00c9diteur des Sciences","potentialAction":[{"@type":"SearchAction","target":{"@type":"EntryPoint","urlTemplate":"https:\/\/www.istegroup.com\/?s={search_term_string}"},"query-input":{"@type":"PropertyValueSpecification","valueRequired":true,"valueName":"search_term_string"}}],"inLanguage":"fr-FR"}]}},"_links":{"self":[{"href":"https:\/\/www.istegroup.com\/fr\/wp-json\/wp\/v2\/product\/44336","targetHints":{"allow":["GET"]}}],"collection":[{"href":"https:\/\/www.istegroup.com\/fr\/wp-json\/wp\/v2\/product"}],"about":[{"href":"https:\/\/www.istegroup.com\/fr\/wp-json\/wp\/v2\/types\/product"}],"wp:featuredmedia":[{"embeddable":true,"href":"https:\/\/www.istegroup.com\/fr\/wp-json\/wp\/v2\/media\/44343"}],"wp:attachment":[{"href":"https:\/\/www.istegroup.com\/fr\/wp-json\/wp\/v2\/media?parent=44336"}],"wp:term":[{"taxonomy":"product_brand","embeddable":true,"href":"https:\/\/www.istegroup.com\/fr\/wp-json\/wp\/v2\/product_brand?post=44336"},{"taxonomy":"product_cat","embeddable":true,"href":"https:\/\/www.istegroup.com\/fr\/wp-json\/wp\/v2\/product_cat?post=44336"},{"taxonomy":"product_tag","embeddable":true,"href":"https:\/\/www.istegroup.com\/fr\/wp-json\/wp\/v2\/product_tag?post=44336"}],"curies":[{"name":"wp","href":"https:\/\/api.w.org\/{rel}","templated":true}]}}