{"id":443,"date":"2017-07-28T14:48:39","date_gmt":"2017-07-28T12:48:39","guid":{"rendered":"https:\/\/iste.yhello.co\/product\/les-supports-de-la-geometrie-interne-des-peintres\/"},"modified":"2025-03-04T09:16:43","modified_gmt":"2025-03-04T09:16:43","slug":"les-supports-de-la-geometrie-interne-des-peintres","status":"publish","type":"product","link":"https:\/\/www.istegroup.com\/fr\/produit\/les-supports-de-la-geometrie-interne-des-peintres\/","title":{"rendered":"Les supports de la g\u00e9om\u00e9trie interne des peintres"},"content":{"rendered":"<p>Composer une oeuvre peinte, c&rsquo;est structurer l&rsquo;espace pictural pour le rendre harmonieux. A cette fin, l\u2019artiste utilise la g\u00e9om\u00e9trie interne qui permet, entre autres, de dresser la perspective, tracer les lignes directrices, \u00e9tablir les sym\u00e9tries (ou les asym\u00e9tries), et disposer les \u00e9l\u00e9ments picturaux.<\/p>\n<p>Cet ouvrage traite de la g\u00e9om\u00e9trie interne, une composante secr\u00e8te qui n\u2019appara\u00eet ni dans l\u2019oeuvre peinte, ni dans son image radiographique ou infrarouge, ainsi que du support sur lequel elle est trac\u00e9e. En la mettant en \u00e9vidence dans une s\u00e9lection d\u2019oeuvres, l\u2019auteur montre que les propri\u00e9t\u00e9s du rectangle harmonique et du maillage harmonique font partie int\u00e9grante du savoir-faire des peintres.<\/p>\n<p><em>Les supports de la g\u00e9om\u00e9trie interne des peintres<\/em>\u00a0est un ouvrage didactique qui s\u2019adresse aux peintres, aux historiens des arts et des sciences, aux enseignants, aux amateurs ou aux esprits curieux, int\u00e9ress\u00e9s par la d\u00e9marche cr\u00e9atrice des artisans et des artistes, ainsi que par leur ma\u00eetrise et leur virtuosit\u00e9.<\/p>\n","protected":false},"excerpt":{"rendered":"<p>Version papier \u00e9puis\u00e9e<\/p>\n","protected":false},"featured_media":444,"template":"","meta":{"_acf_changed":false,"_links_to":"","_links_to_target":""},"product_brand":[],"product_cat":[655,675],"product_tag":[18,19,20,21,22,70,71,25,26,27,28],"class_list":{"0":"post-443","1":"product","2":"type-product","3":"status-publish","4":"has-post-thumbnail","6":"product_cat-arts-et-sciences-430356305","7":"product_cat-nouveauts-12519446","8":"product_tag-edition-scientifique","9":"product_tag-editions-francaise","10":"product_tag-editions-technique","11":"product_tag-iste-group","12":"product_tag-istegroup","13":"product_tag-jean-pierre-crettez","14":"product_tag-les-supports-de-la-geometrie-interne-des-peintres","15":"product_tag-livre-numerique","16":"product_tag-livre-scientifique-francais","17":"product_tag-livre-technique-francais","18":"product_tag-ouvrage-scientifique-francais","20":"first","21":"instock","22":"shipping-taxable","23":"purchasable","24":"product-type-variable"},"acf":[],"yoast_head":"<!-- This site is optimized with the Yoast SEO plugin v27.2 - https:\/\/yoast.com\/product\/yoast-seo-wordpress\/ -->\n<title>Les supports de la g\u00e9om\u00e9trie interne des peintres - ISTE Group<\/title>\n<meta name=\"description\" content=\"Cet ouvrage traite de la g\u00e9om\u00e9trie interne, composante secr\u00e8te qui n\u2019appara\u00eet ni dans l\u2019oeuvre peinte, ni dans son image radiographique ou infrarouge.\" \/>\n<meta name=\"robots\" content=\"index, follow, max-snippet:-1, max-image-preview:large, max-video-preview:-1\" \/>\n<link rel=\"canonical\" href=\"https:\/\/www.istegroup.com\/produit\/les-supports-de-la-geometrie-interne-des-peintres\/\" \/>\n<meta property=\"og:locale\" content=\"fr_FR\" \/>\n<meta property=\"og:type\" content=\"article\" \/>\n<meta property=\"og:title\" content=\"Les supports de la g\u00e9om\u00e9trie interne des peintres - ISTE Group\" \/>\n<meta property=\"og:description\" content=\"Cet ouvrage traite de la g\u00e9om\u00e9trie interne, composante secr\u00e8te qui n\u2019appara\u00eet ni dans l\u2019oeuvre peinte, ni dans son image radiographique ou infrarouge.\" \/>\n<meta property=\"og:url\" content=\"https:\/\/www.istegroup.com\/produit\/les-supports-de-la-geometrie-interne-des-peintres\/\" \/>\n<meta property=\"og:site_name\" content=\"ISTE Group\" \/>\n<meta property=\"article:modified_time\" content=\"2025-03-04T09:16:43+00:00\" \/>\n<meta property=\"og:image\" content=\"https:\/\/www.istegroup.com\/wp-content\/uploads\/2017\/07\/21584279313_9639862097-1.jpg\" \/>\n\t<meta property=\"og:image:width\" content=\"300\" \/>\n\t<meta property=\"og:image:height\" content=\"453\" \/>\n\t<meta property=\"og:image:type\" content=\"image\/jpeg\" \/>\n<meta name=\"twitter:card\" content=\"summary_large_image\" \/>\n<meta name=\"twitter:label1\" content=\"Est. reading time\" \/>\n\t<meta name=\"twitter:data1\" content=\"1 minute\" \/>\n<script type=\"application\/ld+json\" class=\"yoast-schema-graph\">{\"@context\":\"https:\/\/schema.org\",\"@graph\":[{\"@type\":\"WebPage\",\"@id\":\"https:\/\/www.istegroup.com\/produit\/les-supports-de-la-geometrie-interne-des-peintres\/\",\"url\":\"https:\/\/www.istegroup.com\/produit\/les-supports-de-la-geometrie-interne-des-peintres\/\",\"name\":\"Les supports de la g\u00e9om\u00e9trie interne des peintres - ISTE Group\",\"isPartOf\":{\"@id\":\"https:\/\/www.istegroup.com\/#website\"},\"primaryImageOfPage\":{\"@id\":\"https:\/\/www.istegroup.com\/produit\/les-supports-de-la-geometrie-interne-des-peintres\/#primaryimage\"},\"image\":{\"@id\":\"https:\/\/www.istegroup.com\/produit\/les-supports-de-la-geometrie-interne-des-peintres\/#primaryimage\"},\"thumbnailUrl\":\"https:\/\/www.istegroup.com\/wp-content\/uploads\/2017\/07\/21584279313_9639862097-1.jpg\",\"datePublished\":\"2017-07-28T12:48:39+00:00\",\"dateModified\":\"2025-03-04T09:16:43+00:00\",\"description\":\"Cet ouvrage traite de la g\u00e9om\u00e9trie interne, composante secr\u00e8te qui n\u2019appara\u00eet ni dans l\u2019oeuvre peinte, ni dans son image radiographique ou infrarouge.\",\"breadcrumb\":{\"@id\":\"https:\/\/www.istegroup.com\/produit\/les-supports-de-la-geometrie-interne-des-peintres\/#breadcrumb\"},\"inLanguage\":\"fr-FR\",\"potentialAction\":[{\"@type\":\"ReadAction\",\"target\":[\"https:\/\/www.istegroup.com\/produit\/les-supports-de-la-geometrie-interne-des-peintres\/\"]}]},{\"@type\":\"ImageObject\",\"inLanguage\":\"fr-FR\",\"@id\":\"https:\/\/www.istegroup.com\/produit\/les-supports-de-la-geometrie-interne-des-peintres\/#primaryimage\",\"url\":\"https:\/\/www.istegroup.com\/wp-content\/uploads\/2017\/07\/21584279313_9639862097-1.jpg\",\"contentUrl\":\"https:\/\/www.istegroup.com\/wp-content\/uploads\/2017\/07\/21584279313_9639862097-1.jpg\",\"width\":300,\"height\":453,\"caption\":\"De Cimabue \u00e0 Georges de La Tour\"},{\"@type\":\"BreadcrumbList\",\"@id\":\"https:\/\/www.istegroup.com\/produit\/les-supports-de-la-geometrie-interne-des-peintres\/#breadcrumb\",\"itemListElement\":[{\"@type\":\"ListItem\",\"position\":1,\"name\":\"Home\",\"item\":\"https:\/\/www.istegroup.com\/\"},{\"@type\":\"ListItem\",\"position\":2,\"name\":\"Shop\",\"item\":\"https:\/\/www.istegroup.com\/fr\/nouveautes\/\"},{\"@type\":\"ListItem\",\"position\":3,\"name\":\"Les supports de la g\u00e9om\u00e9trie interne des peintres\"}]},{\"@type\":\"WebSite\",\"@id\":\"https:\/\/www.istegroup.com\/#website\",\"url\":\"https:\/\/www.istegroup.com\/\",\"name\":\"ISTE Group\",\"description\":\"\u00c9diteur des Sciences\",\"potentialAction\":[{\"@type\":\"SearchAction\",\"target\":{\"@type\":\"EntryPoint\",\"urlTemplate\":\"https:\/\/www.istegroup.com\/?s={search_term_string}\"},\"query-input\":{\"@type\":\"PropertyValueSpecification\",\"valueRequired\":true,\"valueName\":\"search_term_string\"}}],\"inLanguage\":\"fr-FR\"}]}<\/script>\n<!-- \/ Yoast SEO plugin. -->","yoast_head_json":{"title":"Les supports de la g\u00e9om\u00e9trie interne des peintres - ISTE Group","description":"Cet ouvrage traite de la g\u00e9om\u00e9trie interne, composante secr\u00e8te qui n\u2019appara\u00eet ni dans l\u2019oeuvre peinte, ni dans son image radiographique ou infrarouge.","robots":{"index":"index","follow":"follow","max-snippet":"max-snippet:-1","max-image-preview":"max-image-preview:large","max-video-preview":"max-video-preview:-1"},"canonical":"https:\/\/www.istegroup.com\/produit\/les-supports-de-la-geometrie-interne-des-peintres\/","og_locale":"fr_FR","og_type":"article","og_title":"Les supports de la g\u00e9om\u00e9trie interne des peintres - ISTE Group","og_description":"Cet ouvrage traite de la g\u00e9om\u00e9trie interne, composante secr\u00e8te qui n\u2019appara\u00eet ni dans l\u2019oeuvre peinte, ni dans son image radiographique ou infrarouge.","og_url":"https:\/\/www.istegroup.com\/produit\/les-supports-de-la-geometrie-interne-des-peintres\/","og_site_name":"ISTE Group","article_modified_time":"2025-03-04T09:16:43+00:00","og_image":[{"width":300,"height":453,"url":"https:\/\/www.istegroup.com\/wp-content\/uploads\/2017\/07\/21584279313_9639862097-1.jpg","type":"image\/jpeg"}],"twitter_card":"summary_large_image","twitter_misc":{"Est. reading time":"1 minute"},"schema":{"@context":"https:\/\/schema.org","@graph":[{"@type":"WebPage","@id":"https:\/\/www.istegroup.com\/produit\/les-supports-de-la-geometrie-interne-des-peintres\/","url":"https:\/\/www.istegroup.com\/produit\/les-supports-de-la-geometrie-interne-des-peintres\/","name":"Les supports de la g\u00e9om\u00e9trie interne des peintres - ISTE Group","isPartOf":{"@id":"https:\/\/www.istegroup.com\/#website"},"primaryImageOfPage":{"@id":"https:\/\/www.istegroup.com\/produit\/les-supports-de-la-geometrie-interne-des-peintres\/#primaryimage"},"image":{"@id":"https:\/\/www.istegroup.com\/produit\/les-supports-de-la-geometrie-interne-des-peintres\/#primaryimage"},"thumbnailUrl":"https:\/\/www.istegroup.com\/wp-content\/uploads\/2017\/07\/21584279313_9639862097-1.jpg","datePublished":"2017-07-28T12:48:39+00:00","dateModified":"2025-03-04T09:16:43+00:00","description":"Cet ouvrage traite de la g\u00e9om\u00e9trie interne, composante secr\u00e8te qui n\u2019appara\u00eet ni dans l\u2019oeuvre peinte, ni dans son image radiographique ou infrarouge.","breadcrumb":{"@id":"https:\/\/www.istegroup.com\/produit\/les-supports-de-la-geometrie-interne-des-peintres\/#breadcrumb"},"inLanguage":"fr-FR","potentialAction":[{"@type":"ReadAction","target":["https:\/\/www.istegroup.com\/produit\/les-supports-de-la-geometrie-interne-des-peintres\/"]}]},{"@type":"ImageObject","inLanguage":"fr-FR","@id":"https:\/\/www.istegroup.com\/produit\/les-supports-de-la-geometrie-interne-des-peintres\/#primaryimage","url":"https:\/\/www.istegroup.com\/wp-content\/uploads\/2017\/07\/21584279313_9639862097-1.jpg","contentUrl":"https:\/\/www.istegroup.com\/wp-content\/uploads\/2017\/07\/21584279313_9639862097-1.jpg","width":300,"height":453,"caption":"De Cimabue \u00e0 Georges de La Tour"},{"@type":"BreadcrumbList","@id":"https:\/\/www.istegroup.com\/produit\/les-supports-de-la-geometrie-interne-des-peintres\/#breadcrumb","itemListElement":[{"@type":"ListItem","position":1,"name":"Home","item":"https:\/\/www.istegroup.com\/"},{"@type":"ListItem","position":2,"name":"Shop","item":"https:\/\/www.istegroup.com\/fr\/nouveautes\/"},{"@type":"ListItem","position":3,"name":"Les supports de la g\u00e9om\u00e9trie interne des peintres"}]},{"@type":"WebSite","@id":"https:\/\/www.istegroup.com\/#website","url":"https:\/\/www.istegroup.com\/","name":"ISTE Group","description":"\u00c9diteur des Sciences","potentialAction":[{"@type":"SearchAction","target":{"@type":"EntryPoint","urlTemplate":"https:\/\/www.istegroup.com\/?s={search_term_string}"},"query-input":{"@type":"PropertyValueSpecification","valueRequired":true,"valueName":"search_term_string"}}],"inLanguage":"fr-FR"}]}},"_links":{"self":[{"href":"https:\/\/www.istegroup.com\/fr\/wp-json\/wp\/v2\/product\/443","targetHints":{"allow":["GET"]}}],"collection":[{"href":"https:\/\/www.istegroup.com\/fr\/wp-json\/wp\/v2\/product"}],"about":[{"href":"https:\/\/www.istegroup.com\/fr\/wp-json\/wp\/v2\/types\/product"}],"wp:featuredmedia":[{"embeddable":true,"href":"https:\/\/www.istegroup.com\/fr\/wp-json\/wp\/v2\/media\/444"}],"wp:attachment":[{"href":"https:\/\/www.istegroup.com\/fr\/wp-json\/wp\/v2\/media?parent=443"}],"wp:term":[{"taxonomy":"product_brand","embeddable":true,"href":"https:\/\/www.istegroup.com\/fr\/wp-json\/wp\/v2\/product_brand?post=443"},{"taxonomy":"product_cat","embeddable":true,"href":"https:\/\/www.istegroup.com\/fr\/wp-json\/wp\/v2\/product_cat?post=443"},{"taxonomy":"product_tag","embeddable":true,"href":"https:\/\/www.istegroup.com\/fr\/wp-json\/wp\/v2\/product_tag?post=443"}],"curies":[{"name":"wp","href":"https:\/\/api.w.org\/{rel}","templated":true}]}}