{"id":44108,"date":"2021-10-25T09:48:14","date_gmt":"2021-10-25T08:48:14","guid":{"rendered":"https:\/\/www.istegroup.com\/?post_type=product&#038;p=44108"},"modified":"2024-01-03T13:45:22","modified_gmt":"2024-01-03T13:45:22","slug":"h2ptm21","status":"publish","type":"product","link":"https:\/\/www.istegroup.com\/fr\/produit\/h2ptm21\/","title":{"rendered":"H2PTM\u201921"},"content":{"rendered":"<p>Depuis sa cr\u00e9ation en 1989 par Roger Laufer, Jean-Pierre Balpe et Imad Saleh, la conf\u00e9rence internationale H2PTM, organis\u00e9e tous les deux ans, arrive \u00e0 sa 16e \u00e9dition. Elle poursuit la valorisation des recherches sur les hypertextes et les hyperm\u00e9dias dont les applications se concr\u00e9tisent de plus en plus dans les sciences humaines et sociales.<\/p>\n<p><em>H2PTM\u201921 \u2013 Information : enjeux et nouveaux d\u00e9fis<\/em> se focalise sur le traitement de l\u2019information afin d\u2019enrichir les d\u00e9bats dans le champ des sciences de l\u2019information et de la communication et d\u2019ouvrir cette probl\u00e9matique \u00e0 d\u2019autres disciplines.<\/p>\n<p>Au coeur des d\u00e9bats m\u00e9diatiques et des enjeux soci\u00e9taux, cet ouvrage apporte des pistes de r\u00e9flexion indispensables aux questions actuelles d\u2019information et de d\u00e9sinformation num\u00e9riques.<\/p>","protected":false},"excerpt":{"rendered":"<p>Depuis sa cr\u00e9ation en 1989 par Roger Laufer, Jean-Pierre Balpe et Imad Saleh, la conf\u00e9rence internationale H2PTM, organis\u00e9e tous les deux ans, arrive \u00e0 sa 16e \u00e9dition. Elle poursuit la valorisation des recherches sur les hypertextes et les hyperm\u00e9dias dont les applications se concr\u00e9tisent de plus en plus dans les sciences humaines et sociales. H2PTM\u201921 [&hellip;]<\/p>\n","protected":false},"featured_media":44111,"template":"","meta":{"_acf_changed":false,"_links_to":"","_links_to_target":""},"product_brand":[],"product_cat":[3262],"product_tag":[],"class_list":{"0":"post-44108","1":"product","2":"type-product","3":"status-publish","4":"has-post-thumbnail","6":"product_cat-non-classe","8":"first","9":"instock","10":"shipping-taxable","11":"purchasable","12":"product-type-variable"},"acf":[],"yoast_head":"<!-- This site is optimized with the Yoast SEO plugin v27.2 - https:\/\/yoast.com\/product\/yoast-seo-wordpress\/ -->\n<title>H2PTM\u201921 - ISTE Group<\/title>\n<meta name=\"description\" content=\"H2PTM\u201921 \u2013 Information : enjeux et nouveaux d\u00e9fis se focalise sur le traitement de l\u2019information afin d\u2019enrichir les d\u00e9bats dans le champ des sciences de l\u2019information et de la communication et d\u2019ouvrir cette probl\u00e9matique \u00e0 d\u2019autres disciplines.\" \/>\n<meta name=\"robots\" content=\"index, follow, max-snippet:-1, max-image-preview:large, max-video-preview:-1\" \/>\n<link rel=\"canonical\" href=\"https:\/\/www.istegroup.com\/produit\/h2ptm21\/\" \/>\n<meta property=\"og:locale\" content=\"fr_FR\" \/>\n<meta property=\"og:type\" content=\"article\" \/>\n<meta property=\"og:title\" content=\"H2PTM\u201921 - ISTE Group\" \/>\n<meta property=\"og:description\" content=\"H2PTM\u201921 \u2013 Information : enjeux et nouveaux d\u00e9fis se focalise sur le traitement de l\u2019information afin d\u2019enrichir les d\u00e9bats dans le champ des sciences de l\u2019information et de la communication et d\u2019ouvrir cette probl\u00e9matique \u00e0 d\u2019autres disciplines.\" \/>\n<meta property=\"og:url\" content=\"https:\/\/www.istegroup.com\/produit\/h2ptm21\/\" \/>\n<meta property=\"og:site_name\" content=\"ISTE Group\" \/>\n<meta property=\"article:modified_time\" content=\"2024-01-03T13:45:22+00:00\" \/>\n<meta property=\"og:image\" content=\"https:\/\/www.istegroup.com\/wp-content\/uploads\/2021\/10\/H2PTM21.jpg\" \/>\n\t<meta property=\"og:image:width\" content=\"300\" \/>\n\t<meta property=\"og:image:height\" content=\"449\" \/>\n\t<meta property=\"og:image:type\" content=\"image\/jpeg\" \/>\n<meta name=\"twitter:card\" content=\"summary_large_image\" \/>\n<meta name=\"twitter:label1\" content=\"Est. reading time\" \/>\n\t<meta name=\"twitter:data1\" content=\"1 minute\" \/>\n<script type=\"application\/ld+json\" class=\"yoast-schema-graph\">{\"@context\":\"https:\/\/schema.org\",\"@graph\":[{\"@type\":\"WebPage\",\"@id\":\"https:\/\/www.istegroup.com\/produit\/h2ptm21\/\",\"url\":\"https:\/\/www.istegroup.com\/produit\/h2ptm21\/\",\"name\":\"H2PTM\u201921 - ISTE Group\",\"isPartOf\":{\"@id\":\"https:\/\/www.istegroup.com\/#website\"},\"primaryImageOfPage\":{\"@id\":\"https:\/\/www.istegroup.com\/produit\/h2ptm21\/#primaryimage\"},\"image\":{\"@id\":\"https:\/\/www.istegroup.com\/produit\/h2ptm21\/#primaryimage\"},\"thumbnailUrl\":\"https:\/\/www.istegroup.com\/wp-content\/uploads\/2021\/10\/H2PTM21.jpg\",\"datePublished\":\"2021-10-25T08:48:14+00:00\",\"dateModified\":\"2024-01-03T13:45:22+00:00\",\"description\":\"H2PTM\u201921 \u2013 Information : enjeux et nouveaux d\u00e9fis se focalise sur le traitement de l\u2019information afin d\u2019enrichir les d\u00e9bats dans le champ des sciences de l\u2019information et de la communication et d\u2019ouvrir cette probl\u00e9matique \u00e0 d\u2019autres disciplines.\",\"breadcrumb\":{\"@id\":\"https:\/\/www.istegroup.com\/produit\/h2ptm21\/#breadcrumb\"},\"inLanguage\":\"fr-FR\",\"potentialAction\":[{\"@type\":\"ReadAction\",\"target\":[\"https:\/\/www.istegroup.com\/produit\/h2ptm21\/\"]}]},{\"@type\":\"ImageObject\",\"inLanguage\":\"fr-FR\",\"@id\":\"https:\/\/www.istegroup.com\/produit\/h2ptm21\/#primaryimage\",\"url\":\"https:\/\/www.istegroup.com\/wp-content\/uploads\/2021\/10\/H2PTM21.jpg\",\"contentUrl\":\"https:\/\/www.istegroup.com\/wp-content\/uploads\/2021\/10\/H2PTM21.jpg\",\"width\":300,\"height\":449,\"caption\":\"Livre scientifique - H2PTM\u201921 - Imad Saleh, Nasreddine Bouha\u00ef, Sylvie Leleu-Merviel, Ioan Roxin, Manuel Zacklad, Luc Massou\"},{\"@type\":\"BreadcrumbList\",\"@id\":\"https:\/\/www.istegroup.com\/produit\/h2ptm21\/#breadcrumb\",\"itemListElement\":[{\"@type\":\"ListItem\",\"position\":1,\"name\":\"Home\",\"item\":\"https:\/\/www.istegroup.com\/\"},{\"@type\":\"ListItem\",\"position\":2,\"name\":\"Shop\",\"item\":\"https:\/\/www.istegroup.com\/fr\/nouveautes\/\"},{\"@type\":\"ListItem\",\"position\":3,\"name\":\"H2PTM\u201921\"}]},{\"@type\":\"WebSite\",\"@id\":\"https:\/\/www.istegroup.com\/#website\",\"url\":\"https:\/\/www.istegroup.com\/\",\"name\":\"ISTE Group\",\"description\":\"\u00c9diteur des Sciences\",\"potentialAction\":[{\"@type\":\"SearchAction\",\"target\":{\"@type\":\"EntryPoint\",\"urlTemplate\":\"https:\/\/www.istegroup.com\/?s={search_term_string}\"},\"query-input\":{\"@type\":\"PropertyValueSpecification\",\"valueRequired\":true,\"valueName\":\"search_term_string\"}}],\"inLanguage\":\"fr-FR\"}]}<\/script>\n<!-- \/ Yoast SEO plugin. -->","yoast_head_json":{"title":"H2PTM\u201921 - ISTE Group","description":"H2PTM\u201921 \u2013 Information : enjeux et nouveaux d\u00e9fis se focalise sur le traitement de l\u2019information afin d\u2019enrichir les d\u00e9bats dans le champ des sciences de l\u2019information et de la communication et d\u2019ouvrir cette probl\u00e9matique \u00e0 d\u2019autres disciplines.","robots":{"index":"index","follow":"follow","max-snippet":"max-snippet:-1","max-image-preview":"max-image-preview:large","max-video-preview":"max-video-preview:-1"},"canonical":"https:\/\/www.istegroup.com\/produit\/h2ptm21\/","og_locale":"fr_FR","og_type":"article","og_title":"H2PTM\u201921 - ISTE Group","og_description":"H2PTM\u201921 \u2013 Information : enjeux et nouveaux d\u00e9fis se focalise sur le traitement de l\u2019information afin d\u2019enrichir les d\u00e9bats dans le champ des sciences de l\u2019information et de la communication et d\u2019ouvrir cette probl\u00e9matique \u00e0 d\u2019autres disciplines.","og_url":"https:\/\/www.istegroup.com\/produit\/h2ptm21\/","og_site_name":"ISTE Group","article_modified_time":"2024-01-03T13:45:22+00:00","og_image":[{"width":300,"height":449,"url":"https:\/\/www.istegroup.com\/wp-content\/uploads\/2021\/10\/H2PTM21.jpg","type":"image\/jpeg"}],"twitter_card":"summary_large_image","twitter_misc":{"Est. reading time":"1 minute"},"schema":{"@context":"https:\/\/schema.org","@graph":[{"@type":"WebPage","@id":"https:\/\/www.istegroup.com\/produit\/h2ptm21\/","url":"https:\/\/www.istegroup.com\/produit\/h2ptm21\/","name":"H2PTM\u201921 - ISTE Group","isPartOf":{"@id":"https:\/\/www.istegroup.com\/#website"},"primaryImageOfPage":{"@id":"https:\/\/www.istegroup.com\/produit\/h2ptm21\/#primaryimage"},"image":{"@id":"https:\/\/www.istegroup.com\/produit\/h2ptm21\/#primaryimage"},"thumbnailUrl":"https:\/\/www.istegroup.com\/wp-content\/uploads\/2021\/10\/H2PTM21.jpg","datePublished":"2021-10-25T08:48:14+00:00","dateModified":"2024-01-03T13:45:22+00:00","description":"H2PTM\u201921 \u2013 Information : enjeux et nouveaux d\u00e9fis se focalise sur le traitement de l\u2019information afin d\u2019enrichir les d\u00e9bats dans le champ des sciences de l\u2019information et de la communication et d\u2019ouvrir cette probl\u00e9matique \u00e0 d\u2019autres disciplines.","breadcrumb":{"@id":"https:\/\/www.istegroup.com\/produit\/h2ptm21\/#breadcrumb"},"inLanguage":"fr-FR","potentialAction":[{"@type":"ReadAction","target":["https:\/\/www.istegroup.com\/produit\/h2ptm21\/"]}]},{"@type":"ImageObject","inLanguage":"fr-FR","@id":"https:\/\/www.istegroup.com\/produit\/h2ptm21\/#primaryimage","url":"https:\/\/www.istegroup.com\/wp-content\/uploads\/2021\/10\/H2PTM21.jpg","contentUrl":"https:\/\/www.istegroup.com\/wp-content\/uploads\/2021\/10\/H2PTM21.jpg","width":300,"height":449,"caption":"Livre scientifique - H2PTM\u201921 - Imad Saleh, Nasreddine Bouha\u00ef, Sylvie Leleu-Merviel, Ioan Roxin, Manuel Zacklad, Luc Massou"},{"@type":"BreadcrumbList","@id":"https:\/\/www.istegroup.com\/produit\/h2ptm21\/#breadcrumb","itemListElement":[{"@type":"ListItem","position":1,"name":"Home","item":"https:\/\/www.istegroup.com\/"},{"@type":"ListItem","position":2,"name":"Shop","item":"https:\/\/www.istegroup.com\/fr\/nouveautes\/"},{"@type":"ListItem","position":3,"name":"H2PTM\u201921"}]},{"@type":"WebSite","@id":"https:\/\/www.istegroup.com\/#website","url":"https:\/\/www.istegroup.com\/","name":"ISTE Group","description":"\u00c9diteur des Sciences","potentialAction":[{"@type":"SearchAction","target":{"@type":"EntryPoint","urlTemplate":"https:\/\/www.istegroup.com\/?s={search_term_string}"},"query-input":{"@type":"PropertyValueSpecification","valueRequired":true,"valueName":"search_term_string"}}],"inLanguage":"fr-FR"}]}},"_links":{"self":[{"href":"https:\/\/www.istegroup.com\/fr\/wp-json\/wp\/v2\/product\/44108","targetHints":{"allow":["GET"]}}],"collection":[{"href":"https:\/\/www.istegroup.com\/fr\/wp-json\/wp\/v2\/product"}],"about":[{"href":"https:\/\/www.istegroup.com\/fr\/wp-json\/wp\/v2\/types\/product"}],"wp:featuredmedia":[{"embeddable":true,"href":"https:\/\/www.istegroup.com\/fr\/wp-json\/wp\/v2\/media\/44111"}],"wp:attachment":[{"href":"https:\/\/www.istegroup.com\/fr\/wp-json\/wp\/v2\/media?parent=44108"}],"wp:term":[{"taxonomy":"product_brand","embeddable":true,"href":"https:\/\/www.istegroup.com\/fr\/wp-json\/wp\/v2\/product_brand?post=44108"},{"taxonomy":"product_cat","embeddable":true,"href":"https:\/\/www.istegroup.com\/fr\/wp-json\/wp\/v2\/product_cat?post=44108"},{"taxonomy":"product_tag","embeddable":true,"href":"https:\/\/www.istegroup.com\/fr\/wp-json\/wp\/v2\/product_tag?post=44108"}],"curies":[{"name":"wp","href":"https:\/\/api.w.org\/{rel}","templated":true}]}}