{"id":441,"date":"2017-07-28T14:48:35","date_gmt":"2017-07-28T12:48:35","guid":{"rendered":"https:\/\/iste.yhello.co\/product\/les-reseaux-hybrides-satellites-et-terrestres\/"},"modified":"2024-01-03T13:40:03","modified_gmt":"2024-01-03T13:40:03","slug":"les-reseaux-hybrides-satellites-et-terrestres","status":"publish","type":"product","link":"https:\/\/www.istegroup.com\/fr\/produit\/les-reseaux-hybrides-satellites-et-terrestres\/","title":{"rendered":"Les r\u00e9seaux hybrides satellites et terrestres"},"content":{"rendered":"<p>Cet ouvrage pr\u00e9sente diff\u00e9rentes approches permettant une int\u00e9gration r\u00e9ussie des syst\u00e8mes de communication par satellite dans les r\u00e9seaux terrestres de prochaine g\u00e9n\u00e9ration. Les solutions propos\u00e9es ont \u00e9t\u00e9 d\u00e9velopp\u00e9es et test\u00e9es au cours de plusieurs projets de recherche europ\u00e9ens et nationaux. Ces challenges techniques sont notamment illustr\u00e9s par l\u2019utilisation en exemple de syst\u00e8mes de la famille DVB-S\/RCS.<\/p>\n<p>S\u2019appuyant sur l\u2019\u00e9tude des composants syst\u00e8mes et leurs interactions,\u00a0<em>Les r\u00e9seaux hybrides satellites et terrestres<\/em>analyse la complexit\u00e9 des r\u00e9seaux de t\u00e9l\u00e9communication terrestres et satellites par une approche haut niveau. Plusieurs sc\u00e9narios proposent diff\u00e9rentes voies pour r\u00e9aliser cette int\u00e9gration avec succ\u00e8s. Les principes de gestion de la qualit\u00e9 de service dans les r\u00e9seaux terrestres et satellites ainsi que les solutions pour les faire interop\u00e9rer sont d\u00e9crits. La gestion de la mobilit\u00e9 inter-syst\u00e8mes et les probl\u00e8mes de performance sont \u00e9galement d\u00e9taill\u00e9s.<\/p>\n","protected":false},"excerpt":{"rendered":"<p>Cet ouvrage pr\u00e9sente diff\u00e9rentes approches permettant une int\u00e9gration r\u00e9ussie des syst\u00e8mes de communication par satellite dans les r\u00e9seaux terrestres de prochaine g\u00e9n\u00e9ration. Les solutions propos\u00e9es ont \u00e9t\u00e9 d\u00e9velopp\u00e9es et test\u00e9es au cours de plusieurs projets de recherche europ\u00e9ens et nationaux. Ces challenges techniques sont notamment illustr\u00e9s par l\u2019utilisation en exemple de syst\u00e8mes de la famille [&hellip;]<\/p>\n","protected":false},"featured_media":442,"template":"","meta":{"_acf_changed":false,"_links_to":"","_links_to_target":""},"product_brand":[],"product_cat":[679],"product_tag":[1801,1802,31,196,1803,197,198,199,21,200,22,201,1804,1805,1806,203,204,63,25,172,209,1807,212,38,192,145,28,1808,314,1809,1731,1810,253,1014,1396],"class_list":{"0":"post-441","1":"product","2":"type-product","3":"status-publish","4":"has-post-thumbnail","6":"product_cat-rseaux-et-tlcommunications-12506534","7":"product_tag-cedric-baudoin","8":"product_tag-dvb-srcs","9":"product_tag-ebook","10":"product_tag-ebooks","11":"product_tag-integration","12":"product_tag-iste","13":"product_tag-iste-edition","14":"product_tag-iste-editions","15":"product_tag-iste-group","16":"product_tag-isteedition","17":"product_tag-istegroup","18":"product_tag-kindle","19":"product_tag-les-reseaux-hybrides-satellites","20":"product_tag-les-reseaux-hybrides-satellites-et-terrestres","21":"product_tag-les-reseaux-hybrides-terrestres","22":"product_tag-liseuse","23":"product_tag-livre","24":"product_tag-livre-electronique","25":"product_tag-livre-numerique","26":"product_tag-livre-scientifique","27":"product_tag-livres-scientifiques","28":"product_tag-mathieu-gineste","29":"product_tag-ouvrage","30":"product_tag-ouvrage-numerique","31":"product_tag-ouvrage-science","32":"product_tag-ouvrage-scientifique","33":"product_tag-ouvrage-scientifique-francais","34":"product_tag-pascal-berthou","35":"product_tag-reseaux","36":"product_tag-reseaux-hybrides","37":"product_tag-satellites","38":"product_tag-systemes-de-communication","39":"product_tag-technologie","40":"product_tag-telecommunication","41":"product_tag-terrestres","43":"first","44":"instock","45":"shipping-taxable","46":"purchasable","47":"product-type-variable"},"acf":[],"yoast_head":"<!-- This site is optimized with the Yoast SEO plugin v27.2 - https:\/\/yoast.com\/product\/yoast-seo-wordpress\/ -->\n<title>Les r\u00e9seaux hybrides satellites et terrestres - ISTE Group<\/title>\n<meta name=\"description\" content=\"Cet ouvrage pr\u00e9sente des approches pour une int\u00e9gration r\u00e9ussie des syst\u00e8mes de communication par satellite dans les r\u00e9seaux terrestres de prochaine g\u00e9n\u00e9ration.\" \/>\n<meta name=\"robots\" content=\"index, follow, max-snippet:-1, max-image-preview:large, max-video-preview:-1\" \/>\n<link rel=\"canonical\" href=\"https:\/\/www.istegroup.com\/fr\/produit\/les-reseaux-hybrides-satellites-et-terrestres\/\" \/>\n<meta property=\"og:locale\" content=\"fr_FR\" \/>\n<meta property=\"og:type\" content=\"article\" \/>\n<meta property=\"og:title\" content=\"Les r\u00e9seaux hybrides satellites et terrestres - ISTE Group\" \/>\n<meta property=\"og:description\" content=\"Cet ouvrage pr\u00e9sente des approches pour une int\u00e9gration r\u00e9ussie des syst\u00e8mes de communication par satellite dans les r\u00e9seaux terrestres de prochaine g\u00e9n\u00e9ration.\" \/>\n<meta property=\"og:url\" content=\"https:\/\/www.istegroup.com\/fr\/produit\/les-reseaux-hybrides-satellites-et-terrestres\/\" \/>\n<meta property=\"og:site_name\" content=\"ISTE Group\" \/>\n<meta property=\"article:modified_time\" content=\"2024-01-03T13:40:03+00:00\" \/>\n<meta property=\"og:image\" content=\"https:\/\/www.istegroup.com\/wp-content\/uploads\/2017\/07\/2792427780_1011744644-1.jpg\" \/>\n\t<meta property=\"og:image:width\" content=\"300\" \/>\n\t<meta property=\"og:image:height\" content=\"452\" \/>\n\t<meta property=\"og:image:type\" content=\"image\/jpeg\" \/>\n<meta name=\"twitter:card\" content=\"summary_large_image\" \/>\n<meta name=\"twitter:label1\" content=\"Est. reading time\" \/>\n\t<meta name=\"twitter:data1\" content=\"1 minute\" \/>\n<script type=\"application\/ld+json\" class=\"yoast-schema-graph\">{\"@context\":\"https:\/\/schema.org\",\"@graph\":[{\"@type\":\"WebPage\",\"@id\":\"https:\/\/www.istegroup.com\/fr\/produit\/les-reseaux-hybrides-satellites-et-terrestres\/\",\"url\":\"https:\/\/www.istegroup.com\/fr\/produit\/les-reseaux-hybrides-satellites-et-terrestres\/\",\"name\":\"Les r\u00e9seaux hybrides satellites et terrestres - ISTE Group\",\"isPartOf\":{\"@id\":\"https:\/\/www.istegroup.com\/#website\"},\"primaryImageOfPage\":{\"@id\":\"https:\/\/www.istegroup.com\/fr\/produit\/les-reseaux-hybrides-satellites-et-terrestres\/#primaryimage\"},\"image\":{\"@id\":\"https:\/\/www.istegroup.com\/fr\/produit\/les-reseaux-hybrides-satellites-et-terrestres\/#primaryimage\"},\"thumbnailUrl\":\"https:\/\/www.istegroup.com\/wp-content\/uploads\/2017\/07\/2792427780_1011744644-1.jpg\",\"datePublished\":\"2017-07-28T12:48:35+00:00\",\"dateModified\":\"2024-01-03T13:40:03+00:00\",\"description\":\"Cet ouvrage pr\u00e9sente des approches pour une int\u00e9gration r\u00e9ussie des syst\u00e8mes de communication par satellite dans les r\u00e9seaux terrestres de prochaine g\u00e9n\u00e9ration.\",\"breadcrumb\":{\"@id\":\"https:\/\/www.istegroup.com\/fr\/produit\/les-reseaux-hybrides-satellites-et-terrestres\/#breadcrumb\"},\"inLanguage\":\"fr-FR\",\"potentialAction\":[{\"@type\":\"ReadAction\",\"target\":[\"https:\/\/www.istegroup.com\/fr\/produit\/les-reseaux-hybrides-satellites-et-terrestres\/\"]}]},{\"@type\":\"ImageObject\",\"inLanguage\":\"fr-FR\",\"@id\":\"https:\/\/www.istegroup.com\/fr\/produit\/les-reseaux-hybrides-satellites-et-terrestres\/#primaryimage\",\"url\":\"https:\/\/www.istegroup.com\/wp-content\/uploads\/2017\/07\/2792427780_1011744644-1.jpg\",\"contentUrl\":\"https:\/\/www.istegroup.com\/wp-content\/uploads\/2017\/07\/2792427780_1011744644-1.jpg\",\"width\":300,\"height\":452,\"caption\":\"Les r\u00e9seaux hybrides satellites et terrestres\"},{\"@type\":\"BreadcrumbList\",\"@id\":\"https:\/\/www.istegroup.com\/fr\/produit\/les-reseaux-hybrides-satellites-et-terrestres\/#breadcrumb\",\"itemListElement\":[{\"@type\":\"ListItem\",\"position\":1,\"name\":\"Home\",\"item\":\"https:\/\/www.istegroup.com\/\"},{\"@type\":\"ListItem\",\"position\":2,\"name\":\"Shop\",\"item\":\"https:\/\/www.istegroup.com\/fr\/nouveautes\/\"},{\"@type\":\"ListItem\",\"position\":3,\"name\":\"Les r\u00e9seaux hybrides satellites et terrestres\"}]},{\"@type\":\"WebSite\",\"@id\":\"https:\/\/www.istegroup.com\/#website\",\"url\":\"https:\/\/www.istegroup.com\/\",\"name\":\"ISTE Group\",\"description\":\"\u00c9diteur des Sciences\",\"potentialAction\":[{\"@type\":\"SearchAction\",\"target\":{\"@type\":\"EntryPoint\",\"urlTemplate\":\"https:\/\/www.istegroup.com\/?s={search_term_string}\"},\"query-input\":{\"@type\":\"PropertyValueSpecification\",\"valueRequired\":true,\"valueName\":\"search_term_string\"}}],\"inLanguage\":\"fr-FR\"}]}<\/script>\n<!-- \/ Yoast SEO plugin. -->","yoast_head_json":{"title":"Les r\u00e9seaux hybrides satellites et terrestres - ISTE Group","description":"Cet ouvrage pr\u00e9sente des approches pour une int\u00e9gration r\u00e9ussie des syst\u00e8mes de communication par satellite dans les r\u00e9seaux terrestres de prochaine g\u00e9n\u00e9ration.","robots":{"index":"index","follow":"follow","max-snippet":"max-snippet:-1","max-image-preview":"max-image-preview:large","max-video-preview":"max-video-preview:-1"},"canonical":"https:\/\/www.istegroup.com\/fr\/produit\/les-reseaux-hybrides-satellites-et-terrestres\/","og_locale":"fr_FR","og_type":"article","og_title":"Les r\u00e9seaux hybrides satellites et terrestres - ISTE Group","og_description":"Cet ouvrage pr\u00e9sente des approches pour une int\u00e9gration r\u00e9ussie des syst\u00e8mes de communication par satellite dans les r\u00e9seaux terrestres de prochaine g\u00e9n\u00e9ration.","og_url":"https:\/\/www.istegroup.com\/fr\/produit\/les-reseaux-hybrides-satellites-et-terrestres\/","og_site_name":"ISTE Group","article_modified_time":"2024-01-03T13:40:03+00:00","og_image":[{"width":300,"height":452,"url":"https:\/\/www.istegroup.com\/wp-content\/uploads\/2017\/07\/2792427780_1011744644-1.jpg","type":"image\/jpeg"}],"twitter_card":"summary_large_image","twitter_misc":{"Est. reading time":"1 minute"},"schema":{"@context":"https:\/\/schema.org","@graph":[{"@type":"WebPage","@id":"https:\/\/www.istegroup.com\/fr\/produit\/les-reseaux-hybrides-satellites-et-terrestres\/","url":"https:\/\/www.istegroup.com\/fr\/produit\/les-reseaux-hybrides-satellites-et-terrestres\/","name":"Les r\u00e9seaux hybrides satellites et terrestres - ISTE Group","isPartOf":{"@id":"https:\/\/www.istegroup.com\/#website"},"primaryImageOfPage":{"@id":"https:\/\/www.istegroup.com\/fr\/produit\/les-reseaux-hybrides-satellites-et-terrestres\/#primaryimage"},"image":{"@id":"https:\/\/www.istegroup.com\/fr\/produit\/les-reseaux-hybrides-satellites-et-terrestres\/#primaryimage"},"thumbnailUrl":"https:\/\/www.istegroup.com\/wp-content\/uploads\/2017\/07\/2792427780_1011744644-1.jpg","datePublished":"2017-07-28T12:48:35+00:00","dateModified":"2024-01-03T13:40:03+00:00","description":"Cet ouvrage pr\u00e9sente des approches pour une int\u00e9gration r\u00e9ussie des syst\u00e8mes de communication par satellite dans les r\u00e9seaux terrestres de prochaine g\u00e9n\u00e9ration.","breadcrumb":{"@id":"https:\/\/www.istegroup.com\/fr\/produit\/les-reseaux-hybrides-satellites-et-terrestres\/#breadcrumb"},"inLanguage":"fr-FR","potentialAction":[{"@type":"ReadAction","target":["https:\/\/www.istegroup.com\/fr\/produit\/les-reseaux-hybrides-satellites-et-terrestres\/"]}]},{"@type":"ImageObject","inLanguage":"fr-FR","@id":"https:\/\/www.istegroup.com\/fr\/produit\/les-reseaux-hybrides-satellites-et-terrestres\/#primaryimage","url":"https:\/\/www.istegroup.com\/wp-content\/uploads\/2017\/07\/2792427780_1011744644-1.jpg","contentUrl":"https:\/\/www.istegroup.com\/wp-content\/uploads\/2017\/07\/2792427780_1011744644-1.jpg","width":300,"height":452,"caption":"Les r\u00e9seaux hybrides satellites et terrestres"},{"@type":"BreadcrumbList","@id":"https:\/\/www.istegroup.com\/fr\/produit\/les-reseaux-hybrides-satellites-et-terrestres\/#breadcrumb","itemListElement":[{"@type":"ListItem","position":1,"name":"Home","item":"https:\/\/www.istegroup.com\/"},{"@type":"ListItem","position":2,"name":"Shop","item":"https:\/\/www.istegroup.com\/fr\/nouveautes\/"},{"@type":"ListItem","position":3,"name":"Les r\u00e9seaux hybrides satellites et terrestres"}]},{"@type":"WebSite","@id":"https:\/\/www.istegroup.com\/#website","url":"https:\/\/www.istegroup.com\/","name":"ISTE Group","description":"\u00c9diteur des Sciences","potentialAction":[{"@type":"SearchAction","target":{"@type":"EntryPoint","urlTemplate":"https:\/\/www.istegroup.com\/?s={search_term_string}"},"query-input":{"@type":"PropertyValueSpecification","valueRequired":true,"valueName":"search_term_string"}}],"inLanguage":"fr-FR"}]}},"_links":{"self":[{"href":"https:\/\/www.istegroup.com\/fr\/wp-json\/wp\/v2\/product\/441","targetHints":{"allow":["GET"]}}],"collection":[{"href":"https:\/\/www.istegroup.com\/fr\/wp-json\/wp\/v2\/product"}],"about":[{"href":"https:\/\/www.istegroup.com\/fr\/wp-json\/wp\/v2\/types\/product"}],"wp:featuredmedia":[{"embeddable":true,"href":"https:\/\/www.istegroup.com\/fr\/wp-json\/wp\/v2\/media\/442"}],"wp:attachment":[{"href":"https:\/\/www.istegroup.com\/fr\/wp-json\/wp\/v2\/media?parent=441"}],"wp:term":[{"taxonomy":"product_brand","embeddable":true,"href":"https:\/\/www.istegroup.com\/fr\/wp-json\/wp\/v2\/product_brand?post=441"},{"taxonomy":"product_cat","embeddable":true,"href":"https:\/\/www.istegroup.com\/fr\/wp-json\/wp\/v2\/product_cat?post=441"},{"taxonomy":"product_tag","embeddable":true,"href":"https:\/\/www.istegroup.com\/fr\/wp-json\/wp\/v2\/product_tag?post=441"}],"curies":[{"name":"wp","href":"https:\/\/api.w.org\/{rel}","templated":true}]}}