{"id":44089,"date":"2021-10-21T14:26:57","date_gmt":"2021-10-21T13:26:57","guid":{"rendered":"https:\/\/www.istegroup.com\/?post_type=product&#038;p=44089"},"modified":"2024-01-03T13:45:23","modified_gmt":"2024-01-03T13:45:23","slug":"integration-des-infrastructures-reseaux-et-systemes","status":"publish","type":"product","link":"https:\/\/www.istegroup.com\/fr\/produit\/integration-des-infrastructures-reseaux-et-systemes\/","title":{"rendered":"Int\u00e9gration des infrastructures r\u00e9seaux et syst\u00e8mes"},"content":{"rendered":"<p>Les infrastructures IT sont d\u00e9sormais indispensables dans tous les secteurs d\u2019activit\u00e9. Elles constituent la cl\u00e9 de vo\u00fbte de tout syst\u00e8me d\u2019information. Il est primordial d\u2019accorder le plus grand soin \u00e0 leur conception, impl\u00e9mentation, s\u00e9curisation et supervision afin d\u2019optimiser leur bon fonctionnement et ainsi assurer une meilleure performance.<\/p>\n<p><em>Int\u00e9gration des infrastructures r\u00e9seaux et syst\u00e8mes<\/em> pr\u00e9sente les principes m\u00e9thodologiques et th\u00e9oriques n\u00e9cessaires pour mener \u00e0 bien un projet d\u2019int\u00e9gration des infrastructures r\u00e9seaux et syst\u00e8mes. Il expose leur conception, les services r\u00e9seaux, les diff\u00e9rents aspects de la s\u00e9curit\u00e9, les principes de base de la virtualisation et du <em>cloud computing<\/em>, les principaux m\u00e9canismes de la qualit\u00e9 de service et la pr\u00e9sentation des m\u00e9thodes et outils de supervision de ces infrastructures.<\/p>\n","protected":false},"excerpt":{"rendered":"<p>Les infrastructures IT sont d\u00e9sormais indispensables dans tous les secteurs d\u2019activit\u00e9. Elles constituent la cl\u00e9 de vo\u00fbte de tout syst\u00e8me d\u2019information. Il est primordial d\u2019accorder le plus grand soin \u00e0 leur conception, impl\u00e9mentation, s\u00e9curisation et supervision afin d\u2019optimiser leur bon fonctionnement et ainsi assurer une meilleure performance. Int\u00e9gration des infrastructures r\u00e9seaux et syst\u00e8mes pr\u00e9sente les [&hellip;]<\/p>\n","protected":false},"featured_media":44097,"template":"","meta":{"_acf_changed":false,"_links_to":"","_links_to_target":""},"product_brand":[],"product_cat":[3262],"product_tag":[],"class_list":{"0":"post-44089","1":"product","2":"type-product","3":"status-publish","4":"has-post-thumbnail","6":"product_cat-non-classe","8":"first","9":"instock","10":"shipping-taxable","11":"purchasable","12":"product-type-variable"},"acf":[],"yoast_head":"<!-- This site is optimized with the Yoast SEO plugin v27.2 - https:\/\/yoast.com\/product\/yoast-seo-wordpress\/ -->\n<title>Int\u00e9gration des infrastructures r\u00e9seaux et syst\u00e8mes - ISTE Group<\/title>\n<meta name=\"description\" content=\"Int\u00e9gration des infrastructures r\u00e9seaux et syst\u00e8mes pr\u00e9sente les principes m\u00e9thodologiques et th\u00e9oriques n\u00e9cessaires pour mener \u00e0 bien un projet d\u2019int\u00e9gration des infrastructures r\u00e9seaux et syst\u00e8mes.\" \/>\n<meta name=\"robots\" content=\"index, follow, max-snippet:-1, max-image-preview:large, max-video-preview:-1\" \/>\n<link rel=\"canonical\" href=\"https:\/\/www.istegroup.com\/produit\/integration-des-infrastructures-reseaux-et-systemes\/\" \/>\n<meta property=\"og:locale\" content=\"fr_FR\" \/>\n<meta property=\"og:type\" content=\"article\" \/>\n<meta property=\"og:title\" content=\"Int\u00e9gration des infrastructures r\u00e9seaux et syst\u00e8mes - ISTE Group\" \/>\n<meta property=\"og:description\" content=\"Int\u00e9gration des infrastructures r\u00e9seaux et syst\u00e8mes pr\u00e9sente les principes m\u00e9thodologiques et th\u00e9oriques n\u00e9cessaires pour mener \u00e0 bien un projet d\u2019int\u00e9gration des infrastructures r\u00e9seaux et syst\u00e8mes.\" \/>\n<meta property=\"og:url\" content=\"https:\/\/www.istegroup.com\/produit\/integration-des-infrastructures-reseaux-et-systemes\/\" \/>\n<meta property=\"og:site_name\" content=\"ISTE Group\" \/>\n<meta property=\"article:modified_time\" content=\"2024-01-03T13:45:23+00:00\" \/>\n<meta property=\"og:image\" content=\"https:\/\/www.istegroup.com\/wp-content\/uploads\/2021\/10\/Integration-des-infrastructures-reseaux-et-systemes.jpg\" \/>\n\t<meta property=\"og:image:width\" content=\"300\" \/>\n\t<meta property=\"og:image:height\" content=\"449\" \/>\n\t<meta property=\"og:image:type\" content=\"image\/jpeg\" \/>\n<meta name=\"twitter:card\" content=\"summary_large_image\" \/>\n<meta name=\"twitter:label1\" content=\"Est. reading time\" \/>\n\t<meta name=\"twitter:data1\" content=\"1 minute\" \/>\n<script type=\"application\/ld+json\" class=\"yoast-schema-graph\">{\"@context\":\"https:\/\/schema.org\",\"@graph\":[{\"@type\":\"WebPage\",\"@id\":\"https:\/\/www.istegroup.com\/produit\/integration-des-infrastructures-reseaux-et-systemes\/\",\"url\":\"https:\/\/www.istegroup.com\/produit\/integration-des-infrastructures-reseaux-et-systemes\/\",\"name\":\"Int\u00e9gration des infrastructures r\u00e9seaux et syst\u00e8mes - ISTE Group\",\"isPartOf\":{\"@id\":\"https:\/\/www.istegroup.com\/#website\"},\"primaryImageOfPage\":{\"@id\":\"https:\/\/www.istegroup.com\/produit\/integration-des-infrastructures-reseaux-et-systemes\/#primaryimage\"},\"image\":{\"@id\":\"https:\/\/www.istegroup.com\/produit\/integration-des-infrastructures-reseaux-et-systemes\/#primaryimage\"},\"thumbnailUrl\":\"https:\/\/www.istegroup.com\/wp-content\/uploads\/2021\/10\/Integration-des-infrastructures-reseaux-et-systemes.jpg\",\"datePublished\":\"2021-10-21T13:26:57+00:00\",\"dateModified\":\"2024-01-03T13:45:23+00:00\",\"description\":\"Int\u00e9gration des infrastructures r\u00e9seaux et syst\u00e8mes pr\u00e9sente les principes m\u00e9thodologiques et th\u00e9oriques n\u00e9cessaires pour mener \u00e0 bien un projet d\u2019int\u00e9gration des infrastructures r\u00e9seaux et syst\u00e8mes.\",\"breadcrumb\":{\"@id\":\"https:\/\/www.istegroup.com\/produit\/integration-des-infrastructures-reseaux-et-systemes\/#breadcrumb\"},\"inLanguage\":\"fr-FR\",\"potentialAction\":[{\"@type\":\"ReadAction\",\"target\":[\"https:\/\/www.istegroup.com\/produit\/integration-des-infrastructures-reseaux-et-systemes\/\"]}]},{\"@type\":\"ImageObject\",\"inLanguage\":\"fr-FR\",\"@id\":\"https:\/\/www.istegroup.com\/produit\/integration-des-infrastructures-reseaux-et-systemes\/#primaryimage\",\"url\":\"https:\/\/www.istegroup.com\/wp-content\/uploads\/2021\/10\/Integration-des-infrastructures-reseaux-et-systemes.jpg\",\"contentUrl\":\"https:\/\/www.istegroup.com\/wp-content\/uploads\/2021\/10\/Integration-des-infrastructures-reseaux-et-systemes.jpg\",\"width\":300,\"height\":449,\"caption\":\"Livre scientifique - Int\u00e9gration des infrastructures r\u00e9seaux et syst\u00e8mes - Saida Helali\"},{\"@type\":\"BreadcrumbList\",\"@id\":\"https:\/\/www.istegroup.com\/produit\/integration-des-infrastructures-reseaux-et-systemes\/#breadcrumb\",\"itemListElement\":[{\"@type\":\"ListItem\",\"position\":1,\"name\":\"Home\",\"item\":\"https:\/\/www.istegroup.com\/\"},{\"@type\":\"ListItem\",\"position\":2,\"name\":\"Shop\",\"item\":\"https:\/\/www.istegroup.com\/fr\/nouveautes\/\"},{\"@type\":\"ListItem\",\"position\":3,\"name\":\"Int\u00e9gration des infrastructures r\u00e9seaux et syst\u00e8mes\"}]},{\"@type\":\"WebSite\",\"@id\":\"https:\/\/www.istegroup.com\/#website\",\"url\":\"https:\/\/www.istegroup.com\/\",\"name\":\"ISTE Group\",\"description\":\"\u00c9diteur des Sciences\",\"potentialAction\":[{\"@type\":\"SearchAction\",\"target\":{\"@type\":\"EntryPoint\",\"urlTemplate\":\"https:\/\/www.istegroup.com\/?s={search_term_string}\"},\"query-input\":{\"@type\":\"PropertyValueSpecification\",\"valueRequired\":true,\"valueName\":\"search_term_string\"}}],\"inLanguage\":\"fr-FR\"}]}<\/script>\n<!-- \/ Yoast SEO plugin. -->","yoast_head_json":{"title":"Int\u00e9gration des infrastructures r\u00e9seaux et syst\u00e8mes - ISTE Group","description":"Int\u00e9gration des infrastructures r\u00e9seaux et syst\u00e8mes pr\u00e9sente les principes m\u00e9thodologiques et th\u00e9oriques n\u00e9cessaires pour mener \u00e0 bien un projet d\u2019int\u00e9gration des infrastructures r\u00e9seaux et syst\u00e8mes.","robots":{"index":"index","follow":"follow","max-snippet":"max-snippet:-1","max-image-preview":"max-image-preview:large","max-video-preview":"max-video-preview:-1"},"canonical":"https:\/\/www.istegroup.com\/produit\/integration-des-infrastructures-reseaux-et-systemes\/","og_locale":"fr_FR","og_type":"article","og_title":"Int\u00e9gration des infrastructures r\u00e9seaux et syst\u00e8mes - ISTE Group","og_description":"Int\u00e9gration des infrastructures r\u00e9seaux et syst\u00e8mes pr\u00e9sente les principes m\u00e9thodologiques et th\u00e9oriques n\u00e9cessaires pour mener \u00e0 bien un projet d\u2019int\u00e9gration des infrastructures r\u00e9seaux et syst\u00e8mes.","og_url":"https:\/\/www.istegroup.com\/produit\/integration-des-infrastructures-reseaux-et-systemes\/","og_site_name":"ISTE Group","article_modified_time":"2024-01-03T13:45:23+00:00","og_image":[{"width":300,"height":449,"url":"https:\/\/www.istegroup.com\/wp-content\/uploads\/2021\/10\/Integration-des-infrastructures-reseaux-et-systemes.jpg","type":"image\/jpeg"}],"twitter_card":"summary_large_image","twitter_misc":{"Est. reading time":"1 minute"},"schema":{"@context":"https:\/\/schema.org","@graph":[{"@type":"WebPage","@id":"https:\/\/www.istegroup.com\/produit\/integration-des-infrastructures-reseaux-et-systemes\/","url":"https:\/\/www.istegroup.com\/produit\/integration-des-infrastructures-reseaux-et-systemes\/","name":"Int\u00e9gration des infrastructures r\u00e9seaux et syst\u00e8mes - ISTE Group","isPartOf":{"@id":"https:\/\/www.istegroup.com\/#website"},"primaryImageOfPage":{"@id":"https:\/\/www.istegroup.com\/produit\/integration-des-infrastructures-reseaux-et-systemes\/#primaryimage"},"image":{"@id":"https:\/\/www.istegroup.com\/produit\/integration-des-infrastructures-reseaux-et-systemes\/#primaryimage"},"thumbnailUrl":"https:\/\/www.istegroup.com\/wp-content\/uploads\/2021\/10\/Integration-des-infrastructures-reseaux-et-systemes.jpg","datePublished":"2021-10-21T13:26:57+00:00","dateModified":"2024-01-03T13:45:23+00:00","description":"Int\u00e9gration des infrastructures r\u00e9seaux et syst\u00e8mes pr\u00e9sente les principes m\u00e9thodologiques et th\u00e9oriques n\u00e9cessaires pour mener \u00e0 bien un projet d\u2019int\u00e9gration des infrastructures r\u00e9seaux et syst\u00e8mes.","breadcrumb":{"@id":"https:\/\/www.istegroup.com\/produit\/integration-des-infrastructures-reseaux-et-systemes\/#breadcrumb"},"inLanguage":"fr-FR","potentialAction":[{"@type":"ReadAction","target":["https:\/\/www.istegroup.com\/produit\/integration-des-infrastructures-reseaux-et-systemes\/"]}]},{"@type":"ImageObject","inLanguage":"fr-FR","@id":"https:\/\/www.istegroup.com\/produit\/integration-des-infrastructures-reseaux-et-systemes\/#primaryimage","url":"https:\/\/www.istegroup.com\/wp-content\/uploads\/2021\/10\/Integration-des-infrastructures-reseaux-et-systemes.jpg","contentUrl":"https:\/\/www.istegroup.com\/wp-content\/uploads\/2021\/10\/Integration-des-infrastructures-reseaux-et-systemes.jpg","width":300,"height":449,"caption":"Livre scientifique - Int\u00e9gration des infrastructures r\u00e9seaux et syst\u00e8mes - Saida Helali"},{"@type":"BreadcrumbList","@id":"https:\/\/www.istegroup.com\/produit\/integration-des-infrastructures-reseaux-et-systemes\/#breadcrumb","itemListElement":[{"@type":"ListItem","position":1,"name":"Home","item":"https:\/\/www.istegroup.com\/"},{"@type":"ListItem","position":2,"name":"Shop","item":"https:\/\/www.istegroup.com\/fr\/nouveautes\/"},{"@type":"ListItem","position":3,"name":"Int\u00e9gration des infrastructures r\u00e9seaux et syst\u00e8mes"}]},{"@type":"WebSite","@id":"https:\/\/www.istegroup.com\/#website","url":"https:\/\/www.istegroup.com\/","name":"ISTE Group","description":"\u00c9diteur des Sciences","potentialAction":[{"@type":"SearchAction","target":{"@type":"EntryPoint","urlTemplate":"https:\/\/www.istegroup.com\/?s={search_term_string}"},"query-input":{"@type":"PropertyValueSpecification","valueRequired":true,"valueName":"search_term_string"}}],"inLanguage":"fr-FR"}]}},"_links":{"self":[{"href":"https:\/\/www.istegroup.com\/fr\/wp-json\/wp\/v2\/product\/44089","targetHints":{"allow":["GET"]}}],"collection":[{"href":"https:\/\/www.istegroup.com\/fr\/wp-json\/wp\/v2\/product"}],"about":[{"href":"https:\/\/www.istegroup.com\/fr\/wp-json\/wp\/v2\/types\/product"}],"wp:featuredmedia":[{"embeddable":true,"href":"https:\/\/www.istegroup.com\/fr\/wp-json\/wp\/v2\/media\/44097"}],"wp:attachment":[{"href":"https:\/\/www.istegroup.com\/fr\/wp-json\/wp\/v2\/media?parent=44089"}],"wp:term":[{"taxonomy":"product_brand","embeddable":true,"href":"https:\/\/www.istegroup.com\/fr\/wp-json\/wp\/v2\/product_brand?post=44089"},{"taxonomy":"product_cat","embeddable":true,"href":"https:\/\/www.istegroup.com\/fr\/wp-json\/wp\/v2\/product_cat?post=44089"},{"taxonomy":"product_tag","embeddable":true,"href":"https:\/\/www.istegroup.com\/fr\/wp-json\/wp\/v2\/product_tag?post=44089"}],"curies":[{"name":"wp","href":"https:\/\/api.w.org\/{rel}","templated":true}]}}