{"id":44045,"date":"2021-10-21T09:27:36","date_gmt":"2021-10-21T08:27:36","guid":{"rendered":"https:\/\/www.istegroup.com\/?post_type=product&#038;p=44045"},"modified":"2024-01-03T13:45:22","modified_gmt":"2024-01-03T13:45:22","slug":"applications-et-metrologie-a-lechelle-nanometrique-2","status":"publish","type":"product","link":"https:\/\/www.istegroup.com\/fr\/produit\/applications-et-metrologie-a-lechelle-nanometrique-2\/","title":{"rendered":"Applications et m\u00e9trologie \u00e0 l\u2019\u00e9chelle nanom\u00e9trique 2"},"content":{"rendered":"<p>Les nanosciences, les nanotechnologies et les lois de la physique quantique sont source d\u2019innovations de rupture. \u00c0 partir de syst\u00e8mes quantiques \u00e0 deux niveaux, l\u2019ing\u00e9nierie quantique permet de d\u00e9velopper des mat\u00e9riaux et des syst\u00e8mes de mesure tr\u00e8s sensibles et des ordinateurs quantiques de tr\u00e8s haute puissance de calcul.<\/p>\n<p>Cet ouvrage pr\u00e9sente les connaissances de base pour les applications industrielles dans le domaine de l\u2019ing\u00e9nierie quantique et des nanotechnologies. Il analyse les syst\u00e8mes optiques pour la mesure \u00e0 l\u2019\u00e9chelle nanom\u00e9trique et les mod\u00e8les quantiques d\u00e9crivant l\u2019interaction d\u2019un syst\u00e8me \u00e0 deux niveaux avec son environnement. Il traite \u00e9galement du concept de spin \u00e0 partir de l\u2019\u00e9quation de Dirac et explique le fonctionnement des portes quantiques \u00e0 partir des fondements th\u00e9oriques et des exemples d\u2019application. La m\u00e9thode d\u2019optimisation fiabiliste (RBDO) est appliqu\u00e9e pour estimer les propri\u00e9t\u00e9s m\u00e9caniques des nanotubes de carbone.<\/p>\n","protected":false},"excerpt":{"rendered":"<p>Les nanosciences, les nanotechnologies et les lois de la physique quantique sont source d\u2019innovations de rupture. \u00c0 partir de syst\u00e8mes quantiques \u00e0 deux niveaux, l\u2019ing\u00e9nierie quantique permet de d\u00e9velopper des mat\u00e9riaux et des syst\u00e8mes de mesure tr\u00e8s sensibles et des ordinateurs quantiques de tr\u00e8s haute puissance de calcul. Cet ouvrage pr\u00e9sente les connaissances de base [&hellip;]<\/p>\n","protected":false},"featured_media":44051,"template":"","meta":{"_acf_changed":false,"_links_to":"","_links_to_target":""},"product_brand":[],"product_cat":[3262],"product_tag":[],"class_list":{"0":"post-44045","1":"product","2":"type-product","3":"status-publish","4":"has-post-thumbnail","6":"product_cat-non-classe","8":"first","9":"instock","10":"shipping-taxable","11":"purchasable","12":"product-type-variable"},"acf":[],"yoast_head":"<!-- This site is optimized with the Yoast SEO plugin v27.2 - https:\/\/yoast.com\/product\/yoast-seo-wordpress\/ -->\n<title>Applications et m\u00e9trologie \u00e0 l\u2019\u00e9chelle nanom\u00e9trique 2 - ISTE Group<\/title>\n<meta name=\"description\" content=\"Cet ouvrage pr\u00e9sente les connaissances de base pour les applications industrielles dans le domaine de l\u2019ing\u00e9nierie quantique et des nanotechnologies.\" \/>\n<meta name=\"robots\" content=\"index, follow, max-snippet:-1, max-image-preview:large, max-video-preview:-1\" \/>\n<link rel=\"canonical\" href=\"https:\/\/www.istegroup.com\/produit\/applications-et-metrologie-a-lechelle-nanometrique-2\/\" \/>\n<meta property=\"og:locale\" content=\"fr_FR\" \/>\n<meta property=\"og:type\" content=\"article\" \/>\n<meta property=\"og:title\" content=\"Applications et m\u00e9trologie \u00e0 l\u2019\u00e9chelle nanom\u00e9trique 2 - ISTE Group\" \/>\n<meta property=\"og:description\" content=\"Cet ouvrage pr\u00e9sente les connaissances de base pour les applications industrielles dans le domaine de l\u2019ing\u00e9nierie quantique et des nanotechnologies.\" \/>\n<meta property=\"og:url\" content=\"https:\/\/www.istegroup.com\/produit\/applications-et-metrologie-a-lechelle-nanometrique-2\/\" \/>\n<meta property=\"og:site_name\" content=\"ISTE Group\" \/>\n<meta property=\"article:modified_time\" content=\"2024-01-03T13:45:22+00:00\" \/>\n<meta property=\"og:image\" content=\"https:\/\/www.istegroup.com\/wp-content\/uploads\/2021\/10\/Applications-et-metrologie-a-lechelle-nanometrique-2.jpg\" \/>\n\t<meta property=\"og:image:width\" content=\"300\" \/>\n\t<meta property=\"og:image:height\" content=\"450\" \/>\n\t<meta property=\"og:image:type\" content=\"image\/jpeg\" \/>\n<meta name=\"twitter:card\" content=\"summary_large_image\" \/>\n<meta name=\"twitter:label1\" content=\"Est. reading time\" \/>\n\t<meta name=\"twitter:data1\" content=\"1 minute\" \/>\n<script type=\"application\/ld+json\" class=\"yoast-schema-graph\">{\"@context\":\"https:\/\/schema.org\",\"@graph\":[{\"@type\":\"WebPage\",\"@id\":\"https:\/\/www.istegroup.com\/produit\/applications-et-metrologie-a-lechelle-nanometrique-2\/\",\"url\":\"https:\/\/www.istegroup.com\/produit\/applications-et-metrologie-a-lechelle-nanometrique-2\/\",\"name\":\"Applications et m\u00e9trologie \u00e0 l\u2019\u00e9chelle nanom\u00e9trique 2 - ISTE Group\",\"isPartOf\":{\"@id\":\"https:\/\/www.istegroup.com\/#website\"},\"primaryImageOfPage\":{\"@id\":\"https:\/\/www.istegroup.com\/produit\/applications-et-metrologie-a-lechelle-nanometrique-2\/#primaryimage\"},\"image\":{\"@id\":\"https:\/\/www.istegroup.com\/produit\/applications-et-metrologie-a-lechelle-nanometrique-2\/#primaryimage\"},\"thumbnailUrl\":\"https:\/\/www.istegroup.com\/wp-content\/uploads\/2021\/10\/Applications-et-metrologie-a-lechelle-nanometrique-2.jpg\",\"datePublished\":\"2021-10-21T08:27:36+00:00\",\"dateModified\":\"2024-01-03T13:45:22+00:00\",\"description\":\"Cet ouvrage pr\u00e9sente les connaissances de base pour les applications industrielles dans le domaine de l\u2019ing\u00e9nierie quantique et des nanotechnologies.\",\"breadcrumb\":{\"@id\":\"https:\/\/www.istegroup.com\/produit\/applications-et-metrologie-a-lechelle-nanometrique-2\/#breadcrumb\"},\"inLanguage\":\"fr-FR\",\"potentialAction\":[{\"@type\":\"ReadAction\",\"target\":[\"https:\/\/www.istegroup.com\/produit\/applications-et-metrologie-a-lechelle-nanometrique-2\/\"]}]},{\"@type\":\"ImageObject\",\"inLanguage\":\"fr-FR\",\"@id\":\"https:\/\/www.istegroup.com\/produit\/applications-et-metrologie-a-lechelle-nanometrique-2\/#primaryimage\",\"url\":\"https:\/\/www.istegroup.com\/wp-content\/uploads\/2021\/10\/Applications-et-metrologie-a-lechelle-nanometrique-2.jpg\",\"contentUrl\":\"https:\/\/www.istegroup.com\/wp-content\/uploads\/2021\/10\/Applications-et-metrologie-a-lechelle-nanometrique-2.jpg\",\"width\":300,\"height\":450,\"caption\":\"Livre scientifique - Applications et m\u00e9trologie \u00e0 l'\u00e9chelle nanom\u00e9trique 2 - Pierre Richard Dahoo, Philippe Pougnet, Abdelkhalak El Hami\"},{\"@type\":\"BreadcrumbList\",\"@id\":\"https:\/\/www.istegroup.com\/produit\/applications-et-metrologie-a-lechelle-nanometrique-2\/#breadcrumb\",\"itemListElement\":[{\"@type\":\"ListItem\",\"position\":1,\"name\":\"Home\",\"item\":\"https:\/\/www.istegroup.com\/\"},{\"@type\":\"ListItem\",\"position\":2,\"name\":\"Shop\",\"item\":\"https:\/\/www.istegroup.com\/fr\/nouveautes\/\"},{\"@type\":\"ListItem\",\"position\":3,\"name\":\"Applications et m\u00e9trologie \u00e0 l\u2019\u00e9chelle nanom\u00e9trique 2\"}]},{\"@type\":\"WebSite\",\"@id\":\"https:\/\/www.istegroup.com\/#website\",\"url\":\"https:\/\/www.istegroup.com\/\",\"name\":\"ISTE Group\",\"description\":\"\u00c9diteur des Sciences\",\"potentialAction\":[{\"@type\":\"SearchAction\",\"target\":{\"@type\":\"EntryPoint\",\"urlTemplate\":\"https:\/\/www.istegroup.com\/?s={search_term_string}\"},\"query-input\":{\"@type\":\"PropertyValueSpecification\",\"valueRequired\":true,\"valueName\":\"search_term_string\"}}],\"inLanguage\":\"fr-FR\"}]}<\/script>\n<!-- \/ Yoast SEO plugin. -->","yoast_head_json":{"title":"Applications et m\u00e9trologie \u00e0 l\u2019\u00e9chelle nanom\u00e9trique 2 - ISTE Group","description":"Cet ouvrage pr\u00e9sente les connaissances de base pour les applications industrielles dans le domaine de l\u2019ing\u00e9nierie quantique et des nanotechnologies.","robots":{"index":"index","follow":"follow","max-snippet":"max-snippet:-1","max-image-preview":"max-image-preview:large","max-video-preview":"max-video-preview:-1"},"canonical":"https:\/\/www.istegroup.com\/produit\/applications-et-metrologie-a-lechelle-nanometrique-2\/","og_locale":"fr_FR","og_type":"article","og_title":"Applications et m\u00e9trologie \u00e0 l\u2019\u00e9chelle nanom\u00e9trique 2 - ISTE Group","og_description":"Cet ouvrage pr\u00e9sente les connaissances de base pour les applications industrielles dans le domaine de l\u2019ing\u00e9nierie quantique et des nanotechnologies.","og_url":"https:\/\/www.istegroup.com\/produit\/applications-et-metrologie-a-lechelle-nanometrique-2\/","og_site_name":"ISTE Group","article_modified_time":"2024-01-03T13:45:22+00:00","og_image":[{"width":300,"height":450,"url":"https:\/\/www.istegroup.com\/wp-content\/uploads\/2021\/10\/Applications-et-metrologie-a-lechelle-nanometrique-2.jpg","type":"image\/jpeg"}],"twitter_card":"summary_large_image","twitter_misc":{"Est. reading time":"1 minute"},"schema":{"@context":"https:\/\/schema.org","@graph":[{"@type":"WebPage","@id":"https:\/\/www.istegroup.com\/produit\/applications-et-metrologie-a-lechelle-nanometrique-2\/","url":"https:\/\/www.istegroup.com\/produit\/applications-et-metrologie-a-lechelle-nanometrique-2\/","name":"Applications et m\u00e9trologie \u00e0 l\u2019\u00e9chelle nanom\u00e9trique 2 - ISTE Group","isPartOf":{"@id":"https:\/\/www.istegroup.com\/#website"},"primaryImageOfPage":{"@id":"https:\/\/www.istegroup.com\/produit\/applications-et-metrologie-a-lechelle-nanometrique-2\/#primaryimage"},"image":{"@id":"https:\/\/www.istegroup.com\/produit\/applications-et-metrologie-a-lechelle-nanometrique-2\/#primaryimage"},"thumbnailUrl":"https:\/\/www.istegroup.com\/wp-content\/uploads\/2021\/10\/Applications-et-metrologie-a-lechelle-nanometrique-2.jpg","datePublished":"2021-10-21T08:27:36+00:00","dateModified":"2024-01-03T13:45:22+00:00","description":"Cet ouvrage pr\u00e9sente les connaissances de base pour les applications industrielles dans le domaine de l\u2019ing\u00e9nierie quantique et des nanotechnologies.","breadcrumb":{"@id":"https:\/\/www.istegroup.com\/produit\/applications-et-metrologie-a-lechelle-nanometrique-2\/#breadcrumb"},"inLanguage":"fr-FR","potentialAction":[{"@type":"ReadAction","target":["https:\/\/www.istegroup.com\/produit\/applications-et-metrologie-a-lechelle-nanometrique-2\/"]}]},{"@type":"ImageObject","inLanguage":"fr-FR","@id":"https:\/\/www.istegroup.com\/produit\/applications-et-metrologie-a-lechelle-nanometrique-2\/#primaryimage","url":"https:\/\/www.istegroup.com\/wp-content\/uploads\/2021\/10\/Applications-et-metrologie-a-lechelle-nanometrique-2.jpg","contentUrl":"https:\/\/www.istegroup.com\/wp-content\/uploads\/2021\/10\/Applications-et-metrologie-a-lechelle-nanometrique-2.jpg","width":300,"height":450,"caption":"Livre scientifique - Applications et m\u00e9trologie \u00e0 l'\u00e9chelle nanom\u00e9trique 2 - Pierre Richard Dahoo, Philippe Pougnet, Abdelkhalak El Hami"},{"@type":"BreadcrumbList","@id":"https:\/\/www.istegroup.com\/produit\/applications-et-metrologie-a-lechelle-nanometrique-2\/#breadcrumb","itemListElement":[{"@type":"ListItem","position":1,"name":"Home","item":"https:\/\/www.istegroup.com\/"},{"@type":"ListItem","position":2,"name":"Shop","item":"https:\/\/www.istegroup.com\/fr\/nouveautes\/"},{"@type":"ListItem","position":3,"name":"Applications et m\u00e9trologie \u00e0 l\u2019\u00e9chelle nanom\u00e9trique 2"}]},{"@type":"WebSite","@id":"https:\/\/www.istegroup.com\/#website","url":"https:\/\/www.istegroup.com\/","name":"ISTE Group","description":"\u00c9diteur des Sciences","potentialAction":[{"@type":"SearchAction","target":{"@type":"EntryPoint","urlTemplate":"https:\/\/www.istegroup.com\/?s={search_term_string}"},"query-input":{"@type":"PropertyValueSpecification","valueRequired":true,"valueName":"search_term_string"}}],"inLanguage":"fr-FR"}]}},"_links":{"self":[{"href":"https:\/\/www.istegroup.com\/fr\/wp-json\/wp\/v2\/product\/44045","targetHints":{"allow":["GET"]}}],"collection":[{"href":"https:\/\/www.istegroup.com\/fr\/wp-json\/wp\/v2\/product"}],"about":[{"href":"https:\/\/www.istegroup.com\/fr\/wp-json\/wp\/v2\/types\/product"}],"wp:featuredmedia":[{"embeddable":true,"href":"https:\/\/www.istegroup.com\/fr\/wp-json\/wp\/v2\/media\/44051"}],"wp:attachment":[{"href":"https:\/\/www.istegroup.com\/fr\/wp-json\/wp\/v2\/media?parent=44045"}],"wp:term":[{"taxonomy":"product_brand","embeddable":true,"href":"https:\/\/www.istegroup.com\/fr\/wp-json\/wp\/v2\/product_brand?post=44045"},{"taxonomy":"product_cat","embeddable":true,"href":"https:\/\/www.istegroup.com\/fr\/wp-json\/wp\/v2\/product_cat?post=44045"},{"taxonomy":"product_tag","embeddable":true,"href":"https:\/\/www.istegroup.com\/fr\/wp-json\/wp\/v2\/product_tag?post=44045"}],"curies":[{"name":"wp","href":"https:\/\/api.w.org\/{rel}","templated":true}]}}