{"id":44035,"date":"2021-10-21T08:55:55","date_gmt":"2021-10-21T07:55:55","guid":{"rendered":"https:\/\/www.istegroup.com\/?post_type=product&#038;p=44035"},"modified":"2024-01-03T13:45:22","modified_gmt":"2024-01-03T13:45:22","slug":"applications-et-metrologie-a-lechelle-nanometrique-1","status":"publish","type":"product","link":"https:\/\/www.istegroup.com\/fr\/produit\/applications-et-metrologie-a-lechelle-nanometrique-1\/","title":{"rendered":"Applications et m\u00e9trologie \u00e0 l\u2019\u00e9chelle nanom\u00e9trique 1"},"content":{"rendered":"<p>Les innovations en rupture dans les domaines de l\u2019ing\u00e9nierie quantique et des nanosyst\u00e8mes s\u2019appuient sur les m\u00e9thodes d\u00e9velopp\u00e9es en recherche. Une ma\u00eetrise des techniques de mesure et de l\u2019application de mod\u00e8les th\u00e9oriques bas\u00e9s sur les principes de la m\u00e9canique quantique sont n\u00e9cessaires.<\/p>\n<p>Cet ouvrage pr\u00e9sente des m\u00e9thodes exp\u00e9rimentales pour d\u00e9velopper et caract\u00e9riser les mat\u00e9riaux \u00e0 l\u2019\u00e9chelle nanom\u00e9trique, pour des cas pratiques d\u2019applications des ondes \u00e9lectromagn\u00e9tiques tels que la 5G ou l\u2019h\u00e9t\u00e9rodynage en optique. Il traite \u00e9galement des mat\u00e9riaux intelligents par le couplage \u00e9lectrom\u00e9canique des pi\u00e9zo\u00e9lectriques, en se focalisant sur la r\u00e9duction des \u00e9chelles et sur les applications \u00e9lectrom\u00e9caniques. L\u2019utilit\u00e9 des m\u00e9thodes d\u2019analyse statistique bas\u00e9es sur les facteurs de s\u00fbret\u00e9 et sur les techniques de calcul les plus avanc\u00e9es en fiabilit\u00e9 est d\u00e9montr\u00e9e pour l\u2019optimisation des syst\u00e8mes employ\u00e9s dans la caract\u00e9risation, l\u2019exp\u00e9rimentation et la conception de produits industriels.<\/p>\n","protected":false},"excerpt":{"rendered":"<p>Les innovations en rupture dans les domaines de l\u2019ing\u00e9nierie quantique et des nanosyst\u00e8mes s\u2019appuient sur les m\u00e9thodes d\u00e9velopp\u00e9es en recherche. Une ma\u00eetrise des techniques de mesure et de l\u2019application de mod\u00e8les th\u00e9oriques bas\u00e9s sur les principes de la m\u00e9canique quantique sont n\u00e9cessaires. Cet ouvrage pr\u00e9sente des m\u00e9thodes exp\u00e9rimentales pour d\u00e9velopper et caract\u00e9riser les mat\u00e9riaux \u00e0 [&hellip;]<\/p>\n","protected":false},"featured_media":44044,"template":"","meta":{"_acf_changed":false,"_links_to":"","_links_to_target":""},"product_brand":[],"product_cat":[3262],"product_tag":[],"class_list":{"0":"post-44035","1":"product","2":"type-product","3":"status-publish","4":"has-post-thumbnail","6":"product_cat-non-classe","8":"first","9":"instock","10":"shipping-taxable","11":"purchasable","12":"product-type-variable"},"acf":[],"yoast_head":"<!-- This site is optimized with the Yoast SEO plugin v27.2 - https:\/\/yoast.com\/product\/yoast-seo-wordpress\/ -->\n<title>Applications et m\u00e9trologie \u00e0 l\u2019\u00e9chelle nanom\u00e9trique 1 - ISTE Group<\/title>\n<meta name=\"description\" content=\"Cet ouvrage pr\u00e9sente des m\u00e9thodes exp\u00e9rimentales pour d\u00e9velopper et caract\u00e9riser les mat\u00e9riaux \u00e0 l\u2019\u00e9chelle nanom\u00e9trique, pour des cas pratiques d\u2019applications des ondes \u00e9lectromagn\u00e9tiques tels que la 5G ou l\u2019h\u00e9t\u00e9rodynage en optique.\" \/>\n<meta name=\"robots\" content=\"index, follow, max-snippet:-1, max-image-preview:large, max-video-preview:-1\" \/>\n<link rel=\"canonical\" href=\"https:\/\/www.istegroup.com\/produit\/applications-et-metrologie-a-lechelle-nanometrique-1\/\" \/>\n<meta property=\"og:locale\" content=\"fr_FR\" \/>\n<meta property=\"og:type\" content=\"article\" \/>\n<meta property=\"og:title\" content=\"Applications et m\u00e9trologie \u00e0 l\u2019\u00e9chelle nanom\u00e9trique 1 - ISTE Group\" \/>\n<meta property=\"og:description\" content=\"Cet ouvrage pr\u00e9sente des m\u00e9thodes exp\u00e9rimentales pour d\u00e9velopper et caract\u00e9riser les mat\u00e9riaux \u00e0 l\u2019\u00e9chelle nanom\u00e9trique, pour des cas pratiques d\u2019applications des ondes \u00e9lectromagn\u00e9tiques tels que la 5G ou l\u2019h\u00e9t\u00e9rodynage en optique.\" \/>\n<meta property=\"og:url\" content=\"https:\/\/www.istegroup.com\/produit\/applications-et-metrologie-a-lechelle-nanometrique-1\/\" \/>\n<meta property=\"og:site_name\" content=\"ISTE Group\" \/>\n<meta property=\"article:modified_time\" content=\"2024-01-03T13:45:22+00:00\" \/>\n<meta property=\"og:image\" content=\"https:\/\/www.istegroup.com\/wp-content\/uploads\/2021\/10\/Applications-et-metrologie-a-lechelle-nanometrique-1.jpg\" \/>\n\t<meta property=\"og:image:width\" content=\"300\" \/>\n\t<meta property=\"og:image:height\" content=\"452\" \/>\n\t<meta property=\"og:image:type\" content=\"image\/jpeg\" \/>\n<meta name=\"twitter:card\" content=\"summary_large_image\" \/>\n<meta name=\"twitter:label1\" content=\"Est. reading time\" \/>\n\t<meta name=\"twitter:data1\" content=\"1 minute\" \/>\n<script type=\"application\/ld+json\" class=\"yoast-schema-graph\">{\"@context\":\"https:\/\/schema.org\",\"@graph\":[{\"@type\":\"WebPage\",\"@id\":\"https:\/\/www.istegroup.com\/produit\/applications-et-metrologie-a-lechelle-nanometrique-1\/\",\"url\":\"https:\/\/www.istegroup.com\/produit\/applications-et-metrologie-a-lechelle-nanometrique-1\/\",\"name\":\"Applications et m\u00e9trologie \u00e0 l\u2019\u00e9chelle nanom\u00e9trique 1 - ISTE Group\",\"isPartOf\":{\"@id\":\"https:\/\/www.istegroup.com\/#website\"},\"primaryImageOfPage\":{\"@id\":\"https:\/\/www.istegroup.com\/produit\/applications-et-metrologie-a-lechelle-nanometrique-1\/#primaryimage\"},\"image\":{\"@id\":\"https:\/\/www.istegroup.com\/produit\/applications-et-metrologie-a-lechelle-nanometrique-1\/#primaryimage\"},\"thumbnailUrl\":\"https:\/\/www.istegroup.com\/wp-content\/uploads\/2021\/10\/Applications-et-metrologie-a-lechelle-nanometrique-1.jpg\",\"datePublished\":\"2021-10-21T07:55:55+00:00\",\"dateModified\":\"2024-01-03T13:45:22+00:00\",\"description\":\"Cet ouvrage pr\u00e9sente des m\u00e9thodes exp\u00e9rimentales pour d\u00e9velopper et caract\u00e9riser les mat\u00e9riaux \u00e0 l\u2019\u00e9chelle nanom\u00e9trique, pour des cas pratiques d\u2019applications des ondes \u00e9lectromagn\u00e9tiques tels que la 5G ou l\u2019h\u00e9t\u00e9rodynage en optique.\",\"breadcrumb\":{\"@id\":\"https:\/\/www.istegroup.com\/produit\/applications-et-metrologie-a-lechelle-nanometrique-1\/#breadcrumb\"},\"inLanguage\":\"fr-FR\",\"potentialAction\":[{\"@type\":\"ReadAction\",\"target\":[\"https:\/\/www.istegroup.com\/produit\/applications-et-metrologie-a-lechelle-nanometrique-1\/\"]}]},{\"@type\":\"ImageObject\",\"inLanguage\":\"fr-FR\",\"@id\":\"https:\/\/www.istegroup.com\/produit\/applications-et-metrologie-a-lechelle-nanometrique-1\/#primaryimage\",\"url\":\"https:\/\/www.istegroup.com\/wp-content\/uploads\/2021\/10\/Applications-et-metrologie-a-lechelle-nanometrique-1.jpg\",\"contentUrl\":\"https:\/\/www.istegroup.com\/wp-content\/uploads\/2021\/10\/Applications-et-metrologie-a-lechelle-nanometrique-1.jpg\",\"width\":300,\"height\":452,\"caption\":\"Livre scientifique - Applications et m\u00e9trologie \u00e0 l'\u00e9chelle nanom\u00e9trique 1 - Pierre Richard Dahoo, Philippe Pougnet, Abdelkhalak El Hami\"},{\"@type\":\"BreadcrumbList\",\"@id\":\"https:\/\/www.istegroup.com\/produit\/applications-et-metrologie-a-lechelle-nanometrique-1\/#breadcrumb\",\"itemListElement\":[{\"@type\":\"ListItem\",\"position\":1,\"name\":\"Home\",\"item\":\"https:\/\/www.istegroup.com\/\"},{\"@type\":\"ListItem\",\"position\":2,\"name\":\"Shop\",\"item\":\"https:\/\/www.istegroup.com\/fr\/nouveautes\/\"},{\"@type\":\"ListItem\",\"position\":3,\"name\":\"Applications et m\u00e9trologie \u00e0 l\u2019\u00e9chelle nanom\u00e9trique 1\"}]},{\"@type\":\"WebSite\",\"@id\":\"https:\/\/www.istegroup.com\/#website\",\"url\":\"https:\/\/www.istegroup.com\/\",\"name\":\"ISTE Group\",\"description\":\"\u00c9diteur des Sciences\",\"potentialAction\":[{\"@type\":\"SearchAction\",\"target\":{\"@type\":\"EntryPoint\",\"urlTemplate\":\"https:\/\/www.istegroup.com\/?s={search_term_string}\"},\"query-input\":{\"@type\":\"PropertyValueSpecification\",\"valueRequired\":true,\"valueName\":\"search_term_string\"}}],\"inLanguage\":\"fr-FR\"}]}<\/script>\n<!-- \/ Yoast SEO plugin. -->","yoast_head_json":{"title":"Applications et m\u00e9trologie \u00e0 l\u2019\u00e9chelle nanom\u00e9trique 1 - ISTE Group","description":"Cet ouvrage pr\u00e9sente des m\u00e9thodes exp\u00e9rimentales pour d\u00e9velopper et caract\u00e9riser les mat\u00e9riaux \u00e0 l\u2019\u00e9chelle nanom\u00e9trique, pour des cas pratiques d\u2019applications des ondes \u00e9lectromagn\u00e9tiques tels que la 5G ou l\u2019h\u00e9t\u00e9rodynage en optique.","robots":{"index":"index","follow":"follow","max-snippet":"max-snippet:-1","max-image-preview":"max-image-preview:large","max-video-preview":"max-video-preview:-1"},"canonical":"https:\/\/www.istegroup.com\/produit\/applications-et-metrologie-a-lechelle-nanometrique-1\/","og_locale":"fr_FR","og_type":"article","og_title":"Applications et m\u00e9trologie \u00e0 l\u2019\u00e9chelle nanom\u00e9trique 1 - ISTE Group","og_description":"Cet ouvrage pr\u00e9sente des m\u00e9thodes exp\u00e9rimentales pour d\u00e9velopper et caract\u00e9riser les mat\u00e9riaux \u00e0 l\u2019\u00e9chelle nanom\u00e9trique, pour des cas pratiques d\u2019applications des ondes \u00e9lectromagn\u00e9tiques tels que la 5G ou l\u2019h\u00e9t\u00e9rodynage en optique.","og_url":"https:\/\/www.istegroup.com\/produit\/applications-et-metrologie-a-lechelle-nanometrique-1\/","og_site_name":"ISTE Group","article_modified_time":"2024-01-03T13:45:22+00:00","og_image":[{"width":300,"height":452,"url":"https:\/\/www.istegroup.com\/wp-content\/uploads\/2021\/10\/Applications-et-metrologie-a-lechelle-nanometrique-1.jpg","type":"image\/jpeg"}],"twitter_card":"summary_large_image","twitter_misc":{"Est. reading time":"1 minute"},"schema":{"@context":"https:\/\/schema.org","@graph":[{"@type":"WebPage","@id":"https:\/\/www.istegroup.com\/produit\/applications-et-metrologie-a-lechelle-nanometrique-1\/","url":"https:\/\/www.istegroup.com\/produit\/applications-et-metrologie-a-lechelle-nanometrique-1\/","name":"Applications et m\u00e9trologie \u00e0 l\u2019\u00e9chelle nanom\u00e9trique 1 - ISTE Group","isPartOf":{"@id":"https:\/\/www.istegroup.com\/#website"},"primaryImageOfPage":{"@id":"https:\/\/www.istegroup.com\/produit\/applications-et-metrologie-a-lechelle-nanometrique-1\/#primaryimage"},"image":{"@id":"https:\/\/www.istegroup.com\/produit\/applications-et-metrologie-a-lechelle-nanometrique-1\/#primaryimage"},"thumbnailUrl":"https:\/\/www.istegroup.com\/wp-content\/uploads\/2021\/10\/Applications-et-metrologie-a-lechelle-nanometrique-1.jpg","datePublished":"2021-10-21T07:55:55+00:00","dateModified":"2024-01-03T13:45:22+00:00","description":"Cet ouvrage pr\u00e9sente des m\u00e9thodes exp\u00e9rimentales pour d\u00e9velopper et caract\u00e9riser les mat\u00e9riaux \u00e0 l\u2019\u00e9chelle nanom\u00e9trique, pour des cas pratiques d\u2019applications des ondes \u00e9lectromagn\u00e9tiques tels que la 5G ou l\u2019h\u00e9t\u00e9rodynage en optique.","breadcrumb":{"@id":"https:\/\/www.istegroup.com\/produit\/applications-et-metrologie-a-lechelle-nanometrique-1\/#breadcrumb"},"inLanguage":"fr-FR","potentialAction":[{"@type":"ReadAction","target":["https:\/\/www.istegroup.com\/produit\/applications-et-metrologie-a-lechelle-nanometrique-1\/"]}]},{"@type":"ImageObject","inLanguage":"fr-FR","@id":"https:\/\/www.istegroup.com\/produit\/applications-et-metrologie-a-lechelle-nanometrique-1\/#primaryimage","url":"https:\/\/www.istegroup.com\/wp-content\/uploads\/2021\/10\/Applications-et-metrologie-a-lechelle-nanometrique-1.jpg","contentUrl":"https:\/\/www.istegroup.com\/wp-content\/uploads\/2021\/10\/Applications-et-metrologie-a-lechelle-nanometrique-1.jpg","width":300,"height":452,"caption":"Livre scientifique - Applications et m\u00e9trologie \u00e0 l'\u00e9chelle nanom\u00e9trique 1 - Pierre Richard Dahoo, Philippe Pougnet, Abdelkhalak El Hami"},{"@type":"BreadcrumbList","@id":"https:\/\/www.istegroup.com\/produit\/applications-et-metrologie-a-lechelle-nanometrique-1\/#breadcrumb","itemListElement":[{"@type":"ListItem","position":1,"name":"Home","item":"https:\/\/www.istegroup.com\/"},{"@type":"ListItem","position":2,"name":"Shop","item":"https:\/\/www.istegroup.com\/fr\/nouveautes\/"},{"@type":"ListItem","position":3,"name":"Applications et m\u00e9trologie \u00e0 l\u2019\u00e9chelle nanom\u00e9trique 1"}]},{"@type":"WebSite","@id":"https:\/\/www.istegroup.com\/#website","url":"https:\/\/www.istegroup.com\/","name":"ISTE Group","description":"\u00c9diteur des Sciences","potentialAction":[{"@type":"SearchAction","target":{"@type":"EntryPoint","urlTemplate":"https:\/\/www.istegroup.com\/?s={search_term_string}"},"query-input":{"@type":"PropertyValueSpecification","valueRequired":true,"valueName":"search_term_string"}}],"inLanguage":"fr-FR"}]}},"_links":{"self":[{"href":"https:\/\/www.istegroup.com\/fr\/wp-json\/wp\/v2\/product\/44035","targetHints":{"allow":["GET"]}}],"collection":[{"href":"https:\/\/www.istegroup.com\/fr\/wp-json\/wp\/v2\/product"}],"about":[{"href":"https:\/\/www.istegroup.com\/fr\/wp-json\/wp\/v2\/types\/product"}],"wp:featuredmedia":[{"embeddable":true,"href":"https:\/\/www.istegroup.com\/fr\/wp-json\/wp\/v2\/media\/44044"}],"wp:attachment":[{"href":"https:\/\/www.istegroup.com\/fr\/wp-json\/wp\/v2\/media?parent=44035"}],"wp:term":[{"taxonomy":"product_brand","embeddable":true,"href":"https:\/\/www.istegroup.com\/fr\/wp-json\/wp\/v2\/product_brand?post=44035"},{"taxonomy":"product_cat","embeddable":true,"href":"https:\/\/www.istegroup.com\/fr\/wp-json\/wp\/v2\/product_cat?post=44035"},{"taxonomy":"product_tag","embeddable":true,"href":"https:\/\/www.istegroup.com\/fr\/wp-json\/wp\/v2\/product_tag?post=44035"}],"curies":[{"name":"wp","href":"https:\/\/api.w.org\/{rel}","templated":true}]}}