{"id":44014,"date":"2021-10-25T14:36:52","date_gmt":"2021-10-25T13:36:52","guid":{"rendered":"https:\/\/www.istegroup.com\/?post_type=product&#038;p=44014"},"modified":"2024-01-03T13:45:19","modified_gmt":"2024-01-03T13:45:19","slug":"les-tests-de-logiciels-1","status":"publish","type":"product","link":"https:\/\/www.istegroup.com\/fr\/produit\/les-tests-de-logiciels-1\/","title":{"rendered":"Les tests de logiciels 1"},"content":{"rendered":"<p>Les tests logiciels n\u00e9cessitent des connaissances de base qui sont couvertes par la certification ISTQB niveau fondation. Celle-ci devient un pr\u00e9requis pour commencer une carri\u00e8re dans le monde du test de logiciels.<\/p>\n<p>Couvrant chaque section du syllabus ISTQB fondation (v. 2018), <em>Les tests de logiciels 1<\/em> pr\u00e9sente les diff\u00e9rents concepts, analyse les processus et \u00e9tudie les techniques de base n\u00e9cessaires pour d\u00e9tecter les d\u00e9fauts dans les logiciels, ind\u00e9pendamment de la m\u00e9thode de d\u00e9veloppement (agile ou s\u00e9quentielle).<\/p>\n<p>Cet ouvrage apporte des r\u00e9ponses pragmatiques pour les professionnels sur la gestion des tests selon les risques, le calcul de rentabilit\u00e9 et le retour sur investissement des tests logiciels. Il fournit un r\u00e9f\u00e9rentiel \u00e0 destination des DSI, MOE et MOA et traite des aspects de remont\u00e9e d\u2019informations, d\u2019estimation de charge et de suivi. Outre ces explications d\u00e9taill\u00e9es, il pr\u00e9pare \u00e0 la certification en fournissant la terminologie, ainsi que des QCM et un examen blanc, pour r\u00e9ussir avec succ\u00e8s l\u2019examen de certification de l\u2019ISTQB.<\/p>\n","protected":false},"excerpt":{"rendered":"<p>Les tests logiciels n\u00e9cessitent des connaissances de base qui sont couvertes par la certification ISTQB niveau fondation. Celle-ci devient un pr\u00e9requis pour commencer une carri\u00e8re dans le monde du test de logiciels. Couvrant chaque section du syllabus ISTQB fondation (v. 2018), Les tests de logiciels 1 pr\u00e9sente les diff\u00e9rents concepts, analyse les processus et \u00e9tudie [&hellip;]<\/p>\n","protected":false},"featured_media":44019,"template":"","meta":{"_acf_changed":false,"_links_to":"","_links_to_target":""},"product_brand":[],"product_cat":[3262],"product_tag":[],"class_list":{"0":"post-44014","1":"product","2":"type-product","3":"status-publish","4":"has-post-thumbnail","6":"product_cat-non-classe","8":"first","9":"instock","10":"shipping-taxable","11":"purchasable","12":"product-type-variable"},"acf":[],"yoast_head":"<!-- This site is optimized with the Yoast SEO plugin v27.2 - https:\/\/yoast.com\/product\/yoast-seo-wordpress\/ -->\n<title>Les tests de logiciels 1 - ISTE Group<\/title>\n<meta name=\"description\" content=\"Les tests de logiciels 1 pr\u00e9sente les diff\u00e9rents concepts, analyse les processus et \u00e9tudie les techniques de base n\u00e9cessaires pour d\u00e9tecter les d\u00e9fauts dans les logiciels, ind\u00e9pendamment de la m\u00e9thode de d\u00e9veloppement (agile ou s\u00e9quentielle).\" \/>\n<meta name=\"robots\" content=\"index, follow, max-snippet:-1, max-image-preview:large, max-video-preview:-1\" \/>\n<link rel=\"canonical\" href=\"https:\/\/www.istegroup.com\/produit\/les-tests-de-logiciels-1\/\" \/>\n<meta property=\"og:locale\" content=\"fr_FR\" \/>\n<meta property=\"og:type\" content=\"article\" \/>\n<meta property=\"og:title\" content=\"Les tests de logiciels 1 - ISTE Group\" \/>\n<meta property=\"og:description\" content=\"Les tests de logiciels 1 pr\u00e9sente les diff\u00e9rents concepts, analyse les processus et \u00e9tudie les techniques de base n\u00e9cessaires pour d\u00e9tecter les d\u00e9fauts dans les logiciels, ind\u00e9pendamment de la m\u00e9thode de d\u00e9veloppement (agile ou s\u00e9quentielle).\" \/>\n<meta property=\"og:url\" content=\"https:\/\/www.istegroup.com\/produit\/les-tests-de-logiciels-1\/\" \/>\n<meta property=\"og:site_name\" content=\"ISTE Group\" \/>\n<meta property=\"article:modified_time\" content=\"2024-01-03T13:45:19+00:00\" \/>\n<meta property=\"og:image\" content=\"https:\/\/www.istegroup.com\/wp-content\/uploads\/2021\/10\/Les-tests-de-logiciels-1.jpg\" \/>\n\t<meta property=\"og:image:width\" content=\"300\" \/>\n\t<meta property=\"og:image:height\" content=\"449\" \/>\n\t<meta property=\"og:image:type\" content=\"image\/jpeg\" \/>\n<meta name=\"twitter:card\" content=\"summary_large_image\" \/>\n<meta name=\"twitter:label1\" content=\"Est. reading time\" \/>\n\t<meta name=\"twitter:data1\" content=\"1 minute\" \/>\n<script type=\"application\/ld+json\" class=\"yoast-schema-graph\">{\"@context\":\"https:\/\/schema.org\",\"@graph\":[{\"@type\":\"WebPage\",\"@id\":\"https:\/\/www.istegroup.com\/produit\/les-tests-de-logiciels-1\/\",\"url\":\"https:\/\/www.istegroup.com\/produit\/les-tests-de-logiciels-1\/\",\"name\":\"Les tests de logiciels 1 - ISTE Group\",\"isPartOf\":{\"@id\":\"https:\/\/www.istegroup.com\/#website\"},\"primaryImageOfPage\":{\"@id\":\"https:\/\/www.istegroup.com\/produit\/les-tests-de-logiciels-1\/#primaryimage\"},\"image\":{\"@id\":\"https:\/\/www.istegroup.com\/produit\/les-tests-de-logiciels-1\/#primaryimage\"},\"thumbnailUrl\":\"https:\/\/www.istegroup.com\/wp-content\/uploads\/2021\/10\/Les-tests-de-logiciels-1.jpg\",\"datePublished\":\"2021-10-25T13:36:52+00:00\",\"dateModified\":\"2024-01-03T13:45:19+00:00\",\"description\":\"Les tests de logiciels 1 pr\u00e9sente les diff\u00e9rents concepts, analyse les processus et \u00e9tudie les techniques de base n\u00e9cessaires pour d\u00e9tecter les d\u00e9fauts dans les logiciels, ind\u00e9pendamment de la m\u00e9thode de d\u00e9veloppement (agile ou s\u00e9quentielle).\",\"breadcrumb\":{\"@id\":\"https:\/\/www.istegroup.com\/produit\/les-tests-de-logiciels-1\/#breadcrumb\"},\"inLanguage\":\"fr-FR\",\"potentialAction\":[{\"@type\":\"ReadAction\",\"target\":[\"https:\/\/www.istegroup.com\/produit\/les-tests-de-logiciels-1\/\"]}]},{\"@type\":\"ImageObject\",\"inLanguage\":\"fr-FR\",\"@id\":\"https:\/\/www.istegroup.com\/produit\/les-tests-de-logiciels-1\/#primaryimage\",\"url\":\"https:\/\/www.istegroup.com\/wp-content\/uploads\/2021\/10\/Les-tests-de-logiciels-1.jpg\",\"contentUrl\":\"https:\/\/www.istegroup.com\/wp-content\/uploads\/2021\/10\/Les-tests-de-logiciels-1.jpg\",\"width\":300,\"height\":449,\"caption\":\"Livre scientifique - Les tests de logiciels 1 - Bernard Hom\u00e8s\"},{\"@type\":\"BreadcrumbList\",\"@id\":\"https:\/\/www.istegroup.com\/produit\/les-tests-de-logiciels-1\/#breadcrumb\",\"itemListElement\":[{\"@type\":\"ListItem\",\"position\":1,\"name\":\"Home\",\"item\":\"https:\/\/www.istegroup.com\/\"},{\"@type\":\"ListItem\",\"position\":2,\"name\":\"Shop\",\"item\":\"https:\/\/www.istegroup.com\/fr\/nouveautes\/\"},{\"@type\":\"ListItem\",\"position\":3,\"name\":\"Les tests de logiciels 1\"}]},{\"@type\":\"WebSite\",\"@id\":\"https:\/\/www.istegroup.com\/#website\",\"url\":\"https:\/\/www.istegroup.com\/\",\"name\":\"ISTE Group\",\"description\":\"\u00c9diteur des Sciences\",\"potentialAction\":[{\"@type\":\"SearchAction\",\"target\":{\"@type\":\"EntryPoint\",\"urlTemplate\":\"https:\/\/www.istegroup.com\/?s={search_term_string}\"},\"query-input\":{\"@type\":\"PropertyValueSpecification\",\"valueRequired\":true,\"valueName\":\"search_term_string\"}}],\"inLanguage\":\"fr-FR\"}]}<\/script>\n<!-- \/ Yoast SEO plugin. -->","yoast_head_json":{"title":"Les tests de logiciels 1 - ISTE Group","description":"Les tests de logiciels 1 pr\u00e9sente les diff\u00e9rents concepts, analyse les processus et \u00e9tudie les techniques de base n\u00e9cessaires pour d\u00e9tecter les d\u00e9fauts dans les logiciels, ind\u00e9pendamment de la m\u00e9thode de d\u00e9veloppement (agile ou s\u00e9quentielle).","robots":{"index":"index","follow":"follow","max-snippet":"max-snippet:-1","max-image-preview":"max-image-preview:large","max-video-preview":"max-video-preview:-1"},"canonical":"https:\/\/www.istegroup.com\/produit\/les-tests-de-logiciels-1\/","og_locale":"fr_FR","og_type":"article","og_title":"Les tests de logiciels 1 - ISTE Group","og_description":"Les tests de logiciels 1 pr\u00e9sente les diff\u00e9rents concepts, analyse les processus et \u00e9tudie les techniques de base n\u00e9cessaires pour d\u00e9tecter les d\u00e9fauts dans les logiciels, ind\u00e9pendamment de la m\u00e9thode de d\u00e9veloppement (agile ou s\u00e9quentielle).","og_url":"https:\/\/www.istegroup.com\/produit\/les-tests-de-logiciels-1\/","og_site_name":"ISTE Group","article_modified_time":"2024-01-03T13:45:19+00:00","og_image":[{"width":300,"height":449,"url":"https:\/\/www.istegroup.com\/wp-content\/uploads\/2021\/10\/Les-tests-de-logiciels-1.jpg","type":"image\/jpeg"}],"twitter_card":"summary_large_image","twitter_misc":{"Est. reading time":"1 minute"},"schema":{"@context":"https:\/\/schema.org","@graph":[{"@type":"WebPage","@id":"https:\/\/www.istegroup.com\/produit\/les-tests-de-logiciels-1\/","url":"https:\/\/www.istegroup.com\/produit\/les-tests-de-logiciels-1\/","name":"Les tests de logiciels 1 - ISTE Group","isPartOf":{"@id":"https:\/\/www.istegroup.com\/#website"},"primaryImageOfPage":{"@id":"https:\/\/www.istegroup.com\/produit\/les-tests-de-logiciels-1\/#primaryimage"},"image":{"@id":"https:\/\/www.istegroup.com\/produit\/les-tests-de-logiciels-1\/#primaryimage"},"thumbnailUrl":"https:\/\/www.istegroup.com\/wp-content\/uploads\/2021\/10\/Les-tests-de-logiciels-1.jpg","datePublished":"2021-10-25T13:36:52+00:00","dateModified":"2024-01-03T13:45:19+00:00","description":"Les tests de logiciels 1 pr\u00e9sente les diff\u00e9rents concepts, analyse les processus et \u00e9tudie les techniques de base n\u00e9cessaires pour d\u00e9tecter les d\u00e9fauts dans les logiciels, ind\u00e9pendamment de la m\u00e9thode de d\u00e9veloppement (agile ou s\u00e9quentielle).","breadcrumb":{"@id":"https:\/\/www.istegroup.com\/produit\/les-tests-de-logiciels-1\/#breadcrumb"},"inLanguage":"fr-FR","potentialAction":[{"@type":"ReadAction","target":["https:\/\/www.istegroup.com\/produit\/les-tests-de-logiciels-1\/"]}]},{"@type":"ImageObject","inLanguage":"fr-FR","@id":"https:\/\/www.istegroup.com\/produit\/les-tests-de-logiciels-1\/#primaryimage","url":"https:\/\/www.istegroup.com\/wp-content\/uploads\/2021\/10\/Les-tests-de-logiciels-1.jpg","contentUrl":"https:\/\/www.istegroup.com\/wp-content\/uploads\/2021\/10\/Les-tests-de-logiciels-1.jpg","width":300,"height":449,"caption":"Livre scientifique - Les tests de logiciels 1 - Bernard Hom\u00e8s"},{"@type":"BreadcrumbList","@id":"https:\/\/www.istegroup.com\/produit\/les-tests-de-logiciels-1\/#breadcrumb","itemListElement":[{"@type":"ListItem","position":1,"name":"Home","item":"https:\/\/www.istegroup.com\/"},{"@type":"ListItem","position":2,"name":"Shop","item":"https:\/\/www.istegroup.com\/fr\/nouveautes\/"},{"@type":"ListItem","position":3,"name":"Les tests de logiciels 1"}]},{"@type":"WebSite","@id":"https:\/\/www.istegroup.com\/#website","url":"https:\/\/www.istegroup.com\/","name":"ISTE Group","description":"\u00c9diteur des Sciences","potentialAction":[{"@type":"SearchAction","target":{"@type":"EntryPoint","urlTemplate":"https:\/\/www.istegroup.com\/?s={search_term_string}"},"query-input":{"@type":"PropertyValueSpecification","valueRequired":true,"valueName":"search_term_string"}}],"inLanguage":"fr-FR"}]}},"_links":{"self":[{"href":"https:\/\/www.istegroup.com\/fr\/wp-json\/wp\/v2\/product\/44014","targetHints":{"allow":["GET"]}}],"collection":[{"href":"https:\/\/www.istegroup.com\/fr\/wp-json\/wp\/v2\/product"}],"about":[{"href":"https:\/\/www.istegroup.com\/fr\/wp-json\/wp\/v2\/types\/product"}],"wp:featuredmedia":[{"embeddable":true,"href":"https:\/\/www.istegroup.com\/fr\/wp-json\/wp\/v2\/media\/44019"}],"wp:attachment":[{"href":"https:\/\/www.istegroup.com\/fr\/wp-json\/wp\/v2\/media?parent=44014"}],"wp:term":[{"taxonomy":"product_brand","embeddable":true,"href":"https:\/\/www.istegroup.com\/fr\/wp-json\/wp\/v2\/product_brand?post=44014"},{"taxonomy":"product_cat","embeddable":true,"href":"https:\/\/www.istegroup.com\/fr\/wp-json\/wp\/v2\/product_cat?post=44014"},{"taxonomy":"product_tag","embeddable":true,"href":"https:\/\/www.istegroup.com\/fr\/wp-json\/wp\/v2\/product_tag?post=44014"}],"curies":[{"name":"wp","href":"https:\/\/api.w.org\/{rel}","templated":true}]}}