{"id":435,"date":"2016-03-05T14:31:51","date_gmt":"2016-03-05T13:31:51","guid":{"rendered":"https:\/\/iste.yhello.co\/product\/les-nouveaux-systemes-autonomes\/"},"modified":"2024-01-03T13:40:02","modified_gmt":"2024-01-03T13:40:02","slug":"les-nouveaux-systemes-autonomes","status":"publish","type":"product","link":"https:\/\/www.istegroup.com\/fr\/produit\/les-nouveaux-systemes-autonomes\/","title":{"rendered":"Les nouveaux syst\u00e8mes autonomes"},"content":{"rendered":"<p>La s\u00e9rie\u00a0<em>Fiabilit\u00e9 des syst\u00e8mes multiphysiques<\/em>\u00a0s\u2019int\u00e9resse aux avanc\u00e9es de la recherche et de l\u2019industrie appliqu\u00e9es aux domaines de l\u2019optimisation, de la fiabilit\u00e9 et de la prise en compte des incertitudes des syst\u00e8mes. Ce couplage est \u00e0 la base de la comp\u00e9titivit\u00e9 des entreprises dans les secteurs de l\u2019automobile, de l\u2019a\u00e9ronautique, du g\u00e9nie civil ou de la d\u00e9fense.<\/p>\n<p>Il est aujourd\u2019hui possible de concevoir des syst\u00e8mes autonomes qui agissent selon leurs propres intentions en s\u2019appuyant sur leurs capacit\u00e9s de perception, de repr\u00e9sentation et d\u2019action. Ce sont des syst\u00e8mes capables de s\u2019autoconfigurer et de se r\u00e9organiser.<\/p>\n<p>Cet ouvrage pr\u00e9sente un mod\u00e8le de conception d\u2019un syst\u00e8me autonome dont les composants fonctionnels sont unifi\u00e9s en d\u00e9veloppant une couche logicielle g\u00e9n\u00e9rant des repr\u00e9sentations. Cette couche est con\u00e7ue avec des syst\u00e8mes multi-agents massifs dot\u00e9s d\u2019un contr\u00f4le original multi-\u00e9chelle et continu. Un tel logiciel permet ainsi de g\u00e9n\u00e9rer, \u00e0 partir de ce que ces syst\u00e8mes appr\u00e9hendent et con\u00e7oivent, des repr\u00e9sentations conceptuelles et sensibles. Il est capable d\u2019investir et d\u2019utiliser une corpor\u00e9it\u00e9 artificielle en ayant l\u2019architecture d\u2019un d\u00e9but de Soi et en g\u00e9n\u00e9rant une forme d\u2019autonomie fortement inspir\u00e9e de celles des organismes vivants.<\/p>\n","protected":false},"excerpt":{"rendered":"<p>La s\u00e9rie\u00a0Fiabilit\u00e9 des syst\u00e8mes multiphysiques\u00a0s\u2019int\u00e9resse aux avanc\u00e9es de la recherche et de l\u2019industrie appliqu\u00e9es aux domaines de l\u2019optimisation, de la fiabilit\u00e9 et de la prise en compte des incertitudes des syst\u00e8mes. Ce couplage est \u00e0 la base de la comp\u00e9titivit\u00e9 des entreprises dans les secteurs de l\u2019automobile, de l\u2019a\u00e9ronautique, du g\u00e9nie civil ou de la [&hellip;]<\/p>\n","protected":false},"featured_media":436,"template":"","meta":{"_acf_changed":false,"_links_to":"","_links_to_target":""},"product_brand":[],"product_cat":[664,692],"product_tag":[1781,31,196,289,197,198,199,21,200,22,201,1782,203,204,63,25,172,209,1783,1784,1785,1786,212,38,192,145,28,1787,1788,1789,253,262],"class_list":{"0":"post-435","1":"product","2":"type-product","3":"status-publish","4":"has-post-thumbnail","6":"product_cat-gnie-mcanique-et-mcanique-des-solides-12506462","7":"product_cat-srie-fiabilit-des-systmes-multiphysiques-185854340","8":"product_tag-alain-cardon","9":"product_tag-ebook","10":"product_tag-ebooks","11":"product_tag-innovation","12":"product_tag-iste","13":"product_tag-iste-edition","14":"product_tag-iste-editions","15":"product_tag-iste-group","16":"product_tag-isteedition","17":"product_tag-istegroup","18":"product_tag-kindle","19":"product_tag-les-nouveaux-systemes-autonomes","20":"product_tag-liseuse","21":"product_tag-livre","22":"product_tag-livre-electronique","23":"product_tag-livre-numerique","24":"product_tag-livre-scientifique","25":"product_tag-livres-scientifiques","26":"product_tag-mhamed-itmi","27":"product_tag-modele-de-conception","28":"product_tag-multi-agent-dun-systeme-autonome","29":"product_tag-nouveaux-systemes","30":"product_tag-ouvrage","31":"product_tag-ouvrage-numerique","32":"product_tag-ouvrage-science","33":"product_tag-ouvrage-scientifique","34":"product_tag-ouvrage-scientifique-francais","35":"product_tag-systemes-autonomes","36":"product_tag-systemes-autonomes-distribues","37":"product_tag-systemes-multi-agents","38":"product_tag-technologie","39":"product_tag-technologies","41":"first","42":"instock","43":"shipping-taxable","44":"purchasable","45":"product-type-variable"},"acf":[],"yoast_head":"<!-- This site is optimized with the Yoast SEO plugin v27.2 - https:\/\/yoast.com\/product\/yoast-seo-wordpress\/ -->\n<title>Les nouveaux syst\u00e8mes autonomes - ISTE Group<\/title>\n<meta name=\"robots\" content=\"index, follow, max-snippet:-1, max-image-preview:large, max-video-preview:-1\" \/>\n<link rel=\"canonical\" href=\"https:\/\/www.istegroup.com\/fr\/produit\/les-nouveaux-systemes-autonomes\/\" \/>\n<meta property=\"og:locale\" content=\"fr_FR\" \/>\n<meta property=\"og:type\" content=\"article\" \/>\n<meta property=\"og:title\" content=\"Les nouveaux syst\u00e8mes autonomes - ISTE Group\" \/>\n<meta property=\"og:description\" content=\"La s\u00e9rie\u00a0Fiabilit\u00e9 des syst\u00e8mes multiphysiques\u00a0s\u2019int\u00e9resse aux avanc\u00e9es de la recherche et de l\u2019industrie appliqu\u00e9es aux domaines de l\u2019optimisation, de la fiabilit\u00e9 et de la prise en compte des incertitudes des syst\u00e8mes. Ce couplage est \u00e0 la base de la comp\u00e9titivit\u00e9 des entreprises dans les secteurs de l\u2019automobile, de l\u2019a\u00e9ronautique, du g\u00e9nie civil ou de la [&hellip;]\" \/>\n<meta property=\"og:url\" content=\"https:\/\/www.istegroup.com\/fr\/produit\/les-nouveaux-systemes-autonomes\/\" \/>\n<meta property=\"og:site_name\" content=\"ISTE Group\" \/>\n<meta property=\"article:modified_time\" content=\"2024-01-03T13:40:02+00:00\" \/>\n<meta property=\"og:image\" content=\"https:\/\/www.istegroup.com\/wp-content\/uploads\/2017\/07\/10228812740_4405119364-1.jpg\" \/>\n\t<meta property=\"og:image:width\" content=\"300\" \/>\n\t<meta property=\"og:image:height\" content=\"451\" \/>\n\t<meta property=\"og:image:type\" content=\"image\/jpeg\" \/>\n<meta name=\"twitter:card\" content=\"summary_large_image\" \/>\n<meta name=\"twitter:label1\" content=\"Est. reading time\" \/>\n\t<meta name=\"twitter:data1\" content=\"1 minute\" \/>\n<script type=\"application\/ld+json\" class=\"yoast-schema-graph\">{\"@context\":\"https:\/\/schema.org\",\"@graph\":[{\"@type\":\"WebPage\",\"@id\":\"https:\/\/www.istegroup.com\/fr\/produit\/les-nouveaux-systemes-autonomes\/\",\"url\":\"https:\/\/www.istegroup.com\/fr\/produit\/les-nouveaux-systemes-autonomes\/\",\"name\":\"Les nouveaux syst\u00e8mes autonomes - ISTE Group\",\"isPartOf\":{\"@id\":\"https:\/\/www.istegroup.com\/#website\"},\"primaryImageOfPage\":{\"@id\":\"https:\/\/www.istegroup.com\/fr\/produit\/les-nouveaux-systemes-autonomes\/#primaryimage\"},\"image\":{\"@id\":\"https:\/\/www.istegroup.com\/fr\/produit\/les-nouveaux-systemes-autonomes\/#primaryimage\"},\"thumbnailUrl\":\"https:\/\/www.istegroup.com\/wp-content\/uploads\/2017\/07\/10228812740_4405119364-1.jpg\",\"datePublished\":\"2016-03-05T13:31:51+00:00\",\"dateModified\":\"2024-01-03T13:40:02+00:00\",\"breadcrumb\":{\"@id\":\"https:\/\/www.istegroup.com\/fr\/produit\/les-nouveaux-systemes-autonomes\/#breadcrumb\"},\"inLanguage\":\"fr-FR\",\"potentialAction\":[{\"@type\":\"ReadAction\",\"target\":[\"https:\/\/www.istegroup.com\/fr\/produit\/les-nouveaux-systemes-autonomes\/\"]}]},{\"@type\":\"ImageObject\",\"inLanguage\":\"fr-FR\",\"@id\":\"https:\/\/www.istegroup.com\/fr\/produit\/les-nouveaux-systemes-autonomes\/#primaryimage\",\"url\":\"https:\/\/www.istegroup.com\/wp-content\/uploads\/2017\/07\/10228812740_4405119364-1.jpg\",\"contentUrl\":\"https:\/\/www.istegroup.com\/wp-content\/uploads\/2017\/07\/10228812740_4405119364-1.jpg\",\"width\":300,\"height\":451,\"caption\":\"Les nouveaux syst\u00e8mes autonomes\"},{\"@type\":\"BreadcrumbList\",\"@id\":\"https:\/\/www.istegroup.com\/fr\/produit\/les-nouveaux-systemes-autonomes\/#breadcrumb\",\"itemListElement\":[{\"@type\":\"ListItem\",\"position\":1,\"name\":\"Home\",\"item\":\"https:\/\/www.istegroup.com\/\"},{\"@type\":\"ListItem\",\"position\":2,\"name\":\"Shop\",\"item\":\"https:\/\/www.istegroup.com\/fr\/nouveautes\/\"},{\"@type\":\"ListItem\",\"position\":3,\"name\":\"Les nouveaux syst\u00e8mes autonomes\"}]},{\"@type\":\"WebSite\",\"@id\":\"https:\/\/www.istegroup.com\/#website\",\"url\":\"https:\/\/www.istegroup.com\/\",\"name\":\"ISTE Group\",\"description\":\"\u00c9diteur des Sciences\",\"potentialAction\":[{\"@type\":\"SearchAction\",\"target\":{\"@type\":\"EntryPoint\",\"urlTemplate\":\"https:\/\/www.istegroup.com\/?s={search_term_string}\"},\"query-input\":{\"@type\":\"PropertyValueSpecification\",\"valueRequired\":true,\"valueName\":\"search_term_string\"}}],\"inLanguage\":\"fr-FR\"}]}<\/script>\n<!-- \/ Yoast SEO plugin. -->","yoast_head_json":{"title":"Les nouveaux syst\u00e8mes autonomes - ISTE Group","robots":{"index":"index","follow":"follow","max-snippet":"max-snippet:-1","max-image-preview":"max-image-preview:large","max-video-preview":"max-video-preview:-1"},"canonical":"https:\/\/www.istegroup.com\/fr\/produit\/les-nouveaux-systemes-autonomes\/","og_locale":"fr_FR","og_type":"article","og_title":"Les nouveaux syst\u00e8mes autonomes - ISTE Group","og_description":"La s\u00e9rie\u00a0Fiabilit\u00e9 des syst\u00e8mes multiphysiques\u00a0s\u2019int\u00e9resse aux avanc\u00e9es de la recherche et de l\u2019industrie appliqu\u00e9es aux domaines de l\u2019optimisation, de la fiabilit\u00e9 et de la prise en compte des incertitudes des syst\u00e8mes. Ce couplage est \u00e0 la base de la comp\u00e9titivit\u00e9 des entreprises dans les secteurs de l\u2019automobile, de l\u2019a\u00e9ronautique, du g\u00e9nie civil ou de la [&hellip;]","og_url":"https:\/\/www.istegroup.com\/fr\/produit\/les-nouveaux-systemes-autonomes\/","og_site_name":"ISTE Group","article_modified_time":"2024-01-03T13:40:02+00:00","og_image":[{"width":300,"height":451,"url":"https:\/\/www.istegroup.com\/wp-content\/uploads\/2017\/07\/10228812740_4405119364-1.jpg","type":"image\/jpeg"}],"twitter_card":"summary_large_image","twitter_misc":{"Est. reading time":"1 minute"},"schema":{"@context":"https:\/\/schema.org","@graph":[{"@type":"WebPage","@id":"https:\/\/www.istegroup.com\/fr\/produit\/les-nouveaux-systemes-autonomes\/","url":"https:\/\/www.istegroup.com\/fr\/produit\/les-nouveaux-systemes-autonomes\/","name":"Les nouveaux syst\u00e8mes autonomes - ISTE Group","isPartOf":{"@id":"https:\/\/www.istegroup.com\/#website"},"primaryImageOfPage":{"@id":"https:\/\/www.istegroup.com\/fr\/produit\/les-nouveaux-systemes-autonomes\/#primaryimage"},"image":{"@id":"https:\/\/www.istegroup.com\/fr\/produit\/les-nouveaux-systemes-autonomes\/#primaryimage"},"thumbnailUrl":"https:\/\/www.istegroup.com\/wp-content\/uploads\/2017\/07\/10228812740_4405119364-1.jpg","datePublished":"2016-03-05T13:31:51+00:00","dateModified":"2024-01-03T13:40:02+00:00","breadcrumb":{"@id":"https:\/\/www.istegroup.com\/fr\/produit\/les-nouveaux-systemes-autonomes\/#breadcrumb"},"inLanguage":"fr-FR","potentialAction":[{"@type":"ReadAction","target":["https:\/\/www.istegroup.com\/fr\/produit\/les-nouveaux-systemes-autonomes\/"]}]},{"@type":"ImageObject","inLanguage":"fr-FR","@id":"https:\/\/www.istegroup.com\/fr\/produit\/les-nouveaux-systemes-autonomes\/#primaryimage","url":"https:\/\/www.istegroup.com\/wp-content\/uploads\/2017\/07\/10228812740_4405119364-1.jpg","contentUrl":"https:\/\/www.istegroup.com\/wp-content\/uploads\/2017\/07\/10228812740_4405119364-1.jpg","width":300,"height":451,"caption":"Les nouveaux syst\u00e8mes autonomes"},{"@type":"BreadcrumbList","@id":"https:\/\/www.istegroup.com\/fr\/produit\/les-nouveaux-systemes-autonomes\/#breadcrumb","itemListElement":[{"@type":"ListItem","position":1,"name":"Home","item":"https:\/\/www.istegroup.com\/"},{"@type":"ListItem","position":2,"name":"Shop","item":"https:\/\/www.istegroup.com\/fr\/nouveautes\/"},{"@type":"ListItem","position":3,"name":"Les nouveaux syst\u00e8mes autonomes"}]},{"@type":"WebSite","@id":"https:\/\/www.istegroup.com\/#website","url":"https:\/\/www.istegroup.com\/","name":"ISTE Group","description":"\u00c9diteur des Sciences","potentialAction":[{"@type":"SearchAction","target":{"@type":"EntryPoint","urlTemplate":"https:\/\/www.istegroup.com\/?s={search_term_string}"},"query-input":{"@type":"PropertyValueSpecification","valueRequired":true,"valueName":"search_term_string"}}],"inLanguage":"fr-FR"}]}},"_links":{"self":[{"href":"https:\/\/www.istegroup.com\/fr\/wp-json\/wp\/v2\/product\/435","targetHints":{"allow":["GET"]}}],"collection":[{"href":"https:\/\/www.istegroup.com\/fr\/wp-json\/wp\/v2\/product"}],"about":[{"href":"https:\/\/www.istegroup.com\/fr\/wp-json\/wp\/v2\/types\/product"}],"wp:featuredmedia":[{"embeddable":true,"href":"https:\/\/www.istegroup.com\/fr\/wp-json\/wp\/v2\/media\/436"}],"wp:attachment":[{"href":"https:\/\/www.istegroup.com\/fr\/wp-json\/wp\/v2\/media?parent=435"}],"wp:term":[{"taxonomy":"product_brand","embeddable":true,"href":"https:\/\/www.istegroup.com\/fr\/wp-json\/wp\/v2\/product_brand?post=435"},{"taxonomy":"product_cat","embeddable":true,"href":"https:\/\/www.istegroup.com\/fr\/wp-json\/wp\/v2\/product_cat?post=435"},{"taxonomy":"product_tag","embeddable":true,"href":"https:\/\/www.istegroup.com\/fr\/wp-json\/wp\/v2\/product_tag?post=435"}],"curies":[{"name":"wp","href":"https:\/\/api.w.org\/{rel}","templated":true}]}}