{"id":43355,"date":"2021-08-06T12:21:11","date_gmt":"2021-08-06T11:21:11","guid":{"rendered":"https:\/\/www.istegroup.com\/?post_type=product&#038;p=43355"},"modified":"2024-01-03T13:45:18","modified_gmt":"2024-01-03T13:45:18","slug":"le-tourisme-en-france-2","status":"publish","type":"product","link":"https:\/\/www.istegroup.com\/fr\/produit\/le-tourisme-en-france-2\/","title":{"rendered":"Le tourisme en France 2"},"content":{"rendered":"<p>La France s\u2019est impos\u00e9e progressivement parmi les pays les plus touristiques du monde. L\u2019importance du tourisme dans l\u2019\u00e9conomie nationale est telle, que les institutions ont cru pouvoir l\u2019utiliser de mani\u00e8re m\u00e9canique pour lutter contre la d\u00e9sertification de certaines r\u00e9gions.<\/p>\n<p>Si, ponctuellement, une telle logique a pu fonctionner, les concentrations, sp\u00e9cialement littorales, n\u2019ont cess\u00e9 de s\u2019affirmer, reflet des aspirations des populations et des \u00e9volutions socio-\u00e9conomiques.<\/p>\n<p><em>Le tourisme en France 2<\/em> met en perspective une approche r\u00e9gionale du tourisme. Une rupture avec les visions classiques ancr\u00e9es selon les territoires institutionnels ou ordonn\u00e9es selon les cat\u00e9gories spatiales est propos\u00e9e afin d\u2019avoir une analyse sp\u00e9cifiquement touristique. Cet ouvrage pr\u00e9sente \u00e9galement une \u00e9tude originale et compl\u00e8te du tourisme d\u2019outre-mer.<\/p>\n<p><strong>La presse en parle<\/strong><\/p>\n<p><a style=\"color: #1e9691;\" href=\"https:\/\/www.radiofrance.fr\/franceculture\/podcasts\/geographie-a-la-carte\/pas-d-emission-ce-jour-0-3211920\"><em>www.radiofrance.fr, <\/em><em>29 septembre 2022<\/em><\/a><\/p>","protected":false},"excerpt":{"rendered":"<p>La France s\u2019est impos\u00e9e progressivement parmi les pays les plus touristiques du monde. L\u2019importance du tourisme dans l\u2019\u00e9conomie nationale est telle, que les institutions ont cru pouvoir l\u2019utiliser de mani\u00e8re m\u00e9canique pour lutter contre la d\u00e9sertification de certaines r\u00e9gions. Si, ponctuellement, une telle logique a pu fonctionner, les concentrations, sp\u00e9cialement littorales, n\u2019ont cess\u00e9 de s\u2019affirmer, [&hellip;]<\/p>\n","protected":false},"featured_media":43356,"template":"","meta":{"_acf_changed":false,"_links_to":"","_links_to_target":""},"product_brand":[],"product_cat":[3262],"product_tag":[],"class_list":{"0":"post-43355","1":"product","2":"type-product","3":"status-publish","4":"has-post-thumbnail","6":"product_cat-non-classe","8":"first","9":"instock","10":"shipping-taxable","11":"purchasable","12":"product-type-variable"},"acf":[],"yoast_head":"<!-- This site is optimized with the Yoast SEO plugin v27.2 - https:\/\/yoast.com\/product\/yoast-seo-wordpress\/ -->\n<title>Le tourisme en France 2 - ISTE Group<\/title>\n<meta name=\"description\" content=\"Le tourisme en France 2 met en perspective une approche r\u00e9gionale du tourisme. Une rupture avec les visions classiques ancr\u00e9es selon les territoires institutionnels ou ordonn\u00e9es selon les cat\u00e9gories spatiales est propos\u00e9e afin d\u2019avoir une analyse sp\u00e9cifiquement touristique.\" \/>\n<meta name=\"robots\" content=\"index, follow, max-snippet:-1, max-image-preview:large, max-video-preview:-1\" \/>\n<link rel=\"canonical\" href=\"https:\/\/www.istegroup.com\/produit\/le-tourisme-en-france-2\/\" \/>\n<meta property=\"og:locale\" content=\"fr_FR\" \/>\n<meta property=\"og:type\" content=\"article\" \/>\n<meta property=\"og:title\" content=\"Le tourisme en France 2 - ISTE Group\" \/>\n<meta property=\"og:description\" content=\"Le tourisme en France 2 met en perspective une approche r\u00e9gionale du tourisme. Une rupture avec les visions classiques ancr\u00e9es selon les territoires institutionnels ou ordonn\u00e9es selon les cat\u00e9gories spatiales est propos\u00e9e afin d\u2019avoir une analyse sp\u00e9cifiquement touristique.\" \/>\n<meta property=\"og:url\" content=\"https:\/\/www.istegroup.com\/produit\/le-tourisme-en-france-2\/\" \/>\n<meta property=\"og:site_name\" content=\"ISTE Group\" \/>\n<meta property=\"article:modified_time\" content=\"2024-01-03T13:45:18+00:00\" \/>\n<meta property=\"og:image\" content=\"https:\/\/www.istegroup.com\/wp-content\/uploads\/2021\/08\/Le-tourisme-en-France-2.jpg\" \/>\n\t<meta property=\"og:image:width\" content=\"300\" \/>\n\t<meta property=\"og:image:height\" content=\"455\" \/>\n\t<meta property=\"og:image:type\" content=\"image\/jpeg\" \/>\n<meta name=\"twitter:card\" content=\"summary_large_image\" \/>\n<meta name=\"twitter:label1\" content=\"Est. reading time\" \/>\n\t<meta name=\"twitter:data1\" content=\"1 minute\" \/>\n<script type=\"application\/ld+json\" class=\"yoast-schema-graph\">{\"@context\":\"https:\/\/schema.org\",\"@graph\":[{\"@type\":\"WebPage\",\"@id\":\"https:\/\/www.istegroup.com\/produit\/le-tourisme-en-france-2\/\",\"url\":\"https:\/\/www.istegroup.com\/produit\/le-tourisme-en-france-2\/\",\"name\":\"Le tourisme en France 2 - ISTE Group\",\"isPartOf\":{\"@id\":\"https:\/\/www.istegroup.com\/#website\"},\"primaryImageOfPage\":{\"@id\":\"https:\/\/www.istegroup.com\/produit\/le-tourisme-en-france-2\/#primaryimage\"},\"image\":{\"@id\":\"https:\/\/www.istegroup.com\/produit\/le-tourisme-en-france-2\/#primaryimage\"},\"thumbnailUrl\":\"https:\/\/www.istegroup.com\/wp-content\/uploads\/2021\/08\/Le-tourisme-en-France-2.jpg\",\"datePublished\":\"2021-08-06T11:21:11+00:00\",\"dateModified\":\"2024-01-03T13:45:18+00:00\",\"description\":\"Le tourisme en France 2 met en perspective une approche r\u00e9gionale du tourisme. Une rupture avec les visions classiques ancr\u00e9es selon les territoires institutionnels ou ordonn\u00e9es selon les cat\u00e9gories spatiales est propos\u00e9e afin d\u2019avoir une analyse sp\u00e9cifiquement touristique.\",\"breadcrumb\":{\"@id\":\"https:\/\/www.istegroup.com\/produit\/le-tourisme-en-france-2\/#breadcrumb\"},\"inLanguage\":\"fr-FR\",\"potentialAction\":[{\"@type\":\"ReadAction\",\"target\":[\"https:\/\/www.istegroup.com\/produit\/le-tourisme-en-france-2\/\"]}]},{\"@type\":\"ImageObject\",\"inLanguage\":\"fr-FR\",\"@id\":\"https:\/\/www.istegroup.com\/produit\/le-tourisme-en-france-2\/#primaryimage\",\"url\":\"https:\/\/www.istegroup.com\/wp-content\/uploads\/2021\/08\/Le-tourisme-en-France-2.jpg\",\"contentUrl\":\"https:\/\/www.istegroup.com\/wp-content\/uploads\/2021\/08\/Le-tourisme-en-France-2.jpg\",\"width\":300,\"height\":455,\"caption\":\"Livre scientifique - Le tourisme en France 2 - Philippe Violier, Philippe Duhamel, Jean-Christophe Gay, V\u00e9ronique Mondou\"},{\"@type\":\"BreadcrumbList\",\"@id\":\"https:\/\/www.istegroup.com\/produit\/le-tourisme-en-france-2\/#breadcrumb\",\"itemListElement\":[{\"@type\":\"ListItem\",\"position\":1,\"name\":\"Home\",\"item\":\"https:\/\/www.istegroup.com\/\"},{\"@type\":\"ListItem\",\"position\":2,\"name\":\"Shop\",\"item\":\"https:\/\/www.istegroup.com\/fr\/nouveautes\/\"},{\"@type\":\"ListItem\",\"position\":3,\"name\":\"Le tourisme en France 2\"}]},{\"@type\":\"WebSite\",\"@id\":\"https:\/\/www.istegroup.com\/#website\",\"url\":\"https:\/\/www.istegroup.com\/\",\"name\":\"ISTE Group\",\"description\":\"\u00c9diteur des Sciences\",\"potentialAction\":[{\"@type\":\"SearchAction\",\"target\":{\"@type\":\"EntryPoint\",\"urlTemplate\":\"https:\/\/www.istegroup.com\/?s={search_term_string}\"},\"query-input\":{\"@type\":\"PropertyValueSpecification\",\"valueRequired\":true,\"valueName\":\"search_term_string\"}}],\"inLanguage\":\"fr-FR\"}]}<\/script>\n<!-- \/ Yoast SEO plugin. -->","yoast_head_json":{"title":"Le tourisme en France 2 - ISTE Group","description":"Le tourisme en France 2 met en perspective une approche r\u00e9gionale du tourisme. Une rupture avec les visions classiques ancr\u00e9es selon les territoires institutionnels ou ordonn\u00e9es selon les cat\u00e9gories spatiales est propos\u00e9e afin d\u2019avoir une analyse sp\u00e9cifiquement touristique.","robots":{"index":"index","follow":"follow","max-snippet":"max-snippet:-1","max-image-preview":"max-image-preview:large","max-video-preview":"max-video-preview:-1"},"canonical":"https:\/\/www.istegroup.com\/produit\/le-tourisme-en-france-2\/","og_locale":"fr_FR","og_type":"article","og_title":"Le tourisme en France 2 - ISTE Group","og_description":"Le tourisme en France 2 met en perspective une approche r\u00e9gionale du tourisme. Une rupture avec les visions classiques ancr\u00e9es selon les territoires institutionnels ou ordonn\u00e9es selon les cat\u00e9gories spatiales est propos\u00e9e afin d\u2019avoir une analyse sp\u00e9cifiquement touristique.","og_url":"https:\/\/www.istegroup.com\/produit\/le-tourisme-en-france-2\/","og_site_name":"ISTE Group","article_modified_time":"2024-01-03T13:45:18+00:00","og_image":[{"width":300,"height":455,"url":"https:\/\/www.istegroup.com\/wp-content\/uploads\/2021\/08\/Le-tourisme-en-France-2.jpg","type":"image\/jpeg"}],"twitter_card":"summary_large_image","twitter_misc":{"Est. reading time":"1 minute"},"schema":{"@context":"https:\/\/schema.org","@graph":[{"@type":"WebPage","@id":"https:\/\/www.istegroup.com\/produit\/le-tourisme-en-france-2\/","url":"https:\/\/www.istegroup.com\/produit\/le-tourisme-en-france-2\/","name":"Le tourisme en France 2 - ISTE Group","isPartOf":{"@id":"https:\/\/www.istegroup.com\/#website"},"primaryImageOfPage":{"@id":"https:\/\/www.istegroup.com\/produit\/le-tourisme-en-france-2\/#primaryimage"},"image":{"@id":"https:\/\/www.istegroup.com\/produit\/le-tourisme-en-france-2\/#primaryimage"},"thumbnailUrl":"https:\/\/www.istegroup.com\/wp-content\/uploads\/2021\/08\/Le-tourisme-en-France-2.jpg","datePublished":"2021-08-06T11:21:11+00:00","dateModified":"2024-01-03T13:45:18+00:00","description":"Le tourisme en France 2 met en perspective une approche r\u00e9gionale du tourisme. Une rupture avec les visions classiques ancr\u00e9es selon les territoires institutionnels ou ordonn\u00e9es selon les cat\u00e9gories spatiales est propos\u00e9e afin d\u2019avoir une analyse sp\u00e9cifiquement touristique.","breadcrumb":{"@id":"https:\/\/www.istegroup.com\/produit\/le-tourisme-en-france-2\/#breadcrumb"},"inLanguage":"fr-FR","potentialAction":[{"@type":"ReadAction","target":["https:\/\/www.istegroup.com\/produit\/le-tourisme-en-france-2\/"]}]},{"@type":"ImageObject","inLanguage":"fr-FR","@id":"https:\/\/www.istegroup.com\/produit\/le-tourisme-en-france-2\/#primaryimage","url":"https:\/\/www.istegroup.com\/wp-content\/uploads\/2021\/08\/Le-tourisme-en-France-2.jpg","contentUrl":"https:\/\/www.istegroup.com\/wp-content\/uploads\/2021\/08\/Le-tourisme-en-France-2.jpg","width":300,"height":455,"caption":"Livre scientifique - Le tourisme en France 2 - Philippe Violier, Philippe Duhamel, Jean-Christophe Gay, V\u00e9ronique Mondou"},{"@type":"BreadcrumbList","@id":"https:\/\/www.istegroup.com\/produit\/le-tourisme-en-france-2\/#breadcrumb","itemListElement":[{"@type":"ListItem","position":1,"name":"Home","item":"https:\/\/www.istegroup.com\/"},{"@type":"ListItem","position":2,"name":"Shop","item":"https:\/\/www.istegroup.com\/fr\/nouveautes\/"},{"@type":"ListItem","position":3,"name":"Le tourisme en France 2"}]},{"@type":"WebSite","@id":"https:\/\/www.istegroup.com\/#website","url":"https:\/\/www.istegroup.com\/","name":"ISTE Group","description":"\u00c9diteur des Sciences","potentialAction":[{"@type":"SearchAction","target":{"@type":"EntryPoint","urlTemplate":"https:\/\/www.istegroup.com\/?s={search_term_string}"},"query-input":{"@type":"PropertyValueSpecification","valueRequired":true,"valueName":"search_term_string"}}],"inLanguage":"fr-FR"}]}},"_links":{"self":[{"href":"https:\/\/www.istegroup.com\/fr\/wp-json\/wp\/v2\/product\/43355","targetHints":{"allow":["GET"]}}],"collection":[{"href":"https:\/\/www.istegroup.com\/fr\/wp-json\/wp\/v2\/product"}],"about":[{"href":"https:\/\/www.istegroup.com\/fr\/wp-json\/wp\/v2\/types\/product"}],"wp:featuredmedia":[{"embeddable":true,"href":"https:\/\/www.istegroup.com\/fr\/wp-json\/wp\/v2\/media\/43356"}],"wp:attachment":[{"href":"https:\/\/www.istegroup.com\/fr\/wp-json\/wp\/v2\/media?parent=43355"}],"wp:term":[{"taxonomy":"product_brand","embeddable":true,"href":"https:\/\/www.istegroup.com\/fr\/wp-json\/wp\/v2\/product_brand?post=43355"},{"taxonomy":"product_cat","embeddable":true,"href":"https:\/\/www.istegroup.com\/fr\/wp-json\/wp\/v2\/product_cat?post=43355"},{"taxonomy":"product_tag","embeddable":true,"href":"https:\/\/www.istegroup.com\/fr\/wp-json\/wp\/v2\/product_tag?post=43355"}],"curies":[{"name":"wp","href":"https:\/\/api.w.org\/{rel}","templated":true}]}}