{"id":43346,"date":"2021-08-06T11:48:59","date_gmt":"2021-08-06T10:48:59","guid":{"rendered":"https:\/\/www.istegroup.com\/?post_type=product&#038;p=43346"},"modified":"2024-01-03T13:45:18","modified_gmt":"2024-01-03T13:45:18","slug":"modeles-thermodynamiques-pour-le-genie-des-procedes","status":"publish","type":"product","link":"https:\/\/www.istegroup.com\/fr\/produit\/modeles-thermodynamiques-pour-le-genie-des-procedes\/","title":{"rendered":"Mod\u00e8les thermodynamiques pour le g\u00e9nie des proc\u00e9d\u00e9s"},"content":{"rendered":"<p>La s\u00e9lection d\u2019un mod\u00e8le thermodynamique pertinent est un pr\u00e9alable imp\u00e9rieux \u00e0 la simulation et la conception des proc\u00e9d\u00e9s de l\u2019industrie chimique et de production \u00e9nerg\u00e9tique. En pratique, ce choix est souvent un v\u00e9ritable dilemme pour l\u2019ing\u00e9nieur ou le chercheur non sp\u00e9cialiste de thermodynamique.<\/p>\n<p><em>Mod\u00e8les thermodynamiques pour le g\u00e9nie des proc\u00e9d\u00e9s<\/em> donne au lecteur les clefs m\u00e9thodologiques gouvernant au choix d\u2019un mod\u00e8le thermodynamique adapt\u00e9 \u00e0 ses besoins.<\/p>\n<p>Volontairement concis, cet ouvrage offre n\u00e9anmoins plusieurs niveaux de lecture : au-del\u00e0 des algorithmes complets de s\u00e9lection de mod\u00e8les, il permet au lecteur de prendre du recul sur les diff\u00e9rentes approches de mod\u00e9lisations thermodynamiques et de comprendre en substance comment calculer des propri\u00e9t\u00e9s thermodynamiques et des diagrammes de phases selon l\u2019approche choisie. Il met \u00e9galement en exergue les points forts et faibles de la plupart des mod\u00e8les pr\u00e9sents dans les simulateurs de proc\u00e9d\u00e9s.<\/p>","protected":false},"excerpt":{"rendered":"<p>La s\u00e9lection d\u2019un mod\u00e8le thermodynamique pertinent est un pr\u00e9alable imp\u00e9rieux \u00e0 la simulation et la conception des proc\u00e9d\u00e9s de l\u2019industrie chimique et de production \u00e9nerg\u00e9tique. En pratique, ce choix est souvent un v\u00e9ritable dilemme pour l\u2019ing\u00e9nieur ou le chercheur non sp\u00e9cialiste de thermodynamique. Mod\u00e8les thermodynamiques pour le g\u00e9nie des proc\u00e9d\u00e9s donne au lecteur les clefs [&hellip;]<\/p>\n","protected":false},"featured_media":43354,"template":"","meta":{"_acf_changed":false,"_links_to":"","_links_to_target":""},"product_brand":[],"product_cat":[3262],"product_tag":[],"class_list":{"0":"post-43346","1":"product","2":"type-product","3":"status-publish","4":"has-post-thumbnail","6":"product_cat-non-classe","8":"first","9":"instock","10":"shipping-taxable","11":"purchasable","12":"product-type-variable"},"acf":[],"yoast_head":"<!-- This site is optimized with the Yoast SEO plugin v27.2 - https:\/\/yoast.com\/product\/yoast-seo-wordpress\/ -->\n<title>Mod\u00e8les thermodynamiques pour le g\u00e9nie des proc\u00e9d\u00e9s - ISTE Group<\/title>\n<meta name=\"description\" content=\"Cet ouvrage offre plusieurs niveaux de lecture : au-del\u00e0 des algorithmes complets de s\u00e9lection de mod\u00e8les, il permet au lecteur de prendre du recul sur les diff\u00e9rentes approches de mod\u00e9lisations thermodynamiques et de comprendre en substance comment calculer des propri\u00e9t\u00e9s thermodynamiques et des diagrammes de phases selon l\u2019approche choisie.\" \/>\n<meta name=\"robots\" content=\"index, follow, max-snippet:-1, max-image-preview:large, max-video-preview:-1\" \/>\n<link rel=\"canonical\" href=\"https:\/\/www.istegroup.com\/produit\/modeles-thermodynamiques-pour-le-genie-des-procedes\/\" \/>\n<meta property=\"og:locale\" content=\"fr_FR\" \/>\n<meta property=\"og:type\" content=\"article\" \/>\n<meta property=\"og:title\" content=\"Mod\u00e8les thermodynamiques pour le g\u00e9nie des proc\u00e9d\u00e9s - ISTE Group\" \/>\n<meta property=\"og:description\" content=\"Cet ouvrage offre plusieurs niveaux de lecture : au-del\u00e0 des algorithmes complets de s\u00e9lection de mod\u00e8les, il permet au lecteur de prendre du recul sur les diff\u00e9rentes approches de mod\u00e9lisations thermodynamiques et de comprendre en substance comment calculer des propri\u00e9t\u00e9s thermodynamiques et des diagrammes de phases selon l\u2019approche choisie.\" \/>\n<meta property=\"og:url\" content=\"https:\/\/www.istegroup.com\/produit\/modeles-thermodynamiques-pour-le-genie-des-procedes\/\" \/>\n<meta property=\"og:site_name\" content=\"ISTE Group\" \/>\n<meta property=\"article:modified_time\" content=\"2024-01-03T13:45:18+00:00\" \/>\n<meta property=\"og:image\" content=\"https:\/\/www.istegroup.com\/wp-content\/uploads\/2021\/08\/Modeles-thermodynamiques-pour-le-genie-des-procedes.jpg\" \/>\n\t<meta property=\"og:image:width\" content=\"300\" \/>\n\t<meta property=\"og:image:height\" content=\"456\" \/>\n\t<meta property=\"og:image:type\" content=\"image\/jpeg\" \/>\n<meta name=\"twitter:card\" content=\"summary_large_image\" \/>\n<meta name=\"twitter:label1\" content=\"Est. reading time\" \/>\n\t<meta name=\"twitter:data1\" content=\"1 minute\" \/>\n<script type=\"application\/ld+json\" class=\"yoast-schema-graph\">{\"@context\":\"https:\/\/schema.org\",\"@graph\":[{\"@type\":\"WebPage\",\"@id\":\"https:\/\/www.istegroup.com\/produit\/modeles-thermodynamiques-pour-le-genie-des-procedes\/\",\"url\":\"https:\/\/www.istegroup.com\/produit\/modeles-thermodynamiques-pour-le-genie-des-procedes\/\",\"name\":\"Mod\u00e8les thermodynamiques pour le g\u00e9nie des proc\u00e9d\u00e9s - ISTE Group\",\"isPartOf\":{\"@id\":\"https:\/\/www.istegroup.com\/#website\"},\"primaryImageOfPage\":{\"@id\":\"https:\/\/www.istegroup.com\/produit\/modeles-thermodynamiques-pour-le-genie-des-procedes\/#primaryimage\"},\"image\":{\"@id\":\"https:\/\/www.istegroup.com\/produit\/modeles-thermodynamiques-pour-le-genie-des-procedes\/#primaryimage\"},\"thumbnailUrl\":\"https:\/\/www.istegroup.com\/wp-content\/uploads\/2021\/08\/Modeles-thermodynamiques-pour-le-genie-des-procedes.jpg\",\"datePublished\":\"2021-08-06T10:48:59+00:00\",\"dateModified\":\"2024-01-03T13:45:18+00:00\",\"description\":\"Cet ouvrage offre plusieurs niveaux de lecture : au-del\u00e0 des algorithmes complets de s\u00e9lection de mod\u00e8les, il permet au lecteur de prendre du recul sur les diff\u00e9rentes approches de mod\u00e9lisations thermodynamiques et de comprendre en substance comment calculer des propri\u00e9t\u00e9s thermodynamiques et des diagrammes de phases selon l\u2019approche choisie.\",\"breadcrumb\":{\"@id\":\"https:\/\/www.istegroup.com\/produit\/modeles-thermodynamiques-pour-le-genie-des-procedes\/#breadcrumb\"},\"inLanguage\":\"fr-FR\",\"potentialAction\":[{\"@type\":\"ReadAction\",\"target\":[\"https:\/\/www.istegroup.com\/produit\/modeles-thermodynamiques-pour-le-genie-des-procedes\/\"]}]},{\"@type\":\"ImageObject\",\"inLanguage\":\"fr-FR\",\"@id\":\"https:\/\/www.istegroup.com\/produit\/modeles-thermodynamiques-pour-le-genie-des-procedes\/#primaryimage\",\"url\":\"https:\/\/www.istegroup.com\/wp-content\/uploads\/2021\/08\/Modeles-thermodynamiques-pour-le-genie-des-procedes.jpg\",\"contentUrl\":\"https:\/\/www.istegroup.com\/wp-content\/uploads\/2021\/08\/Modeles-thermodynamiques-pour-le-genie-des-procedes.jpg\",\"width\":300,\"height\":456,\"caption\":\"Livre scientifique - Mod\u00e8les thermodynamiques pour le g\u00e9nie des proc\u00e9d\u00e9s - Jean-No\u00ebl Jaubert et Romain Privat\"},{\"@type\":\"BreadcrumbList\",\"@id\":\"https:\/\/www.istegroup.com\/produit\/modeles-thermodynamiques-pour-le-genie-des-procedes\/#breadcrumb\",\"itemListElement\":[{\"@type\":\"ListItem\",\"position\":1,\"name\":\"Home\",\"item\":\"https:\/\/www.istegroup.com\/\"},{\"@type\":\"ListItem\",\"position\":2,\"name\":\"Shop\",\"item\":\"https:\/\/www.istegroup.com\/fr\/nouveautes\/\"},{\"@type\":\"ListItem\",\"position\":3,\"name\":\"Mod\u00e8les thermodynamiques pour le g\u00e9nie des proc\u00e9d\u00e9s\"}]},{\"@type\":\"WebSite\",\"@id\":\"https:\/\/www.istegroup.com\/#website\",\"url\":\"https:\/\/www.istegroup.com\/\",\"name\":\"ISTE Group\",\"description\":\"\u00c9diteur des Sciences\",\"potentialAction\":[{\"@type\":\"SearchAction\",\"target\":{\"@type\":\"EntryPoint\",\"urlTemplate\":\"https:\/\/www.istegroup.com\/?s={search_term_string}\"},\"query-input\":{\"@type\":\"PropertyValueSpecification\",\"valueRequired\":true,\"valueName\":\"search_term_string\"}}],\"inLanguage\":\"fr-FR\"}]}<\/script>\n<!-- \/ Yoast SEO plugin. -->","yoast_head_json":{"title":"Mod\u00e8les thermodynamiques pour le g\u00e9nie des proc\u00e9d\u00e9s - ISTE Group","description":"Cet ouvrage offre plusieurs niveaux de lecture : au-del\u00e0 des algorithmes complets de s\u00e9lection de mod\u00e8les, il permet au lecteur de prendre du recul sur les diff\u00e9rentes approches de mod\u00e9lisations thermodynamiques et de comprendre en substance comment calculer des propri\u00e9t\u00e9s thermodynamiques et des diagrammes de phases selon l\u2019approche choisie.","robots":{"index":"index","follow":"follow","max-snippet":"max-snippet:-1","max-image-preview":"max-image-preview:large","max-video-preview":"max-video-preview:-1"},"canonical":"https:\/\/www.istegroup.com\/produit\/modeles-thermodynamiques-pour-le-genie-des-procedes\/","og_locale":"fr_FR","og_type":"article","og_title":"Mod\u00e8les thermodynamiques pour le g\u00e9nie des proc\u00e9d\u00e9s - ISTE Group","og_description":"Cet ouvrage offre plusieurs niveaux de lecture : au-del\u00e0 des algorithmes complets de s\u00e9lection de mod\u00e8les, il permet au lecteur de prendre du recul sur les diff\u00e9rentes approches de mod\u00e9lisations thermodynamiques et de comprendre en substance comment calculer des propri\u00e9t\u00e9s thermodynamiques et des diagrammes de phases selon l\u2019approche choisie.","og_url":"https:\/\/www.istegroup.com\/produit\/modeles-thermodynamiques-pour-le-genie-des-procedes\/","og_site_name":"ISTE Group","article_modified_time":"2024-01-03T13:45:18+00:00","og_image":[{"width":300,"height":456,"url":"https:\/\/www.istegroup.com\/wp-content\/uploads\/2021\/08\/Modeles-thermodynamiques-pour-le-genie-des-procedes.jpg","type":"image\/jpeg"}],"twitter_card":"summary_large_image","twitter_misc":{"Est. reading time":"1 minute"},"schema":{"@context":"https:\/\/schema.org","@graph":[{"@type":"WebPage","@id":"https:\/\/www.istegroup.com\/produit\/modeles-thermodynamiques-pour-le-genie-des-procedes\/","url":"https:\/\/www.istegroup.com\/produit\/modeles-thermodynamiques-pour-le-genie-des-procedes\/","name":"Mod\u00e8les thermodynamiques pour le g\u00e9nie des proc\u00e9d\u00e9s - ISTE Group","isPartOf":{"@id":"https:\/\/www.istegroup.com\/#website"},"primaryImageOfPage":{"@id":"https:\/\/www.istegroup.com\/produit\/modeles-thermodynamiques-pour-le-genie-des-procedes\/#primaryimage"},"image":{"@id":"https:\/\/www.istegroup.com\/produit\/modeles-thermodynamiques-pour-le-genie-des-procedes\/#primaryimage"},"thumbnailUrl":"https:\/\/www.istegroup.com\/wp-content\/uploads\/2021\/08\/Modeles-thermodynamiques-pour-le-genie-des-procedes.jpg","datePublished":"2021-08-06T10:48:59+00:00","dateModified":"2024-01-03T13:45:18+00:00","description":"Cet ouvrage offre plusieurs niveaux de lecture : au-del\u00e0 des algorithmes complets de s\u00e9lection de mod\u00e8les, il permet au lecteur de prendre du recul sur les diff\u00e9rentes approches de mod\u00e9lisations thermodynamiques et de comprendre en substance comment calculer des propri\u00e9t\u00e9s thermodynamiques et des diagrammes de phases selon l\u2019approche choisie.","breadcrumb":{"@id":"https:\/\/www.istegroup.com\/produit\/modeles-thermodynamiques-pour-le-genie-des-procedes\/#breadcrumb"},"inLanguage":"fr-FR","potentialAction":[{"@type":"ReadAction","target":["https:\/\/www.istegroup.com\/produit\/modeles-thermodynamiques-pour-le-genie-des-procedes\/"]}]},{"@type":"ImageObject","inLanguage":"fr-FR","@id":"https:\/\/www.istegroup.com\/produit\/modeles-thermodynamiques-pour-le-genie-des-procedes\/#primaryimage","url":"https:\/\/www.istegroup.com\/wp-content\/uploads\/2021\/08\/Modeles-thermodynamiques-pour-le-genie-des-procedes.jpg","contentUrl":"https:\/\/www.istegroup.com\/wp-content\/uploads\/2021\/08\/Modeles-thermodynamiques-pour-le-genie-des-procedes.jpg","width":300,"height":456,"caption":"Livre scientifique - Mod\u00e8les thermodynamiques pour le g\u00e9nie des proc\u00e9d\u00e9s - Jean-No\u00ebl Jaubert et Romain Privat"},{"@type":"BreadcrumbList","@id":"https:\/\/www.istegroup.com\/produit\/modeles-thermodynamiques-pour-le-genie-des-procedes\/#breadcrumb","itemListElement":[{"@type":"ListItem","position":1,"name":"Home","item":"https:\/\/www.istegroup.com\/"},{"@type":"ListItem","position":2,"name":"Shop","item":"https:\/\/www.istegroup.com\/fr\/nouveautes\/"},{"@type":"ListItem","position":3,"name":"Mod\u00e8les thermodynamiques pour le g\u00e9nie des proc\u00e9d\u00e9s"}]},{"@type":"WebSite","@id":"https:\/\/www.istegroup.com\/#website","url":"https:\/\/www.istegroup.com\/","name":"ISTE Group","description":"\u00c9diteur des Sciences","potentialAction":[{"@type":"SearchAction","target":{"@type":"EntryPoint","urlTemplate":"https:\/\/www.istegroup.com\/?s={search_term_string}"},"query-input":{"@type":"PropertyValueSpecification","valueRequired":true,"valueName":"search_term_string"}}],"inLanguage":"fr-FR"}]}},"_links":{"self":[{"href":"https:\/\/www.istegroup.com\/fr\/wp-json\/wp\/v2\/product\/43346","targetHints":{"allow":["GET"]}}],"collection":[{"href":"https:\/\/www.istegroup.com\/fr\/wp-json\/wp\/v2\/product"}],"about":[{"href":"https:\/\/www.istegroup.com\/fr\/wp-json\/wp\/v2\/types\/product"}],"wp:featuredmedia":[{"embeddable":true,"href":"https:\/\/www.istegroup.com\/fr\/wp-json\/wp\/v2\/media\/43354"}],"wp:attachment":[{"href":"https:\/\/www.istegroup.com\/fr\/wp-json\/wp\/v2\/media?parent=43346"}],"wp:term":[{"taxonomy":"product_brand","embeddable":true,"href":"https:\/\/www.istegroup.com\/fr\/wp-json\/wp\/v2\/product_brand?post=43346"},{"taxonomy":"product_cat","embeddable":true,"href":"https:\/\/www.istegroup.com\/fr\/wp-json\/wp\/v2\/product_cat?post=43346"},{"taxonomy":"product_tag","embeddable":true,"href":"https:\/\/www.istegroup.com\/fr\/wp-json\/wp\/v2\/product_tag?post=43346"}],"curies":[{"name":"wp","href":"https:\/\/api.w.org\/{rel}","templated":true}]}}