{"id":431,"date":"2017-07-28T14:31:42","date_gmt":"2017-07-28T12:31:42","guid":{"rendered":"https:\/\/iste.yhello.co\/product\/les-nouveaux-enjeux-de-la-connaissance\/"},"modified":"2024-01-03T13:40:01","modified_gmt":"2024-01-03T13:40:01","slug":"les-nouveaux-enjeux-de-la-connaissance","status":"publish","type":"product","link":"https:\/\/www.istegroup.com\/fr\/produit\/les-nouveaux-enjeux-de-la-connaissance\/","title":{"rendered":"Les nouveaux enjeux de la connaissance"},"content":{"rendered":"<p>Apr\u00e8s avoir r\u00e9volutionn\u00e9 la communication globale, les r\u00e9seaux sociaux num\u00e9riques investissent le monde de la science. Secteur le plus strat\u00e9gique de la soci\u00e9t\u00e9 de l\u2019information, il repr\u00e9sente 2 millions de chercheurs publiant dans 25 000 journaux couvrant tous les domaines du savoir.<\/p>\n<p><em>Les nouveaux enjeux de la connaissance<\/em>\u00a0d\u00e9crypte cette r\u00e9volution accompagn\u00e9e de grands d\u00e9fis : d\u00e9fi du partage, d\u00e9fi de l\u2019\u00e9volution du travail de la science, d\u00e9fi de sa diffusion.<\/p>\n<p>Il propose une vue d\u2019ensemble de ces nouvelles fronti\u00e8res strat\u00e9giques des connaissances en analysant les sources de l\u2019innovation, ses acteurs et ses d\u00e9tenteurs. L\u2019acc\u00e8s \u00e0 l\u2019information \u00e0 l\u2019heure du num\u00e9rique est \u00e9tudi\u00e9 ainsi que ses enjeux \u00e9conomiques. Avec ses plateformes g\u00e9antes, la science distribue et partage d\u00e9sormais \u00e0 co\u00fbt nul et \u00e0 tr\u00e8s grande \u00e9chelle tous les savoirs disponibles.<\/p>\n<p>Cet ouvrage aborde \u00e9galement la question de la protection de la connaissance \u00e0 travers la l\u00e9gislation et les politiques publiques mises en vigueur.<\/p>\n","protected":false},"excerpt":{"rendered":"<p>avec la collaboration de Quentin Messerschmidt et Margot Holvoet<\/p>\n","protected":false},"featured_media":432,"template":"","meta":{"_acf_changed":false,"_links_to":"","_links_to_target":""},"product_brand":[],"product_cat":[675,707],"product_tag":[533,31,196,197,198,199,21,200,22,201,534,203,204,63,25,172,209,535,212,38,192,145,28,536,537],"class_list":{"0":"post-431","1":"product","2":"type-product","3":"status-publish","4":"has-post-thumbnail","6":"product_cat-nouveauts-12519446","7":"product_cat-systmes-dinformation-web-et-socit-12506570","8":"product_tag-dynamiques-numeriques-de-lacces-et-du-partage","9":"product_tag-ebook","10":"product_tag-ebooks","11":"product_tag-iste","12":"product_tag-iste-edition","13":"product_tag-iste-editions","14":"product_tag-iste-group","15":"product_tag-isteedition","16":"product_tag-istegroup","17":"product_tag-kindle","18":"product_tag-les-nouveaux-enjeux-de-la-connaissance","19":"product_tag-liseuse","20":"product_tag-livre","21":"product_tag-livre-electronique","22":"product_tag-livre-numerique","23":"product_tag-livre-scientifique","24":"product_tag-livres-scientifiques","25":"product_tag-margot-holvoet","26":"product_tag-ouvrage","27":"product_tag-ouvrage-numerique","28":"product_tag-ouvrage-science","29":"product_tag-ouvrage-scientifique","30":"product_tag-ouvrage-scientifique-francais","31":"product_tag-quentin-messerschmidt","32":"product_tag-renaud-fabre","34":"first","35":"instock","36":"shipping-taxable","37":"purchasable","38":"product-type-variable"},"acf":[],"yoast_head":"<!-- This site is optimized with the Yoast SEO plugin v27.2 - https:\/\/yoast.com\/product\/yoast-seo-wordpress\/ -->\n<title>Les nouveaux enjeux de la connaissance - ISTE Group<\/title>\n<meta name=\"description\" content=\"L&#039;ouvrage propose une vue d\u2019ensemble de ces nouvelles fronti\u00e8res strat\u00e9giques des connaissances en analysant les sources de l\u2019innovation, ses acteurs et ses d\u00e9tenteurs.\" \/>\n<meta name=\"robots\" content=\"index, follow, max-snippet:-1, max-image-preview:large, max-video-preview:-1\" \/>\n<link rel=\"canonical\" href=\"https:\/\/www.istegroup.com\/fr\/produit\/les-nouveaux-enjeux-de-la-connaissance\/\" \/>\n<meta property=\"og:locale\" content=\"fr_FR\" \/>\n<meta property=\"og:type\" content=\"article\" \/>\n<meta property=\"og:title\" content=\"Les nouveaux enjeux de la connaissance - ISTE Group\" \/>\n<meta property=\"og:description\" content=\"L&#039;ouvrage propose une vue d\u2019ensemble de ces nouvelles fronti\u00e8res strat\u00e9giques des connaissances en analysant les sources de l\u2019innovation, ses acteurs et ses d\u00e9tenteurs.\" \/>\n<meta property=\"og:url\" content=\"https:\/\/www.istegroup.com\/fr\/produit\/les-nouveaux-enjeux-de-la-connaissance\/\" \/>\n<meta property=\"og:site_name\" content=\"ISTE Group\" \/>\n<meta property=\"article:modified_time\" content=\"2024-01-03T13:40:01+00:00\" \/>\n<meta property=\"og:image\" content=\"https:\/\/www.istegroup.com\/wp-content\/uploads\/2017\/07\/18350228561_8510920401-1.jpg\" \/>\n\t<meta property=\"og:image:width\" content=\"1276\" \/>\n\t<meta property=\"og:image:height\" content=\"1920\" \/>\n\t<meta property=\"og:image:type\" content=\"image\/jpeg\" \/>\n<meta name=\"twitter:card\" content=\"summary_large_image\" \/>\n<meta name=\"twitter:label1\" content=\"Est. reading time\" \/>\n\t<meta name=\"twitter:data1\" content=\"1 minute\" \/>\n<script type=\"application\/ld+json\" class=\"yoast-schema-graph\">{\"@context\":\"https:\/\/schema.org\",\"@graph\":[{\"@type\":\"WebPage\",\"@id\":\"https:\/\/www.istegroup.com\/fr\/produit\/les-nouveaux-enjeux-de-la-connaissance\/\",\"url\":\"https:\/\/www.istegroup.com\/fr\/produit\/les-nouveaux-enjeux-de-la-connaissance\/\",\"name\":\"Les nouveaux enjeux de la connaissance - ISTE Group\",\"isPartOf\":{\"@id\":\"https:\/\/www.istegroup.com\/#website\"},\"primaryImageOfPage\":{\"@id\":\"https:\/\/www.istegroup.com\/fr\/produit\/les-nouveaux-enjeux-de-la-connaissance\/#primaryimage\"},\"image\":{\"@id\":\"https:\/\/www.istegroup.com\/fr\/produit\/les-nouveaux-enjeux-de-la-connaissance\/#primaryimage\"},\"thumbnailUrl\":\"https:\/\/www.istegroup.com\/wp-content\/uploads\/2017\/07\/18350228561_8510920401-1.jpg\",\"datePublished\":\"2017-07-28T12:31:42+00:00\",\"dateModified\":\"2024-01-03T13:40:01+00:00\",\"description\":\"L'ouvrage propose une vue d\u2019ensemble de ces nouvelles fronti\u00e8res strat\u00e9giques des connaissances en analysant les sources de l\u2019innovation, ses acteurs et ses d\u00e9tenteurs.\",\"breadcrumb\":{\"@id\":\"https:\/\/www.istegroup.com\/fr\/produit\/les-nouveaux-enjeux-de-la-connaissance\/#breadcrumb\"},\"inLanguage\":\"fr-FR\",\"potentialAction\":[{\"@type\":\"ReadAction\",\"target\":[\"https:\/\/www.istegroup.com\/fr\/produit\/les-nouveaux-enjeux-de-la-connaissance\/\"]}]},{\"@type\":\"ImageObject\",\"inLanguage\":\"fr-FR\",\"@id\":\"https:\/\/www.istegroup.com\/fr\/produit\/les-nouveaux-enjeux-de-la-connaissance\/#primaryimage\",\"url\":\"https:\/\/www.istegroup.com\/wp-content\/uploads\/2017\/07\/18350228561_8510920401-1.jpg\",\"contentUrl\":\"https:\/\/www.istegroup.com\/wp-content\/uploads\/2017\/07\/18350228561_8510920401-1.jpg\",\"width\":1276,\"height\":1920,\"caption\":\"Dynamiques num\u00e9riques de l'acc\u00e8s et du partage\"},{\"@type\":\"BreadcrumbList\",\"@id\":\"https:\/\/www.istegroup.com\/fr\/produit\/les-nouveaux-enjeux-de-la-connaissance\/#breadcrumb\",\"itemListElement\":[{\"@type\":\"ListItem\",\"position\":1,\"name\":\"Home\",\"item\":\"https:\/\/www.istegroup.com\/\"},{\"@type\":\"ListItem\",\"position\":2,\"name\":\"Shop\",\"item\":\"https:\/\/www.istegroup.com\/fr\/nouveautes\/\"},{\"@type\":\"ListItem\",\"position\":3,\"name\":\"Les nouveaux enjeux de la connaissance\"}]},{\"@type\":\"WebSite\",\"@id\":\"https:\/\/www.istegroup.com\/#website\",\"url\":\"https:\/\/www.istegroup.com\/\",\"name\":\"ISTE Group\",\"description\":\"\u00c9diteur des Sciences\",\"potentialAction\":[{\"@type\":\"SearchAction\",\"target\":{\"@type\":\"EntryPoint\",\"urlTemplate\":\"https:\/\/www.istegroup.com\/?s={search_term_string}\"},\"query-input\":{\"@type\":\"PropertyValueSpecification\",\"valueRequired\":true,\"valueName\":\"search_term_string\"}}],\"inLanguage\":\"fr-FR\"}]}<\/script>\n<!-- \/ Yoast SEO plugin. -->","yoast_head_json":{"title":"Les nouveaux enjeux de la connaissance - ISTE Group","description":"L'ouvrage propose une vue d\u2019ensemble de ces nouvelles fronti\u00e8res strat\u00e9giques des connaissances en analysant les sources de l\u2019innovation, ses acteurs et ses d\u00e9tenteurs.","robots":{"index":"index","follow":"follow","max-snippet":"max-snippet:-1","max-image-preview":"max-image-preview:large","max-video-preview":"max-video-preview:-1"},"canonical":"https:\/\/www.istegroup.com\/fr\/produit\/les-nouveaux-enjeux-de-la-connaissance\/","og_locale":"fr_FR","og_type":"article","og_title":"Les nouveaux enjeux de la connaissance - ISTE Group","og_description":"L'ouvrage propose une vue d\u2019ensemble de ces nouvelles fronti\u00e8res strat\u00e9giques des connaissances en analysant les sources de l\u2019innovation, ses acteurs et ses d\u00e9tenteurs.","og_url":"https:\/\/www.istegroup.com\/fr\/produit\/les-nouveaux-enjeux-de-la-connaissance\/","og_site_name":"ISTE Group","article_modified_time":"2024-01-03T13:40:01+00:00","og_image":[{"width":1276,"height":1920,"url":"https:\/\/www.istegroup.com\/wp-content\/uploads\/2017\/07\/18350228561_8510920401-1.jpg","type":"image\/jpeg"}],"twitter_card":"summary_large_image","twitter_misc":{"Est. reading time":"1 minute"},"schema":{"@context":"https:\/\/schema.org","@graph":[{"@type":"WebPage","@id":"https:\/\/www.istegroup.com\/fr\/produit\/les-nouveaux-enjeux-de-la-connaissance\/","url":"https:\/\/www.istegroup.com\/fr\/produit\/les-nouveaux-enjeux-de-la-connaissance\/","name":"Les nouveaux enjeux de la connaissance - ISTE Group","isPartOf":{"@id":"https:\/\/www.istegroup.com\/#website"},"primaryImageOfPage":{"@id":"https:\/\/www.istegroup.com\/fr\/produit\/les-nouveaux-enjeux-de-la-connaissance\/#primaryimage"},"image":{"@id":"https:\/\/www.istegroup.com\/fr\/produit\/les-nouveaux-enjeux-de-la-connaissance\/#primaryimage"},"thumbnailUrl":"https:\/\/www.istegroup.com\/wp-content\/uploads\/2017\/07\/18350228561_8510920401-1.jpg","datePublished":"2017-07-28T12:31:42+00:00","dateModified":"2024-01-03T13:40:01+00:00","description":"L'ouvrage propose une vue d\u2019ensemble de ces nouvelles fronti\u00e8res strat\u00e9giques des connaissances en analysant les sources de l\u2019innovation, ses acteurs et ses d\u00e9tenteurs.","breadcrumb":{"@id":"https:\/\/www.istegroup.com\/fr\/produit\/les-nouveaux-enjeux-de-la-connaissance\/#breadcrumb"},"inLanguage":"fr-FR","potentialAction":[{"@type":"ReadAction","target":["https:\/\/www.istegroup.com\/fr\/produit\/les-nouveaux-enjeux-de-la-connaissance\/"]}]},{"@type":"ImageObject","inLanguage":"fr-FR","@id":"https:\/\/www.istegroup.com\/fr\/produit\/les-nouveaux-enjeux-de-la-connaissance\/#primaryimage","url":"https:\/\/www.istegroup.com\/wp-content\/uploads\/2017\/07\/18350228561_8510920401-1.jpg","contentUrl":"https:\/\/www.istegroup.com\/wp-content\/uploads\/2017\/07\/18350228561_8510920401-1.jpg","width":1276,"height":1920,"caption":"Dynamiques num\u00e9riques de l'acc\u00e8s et du partage"},{"@type":"BreadcrumbList","@id":"https:\/\/www.istegroup.com\/fr\/produit\/les-nouveaux-enjeux-de-la-connaissance\/#breadcrumb","itemListElement":[{"@type":"ListItem","position":1,"name":"Home","item":"https:\/\/www.istegroup.com\/"},{"@type":"ListItem","position":2,"name":"Shop","item":"https:\/\/www.istegroup.com\/fr\/nouveautes\/"},{"@type":"ListItem","position":3,"name":"Les nouveaux enjeux de la connaissance"}]},{"@type":"WebSite","@id":"https:\/\/www.istegroup.com\/#website","url":"https:\/\/www.istegroup.com\/","name":"ISTE Group","description":"\u00c9diteur des Sciences","potentialAction":[{"@type":"SearchAction","target":{"@type":"EntryPoint","urlTemplate":"https:\/\/www.istegroup.com\/?s={search_term_string}"},"query-input":{"@type":"PropertyValueSpecification","valueRequired":true,"valueName":"search_term_string"}}],"inLanguage":"fr-FR"}]}},"_links":{"self":[{"href":"https:\/\/www.istegroup.com\/fr\/wp-json\/wp\/v2\/product\/431","targetHints":{"allow":["GET"]}}],"collection":[{"href":"https:\/\/www.istegroup.com\/fr\/wp-json\/wp\/v2\/product"}],"about":[{"href":"https:\/\/www.istegroup.com\/fr\/wp-json\/wp\/v2\/types\/product"}],"wp:featuredmedia":[{"embeddable":true,"href":"https:\/\/www.istegroup.com\/fr\/wp-json\/wp\/v2\/media\/432"}],"wp:attachment":[{"href":"https:\/\/www.istegroup.com\/fr\/wp-json\/wp\/v2\/media?parent=431"}],"wp:term":[{"taxonomy":"product_brand","embeddable":true,"href":"https:\/\/www.istegroup.com\/fr\/wp-json\/wp\/v2\/product_brand?post=431"},{"taxonomy":"product_cat","embeddable":true,"href":"https:\/\/www.istegroup.com\/fr\/wp-json\/wp\/v2\/product_cat?post=431"},{"taxonomy":"product_tag","embeddable":true,"href":"https:\/\/www.istegroup.com\/fr\/wp-json\/wp\/v2\/product_tag?post=431"}],"curies":[{"name":"wp","href":"https:\/\/api.w.org\/{rel}","templated":true}]}}