{"id":42758,"date":"2025-07-16T10:57:38","date_gmt":"2025-07-16T09:57:38","guid":{"rendered":"https:\/\/www.istegroup.com\/?post_type=product&#038;p=42758"},"modified":"2026-02-23T10:32:35","modified_gmt":"2026-02-23T10:32:35","slug":"evolution-des-pyrenees-au-cours-du-cycle-varisque-et-du-cycle-alpin-2","status":"publish","type":"product","link":"https:\/\/www.istegroup.com\/fr\/produit\/evolution-des-pyrenees-au-cours-du-cycle-varisque-et-du-cycle-alpin-2\/","title":{"rendered":"\u00c9volution des Pyr\u00e9n\u00e9es au cours du cycle varisque et du cycle alpin 2"},"content":{"rendered":"<p>Cet ouvrage explore l\u2019histoire g\u00e9ologique des Pyr\u00e9n\u00e9es au cours des 90 derniers millions d\u2019ann\u00e9es, en d\u00e9taillant leur \u00e9volution compressive et post-compressive. Il pr\u00e9sente tout d\u2019abord la structure de la cha\u00eene, puis analyse l\u2019\u00e9volution des bassins d\u2019avant-pays nord et sud pyr\u00e9n\u00e9ens \u00e0 travers l\u2019enregistrement s\u00e9dimentaire, ce qui permet d\u2019identifier les diff\u00e9rentes phases de structuration de l\u2019orog\u00e8ne. L\u2019accent est \u00e9galement mis sur le d\u00e9mant\u00e8lement de la racine crustale orientale, en lien avec l\u2019ouverture oligo-mioc\u00e8ne du Golfe du Lion.<\/p>\n<p><em>\u00c9volution des Pyr\u00e9n\u00e9es au cours du cycle varisque et du cycle alpin 2<\/em> pr\u00e9sente ensuite les apports de diverses m\u00e9thodes novatrices pour mieux contraindre l\u2019\u00e9volution compressive \u00e0 post-compressive des Pyr\u00e9n\u00e9es, en particulier : l\u2019\u00e9tude des processus d\u2019aplanissement des reliefs et de leur incision, les datations radiochronologiques U-Pb appliqu\u00e9es aux carbonates de failles, les datations cosmog\u00e9niques coupl\u00e9es aux analyses g\u00e9omorphologiques ainsi que l\u2019\u00e9tude de la thermicit\u00e9 des bassins de rifts pyr\u00e9n\u00e9ens. Ce volume retrace enfin les fluctuations glaciaires quaternaires affectant les Pyr\u00e9n\u00e9es. En conclusion, il propose une cartographie g\u00e9ologique du versant nord de la cha\u00eene \u00e0 l\u2019\u00e9chelle 1\/250 000 et met en lumi\u00e8re la singularit\u00e9 des corindons bleus pyr\u00e9n\u00e9ens.<\/p>\n","protected":false},"excerpt":{"rendered":"<p>Cet ouvrage explore l\u2019histoire g\u00e9ologique des Pyr\u00e9n\u00e9es au cours des 90 derniers millions d\u2019ann\u00e9es, en d\u00e9taillant leur \u00e9volution compressive et post-compressive. Il pr\u00e9sente tout d\u2019abord la structure de la cha\u00eene, puis analyse l\u2019\u00e9volution des bassins d\u2019avant-pays nord et sud pyr\u00e9n\u00e9ens \u00e0 travers l\u2019enregistrement s\u00e9dimentaire, ce qui permet d\u2019identifier les diff\u00e9rentes phases de structuration de l\u2019orog\u00e8ne. [&hellip;]<\/p>\n","protected":false},"featured_media":61000,"template":"","meta":{"_acf_changed":false,"_links_to":"","_links_to_target":""},"product_brand":[],"product_cat":[4289],"product_tag":[],"class_list":{"0":"post-42758","1":"product","2":"type-product","3":"status-publish","4":"has-post-thumbnail","6":"product_cat-sciences","8":"first","9":"instock","10":"shipping-taxable","11":"purchasable","12":"product-type-variable"},"acf":[],"yoast_head":"<!-- This site is optimized with the Yoast SEO plugin v27.2 - https:\/\/yoast.com\/product\/yoast-seo-wordpress\/ -->\n<title>\u00c9volution des Pyr\u00e9n\u00e9es au cours du cycle varisque et du cycle alpin 2 - ISTE Group<\/title>\n<meta name=\"description\" content=\"\u00c9volution des Pyr\u00e9n\u00e9es au cours du cycle varisque et du cycle alpin 2 pr\u00e9sente les apports de diverses m\u00e9thodes novatrices pour mieux contraindre l\u2019\u00e9volution compressive \u00e0 post-compressive des Pyr\u00e9n\u00e9es.\" \/>\n<meta name=\"robots\" content=\"index, follow, max-snippet:-1, max-image-preview:large, max-video-preview:-1\" \/>\n<link rel=\"canonical\" href=\"https:\/\/www.istegroup.com\/produit\/evolution-des-pyrenees-au-cours-du-cycle-varisque-et-du-cycle-alpin-2\/\" \/>\n<meta property=\"og:locale\" content=\"fr_FR\" \/>\n<meta property=\"og:type\" content=\"article\" \/>\n<meta property=\"og:title\" content=\"\u00c9volution des Pyr\u00e9n\u00e9es au cours du cycle varisque et du cycle alpin 2 - ISTE Group\" \/>\n<meta property=\"og:description\" content=\"\u00c9volution des Pyr\u00e9n\u00e9es au cours du cycle varisque et du cycle alpin 2 pr\u00e9sente les apports de diverses m\u00e9thodes novatrices pour mieux contraindre l\u2019\u00e9volution compressive \u00e0 post-compressive des Pyr\u00e9n\u00e9es.\" \/>\n<meta property=\"og:url\" content=\"https:\/\/www.istegroup.com\/produit\/evolution-des-pyrenees-au-cours-du-cycle-varisque-et-du-cycle-alpin-2\/\" \/>\n<meta property=\"og:site_name\" content=\"ISTE Group\" \/>\n<meta property=\"article:modified_time\" content=\"2026-02-23T10:32:35+00:00\" \/>\n<meta property=\"og:image\" content=\"https:\/\/www.istegroup.com\/wp-content\/uploads\/2023\/03\/Evolution-des-Pyrenees-au-cours-du-cycle-varisque-et-du-cycle-alpin-2.jpeg\" \/>\n\t<meta property=\"og:image:width\" content=\"300\" \/>\n\t<meta property=\"og:image:height\" content=\"450\" \/>\n\t<meta property=\"og:image:type\" content=\"image\/jpeg\" \/>\n<meta name=\"twitter:card\" content=\"summary_large_image\" \/>\n<meta name=\"twitter:label1\" content=\"Est. reading time\" \/>\n\t<meta name=\"twitter:data1\" content=\"2 minutes\" \/>\n<script type=\"application\/ld+json\" class=\"yoast-schema-graph\">{\"@context\":\"https:\/\/schema.org\",\"@graph\":[{\"@type\":\"WebPage\",\"@id\":\"https:\/\/www.istegroup.com\/produit\/evolution-des-pyrenees-au-cours-du-cycle-varisque-et-du-cycle-alpin-2\/\",\"url\":\"https:\/\/www.istegroup.com\/produit\/evolution-des-pyrenees-au-cours-du-cycle-varisque-et-du-cycle-alpin-2\/\",\"name\":\"\u00c9volution des Pyr\u00e9n\u00e9es au cours du cycle varisque et du cycle alpin 2 - ISTE Group\",\"isPartOf\":{\"@id\":\"https:\/\/www.istegroup.com\/#website\"},\"primaryImageOfPage\":{\"@id\":\"https:\/\/www.istegroup.com\/produit\/evolution-des-pyrenees-au-cours-du-cycle-varisque-et-du-cycle-alpin-2\/#primaryimage\"},\"image\":{\"@id\":\"https:\/\/www.istegroup.com\/produit\/evolution-des-pyrenees-au-cours-du-cycle-varisque-et-du-cycle-alpin-2\/#primaryimage\"},\"thumbnailUrl\":\"https:\/\/www.istegroup.com\/wp-content\/uploads\/2023\/03\/Evolution-des-Pyrenees-au-cours-du-cycle-varisque-et-du-cycle-alpin-2.jpeg\",\"datePublished\":\"2025-07-16T09:57:38+00:00\",\"dateModified\":\"2026-02-23T10:32:35+00:00\",\"description\":\"\u00c9volution des Pyr\u00e9n\u00e9es au cours du cycle varisque et du cycle alpin 2 pr\u00e9sente les apports de diverses m\u00e9thodes novatrices pour mieux contraindre l\u2019\u00e9volution compressive \u00e0 post-compressive des Pyr\u00e9n\u00e9es.\",\"breadcrumb\":{\"@id\":\"https:\/\/www.istegroup.com\/produit\/evolution-des-pyrenees-au-cours-du-cycle-varisque-et-du-cycle-alpin-2\/#breadcrumb\"},\"inLanguage\":\"fr-FR\",\"potentialAction\":[{\"@type\":\"ReadAction\",\"target\":[\"https:\/\/www.istegroup.com\/produit\/evolution-des-pyrenees-au-cours-du-cycle-varisque-et-du-cycle-alpin-2\/\"]}]},{\"@type\":\"ImageObject\",\"inLanguage\":\"fr-FR\",\"@id\":\"https:\/\/www.istegroup.com\/produit\/evolution-des-pyrenees-au-cours-du-cycle-varisque-et-du-cycle-alpin-2\/#primaryimage\",\"url\":\"https:\/\/www.istegroup.com\/wp-content\/uploads\/2023\/03\/Evolution-des-Pyrenees-au-cours-du-cycle-varisque-et-du-cycle-alpin-2.jpeg\",\"contentUrl\":\"https:\/\/www.istegroup.com\/wp-content\/uploads\/2023\/03\/Evolution-des-Pyrenees-au-cours-du-cycle-varisque-et-du-cycle-alpin-2.jpeg\",\"width\":300,\"height\":450},{\"@type\":\"BreadcrumbList\",\"@id\":\"https:\/\/www.istegroup.com\/produit\/evolution-des-pyrenees-au-cours-du-cycle-varisque-et-du-cycle-alpin-2\/#breadcrumb\",\"itemListElement\":[{\"@type\":\"ListItem\",\"position\":1,\"name\":\"Home\",\"item\":\"https:\/\/www.istegroup.com\/\"},{\"@type\":\"ListItem\",\"position\":2,\"name\":\"Shop\",\"item\":\"https:\/\/www.istegroup.com\/fr\/nouveautes\/\"},{\"@type\":\"ListItem\",\"position\":3,\"name\":\"\u00c9volution des Pyr\u00e9n\u00e9es au cours du cycle varisque et du cycle alpin 2\"}]},{\"@type\":\"WebSite\",\"@id\":\"https:\/\/www.istegroup.com\/#website\",\"url\":\"https:\/\/www.istegroup.com\/\",\"name\":\"ISTE Group\",\"description\":\"\u00c9diteur des Sciences\",\"potentialAction\":[{\"@type\":\"SearchAction\",\"target\":{\"@type\":\"EntryPoint\",\"urlTemplate\":\"https:\/\/www.istegroup.com\/?s={search_term_string}\"},\"query-input\":{\"@type\":\"PropertyValueSpecification\",\"valueRequired\":true,\"valueName\":\"search_term_string\"}}],\"inLanguage\":\"fr-FR\"}]}<\/script>\n<!-- \/ Yoast SEO plugin. -->","yoast_head_json":{"title":"\u00c9volution des Pyr\u00e9n\u00e9es au cours du cycle varisque et du cycle alpin 2 - ISTE Group","description":"\u00c9volution des Pyr\u00e9n\u00e9es au cours du cycle varisque et du cycle alpin 2 pr\u00e9sente les apports de diverses m\u00e9thodes novatrices pour mieux contraindre l\u2019\u00e9volution compressive \u00e0 post-compressive des Pyr\u00e9n\u00e9es.","robots":{"index":"index","follow":"follow","max-snippet":"max-snippet:-1","max-image-preview":"max-image-preview:large","max-video-preview":"max-video-preview:-1"},"canonical":"https:\/\/www.istegroup.com\/produit\/evolution-des-pyrenees-au-cours-du-cycle-varisque-et-du-cycle-alpin-2\/","og_locale":"fr_FR","og_type":"article","og_title":"\u00c9volution des Pyr\u00e9n\u00e9es au cours du cycle varisque et du cycle alpin 2 - ISTE Group","og_description":"\u00c9volution des Pyr\u00e9n\u00e9es au cours du cycle varisque et du cycle alpin 2 pr\u00e9sente les apports de diverses m\u00e9thodes novatrices pour mieux contraindre l\u2019\u00e9volution compressive \u00e0 post-compressive des Pyr\u00e9n\u00e9es.","og_url":"https:\/\/www.istegroup.com\/produit\/evolution-des-pyrenees-au-cours-du-cycle-varisque-et-du-cycle-alpin-2\/","og_site_name":"ISTE Group","article_modified_time":"2026-02-23T10:32:35+00:00","og_image":[{"width":300,"height":450,"url":"https:\/\/www.istegroup.com\/wp-content\/uploads\/2023\/03\/Evolution-des-Pyrenees-au-cours-du-cycle-varisque-et-du-cycle-alpin-2.jpeg","type":"image\/jpeg"}],"twitter_card":"summary_large_image","twitter_misc":{"Est. reading time":"2 minutes"},"schema":{"@context":"https:\/\/schema.org","@graph":[{"@type":"WebPage","@id":"https:\/\/www.istegroup.com\/produit\/evolution-des-pyrenees-au-cours-du-cycle-varisque-et-du-cycle-alpin-2\/","url":"https:\/\/www.istegroup.com\/produit\/evolution-des-pyrenees-au-cours-du-cycle-varisque-et-du-cycle-alpin-2\/","name":"\u00c9volution des Pyr\u00e9n\u00e9es au cours du cycle varisque et du cycle alpin 2 - ISTE Group","isPartOf":{"@id":"https:\/\/www.istegroup.com\/#website"},"primaryImageOfPage":{"@id":"https:\/\/www.istegroup.com\/produit\/evolution-des-pyrenees-au-cours-du-cycle-varisque-et-du-cycle-alpin-2\/#primaryimage"},"image":{"@id":"https:\/\/www.istegroup.com\/produit\/evolution-des-pyrenees-au-cours-du-cycle-varisque-et-du-cycle-alpin-2\/#primaryimage"},"thumbnailUrl":"https:\/\/www.istegroup.com\/wp-content\/uploads\/2023\/03\/Evolution-des-Pyrenees-au-cours-du-cycle-varisque-et-du-cycle-alpin-2.jpeg","datePublished":"2025-07-16T09:57:38+00:00","dateModified":"2026-02-23T10:32:35+00:00","description":"\u00c9volution des Pyr\u00e9n\u00e9es au cours du cycle varisque et du cycle alpin 2 pr\u00e9sente les apports de diverses m\u00e9thodes novatrices pour mieux contraindre l\u2019\u00e9volution compressive \u00e0 post-compressive des Pyr\u00e9n\u00e9es.","breadcrumb":{"@id":"https:\/\/www.istegroup.com\/produit\/evolution-des-pyrenees-au-cours-du-cycle-varisque-et-du-cycle-alpin-2\/#breadcrumb"},"inLanguage":"fr-FR","potentialAction":[{"@type":"ReadAction","target":["https:\/\/www.istegroup.com\/produit\/evolution-des-pyrenees-au-cours-du-cycle-varisque-et-du-cycle-alpin-2\/"]}]},{"@type":"ImageObject","inLanguage":"fr-FR","@id":"https:\/\/www.istegroup.com\/produit\/evolution-des-pyrenees-au-cours-du-cycle-varisque-et-du-cycle-alpin-2\/#primaryimage","url":"https:\/\/www.istegroup.com\/wp-content\/uploads\/2023\/03\/Evolution-des-Pyrenees-au-cours-du-cycle-varisque-et-du-cycle-alpin-2.jpeg","contentUrl":"https:\/\/www.istegroup.com\/wp-content\/uploads\/2023\/03\/Evolution-des-Pyrenees-au-cours-du-cycle-varisque-et-du-cycle-alpin-2.jpeg","width":300,"height":450},{"@type":"BreadcrumbList","@id":"https:\/\/www.istegroup.com\/produit\/evolution-des-pyrenees-au-cours-du-cycle-varisque-et-du-cycle-alpin-2\/#breadcrumb","itemListElement":[{"@type":"ListItem","position":1,"name":"Home","item":"https:\/\/www.istegroup.com\/"},{"@type":"ListItem","position":2,"name":"Shop","item":"https:\/\/www.istegroup.com\/fr\/nouveautes\/"},{"@type":"ListItem","position":3,"name":"\u00c9volution des Pyr\u00e9n\u00e9es au cours du cycle varisque et du cycle alpin 2"}]},{"@type":"WebSite","@id":"https:\/\/www.istegroup.com\/#website","url":"https:\/\/www.istegroup.com\/","name":"ISTE Group","description":"\u00c9diteur des Sciences","potentialAction":[{"@type":"SearchAction","target":{"@type":"EntryPoint","urlTemplate":"https:\/\/www.istegroup.com\/?s={search_term_string}"},"query-input":{"@type":"PropertyValueSpecification","valueRequired":true,"valueName":"search_term_string"}}],"inLanguage":"fr-FR"}]}},"_links":{"self":[{"href":"https:\/\/www.istegroup.com\/fr\/wp-json\/wp\/v2\/product\/42758","targetHints":{"allow":["GET"]}}],"collection":[{"href":"https:\/\/www.istegroup.com\/fr\/wp-json\/wp\/v2\/product"}],"about":[{"href":"https:\/\/www.istegroup.com\/fr\/wp-json\/wp\/v2\/types\/product"}],"wp:featuredmedia":[{"embeddable":true,"href":"https:\/\/www.istegroup.com\/fr\/wp-json\/wp\/v2\/media\/61000"}],"wp:attachment":[{"href":"https:\/\/www.istegroup.com\/fr\/wp-json\/wp\/v2\/media?parent=42758"}],"wp:term":[{"taxonomy":"product_brand","embeddable":true,"href":"https:\/\/www.istegroup.com\/fr\/wp-json\/wp\/v2\/product_brand?post=42758"},{"taxonomy":"product_cat","embeddable":true,"href":"https:\/\/www.istegroup.com\/fr\/wp-json\/wp\/v2\/product_cat?post=42758"},{"taxonomy":"product_tag","embeddable":true,"href":"https:\/\/www.istegroup.com\/fr\/wp-json\/wp\/v2\/product_tag?post=42758"}],"curies":[{"name":"wp","href":"https:\/\/api.w.org\/{rel}","templated":true}]}}