{"id":42430,"date":"2021-07-08T10:17:42","date_gmt":"2021-07-08T09:17:42","guid":{"rendered":"https:\/\/www.istegroup.com\/?post_type=product&#038;p=42430"},"modified":"2024-01-03T13:44:55","modified_gmt":"2024-01-03T13:44:55","slug":"levenementiel-present-et-avenir","status":"publish","type":"product","link":"https:\/\/www.istegroup.com\/fr\/produit\/levenementiel-present-et-avenir\/","title":{"rendered":"L\u2019\u00e9v\u00e8nementiel, pr\u00e9sent et avenir"},"content":{"rendered":"<p><em>L\u2019\u00e9v\u00e8nementiel, pr\u00e9sent et avenir<\/em> permet de ma\u00eetriser l\u2019ensemble des aspects de la cr\u00e9ation d\u2019un \u00e9v\u00e8nement, de l\u2019appel d\u2019offres \u00e0 son \u00e9valuation finale. Il pr\u00e9sente les grandes \u00e9volutions du secteur \u00e9v\u00e8nementiel et notamment les enjeux r\u00e9cents du digital. Il pr\u00e9cise combien l\u2019\u00e9v\u00e8nementiel est un outil puissant pour la performance de la communication des organisations et pour l\u2019engagement des diff\u00e9rents publics cibles (internes et externes).<\/p>\n<p>Puisque l\u2019\u00e9v\u00e8nementiel est avant tout un secteur o\u00f9 l\u2019humain tient un r\u00f4le pr\u00e9pond\u00e9rant, cet ouvrage m\u00e9thodologique met en perspective les n\u00e9cessaires adaptations des \u00e9v\u00e8nements pour mieux r\u00e9pondre aux attentes et objectifs des participants et des organisateurs. Il offre des r\u00e9ponses claires aux questions li\u00e9es \u00e0 l\u2019avenir de l\u2019\u00e9v\u00e8nementiel, \u00e0 la place des \u00e9v\u00e8nements digitaux ou hybrides\/phygitaux. Il expose comment le professionnalisme et le dynamisme de ce secteur et de ses acteurs sont des atouts incontournables du d\u00e9veloppement des entreprises et de la vitalit\u00e9 de l\u2019\u00e9conomie face \u00e0 leurs nombreuses transformations.<\/p>\n<p><a class=\"button\" style=\"margin-right: 10%\" href=\"https:\/\/www.istegroup.com\/wp-content\/uploads\/2021\/07\/789_Levenementiel-present-et-avenir_TDM.pdf\" target=\"_blank\" rel=\"noopener noreferrer\">Table des mati\u00e8res<\/a><a class=\"button\" style=\"margin-left: 10%\" href=\"https:\/\/www.istegroup.com\/wp-content\/uploads\/2021\/07\/789_Levenementiel-present-et-avenir_Premiere-partie.pdf\" target=\"_blank\" rel=\"noopener noreferrer\">Introduction<\/a><\/p>","protected":false},"excerpt":{"rendered":"<p>L\u2019\u00e9v\u00e8nementiel, pr\u00e9sent et avenir permet de ma\u00eetriser l\u2019ensemble des aspects de la cr\u00e9ation d\u2019un \u00e9v\u00e8nement, de l\u2019appel d\u2019offres \u00e0 son \u00e9valuation finale. Il pr\u00e9sente les grandes \u00e9volutions du secteur \u00e9v\u00e8nementiel et notamment les enjeux r\u00e9cents du digital. Il pr\u00e9cise combien l\u2019\u00e9v\u00e8nementiel est un outil puissant pour la performance de la communication des organisations et pour [&hellip;]<\/p>\n","protected":false},"featured_media":42582,"template":"","meta":{"_acf_changed":false,"_links_to":"","_links_to_target":""},"product_brand":[],"product_cat":[3262],"product_tag":[],"class_list":{"0":"post-42430","1":"product","2":"type-product","3":"status-publish","4":"has-post-thumbnail","6":"product_cat-non-classe","8":"first","9":"instock","10":"shipping-taxable","11":"purchasable","12":"product-type-variable"},"acf":[],"yoast_head":"<!-- This site is optimized with the Yoast SEO plugin v27.2 - https:\/\/yoast.com\/product\/yoast-seo-wordpress\/ -->\n<title>L\u2019\u00e9v\u00e8nementiel, pr\u00e9sent et avenir - ISTE Group<\/title>\n<meta name=\"robots\" content=\"index, follow, max-snippet:-1, max-image-preview:large, max-video-preview:-1\" \/>\n<link rel=\"canonical\" href=\"https:\/\/www.istegroup.com\/fr\/produit\/levenementiel-present-et-avenir\/\" \/>\n<meta property=\"og:locale\" content=\"fr_FR\" \/>\n<meta property=\"og:type\" content=\"article\" \/>\n<meta property=\"og:title\" content=\"L\u2019\u00e9v\u00e8nementiel, pr\u00e9sent et avenir - ISTE Group\" \/>\n<meta property=\"og:description\" content=\"L\u2019\u00e9v\u00e8nementiel, pr\u00e9sent et avenir permet de ma\u00eetriser l\u2019ensemble des aspects de la cr\u00e9ation d\u2019un \u00e9v\u00e8nement, de l\u2019appel d\u2019offres \u00e0 son \u00e9valuation finale. Il pr\u00e9sente les grandes \u00e9volutions du secteur \u00e9v\u00e8nementiel et notamment les enjeux r\u00e9cents du digital. Il pr\u00e9cise combien l\u2019\u00e9v\u00e8nementiel est un outil puissant pour la performance de la communication des organisations et pour [&hellip;]\" \/>\n<meta property=\"og:url\" content=\"https:\/\/www.istegroup.com\/fr\/produit\/levenementiel-present-et-avenir\/\" \/>\n<meta property=\"og:site_name\" content=\"ISTE Group\" \/>\n<meta property=\"article:modified_time\" content=\"2024-01-03T13:44:55+00:00\" \/>\n<meta property=\"og:image\" content=\"https:\/\/www.istegroup.com\/wp-content\/uploads\/2021\/07\/Levenementiel-present-et-avenir_couverture.jpg\" \/>\n\t<meta property=\"og:image:width\" content=\"300\" \/>\n\t<meta property=\"og:image:height\" content=\"451\" \/>\n\t<meta property=\"og:image:type\" content=\"image\/jpeg\" \/>\n<meta name=\"twitter:card\" content=\"summary_large_image\" \/>\n<meta name=\"twitter:label1\" content=\"Est. reading time\" \/>\n\t<meta name=\"twitter:data1\" content=\"1 minute\" \/>\n<script type=\"application\/ld+json\" class=\"yoast-schema-graph\">{\"@context\":\"https:\/\/schema.org\",\"@graph\":[{\"@type\":\"WebPage\",\"@id\":\"https:\/\/www.istegroup.com\/fr\/produit\/levenementiel-present-et-avenir\/\",\"url\":\"https:\/\/www.istegroup.com\/fr\/produit\/levenementiel-present-et-avenir\/\",\"name\":\"L\u2019\u00e9v\u00e8nementiel, pr\u00e9sent et avenir - ISTE Group\",\"isPartOf\":{\"@id\":\"https:\/\/www.istegroup.com\/#website\"},\"primaryImageOfPage\":{\"@id\":\"https:\/\/www.istegroup.com\/fr\/produit\/levenementiel-present-et-avenir\/#primaryimage\"},\"image\":{\"@id\":\"https:\/\/www.istegroup.com\/fr\/produit\/levenementiel-present-et-avenir\/#primaryimage\"},\"thumbnailUrl\":\"https:\/\/www.istegroup.com\/wp-content\/uploads\/2021\/07\/Levenementiel-present-et-avenir_couverture.jpg\",\"datePublished\":\"2021-07-08T09:17:42+00:00\",\"dateModified\":\"2024-01-03T13:44:55+00:00\",\"breadcrumb\":{\"@id\":\"https:\/\/www.istegroup.com\/fr\/produit\/levenementiel-present-et-avenir\/#breadcrumb\"},\"inLanguage\":\"fr-FR\",\"potentialAction\":[{\"@type\":\"ReadAction\",\"target\":[\"https:\/\/www.istegroup.com\/fr\/produit\/levenementiel-present-et-avenir\/\"]}]},{\"@type\":\"ImageObject\",\"inLanguage\":\"fr-FR\",\"@id\":\"https:\/\/www.istegroup.com\/fr\/produit\/levenementiel-present-et-avenir\/#primaryimage\",\"url\":\"https:\/\/www.istegroup.com\/wp-content\/uploads\/2021\/07\/Levenementiel-present-et-avenir_couverture.jpg\",\"contentUrl\":\"https:\/\/www.istegroup.com\/wp-content\/uploads\/2021\/07\/Levenementiel-present-et-avenir_couverture.jpg\",\"width\":300,\"height\":451},{\"@type\":\"BreadcrumbList\",\"@id\":\"https:\/\/www.istegroup.com\/fr\/produit\/levenementiel-present-et-avenir\/#breadcrumb\",\"itemListElement\":[{\"@type\":\"ListItem\",\"position\":1,\"name\":\"Home\",\"item\":\"https:\/\/www.istegroup.com\/\"},{\"@type\":\"ListItem\",\"position\":2,\"name\":\"Shop\",\"item\":\"https:\/\/www.istegroup.com\/fr\/nouveautes\/\"},{\"@type\":\"ListItem\",\"position\":3,\"name\":\"L\u2019\u00e9v\u00e8nementiel, pr\u00e9sent et avenir\"}]},{\"@type\":\"WebSite\",\"@id\":\"https:\/\/www.istegroup.com\/#website\",\"url\":\"https:\/\/www.istegroup.com\/\",\"name\":\"ISTE Group\",\"description\":\"\u00c9diteur des Sciences\",\"potentialAction\":[{\"@type\":\"SearchAction\",\"target\":{\"@type\":\"EntryPoint\",\"urlTemplate\":\"https:\/\/www.istegroup.com\/?s={search_term_string}\"},\"query-input\":{\"@type\":\"PropertyValueSpecification\",\"valueRequired\":true,\"valueName\":\"search_term_string\"}}],\"inLanguage\":\"fr-FR\"}]}<\/script>\n<!-- \/ Yoast SEO plugin. -->","yoast_head_json":{"title":"L\u2019\u00e9v\u00e8nementiel, pr\u00e9sent et avenir - ISTE Group","robots":{"index":"index","follow":"follow","max-snippet":"max-snippet:-1","max-image-preview":"max-image-preview:large","max-video-preview":"max-video-preview:-1"},"canonical":"https:\/\/www.istegroup.com\/fr\/produit\/levenementiel-present-et-avenir\/","og_locale":"fr_FR","og_type":"article","og_title":"L\u2019\u00e9v\u00e8nementiel, pr\u00e9sent et avenir - ISTE Group","og_description":"L\u2019\u00e9v\u00e8nementiel, pr\u00e9sent et avenir permet de ma\u00eetriser l\u2019ensemble des aspects de la cr\u00e9ation d\u2019un \u00e9v\u00e8nement, de l\u2019appel d\u2019offres \u00e0 son \u00e9valuation finale. Il pr\u00e9sente les grandes \u00e9volutions du secteur \u00e9v\u00e8nementiel et notamment les enjeux r\u00e9cents du digital. Il pr\u00e9cise combien l\u2019\u00e9v\u00e8nementiel est un outil puissant pour la performance de la communication des organisations et pour [&hellip;]","og_url":"https:\/\/www.istegroup.com\/fr\/produit\/levenementiel-present-et-avenir\/","og_site_name":"ISTE Group","article_modified_time":"2024-01-03T13:44:55+00:00","og_image":[{"width":300,"height":451,"url":"https:\/\/www.istegroup.com\/wp-content\/uploads\/2021\/07\/Levenementiel-present-et-avenir_couverture.jpg","type":"image\/jpeg"}],"twitter_card":"summary_large_image","twitter_misc":{"Est. reading time":"1 minute"},"schema":{"@context":"https:\/\/schema.org","@graph":[{"@type":"WebPage","@id":"https:\/\/www.istegroup.com\/fr\/produit\/levenementiel-present-et-avenir\/","url":"https:\/\/www.istegroup.com\/fr\/produit\/levenementiel-present-et-avenir\/","name":"L\u2019\u00e9v\u00e8nementiel, pr\u00e9sent et avenir - ISTE Group","isPartOf":{"@id":"https:\/\/www.istegroup.com\/#website"},"primaryImageOfPage":{"@id":"https:\/\/www.istegroup.com\/fr\/produit\/levenementiel-present-et-avenir\/#primaryimage"},"image":{"@id":"https:\/\/www.istegroup.com\/fr\/produit\/levenementiel-present-et-avenir\/#primaryimage"},"thumbnailUrl":"https:\/\/www.istegroup.com\/wp-content\/uploads\/2021\/07\/Levenementiel-present-et-avenir_couverture.jpg","datePublished":"2021-07-08T09:17:42+00:00","dateModified":"2024-01-03T13:44:55+00:00","breadcrumb":{"@id":"https:\/\/www.istegroup.com\/fr\/produit\/levenementiel-present-et-avenir\/#breadcrumb"},"inLanguage":"fr-FR","potentialAction":[{"@type":"ReadAction","target":["https:\/\/www.istegroup.com\/fr\/produit\/levenementiel-present-et-avenir\/"]}]},{"@type":"ImageObject","inLanguage":"fr-FR","@id":"https:\/\/www.istegroup.com\/fr\/produit\/levenementiel-present-et-avenir\/#primaryimage","url":"https:\/\/www.istegroup.com\/wp-content\/uploads\/2021\/07\/Levenementiel-present-et-avenir_couverture.jpg","contentUrl":"https:\/\/www.istegroup.com\/wp-content\/uploads\/2021\/07\/Levenementiel-present-et-avenir_couverture.jpg","width":300,"height":451},{"@type":"BreadcrumbList","@id":"https:\/\/www.istegroup.com\/fr\/produit\/levenementiel-present-et-avenir\/#breadcrumb","itemListElement":[{"@type":"ListItem","position":1,"name":"Home","item":"https:\/\/www.istegroup.com\/"},{"@type":"ListItem","position":2,"name":"Shop","item":"https:\/\/www.istegroup.com\/fr\/nouveautes\/"},{"@type":"ListItem","position":3,"name":"L\u2019\u00e9v\u00e8nementiel, pr\u00e9sent et avenir"}]},{"@type":"WebSite","@id":"https:\/\/www.istegroup.com\/#website","url":"https:\/\/www.istegroup.com\/","name":"ISTE Group","description":"\u00c9diteur des Sciences","potentialAction":[{"@type":"SearchAction","target":{"@type":"EntryPoint","urlTemplate":"https:\/\/www.istegroup.com\/?s={search_term_string}"},"query-input":{"@type":"PropertyValueSpecification","valueRequired":true,"valueName":"search_term_string"}}],"inLanguage":"fr-FR"}]}},"_links":{"self":[{"href":"https:\/\/www.istegroup.com\/fr\/wp-json\/wp\/v2\/product\/42430","targetHints":{"allow":["GET"]}}],"collection":[{"href":"https:\/\/www.istegroup.com\/fr\/wp-json\/wp\/v2\/product"}],"about":[{"href":"https:\/\/www.istegroup.com\/fr\/wp-json\/wp\/v2\/types\/product"}],"wp:featuredmedia":[{"embeddable":true,"href":"https:\/\/www.istegroup.com\/fr\/wp-json\/wp\/v2\/media\/42582"}],"wp:attachment":[{"href":"https:\/\/www.istegroup.com\/fr\/wp-json\/wp\/v2\/media?parent=42430"}],"wp:term":[{"taxonomy":"product_brand","embeddable":true,"href":"https:\/\/www.istegroup.com\/fr\/wp-json\/wp\/v2\/product_brand?post=42430"},{"taxonomy":"product_cat","embeddable":true,"href":"https:\/\/www.istegroup.com\/fr\/wp-json\/wp\/v2\/product_cat?post=42430"},{"taxonomy":"product_tag","embeddable":true,"href":"https:\/\/www.istegroup.com\/fr\/wp-json\/wp\/v2\/product_tag?post=42430"}],"curies":[{"name":"wp","href":"https:\/\/api.w.org\/{rel}","templated":true}]}}