{"id":42412,"date":"2021-07-08T09:56:01","date_gmt":"2021-07-08T08:56:01","guid":{"rendered":"https:\/\/www.istegroup.com\/?post_type=product&#038;p=42412"},"modified":"2024-01-03T13:44:55","modified_gmt":"2024-01-03T13:44:55","slug":"conflits-crimes-et-regulations-dans-le-cyberespace","status":"publish","type":"product","link":"https:\/\/www.istegroup.com\/fr\/produit\/conflits-crimes-et-regulations-dans-le-cyberespace\/","title":{"rendered":"Conflits, crimes et r\u00e9gulations dans le cyberespace"},"content":{"rendered":"<p>Le cyberespace est un objet d\u2019\u00e9tude tr\u00e8s r\u00e9cent pour les sciences sociales. <em>Conflits, crimes et r\u00e9gulations dans le cyberespace<\/em> contribue au d\u00e9bat scientifique en formation en mettant en avant, par des \u00e9tudes de cas, les enjeux internationaux et les questions de m\u00e9thodes.<\/p>\n<p>Cet ouvrage pr\u00e9sente le cyberespace comme un syst\u00e8me sociotechnique \u00e0 l\u2019\u00e9chelle internationale. Il privil\u00e9gie les acteurs \u00e9tatiques et non \u00e9tatiques ainsi que l\u2019\u00e9tude des normes et des concepts strat\u00e9giques. \u00c0 la diff\u00e9rence des \u00e9tudes globalisantes, l\u2019approche sociotechnique et l\u2019\u00e9chelle \u00ab\u00a0m\u00e9so\u00a0\u00bb permettent d\u2019analyser le cyberespace dans les relations internationales. Il est ici \u00e0 la fois un espace de collaborations et de conflits pour lequel des modes de r\u00e9gulation sp\u00e9cifiques sont apparus.<\/p>\n<p><strong>Cet ouvrage a re\u00e7u le prix du livre \u00ab Cyberd\u00e9fense \u00bb FIC 2022.<\/strong><\/p>\n<p>&nbsp;<\/p>\n<p><a class=\"button\" style=\"margin-right: 10%\" href=\"https:\/\/www.istegroup.com\/wp-content\/uploads\/2021\/06\/787_Conflits-crimes-et-regulations-dans-le-cyberespace_TDM.pdf\" target=\"_blank\" rel=\"noopener noreferrer\">Table des mati\u00e8res<\/a><a class=\"button\" style=\"margin-left: 10%\" href=\"https:\/\/www.istegroup.com\/wp-content\/uploads\/2021\/06\/787_Conflits-crimes-et-regulations-dans-le-cyberespace_Premiere-partie.pdf\" target=\"_blank\" rel=\"noopener noreferrer\">Introduction<\/a><\/p>","protected":false},"excerpt":{"rendered":"<p>Le cyberespace est un objet d\u2019\u00e9tude tr\u00e8s r\u00e9cent pour les sciences sociales. Conflits, crimes et r\u00e9gulations dans le cyberespace contribue au d\u00e9bat scientifique en formation en mettant en avant, par des \u00e9tudes de cas, les enjeux internationaux et les questions de m\u00e9thodes. Cet ouvrage pr\u00e9sente le cyberespace comme un syst\u00e8me sociotechnique \u00e0 l\u2019\u00e9chelle internationale. Il [&hellip;]<\/p>\n","protected":false},"featured_media":46761,"template":"","meta":{"_acf_changed":false,"_links_to":"","_links_to_target":""},"product_brand":[],"product_cat":[3262],"product_tag":[],"class_list":{"0":"post-42412","1":"product","2":"type-product","3":"status-publish","4":"has-post-thumbnail","6":"product_cat-non-classe","8":"first","9":"instock","10":"shipping-taxable","11":"purchasable","12":"product-type-variable"},"acf":[],"yoast_head":"<!-- This site is optimized with the Yoast SEO plugin v27.2 - https:\/\/yoast.com\/product\/yoast-seo-wordpress\/ -->\n<title>Conflits, crimes et r\u00e9gulations dans le cyberespace - ISTE Group<\/title>\n<meta name=\"robots\" content=\"index, follow, max-snippet:-1, max-image-preview:large, max-video-preview:-1\" \/>\n<link rel=\"canonical\" href=\"https:\/\/www.istegroup.com\/fr\/produit\/conflits-crimes-et-regulations-dans-le-cyberespace\/\" \/>\n<meta property=\"og:locale\" content=\"fr_FR\" \/>\n<meta property=\"og:type\" content=\"article\" \/>\n<meta property=\"og:title\" content=\"Conflits, crimes et r\u00e9gulations dans le cyberespace - ISTE Group\" \/>\n<meta property=\"og:description\" content=\"Le cyberespace est un objet d\u2019\u00e9tude tr\u00e8s r\u00e9cent pour les sciences sociales. Conflits, crimes et r\u00e9gulations dans le cyberespace contribue au d\u00e9bat scientifique en formation en mettant en avant, par des \u00e9tudes de cas, les enjeux internationaux et les questions de m\u00e9thodes. Cet ouvrage pr\u00e9sente le cyberespace comme un syst\u00e8me sociotechnique \u00e0 l\u2019\u00e9chelle internationale. Il [&hellip;]\" \/>\n<meta property=\"og:url\" content=\"https:\/\/www.istegroup.com\/fr\/produit\/conflits-crimes-et-regulations-dans-le-cyberespace\/\" \/>\n<meta property=\"og:site_name\" content=\"ISTE Group\" \/>\n<meta property=\"article:modified_time\" content=\"2024-01-03T13:44:55+00:00\" \/>\n<meta property=\"og:image\" content=\"https:\/\/www.istegroup.com\/wp-content\/uploads\/2022\/06\/Conflits-crimes-et-regulations-dans-le-cyberespace_FIC_cyberdefense.jpg\" \/>\n\t<meta property=\"og:image:width\" content=\"318\" \/>\n\t<meta property=\"og:image:height\" content=\"478\" \/>\n\t<meta property=\"og:image:type\" content=\"image\/jpeg\" \/>\n<meta name=\"twitter:card\" content=\"summary_large_image\" \/>\n<meta name=\"twitter:label1\" content=\"Est. reading time\" \/>\n\t<meta name=\"twitter:data1\" content=\"1 minute\" \/>\n<script type=\"application\/ld+json\" class=\"yoast-schema-graph\">{\"@context\":\"https:\/\/schema.org\",\"@graph\":[{\"@type\":\"WebPage\",\"@id\":\"https:\/\/www.istegroup.com\/fr\/produit\/conflits-crimes-et-regulations-dans-le-cyberespace\/\",\"url\":\"https:\/\/www.istegroup.com\/fr\/produit\/conflits-crimes-et-regulations-dans-le-cyberespace\/\",\"name\":\"Conflits, crimes et r\u00e9gulations dans le cyberespace - ISTE Group\",\"isPartOf\":{\"@id\":\"https:\/\/www.istegroup.com\/#website\"},\"primaryImageOfPage\":{\"@id\":\"https:\/\/www.istegroup.com\/fr\/produit\/conflits-crimes-et-regulations-dans-le-cyberespace\/#primaryimage\"},\"image\":{\"@id\":\"https:\/\/www.istegroup.com\/fr\/produit\/conflits-crimes-et-regulations-dans-le-cyberespace\/#primaryimage\"},\"thumbnailUrl\":\"https:\/\/www.istegroup.com\/wp-content\/uploads\/2022\/06\/Conflits-crimes-et-regulations-dans-le-cyberespace_FIC_cyberdefense.jpg\",\"datePublished\":\"2021-07-08T08:56:01+00:00\",\"dateModified\":\"2024-01-03T13:44:55+00:00\",\"breadcrumb\":{\"@id\":\"https:\/\/www.istegroup.com\/fr\/produit\/conflits-crimes-et-regulations-dans-le-cyberespace\/#breadcrumb\"},\"inLanguage\":\"fr-FR\",\"potentialAction\":[{\"@type\":\"ReadAction\",\"target\":[\"https:\/\/www.istegroup.com\/fr\/produit\/conflits-crimes-et-regulations-dans-le-cyberespace\/\"]}]},{\"@type\":\"ImageObject\",\"inLanguage\":\"fr-FR\",\"@id\":\"https:\/\/www.istegroup.com\/fr\/produit\/conflits-crimes-et-regulations-dans-le-cyberespace\/#primaryimage\",\"url\":\"https:\/\/www.istegroup.com\/wp-content\/uploads\/2022\/06\/Conflits-crimes-et-regulations-dans-le-cyberespace_FIC_cyberdefense.jpg\",\"contentUrl\":\"https:\/\/www.istegroup.com\/wp-content\/uploads\/2022\/06\/Conflits-crimes-et-regulations-dans-le-cyberespace_FIC_cyberdefense.jpg\",\"width\":318,\"height\":478},{\"@type\":\"BreadcrumbList\",\"@id\":\"https:\/\/www.istegroup.com\/fr\/produit\/conflits-crimes-et-regulations-dans-le-cyberespace\/#breadcrumb\",\"itemListElement\":[{\"@type\":\"ListItem\",\"position\":1,\"name\":\"Home\",\"item\":\"https:\/\/www.istegroup.com\/\"},{\"@type\":\"ListItem\",\"position\":2,\"name\":\"Shop\",\"item\":\"https:\/\/www.istegroup.com\/fr\/nouveautes\/\"},{\"@type\":\"ListItem\",\"position\":3,\"name\":\"Conflits, crimes et r\u00e9gulations dans le cyberespace\"}]},{\"@type\":\"WebSite\",\"@id\":\"https:\/\/www.istegroup.com\/#website\",\"url\":\"https:\/\/www.istegroup.com\/\",\"name\":\"ISTE Group\",\"description\":\"\u00c9diteur des Sciences\",\"potentialAction\":[{\"@type\":\"SearchAction\",\"target\":{\"@type\":\"EntryPoint\",\"urlTemplate\":\"https:\/\/www.istegroup.com\/?s={search_term_string}\"},\"query-input\":{\"@type\":\"PropertyValueSpecification\",\"valueRequired\":true,\"valueName\":\"search_term_string\"}}],\"inLanguage\":\"fr-FR\"}]}<\/script>\n<!-- \/ Yoast SEO plugin. -->","yoast_head_json":{"title":"Conflits, crimes et r\u00e9gulations dans le cyberespace - ISTE Group","robots":{"index":"index","follow":"follow","max-snippet":"max-snippet:-1","max-image-preview":"max-image-preview:large","max-video-preview":"max-video-preview:-1"},"canonical":"https:\/\/www.istegroup.com\/fr\/produit\/conflits-crimes-et-regulations-dans-le-cyberespace\/","og_locale":"fr_FR","og_type":"article","og_title":"Conflits, crimes et r\u00e9gulations dans le cyberespace - ISTE Group","og_description":"Le cyberespace est un objet d\u2019\u00e9tude tr\u00e8s r\u00e9cent pour les sciences sociales. Conflits, crimes et r\u00e9gulations dans le cyberespace contribue au d\u00e9bat scientifique en formation en mettant en avant, par des \u00e9tudes de cas, les enjeux internationaux et les questions de m\u00e9thodes. Cet ouvrage pr\u00e9sente le cyberespace comme un syst\u00e8me sociotechnique \u00e0 l\u2019\u00e9chelle internationale. Il [&hellip;]","og_url":"https:\/\/www.istegroup.com\/fr\/produit\/conflits-crimes-et-regulations-dans-le-cyberespace\/","og_site_name":"ISTE Group","article_modified_time":"2024-01-03T13:44:55+00:00","og_image":[{"width":318,"height":478,"url":"https:\/\/www.istegroup.com\/wp-content\/uploads\/2022\/06\/Conflits-crimes-et-regulations-dans-le-cyberespace_FIC_cyberdefense.jpg","type":"image\/jpeg"}],"twitter_card":"summary_large_image","twitter_misc":{"Est. reading time":"1 minute"},"schema":{"@context":"https:\/\/schema.org","@graph":[{"@type":"WebPage","@id":"https:\/\/www.istegroup.com\/fr\/produit\/conflits-crimes-et-regulations-dans-le-cyberespace\/","url":"https:\/\/www.istegroup.com\/fr\/produit\/conflits-crimes-et-regulations-dans-le-cyberespace\/","name":"Conflits, crimes et r\u00e9gulations dans le cyberespace - ISTE Group","isPartOf":{"@id":"https:\/\/www.istegroup.com\/#website"},"primaryImageOfPage":{"@id":"https:\/\/www.istegroup.com\/fr\/produit\/conflits-crimes-et-regulations-dans-le-cyberespace\/#primaryimage"},"image":{"@id":"https:\/\/www.istegroup.com\/fr\/produit\/conflits-crimes-et-regulations-dans-le-cyberespace\/#primaryimage"},"thumbnailUrl":"https:\/\/www.istegroup.com\/wp-content\/uploads\/2022\/06\/Conflits-crimes-et-regulations-dans-le-cyberespace_FIC_cyberdefense.jpg","datePublished":"2021-07-08T08:56:01+00:00","dateModified":"2024-01-03T13:44:55+00:00","breadcrumb":{"@id":"https:\/\/www.istegroup.com\/fr\/produit\/conflits-crimes-et-regulations-dans-le-cyberespace\/#breadcrumb"},"inLanguage":"fr-FR","potentialAction":[{"@type":"ReadAction","target":["https:\/\/www.istegroup.com\/fr\/produit\/conflits-crimes-et-regulations-dans-le-cyberespace\/"]}]},{"@type":"ImageObject","inLanguage":"fr-FR","@id":"https:\/\/www.istegroup.com\/fr\/produit\/conflits-crimes-et-regulations-dans-le-cyberespace\/#primaryimage","url":"https:\/\/www.istegroup.com\/wp-content\/uploads\/2022\/06\/Conflits-crimes-et-regulations-dans-le-cyberespace_FIC_cyberdefense.jpg","contentUrl":"https:\/\/www.istegroup.com\/wp-content\/uploads\/2022\/06\/Conflits-crimes-et-regulations-dans-le-cyberespace_FIC_cyberdefense.jpg","width":318,"height":478},{"@type":"BreadcrumbList","@id":"https:\/\/www.istegroup.com\/fr\/produit\/conflits-crimes-et-regulations-dans-le-cyberespace\/#breadcrumb","itemListElement":[{"@type":"ListItem","position":1,"name":"Home","item":"https:\/\/www.istegroup.com\/"},{"@type":"ListItem","position":2,"name":"Shop","item":"https:\/\/www.istegroup.com\/fr\/nouveautes\/"},{"@type":"ListItem","position":3,"name":"Conflits, crimes et r\u00e9gulations dans le cyberespace"}]},{"@type":"WebSite","@id":"https:\/\/www.istegroup.com\/#website","url":"https:\/\/www.istegroup.com\/","name":"ISTE Group","description":"\u00c9diteur des Sciences","potentialAction":[{"@type":"SearchAction","target":{"@type":"EntryPoint","urlTemplate":"https:\/\/www.istegroup.com\/?s={search_term_string}"},"query-input":{"@type":"PropertyValueSpecification","valueRequired":true,"valueName":"search_term_string"}}],"inLanguage":"fr-FR"}]}},"_links":{"self":[{"href":"https:\/\/www.istegroup.com\/fr\/wp-json\/wp\/v2\/product\/42412","targetHints":{"allow":["GET"]}}],"collection":[{"href":"https:\/\/www.istegroup.com\/fr\/wp-json\/wp\/v2\/product"}],"about":[{"href":"https:\/\/www.istegroup.com\/fr\/wp-json\/wp\/v2\/types\/product"}],"wp:featuredmedia":[{"embeddable":true,"href":"https:\/\/www.istegroup.com\/fr\/wp-json\/wp\/v2\/media\/46761"}],"wp:attachment":[{"href":"https:\/\/www.istegroup.com\/fr\/wp-json\/wp\/v2\/media?parent=42412"}],"wp:term":[{"taxonomy":"product_brand","embeddable":true,"href":"https:\/\/www.istegroup.com\/fr\/wp-json\/wp\/v2\/product_brand?post=42412"},{"taxonomy":"product_cat","embeddable":true,"href":"https:\/\/www.istegroup.com\/fr\/wp-json\/wp\/v2\/product_cat?post=42412"},{"taxonomy":"product_tag","embeddable":true,"href":"https:\/\/www.istegroup.com\/fr\/wp-json\/wp\/v2\/product_tag?post=42412"}],"curies":[{"name":"wp","href":"https:\/\/api.w.org\/{rel}","templated":true}]}}