{"id":42388,"date":"2021-07-08T09:44:30","date_gmt":"2021-07-08T08:44:30","guid":{"rendered":"https:\/\/www.istegroup.com\/?post_type=product&#038;p=42388"},"modified":"2024-01-03T13:44:54","modified_gmt":"2024-01-03T13:44:54","slug":"management-de-linformation-dans-les-organisations","status":"publish","type":"product","link":"https:\/\/www.istegroup.com\/fr\/produit\/management-de-linformation-dans-les-organisations\/","title":{"rendered":"Management de l&rsquo;information dans les organisations"},"content":{"rendered":"<p>Les nouveaux mod\u00e8les \u00e9conomiques, le travail \u00e0 distance ou les technologies disruptives sont un \u00e9chantillon des bouleversements v\u00e9cus par les organisations.<\/p>\n<p>Dans cet \u00e9cosyst\u00e8me en mouvement, dans la transformation num\u00e9rique des organisations, le management de l\u2019information, centr\u00e9 sur les ressources informationnelles comme actif strat\u00e9gique de l\u2019organisation, est l\u2019un des piliers de la strat\u00e9gie globale de l\u2019organisation. Il existe plusieurs approches de management de l\u2019information et chacune apporte un \u00e9clairage pr\u00e9cieux sur cette activit\u00e9 professionnelle.<\/p>\n<p><em> Management de l\u2019information dans les organisations<\/em> se concentre sur l\u2019exploration des liens entre les savoirs et les savoir-faire de ce domaine aussi scientifique que professionnel. Il pr\u00f4ne une d\u00e9marche int\u00e9gr\u00e9e et strat\u00e9gique de management de l\u2019information appliqu\u00e9e aux ressources informationnelles de l\u2019organisation. Il s\u2019adresse \u00e0 tous les professionnels de l\u2019information, aux chefs de projets en gestion de l\u2019information et des connaissances, aux sp\u00e9cialistes de la gouvernance de l\u2019information et aux chercheurs en sciences de l\u2019information.<\/p>\n<p>&nbsp;<\/p>\n<p><a class=\"button\" style=\"margin-right: 10%\" href=\"https:\/\/www.istegroup.com\/wp-content\/uploads\/2021\/06\/775_Management-de-linformation-dans-les-organisations_TDM.pdf\" target=\"_blank\" rel=\"noopener noreferrer\">Table des mati\u00e8res<\/a><a class=\"button\" style=\"margin-left: 10%\" href=\"https:\/\/www.istegroup.com\/wp-content\/uploads\/2021\/06\/775_Management-de-linformation-dans-les-organisations_Premiere-partie.pdf\" target=\"_blank\" rel=\"noopener noreferrer\">Introduction<\/a><\/p>","protected":false},"excerpt":{"rendered":"<p>Les nouveaux mod\u00e8les \u00e9conomiques, le travail \u00e0 distance ou les technologies disruptives sont un \u00e9chantillon des bouleversements v\u00e9cus par les organisations. Dans cet \u00e9cosyst\u00e8me en mouvement, dans la transformation num\u00e9rique des organisations, le management de l\u2019information, centr\u00e9 sur les ressources informationnelles comme actif strat\u00e9gique de l\u2019organisation, est l\u2019un des piliers de la strat\u00e9gie globale de [&hellip;]<\/p>\n","protected":false},"featured_media":42579,"template":"","meta":{"_acf_changed":false,"_links_to":"","_links_to_target":""},"product_brand":[],"product_cat":[3262],"product_tag":[],"class_list":{"0":"post-42388","1":"product","2":"type-product","3":"status-publish","4":"has-post-thumbnail","6":"product_cat-non-classe","8":"first","9":"instock","10":"shipping-taxable","11":"purchasable","12":"product-type-variable"},"acf":[],"yoast_head":"<!-- This site is optimized with the Yoast SEO plugin v27.2 - https:\/\/yoast.com\/product\/yoast-seo-wordpress\/ -->\n<title>Management de l&#039;information dans les organisations - ISTE Group<\/title>\n<meta name=\"robots\" content=\"index, follow, max-snippet:-1, max-image-preview:large, max-video-preview:-1\" \/>\n<link rel=\"canonical\" href=\"https:\/\/www.istegroup.com\/en\/produit\/management-de-linformation-dans-les-organisations\/\" \/>\n<meta property=\"og:locale\" content=\"fr_FR\" \/>\n<meta property=\"og:type\" content=\"article\" \/>\n<meta property=\"og:title\" content=\"Management de l&#039;information dans les organisations - ISTE Group\" \/>\n<meta property=\"og:description\" content=\"Les nouveaux mod\u00e8les \u00e9conomiques, le travail \u00e0 distance ou les technologies disruptives sont un \u00e9chantillon des bouleversements v\u00e9cus par les organisations. Dans cet \u00e9cosyst\u00e8me en mouvement, dans la transformation num\u00e9rique des organisations, le management de l\u2019information, centr\u00e9 sur les ressources informationnelles comme actif strat\u00e9gique de l\u2019organisation, est l\u2019un des piliers de la strat\u00e9gie globale de [&hellip;]\" \/>\n<meta property=\"og:url\" content=\"https:\/\/www.istegroup.com\/en\/produit\/management-de-linformation-dans-les-organisations\/\" \/>\n<meta property=\"og:site_name\" content=\"ISTE Group\" \/>\n<meta property=\"article:modified_time\" content=\"2024-01-03T13:44:54+00:00\" \/>\n<meta property=\"og:image\" content=\"https:\/\/www.istegroup.com\/wp-content\/uploads\/2021\/07\/Management-de-linformation-dans-les-organisations_couverture.jpg\" \/>\n\t<meta property=\"og:image:width\" content=\"300\" \/>\n\t<meta property=\"og:image:height\" content=\"452\" \/>\n\t<meta property=\"og:image:type\" content=\"image\/jpeg\" \/>\n<meta name=\"twitter:card\" content=\"summary_large_image\" \/>\n<meta name=\"twitter:label1\" content=\"Est. reading time\" \/>\n\t<meta name=\"twitter:data1\" content=\"1 minute\" \/>\n<script type=\"application\/ld+json\" class=\"yoast-schema-graph\">{\"@context\":\"https:\/\/schema.org\",\"@graph\":[{\"@type\":\"WebPage\",\"@id\":\"https:\/\/www.istegroup.com\/en\/produit\/management-de-linformation-dans-les-organisations\/\",\"url\":\"https:\/\/www.istegroup.com\/en\/produit\/management-de-linformation-dans-les-organisations\/\",\"name\":\"Management de l'information dans les organisations - ISTE Group\",\"isPartOf\":{\"@id\":\"https:\/\/www.istegroup.com\/#website\"},\"primaryImageOfPage\":{\"@id\":\"https:\/\/www.istegroup.com\/en\/produit\/management-de-linformation-dans-les-organisations\/#primaryimage\"},\"image\":{\"@id\":\"https:\/\/www.istegroup.com\/en\/produit\/management-de-linformation-dans-les-organisations\/#primaryimage\"},\"thumbnailUrl\":\"https:\/\/www.istegroup.com\/wp-content\/uploads\/2021\/07\/Management-de-linformation-dans-les-organisations_couverture.jpg\",\"datePublished\":\"2021-07-08T08:44:30+00:00\",\"dateModified\":\"2024-01-03T13:44:54+00:00\",\"breadcrumb\":{\"@id\":\"https:\/\/www.istegroup.com\/en\/produit\/management-de-linformation-dans-les-organisations\/#breadcrumb\"},\"inLanguage\":\"fr-FR\",\"potentialAction\":[{\"@type\":\"ReadAction\",\"target\":[\"https:\/\/www.istegroup.com\/en\/produit\/management-de-linformation-dans-les-organisations\/\"]}]},{\"@type\":\"ImageObject\",\"inLanguage\":\"fr-FR\",\"@id\":\"https:\/\/www.istegroup.com\/en\/produit\/management-de-linformation-dans-les-organisations\/#primaryimage\",\"url\":\"https:\/\/www.istegroup.com\/wp-content\/uploads\/2021\/07\/Management-de-linformation-dans-les-organisations_couverture.jpg\",\"contentUrl\":\"https:\/\/www.istegroup.com\/wp-content\/uploads\/2021\/07\/Management-de-linformation-dans-les-organisations_couverture.jpg\",\"width\":300,\"height\":452},{\"@type\":\"BreadcrumbList\",\"@id\":\"https:\/\/www.istegroup.com\/en\/produit\/management-de-linformation-dans-les-organisations\/#breadcrumb\",\"itemListElement\":[{\"@type\":\"ListItem\",\"position\":1,\"name\":\"Home\",\"item\":\"https:\/\/www.istegroup.com\/\"},{\"@type\":\"ListItem\",\"position\":2,\"name\":\"Shop\",\"item\":\"https:\/\/www.istegroup.com\/fr\/nouveautes\/\"},{\"@type\":\"ListItem\",\"position\":3,\"name\":\"Management de l&#8217;information dans les organisations\"}]},{\"@type\":\"WebSite\",\"@id\":\"https:\/\/www.istegroup.com\/#website\",\"url\":\"https:\/\/www.istegroup.com\/\",\"name\":\"ISTE Group\",\"description\":\"\u00c9diteur des Sciences\",\"potentialAction\":[{\"@type\":\"SearchAction\",\"target\":{\"@type\":\"EntryPoint\",\"urlTemplate\":\"https:\/\/www.istegroup.com\/?s={search_term_string}\"},\"query-input\":{\"@type\":\"PropertyValueSpecification\",\"valueRequired\":true,\"valueName\":\"search_term_string\"}}],\"inLanguage\":\"fr-FR\"}]}<\/script>\n<!-- \/ Yoast SEO plugin. -->","yoast_head_json":{"title":"Management de l'information dans les organisations - ISTE Group","robots":{"index":"index","follow":"follow","max-snippet":"max-snippet:-1","max-image-preview":"max-image-preview:large","max-video-preview":"max-video-preview:-1"},"canonical":"https:\/\/www.istegroup.com\/en\/produit\/management-de-linformation-dans-les-organisations\/","og_locale":"fr_FR","og_type":"article","og_title":"Management de l'information dans les organisations - ISTE Group","og_description":"Les nouveaux mod\u00e8les \u00e9conomiques, le travail \u00e0 distance ou les technologies disruptives sont un \u00e9chantillon des bouleversements v\u00e9cus par les organisations. Dans cet \u00e9cosyst\u00e8me en mouvement, dans la transformation num\u00e9rique des organisations, le management de l\u2019information, centr\u00e9 sur les ressources informationnelles comme actif strat\u00e9gique de l\u2019organisation, est l\u2019un des piliers de la strat\u00e9gie globale de [&hellip;]","og_url":"https:\/\/www.istegroup.com\/en\/produit\/management-de-linformation-dans-les-organisations\/","og_site_name":"ISTE Group","article_modified_time":"2024-01-03T13:44:54+00:00","og_image":[{"width":300,"height":452,"url":"https:\/\/www.istegroup.com\/wp-content\/uploads\/2021\/07\/Management-de-linformation-dans-les-organisations_couverture.jpg","type":"image\/jpeg"}],"twitter_card":"summary_large_image","twitter_misc":{"Est. reading time":"1 minute"},"schema":{"@context":"https:\/\/schema.org","@graph":[{"@type":"WebPage","@id":"https:\/\/www.istegroup.com\/en\/produit\/management-de-linformation-dans-les-organisations\/","url":"https:\/\/www.istegroup.com\/en\/produit\/management-de-linformation-dans-les-organisations\/","name":"Management de l'information dans les organisations - ISTE Group","isPartOf":{"@id":"https:\/\/www.istegroup.com\/#website"},"primaryImageOfPage":{"@id":"https:\/\/www.istegroup.com\/en\/produit\/management-de-linformation-dans-les-organisations\/#primaryimage"},"image":{"@id":"https:\/\/www.istegroup.com\/en\/produit\/management-de-linformation-dans-les-organisations\/#primaryimage"},"thumbnailUrl":"https:\/\/www.istegroup.com\/wp-content\/uploads\/2021\/07\/Management-de-linformation-dans-les-organisations_couverture.jpg","datePublished":"2021-07-08T08:44:30+00:00","dateModified":"2024-01-03T13:44:54+00:00","breadcrumb":{"@id":"https:\/\/www.istegroup.com\/en\/produit\/management-de-linformation-dans-les-organisations\/#breadcrumb"},"inLanguage":"fr-FR","potentialAction":[{"@type":"ReadAction","target":["https:\/\/www.istegroup.com\/en\/produit\/management-de-linformation-dans-les-organisations\/"]}]},{"@type":"ImageObject","inLanguage":"fr-FR","@id":"https:\/\/www.istegroup.com\/en\/produit\/management-de-linformation-dans-les-organisations\/#primaryimage","url":"https:\/\/www.istegroup.com\/wp-content\/uploads\/2021\/07\/Management-de-linformation-dans-les-organisations_couverture.jpg","contentUrl":"https:\/\/www.istegroup.com\/wp-content\/uploads\/2021\/07\/Management-de-linformation-dans-les-organisations_couverture.jpg","width":300,"height":452},{"@type":"BreadcrumbList","@id":"https:\/\/www.istegroup.com\/en\/produit\/management-de-linformation-dans-les-organisations\/#breadcrumb","itemListElement":[{"@type":"ListItem","position":1,"name":"Home","item":"https:\/\/www.istegroup.com\/"},{"@type":"ListItem","position":2,"name":"Shop","item":"https:\/\/www.istegroup.com\/fr\/nouveautes\/"},{"@type":"ListItem","position":3,"name":"Management de l&#8217;information dans les organisations"}]},{"@type":"WebSite","@id":"https:\/\/www.istegroup.com\/#website","url":"https:\/\/www.istegroup.com\/","name":"ISTE Group","description":"\u00c9diteur des Sciences","potentialAction":[{"@type":"SearchAction","target":{"@type":"EntryPoint","urlTemplate":"https:\/\/www.istegroup.com\/?s={search_term_string}"},"query-input":{"@type":"PropertyValueSpecification","valueRequired":true,"valueName":"search_term_string"}}],"inLanguage":"fr-FR"}]}},"_links":{"self":[{"href":"https:\/\/www.istegroup.com\/fr\/wp-json\/wp\/v2\/product\/42388","targetHints":{"allow":["GET"]}}],"collection":[{"href":"https:\/\/www.istegroup.com\/fr\/wp-json\/wp\/v2\/product"}],"about":[{"href":"https:\/\/www.istegroup.com\/fr\/wp-json\/wp\/v2\/types\/product"}],"wp:featuredmedia":[{"embeddable":true,"href":"https:\/\/www.istegroup.com\/fr\/wp-json\/wp\/v2\/media\/42579"}],"wp:attachment":[{"href":"https:\/\/www.istegroup.com\/fr\/wp-json\/wp\/v2\/media?parent=42388"}],"wp:term":[{"taxonomy":"product_brand","embeddable":true,"href":"https:\/\/www.istegroup.com\/fr\/wp-json\/wp\/v2\/product_brand?post=42388"},{"taxonomy":"product_cat","embeddable":true,"href":"https:\/\/www.istegroup.com\/fr\/wp-json\/wp\/v2\/product_cat?post=42388"},{"taxonomy":"product_tag","embeddable":true,"href":"https:\/\/www.istegroup.com\/fr\/wp-json\/wp\/v2\/product_tag?post=42388"}],"curies":[{"name":"wp","href":"https:\/\/api.w.org\/{rel}","templated":true}]}}