{"id":423,"date":"2017-07-28T14:31:23","date_gmt":"2017-07-28T12:31:23","guid":{"rendered":"https:\/\/iste.yhello.co\/product\/les-interfaces-cerveau-ordinateur-2\/"},"modified":"2024-01-03T13:40:00","modified_gmt":"2024-01-03T13:40:00","slug":"les-interfaces-cerveau-ordinateur-2","status":"publish","type":"product","link":"https:\/\/www.istegroup.com\/fr\/produit\/les-interfaces-cerveau-ordinateur-2\/","title":{"rendered":"Les interfaces cerveau-ordinateur 2"},"content":{"rendered":"<p>Les interfaces cerveau-ordinateur (Brain-Computer Interfaces, BCI) sont des dispositifs qui mesurent l\u2019activit\u00e9 c\u00e9r\u00e9brale et la convertissent en messages ou commandes, offrant ainsi de nombreuses possibilit\u00e9s d\u2019investigation.<\/p>\n<p>Ce second volume,\u00a0<em>Technologie et applications<\/em>, permet d&rsquo;appr\u00e9hender le potentiel mais \u00e9galement les limites des BCI. Il pr\u00e9sente leur utilisation dans diff\u00e9rents domaines tels que les jeux vid\u00e9o, les neurosciences cognitives, le diagnostic de troubles de la conscience ou encore l\u2019autonomie des personnes handicap\u00e9es. Illustr\u00e9 d\u2019exemples fonctionnant avec le logiciel libre OpenViBE, il aborde tous les aspects techniques de mise en place d\u2019une BCI, que ce soit du point de vue mat\u00e9riel ou logiciel. Les enjeux soci\u00e9taux de ces nouvelles technologies sont \u00e9galement expos\u00e9s.<\/p>\n<p>Les notions essentielles d\u00e9velopp\u00e9es dans cet ouvrage sont accessibles \u00e0 toute personne s\u2019int\u00e9ressant aux interfaces cerveau-ordinateur. Des parcours th\u00e9matiques proposent d\u2019approfondir plus en d\u00e9tail les connaissances par discipline.<\/p>\n","protected":false},"excerpt":{"rendered":"<p>Les interfaces cerveau-ordinateur (Brain-Computer Interfaces, BCI) sont des dispositifs qui mesurent l\u2019activit\u00e9 c\u00e9r\u00e9brale et la convertissent en messages ou commandes, offrant ainsi de nombreuses possibilit\u00e9s d\u2019investigation. Ce second volume,\u00a0Technologie et applications, permet d&rsquo;appr\u00e9hender le potentiel mais \u00e9galement les limites des BCI. Il pr\u00e9sente leur utilisation dans diff\u00e9rents domaines tels que les jeux vid\u00e9o, les neurosciences [&hellip;]<\/p>\n","protected":false},"featured_media":424,"template":"","meta":{"_acf_changed":false,"_links_to":"","_links_to_target":""},"product_brand":[],"product_cat":[675,682],"product_tag":[1746,830,1747,1748,31,196,1750,608,1758,1759,197,198,199,21,200,22,1760,201,1752,203,204,63,25,172,209,1754,762,292,212,38,192,145,28,253,262],"class_list":{"0":"post-423","1":"product","2":"type-product","3":"status-publish","4":"has-post-thumbnail","6":"product_cat-nouveauts-12519446","7":"product_cat-sciences-cognitives-12506546","8":"product_tag-activite-cerebrale","9":"product_tag-autonomie","10":"product_tag-bci","11":"product_tag-cerveau-ordinateur","12":"product_tag-ebook","13":"product_tag-ebooks","14":"product_tag-fabien-lotte","15":"product_tag-informatique","16":"product_tag-interface","17":"product_tag-interfaces-cerveau-ordinateur","18":"product_tag-iste","19":"product_tag-iste-edition","20":"product_tag-iste-editions","21":"product_tag-iste-group","22":"product_tag-isteedition","23":"product_tag-istegroup","24":"product_tag-jeux-video","25":"product_tag-kindle","26":"product_tag-laurent-bougrain","27":"product_tag-liseuse","28":"product_tag-livre","29":"product_tag-livre-electronique","30":"product_tag-livre-numerique","31":"product_tag-livre-scientifique","32":"product_tag-livres-scientifiques","33":"product_tag-maureen-clerc","34":"product_tag-neurosciences","35":"product_tag-numerique","36":"product_tag-ouvrage","37":"product_tag-ouvrage-numerique","38":"product_tag-ouvrage-science","39":"product_tag-ouvrage-scientifique","40":"product_tag-ouvrage-scientifique-francais","41":"product_tag-technologie","42":"product_tag-technologies","44":"first","45":"instock","46":"shipping-taxable","47":"purchasable","48":"product-type-variable"},"acf":[],"yoast_head":"<!-- This site is optimized with the Yoast SEO plugin v27.2 - https:\/\/yoast.com\/product\/yoast-seo-wordpress\/ -->\n<title>Les interfaces cerveau-ordinateur 2 - ISTE Group<\/title>\n<meta name=\"description\" content=\"Cet ouvrage permet d&#039;appr\u00e9hender le potentiel mais \u00e9galement les limites des interfaces cerveau-ordinateur et pr\u00e9sente leur utilisation dans diff\u00e9rents domaines\" \/>\n<meta name=\"robots\" content=\"index, follow, max-snippet:-1, max-image-preview:large, max-video-preview:-1\" \/>\n<link rel=\"canonical\" href=\"https:\/\/www.istegroup.com\/fr\/produit\/les-interfaces-cerveau-ordinateur-2\/\" \/>\n<meta property=\"og:locale\" content=\"fr_FR\" \/>\n<meta property=\"og:type\" content=\"article\" \/>\n<meta property=\"og:title\" content=\"Les interfaces cerveau-ordinateur 2 - ISTE Group\" \/>\n<meta property=\"og:description\" content=\"Cet ouvrage permet d&#039;appr\u00e9hender le potentiel mais \u00e9galement les limites des interfaces cerveau-ordinateur et pr\u00e9sente leur utilisation dans diff\u00e9rents domaines\" \/>\n<meta property=\"og:url\" content=\"https:\/\/www.istegroup.com\/fr\/produit\/les-interfaces-cerveau-ordinateur-2\/\" \/>\n<meta property=\"og:site_name\" content=\"ISTE Group\" \/>\n<meta property=\"article:modified_time\" content=\"2024-01-03T13:40:00+00:00\" \/>\n<meta property=\"og:image\" content=\"https:\/\/www.istegroup.com\/wp-content\/uploads\/2017\/07\/13607850948_6211327044-1.jpg\" \/>\n\t<meta property=\"og:image:width\" content=\"1364\" \/>\n\t<meta property=\"og:image:height\" content=\"2048\" \/>\n\t<meta property=\"og:image:type\" content=\"image\/jpeg\" \/>\n<meta name=\"twitter:card\" content=\"summary_large_image\" \/>\n<meta name=\"twitter:label1\" content=\"Est. reading time\" \/>\n\t<meta name=\"twitter:data1\" content=\"1 minute\" \/>\n<script type=\"application\/ld+json\" class=\"yoast-schema-graph\">{\"@context\":\"https:\/\/schema.org\",\"@graph\":[{\"@type\":\"WebPage\",\"@id\":\"https:\/\/www.istegroup.com\/fr\/produit\/les-interfaces-cerveau-ordinateur-2\/\",\"url\":\"https:\/\/www.istegroup.com\/fr\/produit\/les-interfaces-cerveau-ordinateur-2\/\",\"name\":\"Les interfaces cerveau-ordinateur 2 - ISTE Group\",\"isPartOf\":{\"@id\":\"https:\/\/www.istegroup.com\/#website\"},\"primaryImageOfPage\":{\"@id\":\"https:\/\/www.istegroup.com\/fr\/produit\/les-interfaces-cerveau-ordinateur-2\/#primaryimage\"},\"image\":{\"@id\":\"https:\/\/www.istegroup.com\/fr\/produit\/les-interfaces-cerveau-ordinateur-2\/#primaryimage\"},\"thumbnailUrl\":\"https:\/\/www.istegroup.com\/wp-content\/uploads\/2017\/07\/13607850948_6211327044-1.jpg\",\"datePublished\":\"2017-07-28T12:31:23+00:00\",\"dateModified\":\"2024-01-03T13:40:00+00:00\",\"description\":\"Cet ouvrage permet d'appr\u00e9hender le potentiel mais \u00e9galement les limites des interfaces cerveau-ordinateur et pr\u00e9sente leur utilisation dans diff\u00e9rents domaines\",\"breadcrumb\":{\"@id\":\"https:\/\/www.istegroup.com\/fr\/produit\/les-interfaces-cerveau-ordinateur-2\/#breadcrumb\"},\"inLanguage\":\"fr-FR\",\"potentialAction\":[{\"@type\":\"ReadAction\",\"target\":[\"https:\/\/www.istegroup.com\/fr\/produit\/les-interfaces-cerveau-ordinateur-2\/\"]}]},{\"@type\":\"ImageObject\",\"inLanguage\":\"fr-FR\",\"@id\":\"https:\/\/www.istegroup.com\/fr\/produit\/les-interfaces-cerveau-ordinateur-2\/#primaryimage\",\"url\":\"https:\/\/www.istegroup.com\/wp-content\/uploads\/2017\/07\/13607850948_6211327044-1.jpg\",\"contentUrl\":\"https:\/\/www.istegroup.com\/wp-content\/uploads\/2017\/07\/13607850948_6211327044-1.jpg\",\"width\":1364,\"height\":2048,\"caption\":\"Technologie et applications\"},{\"@type\":\"BreadcrumbList\",\"@id\":\"https:\/\/www.istegroup.com\/fr\/produit\/les-interfaces-cerveau-ordinateur-2\/#breadcrumb\",\"itemListElement\":[{\"@type\":\"ListItem\",\"position\":1,\"name\":\"Home\",\"item\":\"https:\/\/www.istegroup.com\/\"},{\"@type\":\"ListItem\",\"position\":2,\"name\":\"Shop\",\"item\":\"https:\/\/www.istegroup.com\/fr\/nouveautes\/\"},{\"@type\":\"ListItem\",\"position\":3,\"name\":\"Les interfaces cerveau-ordinateur 2\"}]},{\"@type\":\"WebSite\",\"@id\":\"https:\/\/www.istegroup.com\/#website\",\"url\":\"https:\/\/www.istegroup.com\/\",\"name\":\"ISTE Group\",\"description\":\"\u00c9diteur des Sciences\",\"potentialAction\":[{\"@type\":\"SearchAction\",\"target\":{\"@type\":\"EntryPoint\",\"urlTemplate\":\"https:\/\/www.istegroup.com\/?s={search_term_string}\"},\"query-input\":{\"@type\":\"PropertyValueSpecification\",\"valueRequired\":true,\"valueName\":\"search_term_string\"}}],\"inLanguage\":\"fr-FR\"}]}<\/script>\n<!-- \/ Yoast SEO plugin. -->","yoast_head_json":{"title":"Les interfaces cerveau-ordinateur 2 - ISTE Group","description":"Cet ouvrage permet d'appr\u00e9hender le potentiel mais \u00e9galement les limites des interfaces cerveau-ordinateur et pr\u00e9sente leur utilisation dans diff\u00e9rents domaines","robots":{"index":"index","follow":"follow","max-snippet":"max-snippet:-1","max-image-preview":"max-image-preview:large","max-video-preview":"max-video-preview:-1"},"canonical":"https:\/\/www.istegroup.com\/fr\/produit\/les-interfaces-cerveau-ordinateur-2\/","og_locale":"fr_FR","og_type":"article","og_title":"Les interfaces cerveau-ordinateur 2 - ISTE Group","og_description":"Cet ouvrage permet d'appr\u00e9hender le potentiel mais \u00e9galement les limites des interfaces cerveau-ordinateur et pr\u00e9sente leur utilisation dans diff\u00e9rents domaines","og_url":"https:\/\/www.istegroup.com\/fr\/produit\/les-interfaces-cerveau-ordinateur-2\/","og_site_name":"ISTE Group","article_modified_time":"2024-01-03T13:40:00+00:00","og_image":[{"width":1364,"height":2048,"url":"https:\/\/www.istegroup.com\/wp-content\/uploads\/2017\/07\/13607850948_6211327044-1.jpg","type":"image\/jpeg"}],"twitter_card":"summary_large_image","twitter_misc":{"Est. reading time":"1 minute"},"schema":{"@context":"https:\/\/schema.org","@graph":[{"@type":"WebPage","@id":"https:\/\/www.istegroup.com\/fr\/produit\/les-interfaces-cerveau-ordinateur-2\/","url":"https:\/\/www.istegroup.com\/fr\/produit\/les-interfaces-cerveau-ordinateur-2\/","name":"Les interfaces cerveau-ordinateur 2 - ISTE Group","isPartOf":{"@id":"https:\/\/www.istegroup.com\/#website"},"primaryImageOfPage":{"@id":"https:\/\/www.istegroup.com\/fr\/produit\/les-interfaces-cerveau-ordinateur-2\/#primaryimage"},"image":{"@id":"https:\/\/www.istegroup.com\/fr\/produit\/les-interfaces-cerveau-ordinateur-2\/#primaryimage"},"thumbnailUrl":"https:\/\/www.istegroup.com\/wp-content\/uploads\/2017\/07\/13607850948_6211327044-1.jpg","datePublished":"2017-07-28T12:31:23+00:00","dateModified":"2024-01-03T13:40:00+00:00","description":"Cet ouvrage permet d'appr\u00e9hender le potentiel mais \u00e9galement les limites des interfaces cerveau-ordinateur et pr\u00e9sente leur utilisation dans diff\u00e9rents domaines","breadcrumb":{"@id":"https:\/\/www.istegroup.com\/fr\/produit\/les-interfaces-cerveau-ordinateur-2\/#breadcrumb"},"inLanguage":"fr-FR","potentialAction":[{"@type":"ReadAction","target":["https:\/\/www.istegroup.com\/fr\/produit\/les-interfaces-cerveau-ordinateur-2\/"]}]},{"@type":"ImageObject","inLanguage":"fr-FR","@id":"https:\/\/www.istegroup.com\/fr\/produit\/les-interfaces-cerveau-ordinateur-2\/#primaryimage","url":"https:\/\/www.istegroup.com\/wp-content\/uploads\/2017\/07\/13607850948_6211327044-1.jpg","contentUrl":"https:\/\/www.istegroup.com\/wp-content\/uploads\/2017\/07\/13607850948_6211327044-1.jpg","width":1364,"height":2048,"caption":"Technologie et applications"},{"@type":"BreadcrumbList","@id":"https:\/\/www.istegroup.com\/fr\/produit\/les-interfaces-cerveau-ordinateur-2\/#breadcrumb","itemListElement":[{"@type":"ListItem","position":1,"name":"Home","item":"https:\/\/www.istegroup.com\/"},{"@type":"ListItem","position":2,"name":"Shop","item":"https:\/\/www.istegroup.com\/fr\/nouveautes\/"},{"@type":"ListItem","position":3,"name":"Les interfaces cerveau-ordinateur 2"}]},{"@type":"WebSite","@id":"https:\/\/www.istegroup.com\/#website","url":"https:\/\/www.istegroup.com\/","name":"ISTE Group","description":"\u00c9diteur des Sciences","potentialAction":[{"@type":"SearchAction","target":{"@type":"EntryPoint","urlTemplate":"https:\/\/www.istegroup.com\/?s={search_term_string}"},"query-input":{"@type":"PropertyValueSpecification","valueRequired":true,"valueName":"search_term_string"}}],"inLanguage":"fr-FR"}]}},"_links":{"self":[{"href":"https:\/\/www.istegroup.com\/fr\/wp-json\/wp\/v2\/product\/423","targetHints":{"allow":["GET"]}}],"collection":[{"href":"https:\/\/www.istegroup.com\/fr\/wp-json\/wp\/v2\/product"}],"about":[{"href":"https:\/\/www.istegroup.com\/fr\/wp-json\/wp\/v2\/types\/product"}],"wp:featuredmedia":[{"embeddable":true,"href":"https:\/\/www.istegroup.com\/fr\/wp-json\/wp\/v2\/media\/424"}],"wp:attachment":[{"href":"https:\/\/www.istegroup.com\/fr\/wp-json\/wp\/v2\/media?parent=423"}],"wp:term":[{"taxonomy":"product_brand","embeddable":true,"href":"https:\/\/www.istegroup.com\/fr\/wp-json\/wp\/v2\/product_brand?post=423"},{"taxonomy":"product_cat","embeddable":true,"href":"https:\/\/www.istegroup.com\/fr\/wp-json\/wp\/v2\/product_cat?post=423"},{"taxonomy":"product_tag","embeddable":true,"href":"https:\/\/www.istegroup.com\/fr\/wp-json\/wp\/v2\/product_tag?post=423"}],"curies":[{"name":"wp","href":"https:\/\/api.w.org\/{rel}","templated":true}]}}