{"id":419,"date":"2017-07-28T13:55:19","date_gmt":"2017-07-28T11:55:19","guid":{"rendered":"https:\/\/iste.yhello.co\/product\/les-evenements-daugmentation-de-la-biodiversite\/"},"modified":"2024-01-03T13:39:59","modified_gmt":"2024-01-03T13:39:59","slug":"les-evenements-daugmentation-de-la-biodiversite","status":"publish","type":"product","link":"https:\/\/www.istegroup.com\/fr\/produit\/les-evenements-daugmentation-de-la-biodiversite\/","title":{"rendered":"Les \u00e9v\u00e9nements d\u2019augmentation de la biodiversit\u00e9"},"content":{"rendered":"<p>Contrairement \u00e0 une id\u00e9e r\u00e9pandue, la Terre a la capacit\u00e9 de voir sa biodiversit\u00e9 augmenter brusquement.<\/p>\n<p>Cet ouvrage pr\u00e9sente une m\u00e9thode d\u2019exploration de l\u2019histoire de la biodiversit\u00e9 au cours des temps g\u00e9ologiques. Il analyse les cas possibles de radiations \u00e9volutives dans ses diff\u00e9rents contextes.<\/p>\n<p><em>Les \u00e9v\u00e9nements d\u2019augmentation de la biodiversit\u00e9<\/em>\u00a0d\u00e9taille particuli\u00e8rement l\u2019\u00e9mergence des plans d\u2019organisation anatomique des animaux il y a 500 millions d\u2019ann\u00e9es, les radiations des ammonites (des c\u00e9phalopodes) dans des contextes post-extinction de masse ou non, l\u2019extraordinaire radiation des plantes \u00e0 fleurs ou l\u2019\u00e9mergence de nouveaux oursins (des oursins irr\u00e9guliers) et leur devenir radieux depuis le Jurassique.<\/p>\n<p>Cette \u00e9tude replacera les r\u00e9sultats de ces mondes anciens dans le contexte de la biodiversit\u00e9 actuelle et de son devenir.<\/p>\n","protected":false},"excerpt":{"rendered":"<p>Contrairement \u00e0 une id\u00e9e r\u00e9pandue, la Terre a la capacit\u00e9 de voir sa biodiversit\u00e9 augmenter brusquement. Cet ouvrage pr\u00e9sente une m\u00e9thode d\u2019exploration de l\u2019histoire de la biodiversit\u00e9 au cours des temps g\u00e9ologiques. Il analyse les cas possibles de radiations \u00e9volutives dans ses diff\u00e9rents contextes. Les \u00e9v\u00e9nements d\u2019augmentation de la biodiversit\u00e9\u00a0d\u00e9taille particuli\u00e8rement l\u2019\u00e9mergence des plans d\u2019organisation [&hellip;]<\/p>\n","protected":false},"featured_media":420,"template":"","meta":{"_acf_changed":false,"_links_to":"","_links_to_target":""},"product_brand":[],"product_cat":[658],"product_tag":[1738,881,31,196,1745,1744,1739,197,198,199,21,200,22,201,1740,203,204,63,25,172,209,212,38,192,145,28,1741,1742,1743],"class_list":{"0":"post-419","1":"product","2":"type-product","3":"status-publish","4":"has-post-thumbnail","6":"product_cat-ecologie-14419669","7":"product_tag-augmentation","8":"product_tag-biodiversite","9":"product_tag-ebook","10":"product_tag-ebooks","11":"product_tag-evenements","12":"product_tag-evolutive","13":"product_tag-histoire","14":"product_tag-iste","15":"product_tag-iste-edition","16":"product_tag-iste-editions","17":"product_tag-iste-group","18":"product_tag-isteedition","19":"product_tag-istegroup","20":"product_tag-kindle","21":"product_tag-les-evenements-daugmentation-de-la-biodiversite","22":"product_tag-liseuse","23":"product_tag-livre","24":"product_tag-livre-electronique","25":"product_tag-livre-numerique","26":"product_tag-livre-scientifique","27":"product_tag-livres-scientifiques","28":"product_tag-ouvrage","29":"product_tag-ouvrage-numerique","30":"product_tag-ouvrage-science","31":"product_tag-ouvrage-scientifique","32":"product_tag-ouvrage-scientifique-francais","33":"product_tag-pascal-neige","34":"product_tag-radiation","35":"product_tag-regsitre-fossile","37":"first","38":"instock","39":"shipping-taxable","40":"purchasable","41":"product-type-variable"},"acf":[],"yoast_head":"<!-- This site is optimized with the Yoast SEO plugin v27.2 - https:\/\/yoast.com\/product\/yoast-seo-wordpress\/ -->\n<title>Les \u00e9v\u00e9nements d\u2019augmentation de la biodiversit\u00e9 - ISTE Group<\/title>\n<meta name=\"description\" content=\"L&#039;ouvrage pr\u00e9sente une m\u00e9thode d\u2019exploration de l\u2019histoire de la biodiversit\u00e9 au cours des temps g\u00e9ologiques.\" \/>\n<meta name=\"robots\" content=\"index, follow, max-snippet:-1, max-image-preview:large, max-video-preview:-1\" \/>\n<link rel=\"canonical\" href=\"https:\/\/www.istegroup.com\/fr\/produit\/les-evenements-daugmentation-de-la-biodiversite\/\" \/>\n<meta property=\"og:locale\" content=\"fr_FR\" \/>\n<meta property=\"og:type\" content=\"article\" \/>\n<meta property=\"og:title\" content=\"Les \u00e9v\u00e9nements d\u2019augmentation de la biodiversit\u00e9 - ISTE Group\" \/>\n<meta property=\"og:description\" content=\"L&#039;ouvrage pr\u00e9sente une m\u00e9thode d\u2019exploration de l\u2019histoire de la biodiversit\u00e9 au cours des temps g\u00e9ologiques.\" \/>\n<meta property=\"og:url\" content=\"https:\/\/www.istegroup.com\/fr\/produit\/les-evenements-daugmentation-de-la-biodiversite\/\" \/>\n<meta property=\"og:site_name\" content=\"ISTE Group\" \/>\n<meta property=\"article:modified_time\" content=\"2024-01-03T13:39:59+00:00\" \/>\n<meta property=\"og:image\" content=\"https:\/\/www.istegroup.com\/wp-content\/uploads\/2017\/07\/1264155760_444998360-1.jpg\" \/>\n\t<meta property=\"og:image:width\" content=\"300\" \/>\n\t<meta property=\"og:image:height\" content=\"452\" \/>\n\t<meta property=\"og:image:type\" content=\"image\/jpeg\" \/>\n<meta name=\"twitter:card\" content=\"summary_large_image\" \/>\n<meta name=\"twitter:label1\" content=\"Est. reading time\" \/>\n\t<meta name=\"twitter:data1\" content=\"1 minute\" \/>\n<script type=\"application\/ld+json\" class=\"yoast-schema-graph\">{\"@context\":\"https:\/\/schema.org\",\"@graph\":[{\"@type\":\"WebPage\",\"@id\":\"https:\/\/www.istegroup.com\/fr\/produit\/les-evenements-daugmentation-de-la-biodiversite\/\",\"url\":\"https:\/\/www.istegroup.com\/fr\/produit\/les-evenements-daugmentation-de-la-biodiversite\/\",\"name\":\"Les \u00e9v\u00e9nements d\u2019augmentation de la biodiversit\u00e9 - ISTE Group\",\"isPartOf\":{\"@id\":\"https:\/\/www.istegroup.com\/#website\"},\"primaryImageOfPage\":{\"@id\":\"https:\/\/www.istegroup.com\/fr\/produit\/les-evenements-daugmentation-de-la-biodiversite\/#primaryimage\"},\"image\":{\"@id\":\"https:\/\/www.istegroup.com\/fr\/produit\/les-evenements-daugmentation-de-la-biodiversite\/#primaryimage\"},\"thumbnailUrl\":\"https:\/\/www.istegroup.com\/wp-content\/uploads\/2017\/07\/1264155760_444998360-1.jpg\",\"datePublished\":\"2017-07-28T11:55:19+00:00\",\"dateModified\":\"2024-01-03T13:39:59+00:00\",\"description\":\"L'ouvrage pr\u00e9sente une m\u00e9thode d\u2019exploration de l\u2019histoire de la biodiversit\u00e9 au cours des temps g\u00e9ologiques.\",\"breadcrumb\":{\"@id\":\"https:\/\/www.istegroup.com\/fr\/produit\/les-evenements-daugmentation-de-la-biodiversite\/#breadcrumb\"},\"inLanguage\":\"fr-FR\",\"potentialAction\":[{\"@type\":\"ReadAction\",\"target\":[\"https:\/\/www.istegroup.com\/fr\/produit\/les-evenements-daugmentation-de-la-biodiversite\/\"]}]},{\"@type\":\"ImageObject\",\"inLanguage\":\"fr-FR\",\"@id\":\"https:\/\/www.istegroup.com\/fr\/produit\/les-evenements-daugmentation-de-la-biodiversite\/#primaryimage\",\"url\":\"https:\/\/www.istegroup.com\/wp-content\/uploads\/2017\/07\/1264155760_444998360-1.jpg\",\"contentUrl\":\"https:\/\/www.istegroup.com\/wp-content\/uploads\/2017\/07\/1264155760_444998360-1.jpg\",\"width\":300,\"height\":452,\"caption\":\"Radiations \u00e9volutives dans le registre fossile\"},{\"@type\":\"BreadcrumbList\",\"@id\":\"https:\/\/www.istegroup.com\/fr\/produit\/les-evenements-daugmentation-de-la-biodiversite\/#breadcrumb\",\"itemListElement\":[{\"@type\":\"ListItem\",\"position\":1,\"name\":\"Home\",\"item\":\"https:\/\/www.istegroup.com\/\"},{\"@type\":\"ListItem\",\"position\":2,\"name\":\"Shop\",\"item\":\"https:\/\/www.istegroup.com\/fr\/nouveautes\/\"},{\"@type\":\"ListItem\",\"position\":3,\"name\":\"Les \u00e9v\u00e9nements d\u2019augmentation de la biodiversit\u00e9\"}]},{\"@type\":\"WebSite\",\"@id\":\"https:\/\/www.istegroup.com\/#website\",\"url\":\"https:\/\/www.istegroup.com\/\",\"name\":\"ISTE Group\",\"description\":\"\u00c9diteur des Sciences\",\"potentialAction\":[{\"@type\":\"SearchAction\",\"target\":{\"@type\":\"EntryPoint\",\"urlTemplate\":\"https:\/\/www.istegroup.com\/?s={search_term_string}\"},\"query-input\":{\"@type\":\"PropertyValueSpecification\",\"valueRequired\":true,\"valueName\":\"search_term_string\"}}],\"inLanguage\":\"fr-FR\"}]}<\/script>\n<!-- \/ Yoast SEO plugin. -->","yoast_head_json":{"title":"Les \u00e9v\u00e9nements d\u2019augmentation de la biodiversit\u00e9 - ISTE Group","description":"L'ouvrage pr\u00e9sente une m\u00e9thode d\u2019exploration de l\u2019histoire de la biodiversit\u00e9 au cours des temps g\u00e9ologiques.","robots":{"index":"index","follow":"follow","max-snippet":"max-snippet:-1","max-image-preview":"max-image-preview:large","max-video-preview":"max-video-preview:-1"},"canonical":"https:\/\/www.istegroup.com\/fr\/produit\/les-evenements-daugmentation-de-la-biodiversite\/","og_locale":"fr_FR","og_type":"article","og_title":"Les \u00e9v\u00e9nements d\u2019augmentation de la biodiversit\u00e9 - ISTE Group","og_description":"L'ouvrage pr\u00e9sente une m\u00e9thode d\u2019exploration de l\u2019histoire de la biodiversit\u00e9 au cours des temps g\u00e9ologiques.","og_url":"https:\/\/www.istegroup.com\/fr\/produit\/les-evenements-daugmentation-de-la-biodiversite\/","og_site_name":"ISTE Group","article_modified_time":"2024-01-03T13:39:59+00:00","og_image":[{"width":300,"height":452,"url":"https:\/\/www.istegroup.com\/wp-content\/uploads\/2017\/07\/1264155760_444998360-1.jpg","type":"image\/jpeg"}],"twitter_card":"summary_large_image","twitter_misc":{"Est. reading time":"1 minute"},"schema":{"@context":"https:\/\/schema.org","@graph":[{"@type":"WebPage","@id":"https:\/\/www.istegroup.com\/fr\/produit\/les-evenements-daugmentation-de-la-biodiversite\/","url":"https:\/\/www.istegroup.com\/fr\/produit\/les-evenements-daugmentation-de-la-biodiversite\/","name":"Les \u00e9v\u00e9nements d\u2019augmentation de la biodiversit\u00e9 - ISTE Group","isPartOf":{"@id":"https:\/\/www.istegroup.com\/#website"},"primaryImageOfPage":{"@id":"https:\/\/www.istegroup.com\/fr\/produit\/les-evenements-daugmentation-de-la-biodiversite\/#primaryimage"},"image":{"@id":"https:\/\/www.istegroup.com\/fr\/produit\/les-evenements-daugmentation-de-la-biodiversite\/#primaryimage"},"thumbnailUrl":"https:\/\/www.istegroup.com\/wp-content\/uploads\/2017\/07\/1264155760_444998360-1.jpg","datePublished":"2017-07-28T11:55:19+00:00","dateModified":"2024-01-03T13:39:59+00:00","description":"L'ouvrage pr\u00e9sente une m\u00e9thode d\u2019exploration de l\u2019histoire de la biodiversit\u00e9 au cours des temps g\u00e9ologiques.","breadcrumb":{"@id":"https:\/\/www.istegroup.com\/fr\/produit\/les-evenements-daugmentation-de-la-biodiversite\/#breadcrumb"},"inLanguage":"fr-FR","potentialAction":[{"@type":"ReadAction","target":["https:\/\/www.istegroup.com\/fr\/produit\/les-evenements-daugmentation-de-la-biodiversite\/"]}]},{"@type":"ImageObject","inLanguage":"fr-FR","@id":"https:\/\/www.istegroup.com\/fr\/produit\/les-evenements-daugmentation-de-la-biodiversite\/#primaryimage","url":"https:\/\/www.istegroup.com\/wp-content\/uploads\/2017\/07\/1264155760_444998360-1.jpg","contentUrl":"https:\/\/www.istegroup.com\/wp-content\/uploads\/2017\/07\/1264155760_444998360-1.jpg","width":300,"height":452,"caption":"Radiations \u00e9volutives dans le registre fossile"},{"@type":"BreadcrumbList","@id":"https:\/\/www.istegroup.com\/fr\/produit\/les-evenements-daugmentation-de-la-biodiversite\/#breadcrumb","itemListElement":[{"@type":"ListItem","position":1,"name":"Home","item":"https:\/\/www.istegroup.com\/"},{"@type":"ListItem","position":2,"name":"Shop","item":"https:\/\/www.istegroup.com\/fr\/nouveautes\/"},{"@type":"ListItem","position":3,"name":"Les \u00e9v\u00e9nements d\u2019augmentation de la biodiversit\u00e9"}]},{"@type":"WebSite","@id":"https:\/\/www.istegroup.com\/#website","url":"https:\/\/www.istegroup.com\/","name":"ISTE Group","description":"\u00c9diteur des Sciences","potentialAction":[{"@type":"SearchAction","target":{"@type":"EntryPoint","urlTemplate":"https:\/\/www.istegroup.com\/?s={search_term_string}"},"query-input":{"@type":"PropertyValueSpecification","valueRequired":true,"valueName":"search_term_string"}}],"inLanguage":"fr-FR"}]}},"_links":{"self":[{"href":"https:\/\/www.istegroup.com\/fr\/wp-json\/wp\/v2\/product\/419","targetHints":{"allow":["GET"]}}],"collection":[{"href":"https:\/\/www.istegroup.com\/fr\/wp-json\/wp\/v2\/product"}],"about":[{"href":"https:\/\/www.istegroup.com\/fr\/wp-json\/wp\/v2\/types\/product"}],"wp:featuredmedia":[{"embeddable":true,"href":"https:\/\/www.istegroup.com\/fr\/wp-json\/wp\/v2\/media\/420"}],"wp:attachment":[{"href":"https:\/\/www.istegroup.com\/fr\/wp-json\/wp\/v2\/media?parent=419"}],"wp:term":[{"taxonomy":"product_brand","embeddable":true,"href":"https:\/\/www.istegroup.com\/fr\/wp-json\/wp\/v2\/product_brand?post=419"},{"taxonomy":"product_cat","embeddable":true,"href":"https:\/\/www.istegroup.com\/fr\/wp-json\/wp\/v2\/product_cat?post=419"},{"taxonomy":"product_tag","embeddable":true,"href":"https:\/\/www.istegroup.com\/fr\/wp-json\/wp\/v2\/product_tag?post=419"}],"curies":[{"name":"wp","href":"https:\/\/api.w.org\/{rel}","templated":true}]}}