{"id":417,"date":"2017-06-29T13:55:15","date_gmt":"2017-06-29T11:55:15","guid":{"rendered":"https:\/\/iste.yhello.co\/product\/les-ecosystemes-entrepreneuriaux\/"},"modified":"2024-01-03T13:39:59","modified_gmt":"2024-01-03T13:39:59","slug":"les-ecosystemes-entrepreneuriaux","status":"publish","type":"product","link":"https:\/\/www.istegroup.com\/fr\/produit\/les-ecosystemes-entrepreneuriaux\/","title":{"rendered":"Les \u00e9cosyst\u00e8mes entrepreneuriaux"},"content":{"rendered":"<p>La s\u00e9rie\u00a0<em>Smart innovation<\/em>\u00a0pr\u00e9sente les th\u00e8mes li\u00e9s \u00e0 la dynamique technologique, entrepreneuriale, territoriale et \u00e9conomique de l&rsquo;innovation. Elle privil\u00e9gie les approches novatrices des acteurs qui, par leurs comportements, strat\u00e9gies et politiques d&rsquo;innovation intelligente, modifient les mod\u00e8les \u00e9conomiques dans une perspective de croissance durable.<\/p>\n<p><em>Les \u00e9cosyst\u00e8mes entrepreneuriaux<\/em>\u00a0apportent une r\u00e9ponse \u00e0 l\u2019essoufflement des politiques de soutien \u00e0 l\u2019\u00e9conomie par leur capacit\u00e9 \u00e0 renforcer l\u2019innovation pour am\u00e9liorer l\u2019emploi et les performances \u00e9conomiques d\u2019un territoire. Ces \u00e9cosyst\u00e8mes inscrivent l\u2019activit\u00e9 entrepreneuriale dans un cadre territorial donn\u00e9 au sein duquel se tissent des r\u00e9seaux de relations complexes, entre concurrence et coop\u00e9ration.<\/p>\n<p>Cet ouvrage montre comment les responsables politiques, les entreprises, les organismes de soutien \u00e0 l\u2019entrepreneuriat cr\u00e9ent cet \u00e9cosyst\u00e8me entrepreneurial. Les th\u00e9ories \u00e9conomiques qui construisent cette synergie entre l\u2019entrepreneur et son \u00e9cosyst\u00e8me sont \u00e9tudi\u00e9es ainsi que les acteurs cl\u00e9s et les relations qu\u2019ils entretiennent. Illustr\u00e9 de nombreux exemples, ce livre analyse les conditions d\u2019application et les r\u00e9sultats des politiques d\u2019ancrage des entreprises au territoire.<\/p>\n","protected":false},"excerpt":{"rendered":"<p>La s\u00e9rie\u00a0Smart innovation\u00a0pr\u00e9sente les th\u00e8mes li\u00e9s \u00e0 la dynamique technologique, entrepreneuriale, territoriale et \u00e9conomique de l&rsquo;innovation. Elle privil\u00e9gie les approches novatrices des acteurs qui, par leurs comportements, strat\u00e9gies et politiques d&rsquo;innovation intelligente, modifient les mod\u00e8les \u00e9conomiques dans une perspective de croissance durable. Les \u00e9cosyst\u00e8mes entrepreneuriaux\u00a0apportent une r\u00e9ponse \u00e0 l\u2019essoufflement des politiques de soutien \u00e0 l\u2019\u00e9conomie [&hellip;]<\/p>\n","protected":false},"featured_media":418,"template":"","meta":{"_acf_changed":false,"_links_to":"","_links_to_target":""},"product_brand":[],"product_cat":[670,720],"product_tag":[31,196,1114,385,1733,1734,135,1219,289,197,198,199,21,200,22,201,1735,203,204,63,25,172,209,212,38,192,145,28,1736,314,1737],"class_list":{"0":"post-417","1":"product","2":"type-product","3":"status-publish","4":"has-post-thumbnail","6":"product_cat-innovation-entrepreneuriat-et-gestion-11041751","7":"product_cat-srie-smart-innovation-58568196","8":"product_tag-ebook","9":"product_tag-ebooks","10":"product_tag-economie","11":"product_tag-ecosystemes","12":"product_tag-emploi","13":"product_tag-entrepreneuriaux","14":"product_tag-entreprise","15":"product_tag-entreprises","16":"product_tag-innovation","17":"product_tag-iste","18":"product_tag-iste-edition","19":"product_tag-iste-editions","20":"product_tag-iste-group","21":"product_tag-isteedition","22":"product_tag-istegroup","23":"product_tag-kindle","24":"product_tag-les-ecosystemes-entrepreneuriaux","25":"product_tag-liseuse","26":"product_tag-livre","27":"product_tag-livre-electronique","28":"product_tag-livre-numerique","29":"product_tag-livre-scientifique","30":"product_tag-livres-scientifiques","31":"product_tag-ouvrage","32":"product_tag-ouvrage-numerique","33":"product_tag-ouvrage-science","34":"product_tag-ouvrage-scientifique","35":"product_tag-ouvrage-scientifique-francais","36":"product_tag-politique","37":"product_tag-reseaux","38":"product_tag-territorial","40":"first","41":"instock","42":"shipping-taxable","43":"purchasable","44":"product-type-variable"},"acf":[],"yoast_head":"<!-- This site is optimized with the Yoast SEO plugin v27.2 - https:\/\/yoast.com\/product\/yoast-seo-wordpress\/ -->\n<title>Les \u00e9cosyst\u00e8mes entrepreneuriaux - ISTE Group<\/title>\n<meta name=\"description\" content=\"Cet ouvrage montre comment les responsables politiques, les entreprises, les organismes de soutien \u00e0 l\u2019entrepreneuriat cr\u00e9ent cet \u00e9cosyst\u00e8me entrepreneurial.\" \/>\n<meta name=\"robots\" content=\"index, follow, max-snippet:-1, max-image-preview:large, max-video-preview:-1\" \/>\n<link rel=\"canonical\" href=\"https:\/\/www.istegroup.com\/fr\/produit\/les-ecosystemes-entrepreneuriaux\/\" \/>\n<meta property=\"og:locale\" content=\"fr_FR\" \/>\n<meta property=\"og:type\" content=\"article\" \/>\n<meta property=\"og:title\" content=\"Les \u00e9cosyst\u00e8mes entrepreneuriaux - ISTE Group\" \/>\n<meta property=\"og:description\" content=\"Cet ouvrage montre comment les responsables politiques, les entreprises, les organismes de soutien \u00e0 l\u2019entrepreneuriat cr\u00e9ent cet \u00e9cosyst\u00e8me entrepreneurial.\" \/>\n<meta property=\"og:url\" content=\"https:\/\/www.istegroup.com\/fr\/produit\/les-ecosystemes-entrepreneuriaux\/\" \/>\n<meta property=\"og:site_name\" content=\"ISTE Group\" \/>\n<meta property=\"article:modified_time\" content=\"2024-01-03T13:39:59+00:00\" \/>\n<meta property=\"og:image\" content=\"https:\/\/www.istegroup.com\/wp-content\/uploads\/2017\/07\/7107144260_3421381060-1.jpg\" \/>\n\t<meta property=\"og:image:width\" content=\"300\" \/>\n\t<meta property=\"og:image:height\" content=\"450\" \/>\n\t<meta property=\"og:image:type\" content=\"image\/jpeg\" \/>\n<meta name=\"twitter:card\" content=\"summary_large_image\" \/>\n<meta name=\"twitter:label1\" content=\"Est. reading time\" \/>\n\t<meta name=\"twitter:data1\" content=\"1 minute\" \/>\n<script type=\"application\/ld+json\" class=\"yoast-schema-graph\">{\"@context\":\"https:\/\/schema.org\",\"@graph\":[{\"@type\":\"WebPage\",\"@id\":\"https:\/\/www.istegroup.com\/fr\/produit\/les-ecosystemes-entrepreneuriaux\/\",\"url\":\"https:\/\/www.istegroup.com\/fr\/produit\/les-ecosystemes-entrepreneuriaux\/\",\"name\":\"Les \u00e9cosyst\u00e8mes entrepreneuriaux - ISTE Group\",\"isPartOf\":{\"@id\":\"https:\/\/www.istegroup.com\/#website\"},\"primaryImageOfPage\":{\"@id\":\"https:\/\/www.istegroup.com\/fr\/produit\/les-ecosystemes-entrepreneuriaux\/#primaryimage\"},\"image\":{\"@id\":\"https:\/\/www.istegroup.com\/fr\/produit\/les-ecosystemes-entrepreneuriaux\/#primaryimage\"},\"thumbnailUrl\":\"https:\/\/www.istegroup.com\/wp-content\/uploads\/2017\/07\/7107144260_3421381060-1.jpg\",\"datePublished\":\"2017-06-29T11:55:15+00:00\",\"dateModified\":\"2024-01-03T13:39:59+00:00\",\"description\":\"Cet ouvrage montre comment les responsables politiques, les entreprises, les organismes de soutien \u00e0 l\u2019entrepreneuriat cr\u00e9ent cet \u00e9cosyst\u00e8me entrepreneurial.\",\"breadcrumb\":{\"@id\":\"https:\/\/www.istegroup.com\/fr\/produit\/les-ecosystemes-entrepreneuriaux\/#breadcrumb\"},\"inLanguage\":\"fr-FR\",\"potentialAction\":[{\"@type\":\"ReadAction\",\"target\":[\"https:\/\/www.istegroup.com\/fr\/produit\/les-ecosystemes-entrepreneuriaux\/\"]}]},{\"@type\":\"ImageObject\",\"inLanguage\":\"fr-FR\",\"@id\":\"https:\/\/www.istegroup.com\/fr\/produit\/les-ecosystemes-entrepreneuriaux\/#primaryimage\",\"url\":\"https:\/\/www.istegroup.com\/wp-content\/uploads\/2017\/07\/7107144260_3421381060-1.jpg\",\"contentUrl\":\"https:\/\/www.istegroup.com\/wp-content\/uploads\/2017\/07\/7107144260_3421381060-1.jpg\",\"width\":300,\"height\":450,\"caption\":\"Rencontre entre entreprise et territoire\"},{\"@type\":\"BreadcrumbList\",\"@id\":\"https:\/\/www.istegroup.com\/fr\/produit\/les-ecosystemes-entrepreneuriaux\/#breadcrumb\",\"itemListElement\":[{\"@type\":\"ListItem\",\"position\":1,\"name\":\"Home\",\"item\":\"https:\/\/www.istegroup.com\/\"},{\"@type\":\"ListItem\",\"position\":2,\"name\":\"Shop\",\"item\":\"https:\/\/www.istegroup.com\/fr\/nouveautes\/\"},{\"@type\":\"ListItem\",\"position\":3,\"name\":\"Les \u00e9cosyst\u00e8mes entrepreneuriaux\"}]},{\"@type\":\"WebSite\",\"@id\":\"https:\/\/www.istegroup.com\/#website\",\"url\":\"https:\/\/www.istegroup.com\/\",\"name\":\"ISTE Group\",\"description\":\"\u00c9diteur des Sciences\",\"potentialAction\":[{\"@type\":\"SearchAction\",\"target\":{\"@type\":\"EntryPoint\",\"urlTemplate\":\"https:\/\/www.istegroup.com\/?s={search_term_string}\"},\"query-input\":{\"@type\":\"PropertyValueSpecification\",\"valueRequired\":true,\"valueName\":\"search_term_string\"}}],\"inLanguage\":\"fr-FR\"}]}<\/script>\n<!-- \/ Yoast SEO plugin. -->","yoast_head_json":{"title":"Les \u00e9cosyst\u00e8mes entrepreneuriaux - ISTE Group","description":"Cet ouvrage montre comment les responsables politiques, les entreprises, les organismes de soutien \u00e0 l\u2019entrepreneuriat cr\u00e9ent cet \u00e9cosyst\u00e8me entrepreneurial.","robots":{"index":"index","follow":"follow","max-snippet":"max-snippet:-1","max-image-preview":"max-image-preview:large","max-video-preview":"max-video-preview:-1"},"canonical":"https:\/\/www.istegroup.com\/fr\/produit\/les-ecosystemes-entrepreneuriaux\/","og_locale":"fr_FR","og_type":"article","og_title":"Les \u00e9cosyst\u00e8mes entrepreneuriaux - ISTE Group","og_description":"Cet ouvrage montre comment les responsables politiques, les entreprises, les organismes de soutien \u00e0 l\u2019entrepreneuriat cr\u00e9ent cet \u00e9cosyst\u00e8me entrepreneurial.","og_url":"https:\/\/www.istegroup.com\/fr\/produit\/les-ecosystemes-entrepreneuriaux\/","og_site_name":"ISTE Group","article_modified_time":"2024-01-03T13:39:59+00:00","og_image":[{"width":300,"height":450,"url":"https:\/\/www.istegroup.com\/wp-content\/uploads\/2017\/07\/7107144260_3421381060-1.jpg","type":"image\/jpeg"}],"twitter_card":"summary_large_image","twitter_misc":{"Est. reading time":"1 minute"},"schema":{"@context":"https:\/\/schema.org","@graph":[{"@type":"WebPage","@id":"https:\/\/www.istegroup.com\/fr\/produit\/les-ecosystemes-entrepreneuriaux\/","url":"https:\/\/www.istegroup.com\/fr\/produit\/les-ecosystemes-entrepreneuriaux\/","name":"Les \u00e9cosyst\u00e8mes entrepreneuriaux - ISTE Group","isPartOf":{"@id":"https:\/\/www.istegroup.com\/#website"},"primaryImageOfPage":{"@id":"https:\/\/www.istegroup.com\/fr\/produit\/les-ecosystemes-entrepreneuriaux\/#primaryimage"},"image":{"@id":"https:\/\/www.istegroup.com\/fr\/produit\/les-ecosystemes-entrepreneuriaux\/#primaryimage"},"thumbnailUrl":"https:\/\/www.istegroup.com\/wp-content\/uploads\/2017\/07\/7107144260_3421381060-1.jpg","datePublished":"2017-06-29T11:55:15+00:00","dateModified":"2024-01-03T13:39:59+00:00","description":"Cet ouvrage montre comment les responsables politiques, les entreprises, les organismes de soutien \u00e0 l\u2019entrepreneuriat cr\u00e9ent cet \u00e9cosyst\u00e8me entrepreneurial.","breadcrumb":{"@id":"https:\/\/www.istegroup.com\/fr\/produit\/les-ecosystemes-entrepreneuriaux\/#breadcrumb"},"inLanguage":"fr-FR","potentialAction":[{"@type":"ReadAction","target":["https:\/\/www.istegroup.com\/fr\/produit\/les-ecosystemes-entrepreneuriaux\/"]}]},{"@type":"ImageObject","inLanguage":"fr-FR","@id":"https:\/\/www.istegroup.com\/fr\/produit\/les-ecosystemes-entrepreneuriaux\/#primaryimage","url":"https:\/\/www.istegroup.com\/wp-content\/uploads\/2017\/07\/7107144260_3421381060-1.jpg","contentUrl":"https:\/\/www.istegroup.com\/wp-content\/uploads\/2017\/07\/7107144260_3421381060-1.jpg","width":300,"height":450,"caption":"Rencontre entre entreprise et territoire"},{"@type":"BreadcrumbList","@id":"https:\/\/www.istegroup.com\/fr\/produit\/les-ecosystemes-entrepreneuriaux\/#breadcrumb","itemListElement":[{"@type":"ListItem","position":1,"name":"Home","item":"https:\/\/www.istegroup.com\/"},{"@type":"ListItem","position":2,"name":"Shop","item":"https:\/\/www.istegroup.com\/fr\/nouveautes\/"},{"@type":"ListItem","position":3,"name":"Les \u00e9cosyst\u00e8mes entrepreneuriaux"}]},{"@type":"WebSite","@id":"https:\/\/www.istegroup.com\/#website","url":"https:\/\/www.istegroup.com\/","name":"ISTE Group","description":"\u00c9diteur des Sciences","potentialAction":[{"@type":"SearchAction","target":{"@type":"EntryPoint","urlTemplate":"https:\/\/www.istegroup.com\/?s={search_term_string}"},"query-input":{"@type":"PropertyValueSpecification","valueRequired":true,"valueName":"search_term_string"}}],"inLanguage":"fr-FR"}]}},"_links":{"self":[{"href":"https:\/\/www.istegroup.com\/fr\/wp-json\/wp\/v2\/product\/417","targetHints":{"allow":["GET"]}}],"collection":[{"href":"https:\/\/www.istegroup.com\/fr\/wp-json\/wp\/v2\/product"}],"about":[{"href":"https:\/\/www.istegroup.com\/fr\/wp-json\/wp\/v2\/types\/product"}],"wp:featuredmedia":[{"embeddable":true,"href":"https:\/\/www.istegroup.com\/fr\/wp-json\/wp\/v2\/media\/418"}],"wp:attachment":[{"href":"https:\/\/www.istegroup.com\/fr\/wp-json\/wp\/v2\/media?parent=417"}],"wp:term":[{"taxonomy":"product_brand","embeddable":true,"href":"https:\/\/www.istegroup.com\/fr\/wp-json\/wp\/v2\/product_brand?post=417"},{"taxonomy":"product_cat","embeddable":true,"href":"https:\/\/www.istegroup.com\/fr\/wp-json\/wp\/v2\/product_cat?post=417"},{"taxonomy":"product_tag","embeddable":true,"href":"https:\/\/www.istegroup.com\/fr\/wp-json\/wp\/v2\/product_tag?post=417"}],"curies":[{"name":"wp","href":"https:\/\/api.w.org\/{rel}","templated":true}]}}