{"id":41677,"date":"2021-06-18T14:37:27","date_gmt":"2021-06-18T13:37:27","guid":{"rendered":"https:\/\/www.istegroup.com\/?post_type=product&#038;p=41677"},"modified":"2024-01-03T13:44:54","modified_gmt":"2024-01-03T13:44:54","slug":"le-tourisme-en-france-1","status":"publish","type":"product","link":"https:\/\/www.istegroup.com\/fr\/produit\/le-tourisme-en-france-1\/","title":{"rendered":"Le tourisme en France 1"},"content":{"rendered":"<p>La France s\u2019est impos\u00e9e progressivement parmi les pays les plus touristiques du monde. L\u2019importance du tourisme dans l\u2019\u00e9conomie nationale est telle, que les institutions ont cru pouvoir l\u2019utiliser de mani\u00e8re m\u00e9canique pour lutter contre la d\u00e9sertification de certaines r\u00e9gions.<\/p>\n<p>Si, ponctuellement, une telle logique a pu fonctionner, les concentrations, sp\u00e9cialement littorales, n\u2019ont cess\u00e9 de s\u2019affirmer, reflet des aspirations des populations et des \u00e9volutions socio\u00e9conomiques.<\/p>\n<p><em>Le tourisme en France 1<\/em> pr\u00e9sente une approche globale du tourisme dans l\u2019hexagone. Apr\u00e8s avoir dress\u00e9 un tableau de la situation dans ses dimensions sociales, \u00e9conomiques et spatiales, il analyse des enjeux contemporains des mobilit\u00e9s recr\u00e9atives.<\/p>\n<p><strong>La presse en parle<\/strong><\/p>\n<p><a style=\"color: #1e9691;\" href=\"https:\/\/www.radiofrance.fr\/franceculture\/podcasts\/geographie-a-la-carte\/pas-d-emission-ce-jour-0-3211920\"><em>www.radiofrance.fr, <\/em><em>29 septembre 2022<\/em><\/a><\/p>\n<p>&nbsp;<\/p>\n<p><a class=\"button\" style=\"margin-right: 10%;\" href=\"https:\/\/www.istegroup.com\/wp-content\/uploads\/2021\/06\/781_Le-tourisme-en-France-1_TDM.pdf\" target=\"_blank\" rel=\"noopener noreferrer\">Table des mati\u00e8res<\/a><a class=\"button\" style=\"margin-left: 10%;\" href=\"https:\/\/www.istegroup.com\/wp-content\/uploads\/2021\/06\/781_Le-tourisme-en-France-1_premiere_partie.pdf\" target=\"_blank\" rel=\"noopener noreferrer\">Introduction<\/a><\/p>","protected":false},"excerpt":{"rendered":"<p>La France s\u2019est impos\u00e9e progressivement parmi les pays les plus touristiques du monde. L\u2019importance du tourisme dans l\u2019\u00e9conomie nationale est telle, que les institutions ont cru pouvoir l\u2019utiliser de mani\u00e8re m\u00e9canique pour lutter contre la d\u00e9sertification de certaines r\u00e9gions. Si, ponctuellement, une telle logique a pu fonctionner, les concentrations, sp\u00e9cialement littorales, n\u2019ont cess\u00e9 de s\u2019affirmer, [&hellip;]<\/p>\n","protected":false},"featured_media":41687,"template":"","meta":{"_acf_changed":false,"_links_to":"","_links_to_target":""},"product_brand":[],"product_cat":[3262],"product_tag":[],"class_list":{"0":"post-41677","1":"product","2":"type-product","3":"status-publish","4":"has-post-thumbnail","6":"product_cat-non-classe","8":"first","9":"instock","10":"shipping-taxable","11":"purchasable","12":"product-type-variable"},"acf":[],"yoast_head":"<!-- This site is optimized with the Yoast SEO plugin v27.2 - https:\/\/yoast.com\/product\/yoast-seo-wordpress\/ -->\n<title>Le tourisme en France 1 - ISTE Group<\/title>\n<meta name=\"robots\" content=\"index, follow, max-snippet:-1, max-image-preview:large, max-video-preview:-1\" \/>\n<link rel=\"canonical\" href=\"https:\/\/www.istegroup.com\/fr\/produit\/le-tourisme-en-france-1\/\" \/>\n<meta property=\"og:locale\" content=\"fr_FR\" \/>\n<meta property=\"og:type\" content=\"article\" \/>\n<meta property=\"og:title\" content=\"Le tourisme en France 1 - ISTE Group\" \/>\n<meta property=\"og:description\" content=\"La France s\u2019est impos\u00e9e progressivement parmi les pays les plus touristiques du monde. L\u2019importance du tourisme dans l\u2019\u00e9conomie nationale est telle, que les institutions ont cru pouvoir l\u2019utiliser de mani\u00e8re m\u00e9canique pour lutter contre la d\u00e9sertification de certaines r\u00e9gions. Si, ponctuellement, une telle logique a pu fonctionner, les concentrations, sp\u00e9cialement littorales, n\u2019ont cess\u00e9 de s\u2019affirmer, [&hellip;]\" \/>\n<meta property=\"og:url\" content=\"https:\/\/www.istegroup.com\/fr\/produit\/le-tourisme-en-france-1\/\" \/>\n<meta property=\"og:site_name\" content=\"ISTE Group\" \/>\n<meta property=\"article:modified_time\" content=\"2024-01-03T13:44:54+00:00\" \/>\n<meta property=\"og:image\" content=\"https:\/\/www.istegroup.com\/wp-content\/uploads\/2021\/06\/Le-tourisme-en-France-1.jpg\" \/>\n\t<meta property=\"og:image:width\" content=\"607\" \/>\n\t<meta property=\"og:image:height\" content=\"911\" \/>\n\t<meta property=\"og:image:type\" content=\"image\/jpeg\" \/>\n<meta name=\"twitter:card\" content=\"summary_large_image\" \/>\n<meta name=\"twitter:label1\" content=\"Est. reading time\" \/>\n\t<meta name=\"twitter:data1\" content=\"1 minute\" \/>\n<script type=\"application\/ld+json\" class=\"yoast-schema-graph\">{\"@context\":\"https:\/\/schema.org\",\"@graph\":[{\"@type\":\"WebPage\",\"@id\":\"https:\/\/www.istegroup.com\/fr\/produit\/le-tourisme-en-france-1\/\",\"url\":\"https:\/\/www.istegroup.com\/fr\/produit\/le-tourisme-en-france-1\/\",\"name\":\"Le tourisme en France 1 - ISTE Group\",\"isPartOf\":{\"@id\":\"https:\/\/www.istegroup.com\/#website\"},\"primaryImageOfPage\":{\"@id\":\"https:\/\/www.istegroup.com\/fr\/produit\/le-tourisme-en-france-1\/#primaryimage\"},\"image\":{\"@id\":\"https:\/\/www.istegroup.com\/fr\/produit\/le-tourisme-en-france-1\/#primaryimage\"},\"thumbnailUrl\":\"https:\/\/www.istegroup.com\/wp-content\/uploads\/2021\/06\/Le-tourisme-en-France-1.jpg\",\"datePublished\":\"2021-06-18T13:37:27+00:00\",\"dateModified\":\"2024-01-03T13:44:54+00:00\",\"breadcrumb\":{\"@id\":\"https:\/\/www.istegroup.com\/fr\/produit\/le-tourisme-en-france-1\/#breadcrumb\"},\"inLanguage\":\"fr-FR\",\"potentialAction\":[{\"@type\":\"ReadAction\",\"target\":[\"https:\/\/www.istegroup.com\/fr\/produit\/le-tourisme-en-france-1\/\"]}]},{\"@type\":\"ImageObject\",\"inLanguage\":\"fr-FR\",\"@id\":\"https:\/\/www.istegroup.com\/fr\/produit\/le-tourisme-en-france-1\/#primaryimage\",\"url\":\"https:\/\/www.istegroup.com\/wp-content\/uploads\/2021\/06\/Le-tourisme-en-France-1.jpg\",\"contentUrl\":\"https:\/\/www.istegroup.com\/wp-content\/uploads\/2021\/06\/Le-tourisme-en-France-1.jpg\",\"width\":607,\"height\":911,\"caption\":\"Approche globale\"},{\"@type\":\"BreadcrumbList\",\"@id\":\"https:\/\/www.istegroup.com\/fr\/produit\/le-tourisme-en-france-1\/#breadcrumb\",\"itemListElement\":[{\"@type\":\"ListItem\",\"position\":1,\"name\":\"Home\",\"item\":\"https:\/\/www.istegroup.com\/\"},{\"@type\":\"ListItem\",\"position\":2,\"name\":\"Shop\",\"item\":\"https:\/\/www.istegroup.com\/fr\/nouveautes\/\"},{\"@type\":\"ListItem\",\"position\":3,\"name\":\"Le tourisme en France 1\"}]},{\"@type\":\"WebSite\",\"@id\":\"https:\/\/www.istegroup.com\/#website\",\"url\":\"https:\/\/www.istegroup.com\/\",\"name\":\"ISTE Group\",\"description\":\"\u00c9diteur des Sciences\",\"potentialAction\":[{\"@type\":\"SearchAction\",\"target\":{\"@type\":\"EntryPoint\",\"urlTemplate\":\"https:\/\/www.istegroup.com\/?s={search_term_string}\"},\"query-input\":{\"@type\":\"PropertyValueSpecification\",\"valueRequired\":true,\"valueName\":\"search_term_string\"}}],\"inLanguage\":\"fr-FR\"}]}<\/script>\n<!-- \/ Yoast SEO plugin. -->","yoast_head_json":{"title":"Le tourisme en France 1 - ISTE Group","robots":{"index":"index","follow":"follow","max-snippet":"max-snippet:-1","max-image-preview":"max-image-preview:large","max-video-preview":"max-video-preview:-1"},"canonical":"https:\/\/www.istegroup.com\/fr\/produit\/le-tourisme-en-france-1\/","og_locale":"fr_FR","og_type":"article","og_title":"Le tourisme en France 1 - ISTE Group","og_description":"La France s\u2019est impos\u00e9e progressivement parmi les pays les plus touristiques du monde. L\u2019importance du tourisme dans l\u2019\u00e9conomie nationale est telle, que les institutions ont cru pouvoir l\u2019utiliser de mani\u00e8re m\u00e9canique pour lutter contre la d\u00e9sertification de certaines r\u00e9gions. Si, ponctuellement, une telle logique a pu fonctionner, les concentrations, sp\u00e9cialement littorales, n\u2019ont cess\u00e9 de s\u2019affirmer, [&hellip;]","og_url":"https:\/\/www.istegroup.com\/fr\/produit\/le-tourisme-en-france-1\/","og_site_name":"ISTE Group","article_modified_time":"2024-01-03T13:44:54+00:00","og_image":[{"width":607,"height":911,"url":"https:\/\/www.istegroup.com\/wp-content\/uploads\/2021\/06\/Le-tourisme-en-France-1.jpg","type":"image\/jpeg"}],"twitter_card":"summary_large_image","twitter_misc":{"Est. reading time":"1 minute"},"schema":{"@context":"https:\/\/schema.org","@graph":[{"@type":"WebPage","@id":"https:\/\/www.istegroup.com\/fr\/produit\/le-tourisme-en-france-1\/","url":"https:\/\/www.istegroup.com\/fr\/produit\/le-tourisme-en-france-1\/","name":"Le tourisme en France 1 - ISTE Group","isPartOf":{"@id":"https:\/\/www.istegroup.com\/#website"},"primaryImageOfPage":{"@id":"https:\/\/www.istegroup.com\/fr\/produit\/le-tourisme-en-france-1\/#primaryimage"},"image":{"@id":"https:\/\/www.istegroup.com\/fr\/produit\/le-tourisme-en-france-1\/#primaryimage"},"thumbnailUrl":"https:\/\/www.istegroup.com\/wp-content\/uploads\/2021\/06\/Le-tourisme-en-France-1.jpg","datePublished":"2021-06-18T13:37:27+00:00","dateModified":"2024-01-03T13:44:54+00:00","breadcrumb":{"@id":"https:\/\/www.istegroup.com\/fr\/produit\/le-tourisme-en-france-1\/#breadcrumb"},"inLanguage":"fr-FR","potentialAction":[{"@type":"ReadAction","target":["https:\/\/www.istegroup.com\/fr\/produit\/le-tourisme-en-france-1\/"]}]},{"@type":"ImageObject","inLanguage":"fr-FR","@id":"https:\/\/www.istegroup.com\/fr\/produit\/le-tourisme-en-france-1\/#primaryimage","url":"https:\/\/www.istegroup.com\/wp-content\/uploads\/2021\/06\/Le-tourisme-en-France-1.jpg","contentUrl":"https:\/\/www.istegroup.com\/wp-content\/uploads\/2021\/06\/Le-tourisme-en-France-1.jpg","width":607,"height":911,"caption":"Approche globale"},{"@type":"BreadcrumbList","@id":"https:\/\/www.istegroup.com\/fr\/produit\/le-tourisme-en-france-1\/#breadcrumb","itemListElement":[{"@type":"ListItem","position":1,"name":"Home","item":"https:\/\/www.istegroup.com\/"},{"@type":"ListItem","position":2,"name":"Shop","item":"https:\/\/www.istegroup.com\/fr\/nouveautes\/"},{"@type":"ListItem","position":3,"name":"Le tourisme en France 1"}]},{"@type":"WebSite","@id":"https:\/\/www.istegroup.com\/#website","url":"https:\/\/www.istegroup.com\/","name":"ISTE Group","description":"\u00c9diteur des Sciences","potentialAction":[{"@type":"SearchAction","target":{"@type":"EntryPoint","urlTemplate":"https:\/\/www.istegroup.com\/?s={search_term_string}"},"query-input":{"@type":"PropertyValueSpecification","valueRequired":true,"valueName":"search_term_string"}}],"inLanguage":"fr-FR"}]}},"_links":{"self":[{"href":"https:\/\/www.istegroup.com\/fr\/wp-json\/wp\/v2\/product\/41677","targetHints":{"allow":["GET"]}}],"collection":[{"href":"https:\/\/www.istegroup.com\/fr\/wp-json\/wp\/v2\/product"}],"about":[{"href":"https:\/\/www.istegroup.com\/fr\/wp-json\/wp\/v2\/types\/product"}],"wp:featuredmedia":[{"embeddable":true,"href":"https:\/\/www.istegroup.com\/fr\/wp-json\/wp\/v2\/media\/41687"}],"wp:attachment":[{"href":"https:\/\/www.istegroup.com\/fr\/wp-json\/wp\/v2\/media?parent=41677"}],"wp:term":[{"taxonomy":"product_brand","embeddable":true,"href":"https:\/\/www.istegroup.com\/fr\/wp-json\/wp\/v2\/product_brand?post=41677"},{"taxonomy":"product_cat","embeddable":true,"href":"https:\/\/www.istegroup.com\/fr\/wp-json\/wp\/v2\/product_cat?post=41677"},{"taxonomy":"product_tag","embeddable":true,"href":"https:\/\/www.istegroup.com\/fr\/wp-json\/wp\/v2\/product_tag?post=41677"}],"curies":[{"name":"wp","href":"https:\/\/api.w.org\/{rel}","templated":true}]}}