{"id":41670,"date":"2021-06-18T14:19:12","date_gmt":"2021-06-18T13:19:12","guid":{"rendered":"https:\/\/www.istegroup.com\/?post_type=product&#038;p=41670"},"modified":"2024-04-29T10:12:38","modified_gmt":"2024-04-29T09:12:38","slug":"innovation-en-cluster","status":"publish","type":"product","link":"https:\/\/www.istegroup.com\/fr\/produit\/innovation-en-cluster\/","title":{"rendered":"Innovation en cluster"},"content":{"rendered":"<p>Forg\u00e9 au coeur des instances politiques internationales par des chercheurs-experts, le cluster d\u2019innovation a \u00e9t\u00e9 transpos\u00e9 dans la plupart des politiques publiques des pays industrialis\u00e9s. S\u2019appuyant largement sur la rh\u00e9torique du succ\u00e8s de la Silicon Valley, plusieurs tentatives ont vu le jour pour regrouper g\u00e9ographiquement laboratoires, entreprises et formations dans un domaine particulier afin qu\u2019\u00e9mergent des \u00ab synergies \u00bb entre science et industrie.<\/p>\n<p><em>Innovation en cluster<\/em> analyse dans la premi\u00e8re partie l\u2019engouement port\u00e9 au dispositif de cluster au coeur des politiques d\u2019innovation en analysant sa dimension sociohistorique, son renouveau gestionnaire et sa diffusion mondiale jusqu\u2019\u00e0 un exemple local fran\u00e7ais. Dans la deuxi\u00e8me partie, l\u2019ouvrage propose de partir \u00e0 la d\u00e9couverte d\u2019un cluster sp\u00e9cialis\u00e9 dans les biotechnologies depuis la fin des ann\u00e9es 1990. L\u2019enqu\u00eate sociologique men\u00e9e vingt ans plus tard donne un \u00e9clairage diff\u00e9rent des dynamiques relationnelles entre laboratoires et entreprises, contrebalan\u00e7ant ainsi les promesses d\u2019innovation permises par la proximit\u00e9 g\u00e9ographique.<\/p>\n<p>&nbsp;<\/p>\n<p><a class=\"button\" style=\"margin-right: 10%\" href=\"https:\/\/www.istegroup.com\/wp-content\/uploads\/2021\/06\/779_Innovation-en-cluster_TDM.pdf\" target=\"_blank\" rel=\"noopener noreferrer\">Table des mati\u00e8res<\/a><a class=\"button\" style=\"margin-left: 10%\" href=\"https:\/\/www.istegroup.com\/wp-content\/uploads\/2021\/06\/779_Innovation-en-cluster_premiere_partie.pdf\" target=\"_blank\" rel=\"noopener noreferrer\">Pr\u00e9face et Pr\u00e9face<\/a><\/p>","protected":false},"excerpt":{"rendered":"<p>Forg\u00e9 au coeur des instances politiques internationales par des chercheurs-experts, le cluster d\u2019innovation a \u00e9t\u00e9 transpos\u00e9 dans la plupart des politiques publiques des pays industrialis\u00e9s. S\u2019appuyant largement sur la rh\u00e9torique du succ\u00e8s de la Silicon Valley, plusieurs tentatives ont vu le jour pour regrouper g\u00e9ographiquement laboratoires, entreprises et formations dans un domaine particulier afin qu\u2019\u00e9mergent [&hellip;]<\/p>\n","protected":false},"featured_media":56533,"template":"","meta":{"_acf_changed":false,"_links_to":"","_links_to_target":""},"product_brand":[],"product_cat":[3262],"product_tag":[],"class_list":{"0":"post-41670","1":"product","2":"type-product","3":"status-publish","4":"has-post-thumbnail","6":"product_cat-non-classe","8":"first","9":"instock","10":"shipping-taxable","11":"purchasable","12":"product-type-variable"},"acf":[],"yoast_head":"<!-- This site is optimized with the Yoast SEO plugin v27.2 - https:\/\/yoast.com\/product\/yoast-seo-wordpress\/ -->\n<title>Innovation en cluster - ISTE Group<\/title>\n<meta name=\"robots\" content=\"index, follow, max-snippet:-1, max-image-preview:large, max-video-preview:-1\" \/>\n<link rel=\"canonical\" href=\"https:\/\/www.istegroup.com\/fr\/produit\/innovation-en-cluster\/\" \/>\n<meta property=\"og:locale\" content=\"fr_FR\" \/>\n<meta property=\"og:type\" content=\"article\" \/>\n<meta property=\"og:title\" content=\"Innovation en cluster - ISTE Group\" \/>\n<meta property=\"og:description\" content=\"Forg\u00e9 au coeur des instances politiques internationales par des chercheurs-experts, le cluster d\u2019innovation a \u00e9t\u00e9 transpos\u00e9 dans la plupart des politiques publiques des pays industrialis\u00e9s. S\u2019appuyant largement sur la rh\u00e9torique du succ\u00e8s de la Silicon Valley, plusieurs tentatives ont vu le jour pour regrouper g\u00e9ographiquement laboratoires, entreprises et formations dans un domaine particulier afin qu\u2019\u00e9mergent [&hellip;]\" \/>\n<meta property=\"og:url\" content=\"https:\/\/www.istegroup.com\/fr\/produit\/innovation-en-cluster\/\" \/>\n<meta property=\"og:site_name\" content=\"ISTE Group\" \/>\n<meta property=\"article:modified_time\" content=\"2024-04-29T09:12:38+00:00\" \/>\n<meta property=\"og:image\" content=\"https:\/\/www.istegroup.com\/wp-content\/uploads\/2021\/06\/Innovation-en-cluster_prix_RRI.jpg\" \/>\n\t<meta property=\"og:image:width\" content=\"300\" \/>\n\t<meta property=\"og:image:height\" content=\"450\" \/>\n\t<meta property=\"og:image:type\" content=\"image\/jpeg\" \/>\n<meta name=\"twitter:card\" content=\"summary_large_image\" \/>\n<meta name=\"twitter:label1\" content=\"Est. reading time\" \/>\n\t<meta name=\"twitter:data1\" content=\"1 minute\" \/>\n<script type=\"application\/ld+json\" class=\"yoast-schema-graph\">{\"@context\":\"https:\/\/schema.org\",\"@graph\":[{\"@type\":\"WebPage\",\"@id\":\"https:\/\/www.istegroup.com\/fr\/produit\/innovation-en-cluster\/\",\"url\":\"https:\/\/www.istegroup.com\/fr\/produit\/innovation-en-cluster\/\",\"name\":\"Innovation en cluster - ISTE Group\",\"isPartOf\":{\"@id\":\"https:\/\/www.istegroup.com\/#website\"},\"primaryImageOfPage\":{\"@id\":\"https:\/\/www.istegroup.com\/fr\/produit\/innovation-en-cluster\/#primaryimage\"},\"image\":{\"@id\":\"https:\/\/www.istegroup.com\/fr\/produit\/innovation-en-cluster\/#primaryimage\"},\"thumbnailUrl\":\"https:\/\/www.istegroup.com\/wp-content\/uploads\/2021\/06\/Innovation-en-cluster_prix_RRI.jpg\",\"datePublished\":\"2021-06-18T13:19:12+00:00\",\"dateModified\":\"2024-04-29T09:12:38+00:00\",\"breadcrumb\":{\"@id\":\"https:\/\/www.istegroup.com\/fr\/produit\/innovation-en-cluster\/#breadcrumb\"},\"inLanguage\":\"fr-FR\",\"potentialAction\":[{\"@type\":\"ReadAction\",\"target\":[\"https:\/\/www.istegroup.com\/fr\/produit\/innovation-en-cluster\/\"]}]},{\"@type\":\"ImageObject\",\"inLanguage\":\"fr-FR\",\"@id\":\"https:\/\/www.istegroup.com\/fr\/produit\/innovation-en-cluster\/#primaryimage\",\"url\":\"https:\/\/www.istegroup.com\/wp-content\/uploads\/2021\/06\/Innovation-en-cluster_prix_RRI.jpg\",\"contentUrl\":\"https:\/\/www.istegroup.com\/wp-content\/uploads\/2021\/06\/Innovation-en-cluster_prix_RRI.jpg\",\"width\":300,\"height\":450,\"caption\":\"Livre scientifique - Innovation en cluster - Prix RRI\"},{\"@type\":\"BreadcrumbList\",\"@id\":\"https:\/\/www.istegroup.com\/fr\/produit\/innovation-en-cluster\/#breadcrumb\",\"itemListElement\":[{\"@type\":\"ListItem\",\"position\":1,\"name\":\"Home\",\"item\":\"https:\/\/www.istegroup.com\/\"},{\"@type\":\"ListItem\",\"position\":2,\"name\":\"Shop\",\"item\":\"https:\/\/www.istegroup.com\/fr\/nouveautes\/\"},{\"@type\":\"ListItem\",\"position\":3,\"name\":\"Innovation en cluster\"}]},{\"@type\":\"WebSite\",\"@id\":\"https:\/\/www.istegroup.com\/#website\",\"url\":\"https:\/\/www.istegroup.com\/\",\"name\":\"ISTE Group\",\"description\":\"\u00c9diteur des Sciences\",\"potentialAction\":[{\"@type\":\"SearchAction\",\"target\":{\"@type\":\"EntryPoint\",\"urlTemplate\":\"https:\/\/www.istegroup.com\/?s={search_term_string}\"},\"query-input\":{\"@type\":\"PropertyValueSpecification\",\"valueRequired\":true,\"valueName\":\"search_term_string\"}}],\"inLanguage\":\"fr-FR\"}]}<\/script>\n<!-- \/ Yoast SEO plugin. -->","yoast_head_json":{"title":"Innovation en cluster - ISTE Group","robots":{"index":"index","follow":"follow","max-snippet":"max-snippet:-1","max-image-preview":"max-image-preview:large","max-video-preview":"max-video-preview:-1"},"canonical":"https:\/\/www.istegroup.com\/fr\/produit\/innovation-en-cluster\/","og_locale":"fr_FR","og_type":"article","og_title":"Innovation en cluster - ISTE Group","og_description":"Forg\u00e9 au coeur des instances politiques internationales par des chercheurs-experts, le cluster d\u2019innovation a \u00e9t\u00e9 transpos\u00e9 dans la plupart des politiques publiques des pays industrialis\u00e9s. S\u2019appuyant largement sur la rh\u00e9torique du succ\u00e8s de la Silicon Valley, plusieurs tentatives ont vu le jour pour regrouper g\u00e9ographiquement laboratoires, entreprises et formations dans un domaine particulier afin qu\u2019\u00e9mergent [&hellip;]","og_url":"https:\/\/www.istegroup.com\/fr\/produit\/innovation-en-cluster\/","og_site_name":"ISTE Group","article_modified_time":"2024-04-29T09:12:38+00:00","og_image":[{"width":300,"height":450,"url":"https:\/\/www.istegroup.com\/wp-content\/uploads\/2021\/06\/Innovation-en-cluster_prix_RRI.jpg","type":"image\/jpeg"}],"twitter_card":"summary_large_image","twitter_misc":{"Est. reading time":"1 minute"},"schema":{"@context":"https:\/\/schema.org","@graph":[{"@type":"WebPage","@id":"https:\/\/www.istegroup.com\/fr\/produit\/innovation-en-cluster\/","url":"https:\/\/www.istegroup.com\/fr\/produit\/innovation-en-cluster\/","name":"Innovation en cluster - ISTE Group","isPartOf":{"@id":"https:\/\/www.istegroup.com\/#website"},"primaryImageOfPage":{"@id":"https:\/\/www.istegroup.com\/fr\/produit\/innovation-en-cluster\/#primaryimage"},"image":{"@id":"https:\/\/www.istegroup.com\/fr\/produit\/innovation-en-cluster\/#primaryimage"},"thumbnailUrl":"https:\/\/www.istegroup.com\/wp-content\/uploads\/2021\/06\/Innovation-en-cluster_prix_RRI.jpg","datePublished":"2021-06-18T13:19:12+00:00","dateModified":"2024-04-29T09:12:38+00:00","breadcrumb":{"@id":"https:\/\/www.istegroup.com\/fr\/produit\/innovation-en-cluster\/#breadcrumb"},"inLanguage":"fr-FR","potentialAction":[{"@type":"ReadAction","target":["https:\/\/www.istegroup.com\/fr\/produit\/innovation-en-cluster\/"]}]},{"@type":"ImageObject","inLanguage":"fr-FR","@id":"https:\/\/www.istegroup.com\/fr\/produit\/innovation-en-cluster\/#primaryimage","url":"https:\/\/www.istegroup.com\/wp-content\/uploads\/2021\/06\/Innovation-en-cluster_prix_RRI.jpg","contentUrl":"https:\/\/www.istegroup.com\/wp-content\/uploads\/2021\/06\/Innovation-en-cluster_prix_RRI.jpg","width":300,"height":450,"caption":"Livre scientifique - Innovation en cluster - Prix RRI"},{"@type":"BreadcrumbList","@id":"https:\/\/www.istegroup.com\/fr\/produit\/innovation-en-cluster\/#breadcrumb","itemListElement":[{"@type":"ListItem","position":1,"name":"Home","item":"https:\/\/www.istegroup.com\/"},{"@type":"ListItem","position":2,"name":"Shop","item":"https:\/\/www.istegroup.com\/fr\/nouveautes\/"},{"@type":"ListItem","position":3,"name":"Innovation en cluster"}]},{"@type":"WebSite","@id":"https:\/\/www.istegroup.com\/#website","url":"https:\/\/www.istegroup.com\/","name":"ISTE Group","description":"\u00c9diteur des Sciences","potentialAction":[{"@type":"SearchAction","target":{"@type":"EntryPoint","urlTemplate":"https:\/\/www.istegroup.com\/?s={search_term_string}"},"query-input":{"@type":"PropertyValueSpecification","valueRequired":true,"valueName":"search_term_string"}}],"inLanguage":"fr-FR"}]}},"_links":{"self":[{"href":"https:\/\/www.istegroup.com\/fr\/wp-json\/wp\/v2\/product\/41670","targetHints":{"allow":["GET"]}}],"collection":[{"href":"https:\/\/www.istegroup.com\/fr\/wp-json\/wp\/v2\/product"}],"about":[{"href":"https:\/\/www.istegroup.com\/fr\/wp-json\/wp\/v2\/types\/product"}],"wp:featuredmedia":[{"embeddable":true,"href":"https:\/\/www.istegroup.com\/fr\/wp-json\/wp\/v2\/media\/56533"}],"wp:attachment":[{"href":"https:\/\/www.istegroup.com\/fr\/wp-json\/wp\/v2\/media?parent=41670"}],"wp:term":[{"taxonomy":"product_brand","embeddable":true,"href":"https:\/\/www.istegroup.com\/fr\/wp-json\/wp\/v2\/product_brand?post=41670"},{"taxonomy":"product_cat","embeddable":true,"href":"https:\/\/www.istegroup.com\/fr\/wp-json\/wp\/v2\/product_cat?post=41670"},{"taxonomy":"product_tag","embeddable":true,"href":"https:\/\/www.istegroup.com\/fr\/wp-json\/wp\/v2\/product_tag?post=41670"}],"curies":[{"name":"wp","href":"https:\/\/api.w.org\/{rel}","templated":true}]}}