{"id":41665,"date":"2021-06-18T14:18:48","date_gmt":"2021-06-18T13:18:48","guid":{"rendered":"https:\/\/www.istegroup.com\/?post_type=product&#038;p=41665"},"modified":"2024-04-29T10:14:53","modified_gmt":"2024-04-29T09:14:53","slug":"innovation-et-export","status":"publish","type":"product","link":"https:\/\/www.istegroup.com\/fr\/produit\/innovation-et-export\/","title":{"rendered":"Innovation et export"},"content":{"rendered":"<p>L\u2019innovation et l\u2019exportation sont traditionnellement consid\u00e9r\u00e9es s\u00e9par\u00e9ment, tant au sein des entreprises que des organismes de soutien qui leur sont d\u00e9di\u00e9s. Aussi, il n\u2019existe que tr\u00e8s peu de travaux acad\u00e9miques ax\u00e9s sur la fa\u00e7on de mettre en oeuvre cette relation de mani\u00e8re op\u00e9rationnelle.<\/p>\n<p>Cet ouvrage propose un outil de diagnostic conjoint \u00e0 destination des PME, mettant en avant de bonnes pratiques \u00e0 ma\u00eetriser pour am\u00e9liorer simultan\u00e9ment leurs performances en mati\u00e8re d\u2019innovation et d\u2019exportation, \u00e0 la mani\u00e8re d\u2019un cercle vertueux.<\/p>\n<p><em>Innovation et export : le double d\u00e9fi de la petite entreprise<\/em> vise \u00e0 promouvoir une prise en compte simultan\u00e9e de l\u2019innovation et de l\u2019exportation dans le management strat\u00e9gique des PME, pour qui l\u2019exploitation de synergies s\u2019av\u00e8re \u00eatre un levier puissant permettant de pallier leurs difficult\u00e9s \u00e0 mobiliser des ressources importantes.<\/p>\n<p><a class=\"button\" style=\"margin-right: 10%\" href=\"https:\/\/www.istegroup.com\/wp-content\/uploads\/2021\/06\/774_Innovation-et-export_TDM.pdf\" target=\"_blank\" rel=\"noopener noreferrer\">Table des mati\u00e8res<\/a><a class=\"button\" style=\"margin-left: 10%\" href=\"https:\/\/www.istegroup.com\/wp-content\/uploads\/2021\/06\/774_Innovation-et-export_premiere_partie.pdf\" target=\"_blank\" rel=\"noopener noreferrer\">Introduction<\/a><\/p>","protected":false},"excerpt":{"rendered":"<p>L\u2019innovation et l\u2019exportation sont traditionnellement consid\u00e9r\u00e9es s\u00e9par\u00e9ment, tant au sein des entreprises que des organismes de soutien qui leur sont d\u00e9di\u00e9s. Aussi, il n\u2019existe que tr\u00e8s peu de travaux acad\u00e9miques ax\u00e9s sur la fa\u00e7on de mettre en oeuvre cette relation de mani\u00e8re op\u00e9rationnelle. Cet ouvrage propose un outil de diagnostic conjoint \u00e0 destination des PME, [&hellip;]<\/p>\n","protected":false},"featured_media":56534,"template":"","meta":{"_acf_changed":false,"_links_to":"","_links_to_target":""},"product_brand":[],"product_cat":[3262],"product_tag":[],"class_list":{"0":"post-41665","1":"product","2":"type-product","3":"status-publish","4":"has-post-thumbnail","6":"product_cat-non-classe","8":"first","9":"instock","10":"shipping-taxable","11":"purchasable","12":"product-type-variable"},"acf":[],"yoast_head":"<!-- This site is optimized with the Yoast SEO plugin v27.2 - https:\/\/yoast.com\/product\/yoast-seo-wordpress\/ -->\n<title>Innovation et export - ISTE Group<\/title>\n<meta name=\"robots\" content=\"index, follow, max-snippet:-1, max-image-preview:large, max-video-preview:-1\" \/>\n<link rel=\"canonical\" href=\"https:\/\/www.istegroup.com\/en\/produit\/innovation-et-export\/\" \/>\n<meta property=\"og:locale\" content=\"fr_FR\" \/>\n<meta property=\"og:type\" content=\"article\" \/>\n<meta property=\"og:title\" content=\"Innovation et export - ISTE Group\" \/>\n<meta property=\"og:description\" content=\"L\u2019innovation et l\u2019exportation sont traditionnellement consid\u00e9r\u00e9es s\u00e9par\u00e9ment, tant au sein des entreprises que des organismes de soutien qui leur sont d\u00e9di\u00e9s. Aussi, il n\u2019existe que tr\u00e8s peu de travaux acad\u00e9miques ax\u00e9s sur la fa\u00e7on de mettre en oeuvre cette relation de mani\u00e8re op\u00e9rationnelle. Cet ouvrage propose un outil de diagnostic conjoint \u00e0 destination des PME, [&hellip;]\" \/>\n<meta property=\"og:url\" content=\"https:\/\/www.istegroup.com\/en\/produit\/innovation-et-export\/\" \/>\n<meta property=\"og:site_name\" content=\"ISTE Group\" \/>\n<meta property=\"article:modified_time\" content=\"2024-04-29T09:14:53+00:00\" \/>\n<meta property=\"og:image\" content=\"https:\/\/www.istegroup.com\/wp-content\/uploads\/2021\/06\/Innovation-et-export_prix_RRI.jpg\" \/>\n\t<meta property=\"og:image:width\" content=\"300\" \/>\n\t<meta property=\"og:image:height\" content=\"449\" \/>\n\t<meta property=\"og:image:type\" content=\"image\/jpeg\" \/>\n<meta name=\"twitter:card\" content=\"summary_large_image\" \/>\n<meta name=\"twitter:label1\" content=\"Est. reading time\" \/>\n\t<meta name=\"twitter:data1\" content=\"1 minute\" \/>\n<script type=\"application\/ld+json\" class=\"yoast-schema-graph\">{\"@context\":\"https:\/\/schema.org\",\"@graph\":[{\"@type\":\"WebPage\",\"@id\":\"https:\/\/www.istegroup.com\/en\/produit\/innovation-et-export\/\",\"url\":\"https:\/\/www.istegroup.com\/en\/produit\/innovation-et-export\/\",\"name\":\"Innovation et export - ISTE Group\",\"isPartOf\":{\"@id\":\"https:\/\/www.istegroup.com\/#website\"},\"primaryImageOfPage\":{\"@id\":\"https:\/\/www.istegroup.com\/en\/produit\/innovation-et-export\/#primaryimage\"},\"image\":{\"@id\":\"https:\/\/www.istegroup.com\/en\/produit\/innovation-et-export\/#primaryimage\"},\"thumbnailUrl\":\"https:\/\/www.istegroup.com\/wp-content\/uploads\/2021\/06\/Innovation-et-export_prix_RRI.jpg\",\"datePublished\":\"2021-06-18T13:18:48+00:00\",\"dateModified\":\"2024-04-29T09:14:53+00:00\",\"breadcrumb\":{\"@id\":\"https:\/\/www.istegroup.com\/en\/produit\/innovation-et-export\/#breadcrumb\"},\"inLanguage\":\"fr-FR\",\"potentialAction\":[{\"@type\":\"ReadAction\",\"target\":[\"https:\/\/www.istegroup.com\/en\/produit\/innovation-et-export\/\"]}]},{\"@type\":\"ImageObject\",\"inLanguage\":\"fr-FR\",\"@id\":\"https:\/\/www.istegroup.com\/en\/produit\/innovation-et-export\/#primaryimage\",\"url\":\"https:\/\/www.istegroup.com\/wp-content\/uploads\/2021\/06\/Innovation-et-export_prix_RRI.jpg\",\"contentUrl\":\"https:\/\/www.istegroup.com\/wp-content\/uploads\/2021\/06\/Innovation-et-export_prix_RRI.jpg\",\"width\":300,\"height\":449,\"caption\":\"Livre scientifique - Innovation et export - Prix RRI\"},{\"@type\":\"BreadcrumbList\",\"@id\":\"https:\/\/www.istegroup.com\/en\/produit\/innovation-et-export\/#breadcrumb\",\"itemListElement\":[{\"@type\":\"ListItem\",\"position\":1,\"name\":\"Home\",\"item\":\"https:\/\/www.istegroup.com\/\"},{\"@type\":\"ListItem\",\"position\":2,\"name\":\"Shop\",\"item\":\"https:\/\/www.istegroup.com\/fr\/nouveautes\/\"},{\"@type\":\"ListItem\",\"position\":3,\"name\":\"Innovation et export\"}]},{\"@type\":\"WebSite\",\"@id\":\"https:\/\/www.istegroup.com\/#website\",\"url\":\"https:\/\/www.istegroup.com\/\",\"name\":\"ISTE Group\",\"description\":\"\u00c9diteur des Sciences\",\"potentialAction\":[{\"@type\":\"SearchAction\",\"target\":{\"@type\":\"EntryPoint\",\"urlTemplate\":\"https:\/\/www.istegroup.com\/?s={search_term_string}\"},\"query-input\":{\"@type\":\"PropertyValueSpecification\",\"valueRequired\":true,\"valueName\":\"search_term_string\"}}],\"inLanguage\":\"fr-FR\"}]}<\/script>\n<!-- \/ Yoast SEO plugin. -->","yoast_head_json":{"title":"Innovation et export - ISTE Group","robots":{"index":"index","follow":"follow","max-snippet":"max-snippet:-1","max-image-preview":"max-image-preview:large","max-video-preview":"max-video-preview:-1"},"canonical":"https:\/\/www.istegroup.com\/en\/produit\/innovation-et-export\/","og_locale":"fr_FR","og_type":"article","og_title":"Innovation et export - ISTE Group","og_description":"L\u2019innovation et l\u2019exportation sont traditionnellement consid\u00e9r\u00e9es s\u00e9par\u00e9ment, tant au sein des entreprises que des organismes de soutien qui leur sont d\u00e9di\u00e9s. Aussi, il n\u2019existe que tr\u00e8s peu de travaux acad\u00e9miques ax\u00e9s sur la fa\u00e7on de mettre en oeuvre cette relation de mani\u00e8re op\u00e9rationnelle. Cet ouvrage propose un outil de diagnostic conjoint \u00e0 destination des PME, [&hellip;]","og_url":"https:\/\/www.istegroup.com\/en\/produit\/innovation-et-export\/","og_site_name":"ISTE Group","article_modified_time":"2024-04-29T09:14:53+00:00","og_image":[{"width":300,"height":449,"url":"https:\/\/www.istegroup.com\/wp-content\/uploads\/2021\/06\/Innovation-et-export_prix_RRI.jpg","type":"image\/jpeg"}],"twitter_card":"summary_large_image","twitter_misc":{"Est. reading time":"1 minute"},"schema":{"@context":"https:\/\/schema.org","@graph":[{"@type":"WebPage","@id":"https:\/\/www.istegroup.com\/en\/produit\/innovation-et-export\/","url":"https:\/\/www.istegroup.com\/en\/produit\/innovation-et-export\/","name":"Innovation et export - ISTE Group","isPartOf":{"@id":"https:\/\/www.istegroup.com\/#website"},"primaryImageOfPage":{"@id":"https:\/\/www.istegroup.com\/en\/produit\/innovation-et-export\/#primaryimage"},"image":{"@id":"https:\/\/www.istegroup.com\/en\/produit\/innovation-et-export\/#primaryimage"},"thumbnailUrl":"https:\/\/www.istegroup.com\/wp-content\/uploads\/2021\/06\/Innovation-et-export_prix_RRI.jpg","datePublished":"2021-06-18T13:18:48+00:00","dateModified":"2024-04-29T09:14:53+00:00","breadcrumb":{"@id":"https:\/\/www.istegroup.com\/en\/produit\/innovation-et-export\/#breadcrumb"},"inLanguage":"fr-FR","potentialAction":[{"@type":"ReadAction","target":["https:\/\/www.istegroup.com\/en\/produit\/innovation-et-export\/"]}]},{"@type":"ImageObject","inLanguage":"fr-FR","@id":"https:\/\/www.istegroup.com\/en\/produit\/innovation-et-export\/#primaryimage","url":"https:\/\/www.istegroup.com\/wp-content\/uploads\/2021\/06\/Innovation-et-export_prix_RRI.jpg","contentUrl":"https:\/\/www.istegroup.com\/wp-content\/uploads\/2021\/06\/Innovation-et-export_prix_RRI.jpg","width":300,"height":449,"caption":"Livre scientifique - Innovation et export - Prix RRI"},{"@type":"BreadcrumbList","@id":"https:\/\/www.istegroup.com\/en\/produit\/innovation-et-export\/#breadcrumb","itemListElement":[{"@type":"ListItem","position":1,"name":"Home","item":"https:\/\/www.istegroup.com\/"},{"@type":"ListItem","position":2,"name":"Shop","item":"https:\/\/www.istegroup.com\/fr\/nouveautes\/"},{"@type":"ListItem","position":3,"name":"Innovation et export"}]},{"@type":"WebSite","@id":"https:\/\/www.istegroup.com\/#website","url":"https:\/\/www.istegroup.com\/","name":"ISTE Group","description":"\u00c9diteur des Sciences","potentialAction":[{"@type":"SearchAction","target":{"@type":"EntryPoint","urlTemplate":"https:\/\/www.istegroup.com\/?s={search_term_string}"},"query-input":{"@type":"PropertyValueSpecification","valueRequired":true,"valueName":"search_term_string"}}],"inLanguage":"fr-FR"}]}},"_links":{"self":[{"href":"https:\/\/www.istegroup.com\/fr\/wp-json\/wp\/v2\/product\/41665","targetHints":{"allow":["GET"]}}],"collection":[{"href":"https:\/\/www.istegroup.com\/fr\/wp-json\/wp\/v2\/product"}],"about":[{"href":"https:\/\/www.istegroup.com\/fr\/wp-json\/wp\/v2\/types\/product"}],"wp:featuredmedia":[{"embeddable":true,"href":"https:\/\/www.istegroup.com\/fr\/wp-json\/wp\/v2\/media\/56534"}],"wp:attachment":[{"href":"https:\/\/www.istegroup.com\/fr\/wp-json\/wp\/v2\/media?parent=41665"}],"wp:term":[{"taxonomy":"product_brand","embeddable":true,"href":"https:\/\/www.istegroup.com\/fr\/wp-json\/wp\/v2\/product_brand?post=41665"},{"taxonomy":"product_cat","embeddable":true,"href":"https:\/\/www.istegroup.com\/fr\/wp-json\/wp\/v2\/product_cat?post=41665"},{"taxonomy":"product_tag","embeddable":true,"href":"https:\/\/www.istegroup.com\/fr\/wp-json\/wp\/v2\/product_tag?post=41665"}],"curies":[{"name":"wp","href":"https:\/\/api.w.org\/{rel}","templated":true}]}}